
{"id":106686,"date":"2020-10-02T10:09:54","date_gmt":"2020-10-02T09:09:54","guid":{"rendered":"https:\/\/ufmsecretariat.org\/\/tribuna-fernandez-de-la-vega\/"},"modified":"2020-11-05T10:00:32","modified_gmt":"2020-11-05T09:00:32","slug":"med-voices-delavega","status":"publish","type":"page","link":"https:\/\/ufmsecretariat.org\/ar\/med-voices-delavega\/","title":{"rendered":"Tribuna Fern\u00e1ndez de la Vega"},"content":{"rendered":"<section class=\"wpb-content-wrapper\"><p>[vc_row type=&#8221;full-width-content&#8221; css=&#8221;.vc_custom_1599247168081{margin-bottom: 60px !important;}&#8221;][vc_column][vc_single_image image=&#8221;109078&#8243; img_size=&#8221;slide&#8221; onclick=&#8221;custom_link&#8221; link=&#8221;https:\/\/ufmsecretariat.org\/\/ar\/medvoices&#8221;][\/vc_column][\/vc_row][vc_row][vc_column][vc_row_inner equal_height=&#8221;yes&#8221; css=&#8221;.vc_custom_1599247389404{margin-bottom: 0px !important;}&#8221;][vc_column_inner width=&#8221;1\/2&#8243; css=&#8221;.vc_custom_1601288811626{margin-bottom: 30px !important;}&#8221;][vc_single_image image=&#8221;108275&#8243; img_size=&#8221;full&#8221;][\/vc_column_inner][vc_column_inner width=&#8221;1\/2&#8243; css=&#8221;.vc_custom_1599247407526{margin-bottom: 60px !important;}&#8221;][vc_column_text font_size=&#8221;26px&#8221; line_height=&#8221;30px&#8221; css=&#8221;.vc_custom_1601627688031{margin-bottom: 40px !important;}&#8221;]<\/p>\n<p style=\"font-size: 30px;\"><strong>Mar\u00eda Teresa Fern\u00e1ndez de la Vega<\/strong><\/p>\n<p>[\/vc_column_text][vc_custom_heading text=&#8221;Blazing a<br \/>\nnew trail&#8221; font_container=&#8221;tag:h2|font_size:42|text_align:left|line_height:44px&#8221; google_fonts=&#8221;font_family:Lato%3A100%2C100italic%2C300%2C300italic%2Cregular%2Citalic%2C700%2C700italic%2C900%2C900italic|font_style:700%20bold%20regular%3A700%3Anormal&#8221; el_class=&#8221;h2especial&#8221; css=&#8221;.vc_custom_1604327002860{margin-bottom: 40px !important;}&#8221;][vc_column_text font_size=&#8221;24px&#8221; line_height=&#8221;28&#8243; el_class=&#8221;pespecial&#8221;]<\/p>\n<h3 class=\"article-standfirst read-left-padding\">Women make up only 7% of world leadership, but it has been publicly recognized how countries governed by women are the ones that have best responded to the crisis created by the pandemic.<\/h3>\n<p>[\/vc_column_text][\/vc_column_inner][\/vc_row_inner][\/vc_column][\/vc_row][vc_row css=&#8221;.vc_custom_1599246591841{margin-bottom: 60px !important;}&#8221;][vc_column width=&#8221;1\/2&#8243;][vc_column_text]<\/p>\n<p class=\"p1\">For millennia, the <strong>Mediterranean<\/strong> has been a sea that creates bonds, that communicates, a sea that unites. It\u2019s a space whose history and essence are marked by the crossing of peoples, cultures and civilizations. We have not always been at peace but the geography has meant that we have always been together.<\/p>\n<p class=\"p1\"><span class=\"s1\">The Mediterranean is <strong>the region where literature, theater, the concept of democracy were all born.<\/strong> A luminous and privileged region, thanks to its history, its beauty, the wealth that we share, but also to its strategically important location.<span class=\"Apple-converted-space\">\u00a0 <\/span>A geographical position that has given the region prominence on the world stage since antiquity, for better and for worse.<\/span><\/p>\n<p class=\"p1\"><span class=\"s1\">All this wealth, this great stream of people, dialogue and progress that the Mare Nostrum has brought us, culminated in the vision that the Barcelona Process made real, the Union for the Mediterranean. The vision was also driven by the threats to peace that are also part of the region\u2019s heritage.<\/span><\/p>\n<p class=\"p1\"><span class=\"s1\">Today, 25 years later, the entire world, including both shores of the Mediterranean, <strong>is facing the greatest crisis in decades. The Covid-19 pandemic<\/strong> has disrupted our lives and economies. It has brought us face to face with our fragility and tested our resilience. It has shown the huge inequalities not only between countries but within our own societies.<\/span><\/p>\n<p class=\"p1\"><span class=\"s1\">It has also highlighted how the increasingly intolerant and divisive political discourse of recent years have allowed mistrust and suspicion of others to proliferate. <strong>Only by working together can we successfully confront what is the most recent of the global crises we face.<\/strong> We have already seen that those who refuse to understand the need for change and greater equality also failed to grasp the gravity of the pandemic and therefore did not respond appropriately. <\/span><\/p>\n<p>[\/vc_column_text][\/vc_column][vc_column width=&#8221;1\/2&#8243;][vc_column_text]<\/p>\n<p class=\"p1\"><span class=\"s1\">Never before has the value of multilateralism, which is at the heart of the Union for the Mediterranean, made so much sense. Never before has there been such a need for a vision based on equality in diversity, on respect for democratic values and human rights, on the conviction that there is another way of tackling problems, through dialogue and the exchange of ideas. It is out of this vision, the Union was created.<\/span><\/p>\n<p class=\"p1\"><span class=\"s1\">In this part of the world, North and South cover three continents and many more languages, ethnic groups, beliefs and cultures. It wasn\u2019t easy but cooperation was established. Today it is time to reinforce that cooperation, defend it and build a region where democracy and people can flourish in peace, against all forms of bigotry.<\/span><\/p>\n<p class=\"p1\"><span class=\"s1\">It is time to take advantage of the opportunity that the pandemic has unexpectedly given us to showcase how leadership that puts people first benefits the countries of the Union and beyond. It is a change for the Union to lead the way for knowledge, for modernization, for innovation, for greater justice and equality, so that no one is left behind or at the mercy of a virus.<\/span><\/p>\n<p class=\"p1\"><span class=\"s1\">For the best guarantee of success, <strong>we need women integrated in the decision-making and management process.<\/strong> Women may represent only 7% of the world\u2019s current leadership but it\u2019s common knowledge that those countries governed by women responded best to the pandemic.<\/span><\/p>\n<p class=\"p1\"><span class=\"s1\">Women work to protect and promote health, peace, life and, of course, equality. In short, they are most qualified to lead the crucial and urgent social transformation that a sick world demands, beyond the Covid-19 crisis. With women leading and democratic values at its core, the Mediterranean can become the region that blazes a new path for fairer and more inclusive globalization in which there is room for everyone with no space for hatred and exclusion.<\/span><\/p>\n<p>[\/vc_column_text][\/vc_column][\/vc_row][vc_row][vc_column]<style type=\"text\/css\" >#l_u2veeox2j2wvjrpbgc9f.sc_line ,#l_u2veeox2j2wvjrpbgc9f .sc_line { height:1px; background:#1e73be;}#l_u2veeox2j2wvjrpbgc9f {margin:0px 0 0px 0; padding:0;}<\/style><div class=\"clearfix\"><\/div><div id=\"l_u2veeox2j2wvjrpbgc9f\"  class=\"sc_line rd_line_normal\" ><\/div>[\/vc_column][\/vc_row][vc_row][vc_column width=&#8221;1\/2&#8243;][vc_column_text]<\/p>\n<h3>Versi\u00f3n original: <strong>Marcar otro camino<\/strong><\/h3>\n<p class=\"article-standfirst read-left-padding\"><strong>Las mujeres apenas suponen el 7% del liderazgo mundial, pero ha sido p\u00fablicamente reconocido c\u00f3mo los pa\u00edses gobernados por mujeres son los que mejor han sabido responder a la crisis creada por la pandemia.<\/strong><\/p>\n<p>Durante milenios el\u00a0<strong>Mediterr\u00e1neo\u00a0<\/strong>ha sido un mar que crea lazos, que comunica, un mar que une, un espacio cuya historia y esencia est\u00e1n marcadas por el cruce de pueblos, culturas y civilizaciones. No siempre hemos estado en paz, pero siempre, geograf\u00eda obliga, hemos estado juntos.<\/p>\n<p>El Mediterr\u00e1neo es la regi\u00f3n\u00a0<strong>donde naci\u00f3 la literatura, el teatro, el concepto de democracia<\/strong>. Una regi\u00f3n luminosa, privilegiada por su historia, por su memoria, por su belleza, por el enorme tesoro que compartimos, pero tambi\u00e9n por esa dimensi\u00f3n geoestrat\u00e9gica. Una dimensi\u00f3n que desde la antig\u00fcedad la ha convertido en un gran catalizador, en un espacio central del escenario mundial, part\u00edcipe destacado de sus pasos adelante y tambi\u00e9n de sus desaf\u00edos.<\/p>\n<p>Toda esa riqueza, esa gran corriente de encuentro, di\u00e1logo y progreso que nos ha tra\u00eddo el Mare Nostrum, es el riqu\u00edsimo capital con que el Proceso de Barcelona cont\u00f3 para dar a luz al proyecto, ya hoy consolidada realidad, de la Uni\u00f3n por el Mediterr\u00e1neo. Y la otra cara de la moneda, encarnada por las amenazas a la paz, form\u00f3 parte igualmente de la herencia.<\/p>\n<aside class=\"roba-intercalado sin-fondo layer_inpage\"><span id=\"layer_inpage-id\" class=\"creatividad cmv_intext\" data-voc-vam=\"\" data-voc-vam-position=\"layer_inpage\" data-voc-vam-outofpage=\"true\"><\/span><\/aside>\n<p>Hoy, 25 a\u00f1os m\u00e1s tarde, el mundo entero, tambi\u00e9n por supuesto las dos orillas del Mediterr\u00e1neo, se enfrentan a\u00a0<strong>la mayor crisis que hemos experimentado en muchas d\u00e9cadas<\/strong>. La\u00a0<strong>pandemia de Covid-19<\/strong>\u00a0ha trastocado nuestras vidas, adem\u00e1s de arrancar miles de ellas, y nuestras econom\u00edas. Nos ha situado cara a cara con nuestra fragilidad y puesto a prueba nuestra resiliencia. Ha mostrado las enormes brechas de desigualdad que padecemos, ya no s\u00f3lo entre pa\u00edses, sino en el seno de nuestras propias sociedades.<\/p>\n<p>Tambi\u00e9n ha puesto de relieve una vez m\u00e1s que, frente a los discursos y los gobernantes del odio, de la desconfianza y el recelo hacia el otro, que vienen proliferando en los \u00faltimos a\u00f1os,\u00a0<strong>s\u00f3lo unidos y coordinados podremos afrontar con \u00e9xito esta y todas las crisis globales a las que nos enfrentemos<\/strong>. Y hemos comprobado que, quienes no han estado ni est\u00e1n dispuestos a entender que no puede haber supremacismos, ya que todos podemos convertirnos en los apestados de un d\u00eda para otro, han sido tambi\u00e9n los que se han negado a aceptar la pandemia como la enorme crisis que es y a actuar en consecuencia.[\/vc_column_text][\/vc_column][vc_column width=&#8221;1\/2&#8243;][vc_column_text]Nunca como hoy, el valor del multilateralismo, que est\u00e1 en los fundamentos de la Uni\u00f3n por el Mediterr\u00e1neo, tuvo tanto sentido. Nunca como hoy es necesaria la visi\u00f3n desde la igualdad en la diversidad, desde el respeto a los valores democr\u00e1ticos y los derechos humanos, desde la convicci\u00f3n de que existe otra manera de afrontar los problemas, que es a trav\u00e9s del di\u00e1logo y el intercambio de ideas, con la que la Uni\u00f3n naci\u00f3.<\/p>\n<p>Norte y sur en esta regi\u00f3n del mundo que se asoma a tres continentes y muchas m\u00e1s lenguas, etnias, creencias y culturas. \u00c9stas supieron asociarse, y no fue f\u00e1cil, en nombre de esos valores. Hoy toca ejercerlos, defenderlos, continuar construyendo una regi\u00f3n para la democracia y la ciudadan\u00eda desde la que luchar por la paz y contra todos los fanatismos.<\/p>\n<p>Toca aprovechar esta dram\u00e1tica pero real oportunidad que la pandemia ha generado para irradiar entre cada uno de los pa\u00edses de la Uni\u00f3n y hacia fuera de ella el influjo ben\u00e9fico de un liderazgo que mire a, y cuide de, las personas. Un liderazgo para el conocimiento, para el reconocimiento, para la modernizaci\u00f3n, para la innovaci\u00f3n, para una mayor justicia e igualdad, para que nadie sea dejado al margen ni al albur de un virus.<\/p>\n<p><strong>Contar con las mujeres para integrar ese liderazgo<\/strong>, impulsar su presencia en los n\u00facleos de decisi\u00f3n, de gesti\u00f3n, en definitiva, de poder, es la mejor garant\u00eda de que nos ir\u00e1 bien. Las mujeres apenas suponen el 7% del liderazgo mundial, pero ha sido p\u00fablicamente reconocido c\u00f3mo\u00a0<strong>los pa\u00edses gobernados por mujeres son los que mejor han sabido responder a la crisis<\/strong>\u00a0creada por la pandemia.<\/p>\n<p>Y es que las mujeres son agentes de salud, agentes de paz, agentes de vida y, por supuesto, de igualdad. En definitiva, son las agentes m\u00e1s cualificadas para promover y dirigir la transformaci\u00f3n crucial y urgente que demanda un mundo enfermo y no s\u00f3lo de coronavirus. Con ellas, con los valores democr\u00e1ticos y con las personas por delante, el Mediterr\u00e1neo puede convertirse en la regi\u00f3n que marque otro camino, el camino de una globalizaci\u00f3n m\u00e1s justa e integradora en la que haya lugar para todos y ninguno para el odio y la exclusi\u00f3n.[\/vc_column_text][\/vc_column][\/vc_row]<\/p>\n<\/section>","protected":false},"excerpt":{"rendered":"<p>[vc_row type=&#8221;full-width-content&#8221; css=&#8221;.vc_custom_1599247168081{margin-bottom: 60px !important;}&#8221;][vc_column][vc_single_image image=&#8221;109078&#8243; img_size=&#8221;slide&#8221; onclick=&#8221;custom_link&#8221; link=&#8221;https:\/\/ufmsecretariat.org\/\/ar\/medvoices&#8221;][\/vc_column][\/vc_row][vc_row][vc_column][vc_row_inner equal_height=&#8221;yes&#8221; css=&#8221;.vc_custom_1599247389404{margin-bottom: 0px !important;}&#8221;][vc_column_inner width=&#8221;1\/2&#8243; css=&#8221;.vc_custom_1601288811626{margin-bottom: 30px !important;}&#8221;][vc_single_image image=&#8221;108275&#8243; img_size=&#8221;full&#8221;][\/vc_column_inner][vc_column_inner width=&#8221;1\/2&#8243; css=&#8221;.vc_custom_1599247407526{margin-bottom: 60px !important;}&#8221;][vc_column_text font_size=&#8221;26px&#8221; line_height=&#8221;30px&#8221; css=&#8221;.vc_custom_1601627688031{margin-bottom: 40px !important;}&#8221;] Mar\u00eda Teresa Fern\u00e1ndez de la Vega [\/vc_column_text][vc_custom_heading text=&#8221;Blazing a new trail&#8221; font_container=&#8221;tag:h2|font_size:42|text_align:left|line_height:44px&#8221; google_fonts=&#8221;font_family:Lato%3A100%2C100italic%2C300%2C300italic%2Cregular%2Citalic%2C700%2C700italic%2C900%2C900italic|font_style:700%20bold%20regular%3A700%3Anormal&#8221; el_class=&#8221;h2especial&#8221; css=&#8221;.vc_custom_1604327002860{margin-bottom: 40px !important;}&#8221;][vc_column_text font_size=&#8221;24px&#8221; line_height=&#8221;28&#8243; el_class=&#8221;pespecial&#8221;] Women make up only 7% of world<br \/><a href=\"https:\/\/ufmsecretariat.org\/ar\/med-voices-delavega\/\" class=\"more\">\u0625\u0642\u0631\u0623 \u0627\u0644\u0645\u0632\u064a\u062f<\/a><\/p>\n","protected":false},"author":38,"featured_media":0,"parent":0,"menu_order":0,"comment_status":"closed","ping_status":"closed","template":"","meta":{"footnotes":""},"priority-area":[],"class_list":["post-106686","page","type-page","status-publish","hentry"],"_links":{"self":[{"href":"https:\/\/ufmsecretariat.org\/ar\/wp-json\/wp\/v2\/pages\/106686","targetHints":{"allow":["GET"]}}],"collection":[{"href":"https:\/\/ufmsecretariat.org\/ar\/wp-json\/wp\/v2\/pages"}],"about":[{"href":"https:\/\/ufmsecretariat.org\/ar\/wp-json\/wp\/v2\/types\/page"}],"author":[{"embeddable":true,"href":"https:\/\/ufmsecretariat.org\/ar\/wp-json\/wp\/v2\/users\/38"}],"replies":[{"embeddable":true,"href":"https:\/\/ufmsecretariat.org\/ar\/wp-json\/wp\/v2\/comments?post=106686"}],"version-history":[{"count":10,"href":"https:\/\/ufmsecretariat.org\/ar\/wp-json\/wp\/v2\/pages\/106686\/revisions"}],"predecessor-version":[{"id":109085,"href":"https:\/\/ufmsecretariat.org\/ar\/wp-json\/wp\/v2\/pages\/106686\/revisions\/109085"}],"wp:attachment":[{"href":"https:\/\/ufmsecretariat.org\/ar\/wp-json\/wp\/v2\/media?parent=106686"}],"wp:term":[{"taxonomy":"priority-area","embeddable":true,"href":"https:\/\/ufmsecretariat.org\/ar\/wp-json\/wp\/v2\/priority-area?post=106686"}],"curies":[{"name":"wp","href":"https:\/\/api.w.org\/{rel}","templated":true}]}}