
{"id":110395,"date":"2020-11-23T13:38:35","date_gmt":"2020-11-23T12:38:35","guid":{"rendered":"https:\/\/ufmsecretariat.org\/\/med-voices-moratinos\/"},"modified":"2020-11-23T13:53:50","modified_gmt":"2020-11-23T12:53:50","slug":"med-voices-moratinos","status":"publish","type":"page","link":"https:\/\/ufmsecretariat.org\/ar\/med-voices-moratinos\/","title":{"rendered":"Tribune Miguel \u00c1ngel Moratinos"},"content":{"rendered":"<section class=\"wpb-content-wrapper\"><p>[vc_row type=&#8221;full-width-content&#8221; css=&#8221;.vc_custom_1599247168081{margin-bottom: 60px !important;}&#8221;][vc_column][vc_single_image image=&#8221;109078&#8243; img_size=&#8221;slide&#8221; onclick=&#8221;custom_link&#8221; link=&#8221;http:\/\/www.ufmsecretariat.org\/ar\/medvoices&#8221;][\/vc_column][\/vc_row][vc_row][vc_column][vc_row_inner equal_height=&#8221;yes&#8221; css=&#8221;.vc_custom_1599247389404{margin-bottom: 0px !important;}&#8221;][vc_column_inner width=&#8221;1\/2&#8243; css=&#8221;.vc_custom_1601288811626{margin-bottom: 30px !important;}&#8221;][vc_single_image image=&#8221;110391&#8243; img_size=&#8221;full&#8221;][\/vc_column_inner][vc_column_inner width=&#8221;1\/2&#8243; css=&#8221;.vc_custom_1599247407526{margin-bottom: 60px !important;}&#8221;][vc_column_text font_size=&#8221;26px&#8221; line_height=&#8221;30px&#8221; css=&#8221;.vc_custom_1606134715034{margin-bottom: 40px !important;}&#8221;]<\/p>\n<p style=\"font-size: 30px;\"><strong>Miguel \u00c1ngel Moratinos<\/strong><\/p>\n<p>[\/vc_column_text][vc_custom_heading text=&#8221;The Mediterranean<br \/>\n25 years later &#8221; font_container=&#8221;tag:h2|font_size:42|text_align:left|line_height:44px&#8221; google_fonts=&#8221;font_family:Lato%3A100%2C100italic%2C300%2C300italic%2Cregular%2Citalic%2C700%2C700italic%2C900%2C900italic|font_style:700%20bold%20regular%3A700%3Anormal&#8221; el_class=&#8221;h2especial&#8221; css=&#8221;.vc_custom_1606134684101{margin-bottom: 40px !important;}&#8221;][vc_column_text font_size=&#8221;24px&#8221; line_height=&#8221;28&#8243; el_class=&#8221;pespecial&#8221;]<\/p>\n<h3 class=\"p1\">November 28th, 1995 marks one of the most important milestones in Spanish and European diplomacy; it was the day the Barcelona Declaration was signed. The initiative was revolutionary in both form and content and allowed the nations of the North, South, East, and West of the Mare Nostrum to make a historic commitment to working towards establishing a peaceful and prosperous region.<\/h3>\n<p>[\/vc_column_text][\/vc_column_inner][\/vc_row_inner][\/vc_column][\/vc_row][vc_row css=&#8221;.vc_custom_1599246591841{margin-bottom: 60px !important;}&#8221;][vc_column width=&#8221;1\/2&#8243;][vc_column_text]<\/p>\n<p class=\"p1\"><span class=\"s1\">At the time, the diplomats in charge of leading the project described the end result as a process; the Barcelona Process. We designed a new way of addressing the problems that were influencing instability in the region. We came to the conclusion, which at the time was groundbreaking, that the only way to establish a space in which all could co-exist would be to actively work together to help the region progress politically, economically, financially, culturally, and in terms of security.<\/span><\/p>\n<p class=\"p1\"><span class=\"s1\">When the Barcelona Declaration was signed, there were favourable geopolitical conditions. We lived in hope that lasting peace in the Middle East would be possible. The Madrid Conference of 1991 had taken place, and the subsequent historic Oslo agreements signed. There was a general willingness on all fronts and, despite the severity of some approaches and the difficulties of wording almost irreconcilable positions in the texts, \u201cdiplomatic wisdom\u201d prevailed when it came to the final draft of the document, which received unanimous support from all delegations.<\/span><\/p>\n<p class=\"p1\"><span class=\"s1\">Twenty-five years on, the process has seen highs and lows. Societies in both the north and the south began to learn more about each other; progress was initially made in the commercial and economic fields, and renewed Euro-Mediterranean policies were adopted. But, the stagnation of the peace process in the Middle East and the lack of political and social reforms in Southern countries slowed the pace of change and development throughout the Mediterranean region. <\/span><\/p>\n<p class=\"p1\"><span class=\"s1\">At that point, a leap of faith was made as the nations established an even more demanding union with greater political commitments. The Union for the Mediterranean (UfM) was founded in July 2008. The General Secretariat of the UfM was established in Barcelona, to ensure that progress was monitored.<\/span><\/p>\n<p class=\"p1\"><span class=\"s1\">Indeed, the UfM General Secretariat has had to deal with existential upheaval. Paradoxically, the more political mobilisation was needed, the more it stagnated with the events of the Arab Spring. Conflict and crises multiplied, and cooperation was impeded to the point that it was impossible to implement joint projects. <\/span><\/p>\n<p>[\/vc_column_text][\/vc_column][vc_column width=&#8221;1\/2&#8243;][vc_column_text]<\/p>\n<p class=\"p1\"><span class=\"s1\">It is now up to us to take stock and consider the future, especially given the challenges and the need for cooperation that the current context demands when it comes to recovering from the pandemic. Covid-19 calls for greater Euro-Mediterranean cooperation than ever before. What\u2019s more, with the current situation, we are forced to act urgently to tackle the rising military tensions in the eastern Mediterranean, as well as the open conflicts in Libya, Syria, etc. <\/span><\/p>\n<p class=\"p1\"><span class=\"s1\">There is much to be learned from this situation. The first lesson is both the simplest and most essential: political will. Is there enough political will today to shape a shared future? I am convinced that there is, but we must take certain actions to achieve it. <\/span><\/p>\n<p class=\"p1\"><span class=\"s1\">Secondly, the main actors of 1995 and 2008, both European and Arab countries, do not seem to play an active role in defining their own destiny. Neither seems to influence decision-making to address a common future. <\/span><\/p>\n<p class=\"p1\"><span class=\"s1\">The UfM\u2019s Foreign Ministers must have a political debate. They must define a new mandate that considers the crisis with a focus on how to overcome it. Economic and financial projects are still necessary, but in order for them to work, they must receive clear political support. Moreover, social, cultural, and religious issues should be more prominent on any future agenda. The gap between the North and the South due to civilizational and cultural issues is widening every day. We must build a Mediterranean \u201cdemos\u201d. All of us should take a look at Albert Camus\u2019 La Pens\u00e9e du Midi, so we could better see the absurdity of the reality that seems to impose itself between the two shores. <\/span><\/p>\n<p class=\"p1\"><span class=\"s1\">Spain should not let this historical date go by unnoticed. It is true that the challenges and difficulties of the 21st Century\u2019s second decade are great, but this should not be an excuse. New generations are waiting for a united and shared response to all of these problems. We politicians just have to provide them. If we do not do so, we will have failed in our mission. The Mediterranean is well worth this collective effort.<\/span><\/p>\n<p>[\/vc_column_text][\/vc_column][\/vc_row][vc_row][vc_column]<style type=\"text\/css\" >#l_suubnbh1n0nnn0awj0ao.sc_line ,#l_suubnbh1n0nnn0awj0ao .sc_line { height:1px; background:#1e73be;}#l_suubnbh1n0nnn0awj0ao {margin:0px 0 0px 0; padding:0;}<\/style><div class=\"clearfix\"><\/div><div id=\"l_suubnbh1n0nnn0awj0ao\"  class=\"sc_line rd_line_normal\" ><\/div>[\/vc_column][\/vc_row][vc_row][vc_column width=&#8221;1\/2&#8243;][vc_column_text]<\/p>\n<h3>Versi\u00f3n original: <strong>El Mediterr\u00e1neo 25 a\u00f1os despu\u00e9s<\/strong><\/h3>\n<p class=\"p1\"><strong>El 28 de noviembre de 1995 quedar\u00e1 marcado como uno de los hitos de mayor trascendencia de la diplomacia espa\u00f1ola y europea. Se firmaba en esa fecha la Declaraci\u00f3n de Barcelona.<\/strong><\/p>\n<p class=\"p1\">Fue una iniciativa revolucionaria por la forma y el contenido, logrando que, pa\u00edses del norte, del sur, del este y oeste del <i>Mare Nostrum<\/i> pudieran encontrar un compromiso hist\u00f3rico para avanzar en la creaci\u00f3n de un espacio de paz y prosperidad.<\/p>\n<p class=\"p1\">En aquel entonces, los responsables diplom\u00e1ticos encargados de impulsar tal proyecto, calificamos el resultado como un proceso, el Proceso de Barcelona. Dise\u00f1amos una nueva manera de abordar los problemas que afectaban a la inestabilidad en esta regi\u00f3n. Llegamos a la conclusi\u00f3n, en aquel entonces totalmente innovadora, de que s\u00f3lo si avanz\u00e1bamos interactivamente en los aspectos pol\u00edticos y de seguridad, econ\u00f3mico-financieros y culturales, podr\u00edamos consolidar un espacio de convivencia aceptable para todos.<\/p>\n<p class=\"p1\">La Declaraci\u00f3n de Barcelona goz\u00f3 de un momento geopol\u00edtico favorable. Viv\u00edamos bajo la esperanza de que una paz definitiva en Oriente Medio ser\u00eda posible. Asist\u00edamos al post-Madrid de 1991, bajo la influencia de los hist\u00f3ricos acuerdos de Oslo. Exist\u00eda voluntad por todas las partes y, a pesar de la dureza de los planteamientos y las intransigencias en trasladar a los textos posiciones casi irreconciliables, al final \u201cel saber diplom\u00e1tico\u201d pudo redactar el documento final y recibir el apoyo un\u00e1nime de todas las delegaciones.<\/p>\n<p class=\"p1\">Veinticinco a\u00f1os m\u00e1s tarde, luces y sombras han acompa\u00f1ado este proceso. Las sociedades del norte y del sur empezaron a conocerse mejor. Se avanz\u00f3 durante los primeros a\u00f1os en el campo comercial y econ\u00f3mico. Se adoptaron pol\u00edticas euro-mediterr\u00e1neas renovadas, pero el estancamiento del proceso de paz en Oriente Pr\u00f3ximo y la falta de reformas pol\u00edticas y sociales en los pa\u00edses del Sur, llevaron a ralentizar el ritmo de cambio y desarrollo en toda la regi\u00f3n mediterr\u00e1nea.<\/p>\n<p class=\"p1\">Llegados a ese punto, se trat\u00f3 de dar un salto al vac\u00edo con una apuesta mayor, estableciendo una \u201cuni\u00f3n\u201d todav\u00eda m\u00e1s exigente en sus compromisos pol\u00edticos. Se cre\u00f3 la Uni\u00f3n por el Mediterr\u00e1neo (UpM) en julio de 2008. Por \u00faltimo, se consigui\u00f3 crear una Secretar\u00eda General de la UpM en Barcelona, para garantizar el seguimiento de los trabajos.<\/p>\n<p>[\/vc_column_text][\/vc_column][vc_column width=&#8221;1\/2&#8243;][vc_column_text]<\/p>\n<p class=\"p1\">Es verdad que la Secretar\u00eda General de la UpM ha tenido que lidiar con momentos existenciales. Parad\u00f3jicamente, cuanto m\u00e1s se necesitaba una movilizaci\u00f3n pol\u00edtica, esta se estanc\u00f3 tras los falsos cantos de sirena de la \u201cprimavera \u00e1rabe\u201d. Los conflictos y crisis se multiplicaron y la cooperaci\u00f3n fue incapaz de fijar un plan serio de ejecuci\u00f3n de proyectos conjuntos.<\/p>\n<p class=\"p1\">Hoy nos corresponde hacer balance y revisar el futuro, sobre todo con los desaf\u00edos y las necesidades de cooperaci\u00f3n que nos plantea el contexto actual, de recuperaci\u00f3n tras la pandemia. La Covid-19 hace hoy m\u00e1s que nunca necesaria una intensa cooperaci\u00f3n euro-mediterr\u00e1nea. Pero adem\u00e1s, la situaci\u00f3n actual nos obliga a actuar con urgencia: crisis al borde del enfrentamiento militar en el Mediterr\u00e1neo oriental, conflictos abiertos en Libia, Siria, etc.<\/p>\n<p class=\"p1\">Al extraer lecciones de esta situaci\u00f3n, la primera que surge es la m\u00e1s sencilla y a su vez m\u00e1s necesaria: voluntad pol\u00edtica. \u00bfExiste hoy la suficiente voluntad pol\u00edtica de configurar un futuro com\u00fan? Yo estoy convencido de que s\u00ed, pero entre todos debemos manifestarlo de alguna manera espec\u00edfica.<\/p>\n<p class=\"p1\">En segundo lugar, los actores principales de 1995 y 2008, Europa y los pa\u00edses \u00e1rabes, parecen estar ausentes a la hora de definir su propio destino. Ni unos ni otros parecen influir en la toma de decisiones para abordar un futuro com\u00fan.<\/p>\n<p class=\"p1\">Hace falta un debate pol\u00edtico por parte de los Ministros de Asuntos Exteriores de la UpM. Deben definir el nuevo mandato sin olvidar la crisis, pero con la voluntad de superarla. Los proyectos econ\u00f3micos y financieros siguen siendo necesarios, pero para que funcionen, deben recibir un claro apoyo pol\u00edtico. Adem\u00e1s, las cuestiones sociales, culturales y religiosas deber\u00edan de ser incluidas con mayor relevancia en la futura agenda. El distanciamiento entre el norte y el sur por cuestiones civilizacionales o culturales es cada d\u00eda mayor. Debemos de construir un \u201cdemos\u201d mediterr\u00e1neo. Todos nosotros podr\u00edamos recuperar \u201cla pens\u00e9e du Midi\u201d de Albert Camus, que nos llevar\u00eda a ser m\u00e1s voluntaristas para abandonar el absurdo de la realidad que parece imponerse entre las dos riberas.<\/p>\n<p class=\"p1\">Espa\u00f1a no deber\u00eda dejar pasar por alto esta nueva cita hist\u00f3rica. Es cierto que los retos y desaf\u00edos en esta segunda d\u00e9cada del siglo XXI son mayores, pero esto no ha de ser excusa. Las nuevas generaciones est\u00e1n esperando una respuesta solidaria y compartida a todos estos problemas. Los pol\u00edticos solo tenemos que facilitarles las soluciones. Si no lo hacemos, habremos fracasado en nuestra misi\u00f3n. El Mediterr\u00e1neo bien vale este esfuerzo colectivo.<\/p>\n<p>[\/vc_column_text][\/vc_column][\/vc_row]<\/p>\n<\/section>","protected":false},"excerpt":{"rendered":"<p>[vc_row type=&#8221;full-width-content&#8221; css=&#8221;.vc_custom_1599247168081{margin-bottom: 60px !important;}&#8221;][vc_column][vc_single_image image=&#8221;109078&#8243; img_size=&#8221;slide&#8221; onclick=&#8221;custom_link&#8221; link=&#8221;http:\/\/www.ufmsecretariat.org\/ar\/medvoices&#8221;][\/vc_column][\/vc_row][vc_row][vc_column][vc_row_inner equal_height=&#8221;yes&#8221; css=&#8221;.vc_custom_1599247389404{margin-bottom: 0px !important;}&#8221;][vc_column_inner width=&#8221;1\/2&#8243; css=&#8221;.vc_custom_1601288811626{margin-bottom: 30px !important;}&#8221;][vc_single_image image=&#8221;110391&#8243; img_size=&#8221;full&#8221;][\/vc_column_inner][vc_column_inner width=&#8221;1\/2&#8243; css=&#8221;.vc_custom_1599247407526{margin-bottom: 60px !important;}&#8221;][vc_column_text font_size=&#8221;26px&#8221; line_height=&#8221;30px&#8221; css=&#8221;.vc_custom_1606134715034{margin-bottom: 40px !important;}&#8221;] Miguel \u00c1ngel Moratinos [\/vc_column_text][vc_custom_heading text=&#8221;The Mediterranean 25 years later &#8221; font_container=&#8221;tag:h2|font_size:42|text_align:left|line_height:44px&#8221; google_fonts=&#8221;font_family:Lato%3A100%2C100italic%2C300%2C300italic%2Cregular%2Citalic%2C700%2C700italic%2C900%2C900italic|font_style:700%20bold%20regular%3A700%3Anormal&#8221; el_class=&#8221;h2especial&#8221; css=&#8221;.vc_custom_1606134684101{margin-bottom: 40px !important;}&#8221;][vc_column_text font_size=&#8221;24px&#8221; line_height=&#8221;28&#8243; el_class=&#8221;pespecial&#8221;] November 28th, 1995 marks one of the most<br \/><a href=\"https:\/\/ufmsecretariat.org\/ar\/med-voices-moratinos\/\" class=\"more\">\u0625\u0642\u0631\u0623 \u0627\u0644\u0645\u0632\u064a\u062f<\/a><\/p>\n","protected":false},"author":38,"featured_media":0,"parent":0,"menu_order":0,"comment_status":"closed","ping_status":"closed","template":"","meta":{"footnotes":""},"priority-area":[],"class_list":["post-110395","page","type-page","status-publish","hentry"],"_links":{"self":[{"href":"https:\/\/ufmsecretariat.org\/ar\/wp-json\/wp\/v2\/pages\/110395","targetHints":{"allow":["GET"]}}],"collection":[{"href":"https:\/\/ufmsecretariat.org\/ar\/wp-json\/wp\/v2\/pages"}],"about":[{"href":"https:\/\/ufmsecretariat.org\/ar\/wp-json\/wp\/v2\/types\/page"}],"author":[{"embeddable":true,"href":"https:\/\/ufmsecretariat.org\/ar\/wp-json\/wp\/v2\/users\/38"}],"replies":[{"embeddable":true,"href":"https:\/\/ufmsecretariat.org\/ar\/wp-json\/wp\/v2\/comments?post=110395"}],"version-history":[{"count":6,"href":"https:\/\/ufmsecretariat.org\/ar\/wp-json\/wp\/v2\/pages\/110395\/revisions"}],"predecessor-version":[{"id":110413,"href":"https:\/\/ufmsecretariat.org\/ar\/wp-json\/wp\/v2\/pages\/110395\/revisions\/110413"}],"wp:attachment":[{"href":"https:\/\/ufmsecretariat.org\/ar\/wp-json\/wp\/v2\/media?parent=110395"}],"wp:term":[{"taxonomy":"priority-area","embeddable":true,"href":"https:\/\/ufmsecretariat.org\/ar\/wp-json\/wp\/v2\/priority-area?post=110395"}],"curies":[{"name":"wp","href":"https:\/\/api.w.org\/{rel}","templated":true}]}}