
{"id":101813,"date":"2020-07-16T10:10:20","date_gmt":"2020-07-16T09:10:20","guid":{"rendered":"https:\/\/ufmsecretariat.org\/\/save-the-date_woco-2020-en\/"},"modified":"2020-07-20T11:30:33","modified_gmt":"2020-07-20T10:30:33","slug":"save-the-date-woco-2020-fr","status":"publish","type":"page","link":"https:\/\/ufmsecretariat.org\/fr\/save-the-date-woco-2020-fr\/","title":{"rendered":"SAVE THE DATE WOCO 2020 \/ FR"},"content":{"rendered":"<p><a href=\"https:\/\/ufmsecretariat.org\/\/wp-content\/uploads\/2020\/07\/UfM-WOCO-2020-banner_fr.jpg\"><img loading=\"lazy\" decoding=\"async\" class=\"alignnone wp-image-101716\" src=\"https:\/\/ufmsecretariat.org\/\/wp-content\/uploads\/2020\/07\/UfM-WOCO-2020-banner_fr-1024x283.jpg\" alt=\"\" width=\"1368\" height=\"378\" srcset=\"https:\/\/ufmsecretariat.org\/wp-content\/uploads\/2020\/07\/UfM-WOCO-2020-banner_fr-1024x283.jpg 1024w, https:\/\/ufmsecretariat.org\/wp-content\/uploads\/2020\/07\/UfM-WOCO-2020-banner_fr-300x83.jpg 300w, https:\/\/ufmsecretariat.org\/wp-content\/uploads\/2020\/07\/UfM-WOCO-2020-banner_fr-768x212.jpg 768w, https:\/\/ufmsecretariat.org\/wp-content\/uploads\/2020\/07\/UfM-WOCO-2020-banner_fr.jpg 1920w\" sizes=\"auto, (max-width: 1368px) 100vw, 1368px\" \/><\/a><\/p>\n<p>&nbsp;<\/p>\n<p style=\"text-align: justify;\">Des donn\u00e9es r\u00e9centes montrent que la pand\u00e9mie du Covid-19 a aggrav\u00e9 les in\u00e9galit\u00e9s pr\u00e9existantes entre les hommes et les femmes, r\u00e9v\u00e9lant les vuln\u00e9rabilit\u00e9s des syst\u00e8mes sociaux, politiques et \u00e9conomiques qui, \u00e0 leur tour, ont aggrav\u00e9 les effets de la pand\u00e9mie sur la vie des femmes et des jeunes filles. <a href=\"https:\/\/www2.unwomen.org\/-\/media\/field%20office%20arab%20states\/attachments\/publications\/2020\/04\/impact%20of%20covid%20on%20gender%20equality%20-%20policy%20brief.pdf?la=en&amp;vs=4414\">L\u2019ONU Femmes<\/a> estime que les femmes dans le monde arabe perdront environ 700 000 emplois \u00e0 cause de la pand\u00e9mie. Selon <a href=\"http:\/\/www.oecd.org\/coronavirus\/policy-responses\/covid-19-crisis-response-in-mena-countries-4b366396\/#section-d1e1061\">le rapport de l&#8217;OCDE<\/a> sur la r\u00e9ponse \u00e0 la crise du Covid-19 dans les pays de la r\u00e9gion MENA, une grande partie des femmes travaillent dans le secteur manufacturier, qui devrait \u00eatre parmi les plus affect\u00e9s par la crise. De nombreuses femmes de la r\u00e9gion MENA sont employ\u00e9es dans des micros et petites entreprises et risquent de perdre leur emploi en raison de la crise sanitaire.<\/p>\n<p style=\"text-align: justify;\">Les normes sociales traditionnelles et les mesures de confinement auraient amplifi\u00e9 les violences domestiques faites aux femmes. D\u2019un autre c\u00f4t\u00e9, <a href=\"https:\/\/publications.jrc.ec.europa.eu\/repository\/bitstream\/JRC120525\/covid_gender_effects_f.pdf\">une \u00e9tude r\u00e9cente du CCR<\/a> souligne que dans les pays de l&#8217;UE, le Covid-19 pose \u00e9galement des nouveaux d\u00e9fis imminents \u00e0 l&#8217;\u00e9galit\u00e9 des sexes en raison de la s\u00e9gr\u00e9gation entre les sexes dans de nombreux secteurs et professions, de la r\u00e9partition in\u00e9gale du travail non r\u00e9mun\u00e9r\u00e9 comme les t\u00e2ches m\u00e9nag\u00e8res et les soins, et a exacerb\u00e9 les violences faites aux femmes.<\/p>\n<p style=\"text-align: justify;\">Cette ann\u00e9e la 5\u00e8me Conf\u00e9rence de haut niveau de l&#8217;UpM Women4Mediterranean se joindra \u00e0 la communaut\u00e9 internationale pour <strong>analyser plus en d\u00e9tail l&#8217;impact de la pand\u00e9mie du Covid-19 sur les femmes et les jeunes filles, \u00a0visibiliser le r\u00f4le cl\u00e9 jou\u00e9 par les femmes dans la lutte contre la pand\u00e9mie<\/strong> et, surtout, travailler avec les d\u00e9cideurs politiques et les acteurs concern\u00e9s sur des solutions concr\u00e8tes et des orientations politiques pour que les strat\u00e9gies de reprise post-pand\u00e9mique pr\u00e9servent, \u00a0et respectent les droits des femmes et des jeunes filles.<\/p>\n<p style=\"text-align: justify;\">La conf\u00e9rence vise \u00e9galement \u00e0 explorer comment mieux valoriser le r\u00f4le des femmes et renforcer leur participation et leadership dans les processus d&#8217;\u00e9laboration des politiques de reprise et de lutte contre la pand\u00e9mie. La conf\u00e9rence sera \u00e9galement l\u2019occasion de lancer officiellement le m\u00e9canisme de suivi minist\u00e9riel sur l\u2019\u00e9galit\u00e9 entre les hommes et les femmes et de ses indicateurs qui seront adopt\u00e9s cette ann\u00e9e par les \u00c9tats membres de l&#8217;UpM. Le m\u00e9canisme permettra d\u2019\u00e9valuer les progr\u00e8s en mati\u00e8re d&#8217;\u00e9galit\u00e9 des sexes dans la r\u00e9gion euro-m\u00e9diterran\u00e9enne pour les ann\u00e9es \u00e0 venir et de fournir des recommandations politiques et concr\u00e8tes pour combler l&#8217;\u00e9cart.<\/p>\n<p><em>La conf\u00e9rence se tiendra du 16 au 20 novembre 2020 dans un format hybride avec une combinaison de sessions physiques \u00e0 Barcelone et des sessions en ligne. Cependant, compte tenu de l&#8217;\u00e9volution du COVID-19, l&#8217;\u00e9v\u00e9nement entier peut \u00eatre tenu virtuellement.\u00a0<\/em><\/p>\n<p>Veuillez r\u00e9server la date dans votre agenda !\u00a0<a href=\"https:\/\/ufmsecretariat.org\/\/event\/woco-2020\/\" target=\"_blank\" rel=\"noopener\">VISITEZ LE SITE WEB.<\/a><\/p>\n<p>&nbsp;<\/p>\n","protected":false},"excerpt":{"rendered":"<p>&nbsp; Des donn\u00e9es r\u00e9centes montrent que la pand\u00e9mie du Covid-19 a aggrav\u00e9 les in\u00e9galit\u00e9s pr\u00e9existantes entre les hommes et les femmes, r\u00e9v\u00e9lant les vuln\u00e9rabilit\u00e9s des syst\u00e8mes sociaux, politiques et \u00e9conomiques qui, \u00e0 leur tour, ont aggrav\u00e9 les effets de la pand\u00e9mie sur la vie des femmes et des jeunes filles. L\u2019ONU Femmes estime que les<br \/><a href=\"https:\/\/ufmsecretariat.org\/fr\/save-the-date-woco-2020-fr\/\" class=\"more\">Lire la suite<\/a><\/p>\n","protected":false},"author":22,"featured_media":0,"parent":0,"menu_order":0,"comment_status":"closed","ping_status":"closed","template":"","meta":{"footnotes":""},"priority-area":[],"class_list":["post-101813","page","type-page","status-publish","hentry"],"_links":{"self":[{"href":"https:\/\/ufmsecretariat.org\/fr\/wp-json\/wp\/v2\/pages\/101813","targetHints":{"allow":["GET"]}}],"collection":[{"href":"https:\/\/ufmsecretariat.org\/fr\/wp-json\/wp\/v2\/pages"}],"about":[{"href":"https:\/\/ufmsecretariat.org\/fr\/wp-json\/wp\/v2\/types\/page"}],"author":[{"embeddable":true,"href":"https:\/\/ufmsecretariat.org\/fr\/wp-json\/wp\/v2\/users\/22"}],"replies":[{"embeddable":true,"href":"https:\/\/ufmsecretariat.org\/fr\/wp-json\/wp\/v2\/comments?post=101813"}],"version-history":[{"count":1,"href":"https:\/\/ufmsecretariat.org\/fr\/wp-json\/wp\/v2\/pages\/101813\/revisions"}],"predecessor-version":[{"id":101814,"href":"https:\/\/ufmsecretariat.org\/fr\/wp-json\/wp\/v2\/pages\/101813\/revisions\/101814"}],"wp:attachment":[{"href":"https:\/\/ufmsecretariat.org\/fr\/wp-json\/wp\/v2\/media?parent=101813"}],"wp:term":[{"taxonomy":"priority-area","embeddable":true,"href":"https:\/\/ufmsecretariat.org\/fr\/wp-json\/wp\/v2\/priority-area?post=101813"}],"curies":[{"name":"wp","href":"https:\/\/api.w.org\/{rel}","templated":true}]}}