
{"id":106678,"date":"2020-09-28T11:05:54","date_gmt":"2020-09-28T10:05:54","guid":{"rendered":"https:\/\/ufmsecretariat.org\/\/tribune-vallaud-belkacem\/"},"modified":"2020-11-02T16:41:11","modified_gmt":"2020-11-02T15:41:11","slug":"med-voices-vallaudbelkacem","status":"publish","type":"page","link":"https:\/\/ufmsecretariat.org\/fr\/med-voices-vallaudbelkacem\/","title":{"rendered":"Tribune &#8211; Vallaud-Belkacem"},"content":{"rendered":"<section class=\"wpb-content-wrapper\"><p>[vc_row type=&#8221;full-width-content&#8221; css=&#8221;.vc_custom_1599247168081{margin-bottom: 60px !important;}&#8221;][vc_column][vc_single_image image=&#8221;108641&#8243; img_size=&#8221;slide&#8221; onclick=&#8221;custom_link&#8221; link=&#8221;https:\/\/ufmsecretariat.org\/\/fr\/medvoices\/&#8221;][\/vc_column][\/vc_row][vc_row][vc_column][vc_row_inner equal_height=&#8221;yes&#8221; css=&#8221;.vc_custom_1599247389404{margin-bottom: 0px !important;}&#8221;][vc_column_inner width=&#8221;1\/2&#8243; css=&#8221;.vc_custom_1601288811626{margin-bottom: 30px !important;}&#8221;][vc_single_image image=&#8221;105347&#8243; img_size=&#8221;full&#8221;][\/vc_column_inner][vc_column_inner width=&#8221;1\/2&#8243; css=&#8221;.vc_custom_1599247407526{margin-bottom: 60px !important;}&#8221;][vc_column_text font_size=&#8221;26px&#8221; line_height=&#8221;30px&#8221; css=&#8221;.vc_custom_1601283442953{margin-bottom: 40px !important;}&#8221;]<\/p>\n<p style=\"font-size: 30px;\"><strong>Najat Vallaud-Belkacem<\/strong><\/p>\n<p>[\/vc_column_text][vc_custom_heading text=&#8221;L\u2019apr\u00e8s-pand\u00e9mie, des le\u00e7ons<br \/>\net une boussole pour l\u2019avenir&#8221; font_container=&#8221;tag:h2|font_size:42|text_align:left|line_height:44px&#8221; google_fonts=&#8221;font_family:Lato%3A100%2C100italic%2C300%2C300italic%2Cregular%2Citalic%2C700%2C700italic%2C900%2C900italic|font_style:700%20bold%20regular%3A700%3Anormal&#8221; el_class=&#8221;h2especial&#8221; css=&#8221;.vc_custom_1601283706853{margin-bottom: 40px !important;}&#8221;][vc_column_text font_size=&#8221;24px&#8221; line_height=&#8221;28&#8243; el_class=&#8221;pespecial&#8221;]<\/p>\n<h3 class=\"article-standfirst read-left-padding\"><strong>Sant\u00e9, \u00e9galit\u00e9 femmes-hommes, climat, financements innovants et lutte contre la corruption\u00a0: la crise sanitaire mondiale pourrait \u00eatre le point de d\u00e9part d&#8217;un nouveau multilat\u00e9ralisme, estime l&#8217;ancienne ministre fran\u00e7aise de l&#8217;Education nationale Najat Vallaud-Belkacem.<\/strong><\/h3>\n<p>[\/vc_column_text][\/vc_column_inner][\/vc_row_inner][\/vc_column][\/vc_row][vc_row css=&#8221;.vc_custom_1599246591841{margin-bottom: 60px !important;}&#8221;][vc_column width=&#8221;1\/2&#8243;][vc_column_text]Cette ann\u00e9e marque le <a href=\"https:\/\/ufmsecretariat.org\/\/fr\/25bcnprocess\/\" target=\"_blank\" rel=\"noopener\">25<sup>e\u00a0<\/sup>anniversaire du processus de Barcelone,<\/a> et l\u2019occasion de c\u00e9l\u00e9brer la coop\u00e9ration r\u00e9gionale et multilat\u00e9rale. Mais c\u2019est aussi l\u2019heure de r\u00e9interroger nos objectifs \u2013 nationaux, r\u00e9gionaux, internationaux, \u00e0 l\u2019heure o\u00f9 la <a href=\"https:\/\/ufmsecretariat.org\/\/fr\/covid-19\/\" target=\"_blank\" rel=\"noopener\">pand\u00e9mie du Covid-19<\/a> bouscule nos certitudes les plus ancr\u00e9es. De pr\u00e9cieux enseignements surviennent de cette p\u00e9riode douloureuse\u00a0: la menace d\u2019une r\u00e9surgence fait craindre que nous ne soyons en s\u00e9curit\u00e9 que lorsque nous le serons toutes et tous. Ce virus ne conna\u00eet pas de fronti\u00e8re, et la solidarit\u00e9 et la coop\u00e9ration internationales ne devraient pas en avoir non plus. Le multilat\u00e9ralisme est donc plus que jamais n\u00e9cessaire, mais il ne doit pas faire l\u2019\u00e9conomie de se r\u00e9inventer\u00a0: les coop\u00e9rations Nord-Sud devraient \u00eatre renforc\u00e9es, en assurant un pied d\u2019\u00e9galit\u00e9 aux pays en d\u00e9veloppement et en \u00e9levant les voix africaines. Le multilat\u00e9ralisme doit \u00eatre \u00e9quip\u00e9 d\u2019une vision et d\u2019une mission solides. <strong>Sant\u00e9, \u00e9galit\u00e9 femmes-hommes, lutte contre la corruption et contre le changement climatique sont autant de pistes pour le partenariat Euromed et l\u2019Union pour la M\u00e9diterran\u00e9e de demain que pour le multilat\u00e9ralisme et le monde que nous souhaitons construire ensemble.<\/strong><\/p>\n<p>L\u2019importance de l\u2019investissement dans les services publics et le renforcement des syst\u00e8mes de sant\u00e9 sont des piq\u00fbres de rappel co\u00fbteuses, mais aussi un h\u00e9ritage majeur pour l\u2019apr\u00e8s-Covid. La recherche nous avait pr\u00e9venus sur le risque d\u2019\u00e9pid\u00e9mies, et m\u00eame \u00e9quip\u00e9 d\u2019outils rest\u00e9s sous utilis\u00e9s. Avec pour preuve le R\u00e8glement sanitaire international\u00a0: en 2005, suite \u00e0 l\u2019\u00e9pid\u00e9mie meurtri\u00e8re du Sars, 196\u00a0pays s\u2019engagent \u00e0 se pr\u00e9parer \u00e0 d\u00e9tecter, communiquer et r\u00e9pondre aux futures menaces sanitaires.<\/p>\n<p>Aujourd\u2019hui, aucun pays ne respecte compl\u00e8tement ce r\u00e8glement, et les pays \u00e0 faible revenu accusent le plus de retard. La crise du Covid-19 nous enseigne encore une fois que la pr\u00e9vention est et restera toujours plus efficace et moins co\u00fbteuse en vies humaines et en ressources que la politique de l\u2019urgence.<\/p>\n<p>Au-del\u00e0 des secteurs essentiels rappel\u00e9s par la pand\u00e9mie, il y a les travailleurs essentiels \u2013 o\u00f9 devrais-je dire, ici, les travailleuses. <strong>Les femmes sont en premi\u00e8re ligne dans le combat contre le virus<\/strong>, comme en t\u00e9moigne d\u2019ailleurs le cas fran\u00e7ais, avec plus de 90% de femmes dans les m\u00e9tiers d\u2019aides-soignantes, de personnel d\u2019Ehpad, de caissi\u00e8res et d\u2019aides \u00e0 domicile. Ces m\u00e9tiers du care reposent la question de l\u2019asym\u00e9trie entre la valeur sociale du travail et leur valorisation sociale et financi\u00e8re.[\/vc_column_text][\/vc_column][vc_column width=&#8221;1\/2&#8243;][vc_column_text]<strong>Les femmes restent par ailleurs tr\u00e8s peu repr\u00e9sent\u00e9es dans les postes de d\u00e9cision durant la crise<\/strong>, et n\u2019ont pas voix \u00e9gale au chapitre pour un avenir qui les concerne tout autant. Le <a href=\"https:\/\/forum.generationequality.org\/home\" target=\"_blank\" rel=\"noopener\">Forum G\u00e9n\u00e9ration Egalit\u00e9, <\/a>sous l\u2019\u00e9gide franco-mexicaine et report\u00e9 \u00e0\u00a02021, est un appel aux f\u00e9ministes du monde entier, et pourrait \u00eatre l\u2019occasion de faire na\u00eetre des synergies en r\u00e9gion euro-m\u00e9diterran\u00e9enne. La revalorisation des m\u00e9tiers du care, l\u2019inclusion d\u2019un volet relatif \u00e0 l\u2019\u00e9galit\u00e9 femmes-hommes dans les n\u00e9gociations internationales (on ne peut plus se permettre des politiques publiques aveugles \u00e0 la question du genre), ainsi qu\u2019un m\u00e9canisme de redevabilit\u00e9 charg\u00e9 du suivi des engagements et des avanc\u00e9es sur l\u2019\u00e9galit\u00e9 femmes-hommes sont autant de questions \u00e0 investir pour le Partenariat, et dont le Forum f\u00e9ministe l\u2019an prochain pourrait se faire le porte-voix.<\/p>\n<p>Un autre chantier incontournable\u00a0: le r\u00e9chauffement climatique et l\u2019\u00e9rosion de la biodiversit\u00e9 sont, on l\u2019a vu, \u00e9troitement li\u00e9s au d\u00e9veloppement d\u2019\u00e9pid\u00e9mies.<strong> Il faut tirer les m\u00eames conclusions pour la sant\u00e9 que pour le climat\u00a0: l\u2019heure d\u2019agir est avant les crises.<\/strong> Le respect des accords de Paris et de principes de justice climatique doit trouver une centralit\u00e9 dans les fora internationaux, \u00e0 commencer par l\u2019euro-m\u00e9diterran\u00e9en.<\/p>\n<p>L\u2019\u00e9pineuse question des financements de ces politiques ambitieuses peut trouver un double ancrage\u00a0: la lutte contre les flux financiers illicites et la corruption, qui engloutissent des milliards chaque ann\u00e9e, mais aussi la mobilisation autour de financements solidaires. Un bon exemple est celui de la taxe sur les transactions financi\u00e8res en France, dont une partie des revenus est affect\u00e9e \u00e0 l\u2019aide au d\u00e9veloppement, dans un effort de corriger les effets n\u00e9fastes de la mondialisation.<\/p>\n<p>Sant\u00e9, \u00e9galit\u00e9 femmes-hommes, climat et financements innovants\u00a0: la liste n\u2019est pas exhaustive, mais cette nouvelle d\u00e9cennie pourrait \u00eatre celle o\u00f9 le partenariat euro-m\u00e9diterran\u00e9en, mais aussi le multilat\u00e9ralisme sous ses autres formes, se saisissent de ces sujets pour en faire des boussoles pour l\u2019avenir.[\/vc_column_text][\/vc_column][\/vc_row]<\/p>\n<\/section>","protected":false},"excerpt":{"rendered":"<p>[vc_row type=&#8221;full-width-content&#8221; css=&#8221;.vc_custom_1599247168081{margin-bottom: 60px !important;}&#8221;][vc_column][vc_single_image image=&#8221;108641&#8243; img_size=&#8221;slide&#8221; onclick=&#8221;custom_link&#8221; link=&#8221;https:\/\/ufmsecretariat.org\/\/fr\/medvoices\/&#8221;][\/vc_column][\/vc_row][vc_row][vc_column][vc_row_inner equal_height=&#8221;yes&#8221; css=&#8221;.vc_custom_1599247389404{margin-bottom: 0px !important;}&#8221;][vc_column_inner width=&#8221;1\/2&#8243; css=&#8221;.vc_custom_1601288811626{margin-bottom: 30px !important;}&#8221;][vc_single_image image=&#8221;105347&#8243; img_size=&#8221;full&#8221;][\/vc_column_inner][vc_column_inner width=&#8221;1\/2&#8243; css=&#8221;.vc_custom_1599247407526{margin-bottom: 60px !important;}&#8221;][vc_column_text font_size=&#8221;26px&#8221; line_height=&#8221;30px&#8221; css=&#8221;.vc_custom_1601283442953{margin-bottom: 40px !important;}&#8221;] Najat Vallaud-Belkacem [\/vc_column_text][vc_custom_heading text=&#8221;L\u2019apr\u00e8s-pand\u00e9mie, des le\u00e7ons et une boussole pour l\u2019avenir&#8221; font_container=&#8221;tag:h2|font_size:42|text_align:left|line_height:44px&#8221; google_fonts=&#8221;font_family:Lato%3A100%2C100italic%2C300%2C300italic%2Cregular%2Citalic%2C700%2C700italic%2C900%2C900italic|font_style:700%20bold%20regular%3A700%3Anormal&#8221; el_class=&#8221;h2especial&#8221; css=&#8221;.vc_custom_1601283706853{margin-bottom: 40px !important;}&#8221;][vc_column_text font_size=&#8221;24px&#8221; line_height=&#8221;28&#8243; el_class=&#8221;pespecial&#8221;] Sant\u00e9, \u00e9galit\u00e9 femmes-hommes, climat, financements innovants et<br \/><a href=\"https:\/\/ufmsecretariat.org\/fr\/med-voices-vallaudbelkacem\/\" class=\"more\">Lire la suite<\/a><\/p>\n","protected":false},"author":38,"featured_media":0,"parent":0,"menu_order":0,"comment_status":"closed","ping_status":"closed","template":"","meta":{"footnotes":""},"priority-area":[],"class_list":["post-106678","page","type-page","status-publish","hentry"],"_links":{"self":[{"href":"https:\/\/ufmsecretariat.org\/fr\/wp-json\/wp\/v2\/pages\/106678","targetHints":{"allow":["GET"]}}],"collection":[{"href":"https:\/\/ufmsecretariat.org\/fr\/wp-json\/wp\/v2\/pages"}],"about":[{"href":"https:\/\/ufmsecretariat.org\/fr\/wp-json\/wp\/v2\/types\/page"}],"author":[{"embeddable":true,"href":"https:\/\/ufmsecretariat.org\/fr\/wp-json\/wp\/v2\/users\/38"}],"replies":[{"embeddable":true,"href":"https:\/\/ufmsecretariat.org\/fr\/wp-json\/wp\/v2\/comments?post=106678"}],"version-history":[{"count":5,"href":"https:\/\/ufmsecretariat.org\/fr\/wp-json\/wp\/v2\/pages\/106678\/revisions"}],"predecessor-version":[{"id":108647,"href":"https:\/\/ufmsecretariat.org\/fr\/wp-json\/wp\/v2\/pages\/106678\/revisions\/108647"}],"wp:attachment":[{"href":"https:\/\/ufmsecretariat.org\/fr\/wp-json\/wp\/v2\/media?parent=106678"}],"wp:term":[{"taxonomy":"priority-area","embeddable":true,"href":"https:\/\/ufmsecretariat.org\/fr\/wp-json\/wp\/v2\/priority-area?post=106678"}],"curies":[{"name":"wp","href":"https:\/\/api.w.org\/{rel}","templated":true}]}}