
{"id":106692,"date":"2020-10-02T10:22:03","date_gmt":"2020-10-02T09:22:03","guid":{"rendered":"https:\/\/ufmsecretariat.org\/\/tribuna-prodi\/"},"modified":"2020-11-19T12:39:20","modified_gmt":"2020-11-19T11:39:20","slug":"med-voices-prodi","status":"publish","type":"page","link":"https:\/\/ufmsecretariat.org\/fr\/med-voices-prodi\/","title":{"rendered":"Tribune Romano Prodi"},"content":{"rendered":"<section class=\"wpb-content-wrapper\"><p>[vc_row type=&#8221;full-width-content&#8221; css=&#8221;.vc_custom_1599247168081{margin-bottom: 60px !important;}&#8221;][vc_column][vc_single_image image=&#8221;108641&#8243; img_size=&#8221;slide&#8221; onclick=&#8221;custom_link&#8221; link=&#8221;http:\/\/www.ufmsecretariat.org\/fr\/medvoices&#8221;][\/vc_column][\/vc_row][vc_row][vc_column][vc_row_inner equal_height=&#8221;yes&#8221; css=&#8221;.vc_custom_1599247389404{margin-bottom: 0px !important;}&#8221;][vc_column_inner width=&#8221;1\/2&#8243; css=&#8221;.vc_custom_1601288811626{margin-bottom: 30px !important;}&#8221;][vc_single_image image=&#8221;106129&#8243; img_size=&#8221;full&#8221;][\/vc_column_inner][vc_column_inner width=&#8221;1\/2&#8243; css=&#8221;.vc_custom_1599247407526{margin-bottom: 60px !important;}&#8221;][vc_column_text font_size=&#8221;26px&#8221; line_height=&#8221;30px&#8221; css=&#8221;.vc_custom_1601629900321{margin-bottom: 40px !important;}&#8221;]<\/p>\n<p style=\"font-size: 30px;\"><strong>Romano Prodi<\/strong><\/p>\n<p>[\/vc_column_text][vc_custom_heading text=&#8221;25 years of common objectives to gather both shores of the Mediterranean &#8221; font_container=&#8221;tag:h2|font_size:42|text_align:left|line_height:44px&#8221; google_fonts=&#8221;font_family:Lato%3A100%2C100italic%2C300%2C300italic%2Cregular%2Citalic%2C700%2C700italic%2C900%2C900italic|font_style:700%20bold%20regular%3A700%3Anormal&#8221; el_class=&#8221;h2especial&#8221; css=&#8221;.vc_custom_1605783573241{margin-bottom: 40px !important;}&#8221;][vc_column_text font_size=&#8221;24px&#8221; line_height=&#8221;28&#8243; el_class=&#8221;pespecial&#8221;]<\/p>\n<h3 class=\"p1\">This year marks the 25th\u00a0anniversary\u00a0since the leaders from the North and the South of the Mediterranean met in Barcelona to start a Process based on dialogue, peace and common prosperity. It was also based on this bedrock that the European Commission launched in 2004 the European Neighbourhood Policy, with the goal of creating a \u201cring of friends\u201d\u00a0around Europe, and that in 2008 the Union for the Mediterranean (UfM) was launched.<\/h3>\n<p>[\/vc_column_text][\/vc_column_inner][\/vc_row_inner][\/vc_column][\/vc_row][vc_row css=&#8221;.vc_custom_1599246591841{margin-bottom: 60px !important;}&#8221;][vc_column width=&#8221;1\/2&#8243;][vc_column_text]<\/p>\n<p class=\"p1\"><span class=\"s1\">Our shared Sea has been rocked by many waves\u00a0of challenges on different fronts, including political, social and economic crises, yet it has shown a degree of resilience. Now is the time to look at this legacy with fresh eyes and\u00a0try and envisage how the Mediterranean will be in 25 years\u2019 time and what this will entail for the European Union.<\/span><\/p>\n<p class=\"p1\"><span class=\"s1\">A concurrent climate and health crises could\u00a0pose too much strain for a region which has endured years of financial crisis, record youth unemployment and rising environmental degradation, unless we collectively decide to act concretely.<\/span><\/p>\n<p class=\"p1\"><span class=\"s1\">As a result of the work carried out by the Scientific Network of Mediterranean Experts on Climate and Environmental Change (MedECC), we know that the Mediterranean region is warming 20% faster than the global region, with the<span class=\"Apple-converted-space\">\u00a0 <\/span>serious risk of reaching 2.2\u00b0 regional temperature increase by 2040 if current trends continue. What risks this could entail for our region are a topic for discussion, but we can see clearly how this could hamper regional economic growth and diminish resilience, posing threats to our shared security and\u00a0impacting the deep roots of migration. As climate and environment do not recognize political borders, any transition to a Green Deal must involve a suitable Mediterranean dimension.<\/span><\/p>\n<p class=\"p1\"><span class=\"s1\">At the same time,\u00a0we must not forget that\u00a0over 60% of\u00a0the MENA population\u00a0is\u00a0under the age of 30,\u00a0making it\u00a0one of the youngest regions in the world and also one with the highest and most concerning unemployment rates.\u00a0 Focusing on building a positive agenda\u00a0for this area entails placing youths and women at the centre of all politics\u00a0and engaging young people as full partners.\u00a0We welcome therefore that the\u00a0UfM\u00a0has\u00a0since\u00a0long-time\u00a0placed youths at the heart of its actions,\u00a0notably through the Mediterranean Initiative for Jobs.\u00a0Nevertheless, we are acutely aware that much more should be done to support youths and women in the Mediterranean, and all development efforts should strongly take such consideration into account, in order to avoid a wasted generation on both rims of our sea.<\/span><\/p>\n<p>[\/vc_column_text][\/vc_column][vc_column width=&#8221;1\/2&#8243;][vc_column_text]<\/p>\n<p class=\"p1\"><span class=\"s1\">A clear means for achieving both sustainability and economic opportunities for our youths is education at all levels.\u00a0If we want to achieve a generation of Mediterranean graduates driving sustainable economic growth, we particularly need to invest in the mobility of students, researchers and teachers, and on the deployment of employable skills across our countries.\u00a0Efforts are underway and must be supported and upscaled. <\/span><\/p>\n<p class=\"p1\"><span class=\"s1\">This sudden health crisis is bringing back into the limelight the importance of advancing science and diplomacy, be it in<span class=\"Apple-converted-space\">\u00a0 <\/span>the health sector or in key challenges to the\u00a0sustainable development of the region, such as its agri-food systems, climate change, and its \u201cblue\u201d economy. The Partnership for Research and Innovation in the Mediterranean (PRIMA) is a good example of this potential, putting 500 million euros in innovative research at the service of resilient food and water systems.\u00a0<\/span><\/p>\n<p class=\"p1\"><span class=\"s1\">\u00a0<\/span><span class=\"s1\">During these exceptional times, accelerating\u00a0epochal changes, swift\u00a0and decisive action should be accompanied by appropriate resources in order to be fully effective. We call on appropriate financing mechanisms being put in place or strengthened for the implementation of green and sustainable initiatives that may move the Mediterranean in the right direction.<\/span><\/p>\n<p class=\"p1\"><span class=\"s1\">Fields offering attractive economic, environmental and social returns on this regard. Whether it be on renewable energy, sustainable transport or circular economy, the Mediterranean has all the potential to overcome our shared challenges and change them into better opportunities for the next 25 years. This would be the best way to carry forward the spirit of the Barcelona Process,\u00a0by entrusting it to a new generation of Mediterranean\u00a0citizens.<\/span><\/p>\n<p>[\/vc_column_text][\/vc_column][\/vc_row][vc_row][vc_column]<style type=\"text\/css\" >#l_1w2ra7oukbhjytiri12v.sc_line ,#l_1w2ra7oukbhjytiri12v .sc_line { height:1px; background:#1e73be;}#l_1w2ra7oukbhjytiri12v {margin:0px 0 0px 0; padding:0;}<\/style><div class=\"clearfix\"><\/div><div id=\"l_1w2ra7oukbhjytiri12v\"  class=\"sc_line rd_line_normal\" ><\/div>[\/vc_column][\/vc_row][vc_row][vc_column width=&#8221;1\/2&#8243;][vc_column_text]<strong>Original version:\u00a025 anni di obiettivi condivisi per unire entrambe le sponde del Mediterraneo<\/strong><\/p>\n<p class=\"article-standfirst read-left-padding\"><strong>In questo articolo, scritto in occasione del 25\u00b0 anniversario della Convenzione di Barcellona, Romano Prodi illustra come la cooperazione regionale, la solidariet\u00e0 e l\u2019istruzione, soprattutto nel bacino euro-mediterraneo, siano fattori chiave per la ripresa.<\/strong><\/p>\n<p>Quest\u2019anno segna il venticinquesimo anniversario dell\u2019incontro, tenutosi a Barcellona, durante il quale i leader del nord e del sud del Mediterraneo hanno avviato un Processo basato sul dialogo, sulla pace e sulla prosperit\u00e0 comune. Poggiando su questo fondamento, nel 2004 la Commissione Europea ha varato la Politica Europea di Vicinato, con l\u2019obiettivo di creare un \u201canello di amicizie\u201d tutto attorno all\u2019Europa e nel 2008 \u00e8 stata fondata l\u2019Unione per il Mediterraneo (UpM).<\/p>\n<p>Il nostro mare comune \u00e8 stato scosso da forti ondate di sfide su diversi fronti \u2013 comprese le crisi politiche, sociali ed economiche \u2013 mostrando tuttavia un certo grado di resilienza. Ora \u00e8 il momento di guardare a questa eredit\u00e0 con occhi nuovi e provare a immaginare come sar\u00e0 il Mediterraneo tra 25 anni e cosa comporter\u00e0 per l\u2019Unione Europea.<\/p>\n<p>L\u2019attuale emergenza climatica, in concomitanza con quella sanitaria, potrebbe mettere a dura prova una regione che ha resistito ad anni di crisi finanziarie, al record di disoccupazione giovanile e al crescente degrado ambientale, a meno che non decidiamo collettivamente di agire in modo concreto.<\/p>\n<p>Dal lavoro svolto dalla rete scientifica di esperti del Mediterraneo sui cambiamenti climatici e ambientali (MedECC) sappiamo che la regione mediterranea si sta riscaldando del 20% pi\u00f9 velocemente rispetto al resto del pianeta, con il grave rischio di raggiungere un aumento della temperatura locale pari a +2,2\u00b0C entro il 2040, se le attuali tendenze si manterranno stabili. Le ricadute negative di tale incremento per la nostra regione sono ancora in fase di discussione, ma possiamo facilmente intuire come ci\u00f2 potrebbe ostacolare la crescita economica e diminuire la resilienza regionale, ponendo minacce alla nostra sicurezza condivisa e influenzando le radici profonde della migrazione. Poich\u00e9 il clima e l\u2019ambiente non conoscono confini politici, qualsiasi transizione verso un\u00a0<em>Green Deal<\/em>\u00a0deve necessariamente comportare un\u2019adeguata dimensione mediterranea.<\/p>\n<p>Allo stesso tempo, non dobbiamo dimenticare che oltre il 60% della popolazione del Medio Oriente e Nord Africa (MENA) ha meno di 30 anni, il che la rende una delle regioni pi\u00f9 giovani del mondo, nonch\u00e9 con i tassi di disoccupazione pi\u00f9 alti e preoccupanti. Concentrarsi sulla costruzione di un piano d\u2019azione per questa area geografica implica mettere i giovani e le donne al centro di tutte le azioni politiche, coinvolgendo i giovani stessi come partner a pieno titolo. Ci rallegriamo, quindi, del fatto che l\u2019UpM abbia da tempo posto i giovani al centro delle sue azioni, in particolare attraverso l\u2019Iniziativa Mediterraneo per l\u2019Occupazione. Tuttavia, siamo profondamente consapevoli che si dovrebbe fare molto di pi\u00f9 per sostenere i giovani e le donne nel bacino e che tutti gli sforzi di sviluppo dovrebbero tendere verso tale obiettivo, al fine di evitare che su entrambe le sponde del nostro mare si disperdano le potenzialit\u00e0 di intera generazione.[\/vc_column_text][\/vc_column][vc_column width=&#8221;1\/2&#8243;][vc_column_text]Un chiaro mezzo per favorire sia la sostenibilit\u00e0 ambientale, sia maggiori opportunit\u00e0 economiche per i nostri giovani \u00e8 l\u2019istruzione, a tutti i livelli. Se desideriamo una generazione di \u201claureati mediterranei\u201d alla guida di una crescita economica sostenibile, dobbiamo investire nella mobilit\u00e0 di studenti, ricercatori e insegnanti e nella diffusione tra i nostri paesi di competenze professionali tali da garantire l\u2019occupazione. Gli sforzi per ottenere ci\u00f2 sono gi\u00e0 stati intrapresi, ma devono essere supportati e potenziati.<\/p>\n<p>Questa improvvisa emergenza sanitaria sta riportando in luce l\u2019importanza di far progredire la scienza e la diplomazia tanto nel settore sanitario, quanto nelle sfide necessarie per lo sviluppo sostenibile della regione, come i sistemi agroalimentari, il cambiamento climatico e la \u201c<em>blue economy<\/em>\u201d. Il Partenariato per la Ricerca e l\u2019Innovazione nel Mediterraneo (PRIMA) \u00e8 un buon esempio di questo potenziale, dato il suo investimento di 500 milioni di euro nella ricerca innovativa al servizio di sistemi alimentari e idrici resilienti.<\/p>\n<p>In questi tempi di eccezionali, in questa accelerazione dei cambiamenti epocali, \u00e8 necessaria un\u2019azione rapida e decisiva, supportata da risorse in grado di renderla pienamente efficace. Chiediamo, dunque, l\u2019istituzione o il rafforzamento di adeguati meccanismi di finanziamento per l\u2019attuazione di iniziative \u201c<em>green<\/em>\u201d e sostenibili che possano indirizzare il Mediterraneo verso la giusta direzione.<\/p>\n<p>Chiediamo iniziative focalizzate su ambiti con interessanti ritorni economici, ambientali e sociali. Che si tratti di energie rinnovabili, trasporti sostenibili o economia circolare, il bacino mediterraneo ha tutto il potenziale per superare queste sfide comuni e trasformarle in opportunit\u00e0 per i prossimi 25 anni. Questo sarebbe il modo migliore per portare avanti lo spirito del Processo di Barcellona, \u200b\u200baffidandolo a una nuova generazione di cittadini mediterranei.[\/vc_column_text][\/vc_column][\/vc_row]<\/p>\n<\/section>","protected":false},"excerpt":{"rendered":"<p>[vc_row type=&#8221;full-width-content&#8221; css=&#8221;.vc_custom_1599247168081{margin-bottom: 60px !important;}&#8221;][vc_column][vc_single_image image=&#8221;108641&#8243; img_size=&#8221;slide&#8221; onclick=&#8221;custom_link&#8221; link=&#8221;http:\/\/www.ufmsecretariat.org\/fr\/medvoices&#8221;][\/vc_column][\/vc_row][vc_row][vc_column][vc_row_inner equal_height=&#8221;yes&#8221; css=&#8221;.vc_custom_1599247389404{margin-bottom: 0px !important;}&#8221;][vc_column_inner width=&#8221;1\/2&#8243; css=&#8221;.vc_custom_1601288811626{margin-bottom: 30px !important;}&#8221;][vc_single_image image=&#8221;106129&#8243; img_size=&#8221;full&#8221;][\/vc_column_inner][vc_column_inner width=&#8221;1\/2&#8243; css=&#8221;.vc_custom_1599247407526{margin-bottom: 60px !important;}&#8221;][vc_column_text font_size=&#8221;26px&#8221; line_height=&#8221;30px&#8221; css=&#8221;.vc_custom_1601629900321{margin-bottom: 40px !important;}&#8221;] Romano Prodi [\/vc_column_text][vc_custom_heading text=&#8221;25 years of common objectives to gather both shores of the Mediterranean &#8221; font_container=&#8221;tag:h2|font_size:42|text_align:left|line_height:44px&#8221; google_fonts=&#8221;font_family:Lato%3A100%2C100italic%2C300%2C300italic%2Cregular%2Citalic%2C700%2C700italic%2C900%2C900italic|font_style:700%20bold%20regular%3A700%3Anormal&#8221; el_class=&#8221;h2especial&#8221; css=&#8221;.vc_custom_1605783573241{margin-bottom: 40px !important;}&#8221;][vc_column_text font_size=&#8221;24px&#8221; line_height=&#8221;28&#8243; el_class=&#8221;pespecial&#8221;] This year<br \/><a href=\"https:\/\/ufmsecretariat.org\/fr\/med-voices-prodi\/\" class=\"more\">Lire la suite<\/a><\/p>\n","protected":false},"author":38,"featured_media":0,"parent":0,"menu_order":0,"comment_status":"closed","ping_status":"closed","template":"","meta":{"footnotes":""},"priority-area":[],"class_list":["post-106692","page","type-page","status-publish","hentry"],"_links":{"self":[{"href":"https:\/\/ufmsecretariat.org\/fr\/wp-json\/wp\/v2\/pages\/106692","targetHints":{"allow":["GET"]}}],"collection":[{"href":"https:\/\/ufmsecretariat.org\/fr\/wp-json\/wp\/v2\/pages"}],"about":[{"href":"https:\/\/ufmsecretariat.org\/fr\/wp-json\/wp\/v2\/types\/page"}],"author":[{"embeddable":true,"href":"https:\/\/ufmsecretariat.org\/fr\/wp-json\/wp\/v2\/users\/38"}],"replies":[{"embeddable":true,"href":"https:\/\/ufmsecretariat.org\/fr\/wp-json\/wp\/v2\/comments?post=106692"}],"version-history":[{"count":8,"href":"https:\/\/ufmsecretariat.org\/fr\/wp-json\/wp\/v2\/pages\/106692\/revisions"}],"predecessor-version":[{"id":110012,"href":"https:\/\/ufmsecretariat.org\/fr\/wp-json\/wp\/v2\/pages\/106692\/revisions\/110012"}],"wp:attachment":[{"href":"https:\/\/ufmsecretariat.org\/fr\/wp-json\/wp\/v2\/media?parent=106692"}],"wp:term":[{"taxonomy":"priority-area","embeddable":true,"href":"https:\/\/ufmsecretariat.org\/fr\/wp-json\/wp\/v2\/priority-area?post=106692"}],"curies":[{"name":"wp","href":"https:\/\/api.w.org\/{rel}","templated":true}]}}