
{"id":106742,"date":"2020-10-06T15:51:57","date_gmt":"2020-10-06T14:51:57","guid":{"rendered":"https:\/\/ufmsecretariat.org\/\/?page_id=106742"},"modified":"2021-02-08T12:07:52","modified_gmt":"2021-02-08T11:07:52","slug":"human-stories-of-the-mediterranean","status":"publish","type":"page","link":"https:\/\/ufmsecretariat.org\/fr\/human-stories-of-the-mediterranean\/","title":{"rendered":"Histoires v\u00e9cues de la M\u00e9diterran\u00e9e"},"content":{"rendered":"<section class=\"wpb-content-wrapper\"><p>[vc_row type=&#8221;full-width-content&#8221; content_placement=&#8221;bottom&#8221; css=&#8221;.vc_custom_1507902152716{margin-top: 0px !important;margin-bottom: 0px !important;padding-top: 0px !important;padding-bottom: 0px !important;}&#8221;][vc_column][vc_single_image image=&#8221;51999&#8243; img_size=&#8221;slide&#8221; alignment=&#8221;center&#8221;][\/vc_column][\/vc_row][vc_row type=&#8221;full-width-section&#8221; content_placement=&#8221;bottom&#8221; css=&#8221;.vc_custom_1472543612832{margin-top: 0px !important;margin-bottom: -50px !important;padding-top: 25px !important;padding-bottom: 20px !important;background-color: #464e90 !important;}&#8221; el_id=&#8221;page-title&#8221;][vc_column][vc_custom_heading source=&#8221;post_title&#8221; font_container=&#8221;tag:h1|text_align:left|color:%23ffffff&#8221; use_theme_fonts=&#8221;yes&#8221; css=&#8221;.vc_custom_1601972739062{margin-bottom: 0px !important;}&#8221;][\/vc_column][\/vc_row][vc_row css=&#8221;.vc_custom_1472124322171{padding-top: 50px !important;}&#8221;][vc_column width=&#8221;9\/12&#8243;][vc_column_text]<form autocomplete=\"off\" name=\"wpv-filter-106464\" action=\"\/fr\/wp-json\/wp\/v2\/pages\/106742?wpv_view_count=106464\" method=\"get\" class=\"wpv-filter-form js-wpv-filter-form js-wpv-filter-form-106464 js-wpv-form-full js-wpv-dps-enabled js-wpv-ajax-results-enabled\" data-viewnumber=\"106464\" data-viewid=\"106464\" data-viewhash=\"eyJuYW1lIjoiaHVtYW4tc3Rvcmllcy1hbGwifQ==\" data-viewwidgetid=\"0\" data-orderby=\"\" data-order=\"\" data-orderbyas=\"\" data-orderbysecond=\"\" data-ordersecond=\"\" data-parametric=\"{&quot;query&quot;:&quot;normal&quot;,&quot;id&quot;:106464,&quot;view_id&quot;:106464,&quot;widget_id&quot;:0,&quot;view_hash&quot;:&quot;106464&quot;,&quot;action&quot;:&quot;\\\/fr\\\/wp-json\\\/wp\\\/v2\\\/pages\\\/106742?wpv_view_count=106464&quot;,&quot;sort&quot;:{&quot;orderby&quot;:&quot;&quot;,&quot;order&quot;:&quot;&quot;,&quot;orderby_as&quot;:&quot;&quot;,&quot;orderby_second&quot;:&quot;&quot;,&quot;order_second&quot;:&quot;&quot;},&quot;orderby&quot;:&quot;&quot;,&quot;order&quot;:&quot;&quot;,&quot;orderby_as&quot;:&quot;&quot;,&quot;orderby_second&quot;:&quot;&quot;,&quot;order_second&quot;:&quot;&quot;,&quot;ajax_form&quot;:&quot;&quot;,&quot;ajax_results&quot;:&quot;&quot;,&quot;effect&quot;:&quot;fade&quot;,&quot;prebefore&quot;:&quot;&quot;,&quot;before&quot;:&quot;&quot;,&quot;after&quot;:&quot;&quot;,&quot;attributes&quot;:[],&quot;environment&quot;:{&quot;current_post_id&quot;:106742,&quot;parent_post_id&quot;:106742,&quot;parent_term_id&quot;:0,&quot;parent_user_id&quot;:0,&quot;archive&quot;:{&quot;type&quot;:&quot;&quot;,&quot;name&quot;:&quot;&quot;,&quot;data&quot;:[]}},&quot;loop&quot;:{&quot;type&quot;:&quot;&quot;,&quot;name&quot;:&quot;&quot;,&quot;data&quot;:[],&quot;id&quot;:0}}\" data-attributes=\"[]\" data-environment=\"{&quot;current_post_id&quot;:106742,&quot;parent_post_id&quot;:106742,&quot;parent_term_id&quot;:0,&quot;parent_user_id&quot;:0,&quot;archive&quot;:{&quot;type&quot;:&quot;&quot;,&quot;name&quot;:&quot;&quot;,&quot;data&quot;:[]}}\"><input type=\"hidden\" class=\"js-wpv-dps-filter-data js-wpv-filter-data-for-this-form\" data-action=\"\/fr\/wp-json\/wp\/v2\/pages\/106742?wpv_view_count=106464\" data-page=\"1\" data-ajax=\"enable\" data-effect=\"fade\" data-maxpages=\"2\" data-ajaxprebefore=\"\" data-ajaxbefore=\"\" data-ajaxafter=\"\" \/><input class=\"wpv_view_count wpv_view_count-106464\" type=\"hidden\" name=\"wpv_view_count\" value=\"106464\" \/>\n<div class=\"display-projects-filter\">\n\n  <div class=\"vc_row\">\n    <div class=\"vc_span7 dropdown\">\n        <div class=\"vc_row\">\n            <div class=\"vc_span5\">\n                Filtrer par domaine prioritaire: \n            <\/div>\n            <div class=\"vc_span7 projectsSelect\">\n                <select name=\"wpv-priority-area\" class=\"js-wpv-filter-trigger\"><option selected='selected' value=\"0\">All<\/option><option value=\"social-civil-affairs-fr\">Affaires civiles et sociales<\/option><option value=\"business-development-fr\">D\u00e9veloppement \u00e9conomique et emploi<\/option><option value=\"water-environment-fr\">Eau, Environnement et \u00c9conomie Bleue<\/option><option value=\"higher-education-research-fr\">\u00c9ducation sup\u00e9rieure et recherche<\/option><option value=\"energy-climate-action-fr\">\u00c9nergie et action pour le climat<\/option><option value=\"institutional-fr\">Institutionelles<\/option><option value=\"transport-urban-development-fr\">Transport et d\u00e9veloppement urbain<\/option><\/select>\n            <\/div>\n        <\/div>\n    <\/div>\n    <div class=\"vc_span2\"><\/div>\n    <div class=\"vc_span3 search\">\n        <div class=\"form-group\">\n            <input type=\"text\" name=\"wpv_post_search\"  class=\"js-wpv-filter-trigger-delayed form-control\" \/>\n        <\/div>\n    <\/div>\n<\/div>\n\n<\/div>\n<\/form>\n<div id=\"wpv-view-layout-106464\" class=\"js-wpv-view-layout js-wpv-layout-responsive js-wpv-view-layout-106464\" data-viewnumber=\"106464\" data-pagination=\"{&quot;id&quot;:106464,&quot;query&quot;:&quot;normal&quot;,&quot;type&quot;:&quot;paged&quot;,&quot;effect&quot;:&quot;fade&quot;,&quot;duration&quot;:250,&quot;speed&quot;:5,&quot;pause_on_hover&quot;:&quot;disabled&quot;,&quot;stop_rollover&quot;:&quot;false&quot;,&quot;cache_pages&quot;:&quot;enabled&quot;,&quot;preload_images&quot;:&quot;enabled&quot;,&quot;preload_pages&quot;:&quot;enabled&quot;,&quot;preload_reach&quot;:&quot;1&quot;,&quot;spinner&quot;:&quot;builtin&quot;,&quot;spinner_image&quot;:&quot;https:\/\/ufmsecretariat.org\/wp-content\/plugins\/wp-views\/embedded\/res\/img\/ajax-loader.gif&quot;,&quot;callback_next&quot;:&quot;&quot;,&quot;manage_history&quot;:&quot;disabled&quot;,&quot;has_controls_in_form&quot;:&quot;disabled&quot;,&quot;infinite_tolerance&quot;:&quot;&quot;,&quot;max_pages&quot;:2,&quot;page&quot;:1,&quot;base_permalink&quot;:&quot;\/fr\/wp-json\/wp\/v2\/pages\/106742?wpv_view_count=106464&amp;wpv_paged=WPV_PAGE_NUM&quot;,&quot;loop&quot;:{&quot;type&quot;:&quot;&quot;,&quot;name&quot;:&quot;&quot;,&quot;data&quot;:[],&quot;id&quot;:0}}\" data-permalink=\"\/fr\/wp-json\/wp\/v2\/pages\/106742?wpv_view_count=106464\">\n\n\t\n\t\n<div class=\"priority-area projects\">\n\t\n\t\t<div class=\"vc_span6\" style='background-image: url(https:\/\/ufmsecretariat.org\/wp-content\/uploads\/2026\/03\/DSC06455-425x220.jpeg)'>\n\t<div class=\"block\"><a href=\"https:\/\/ufmsecretariat.org\/fr\/human-story\/farming-in-an-age-of-drought-an-algerian-innovation-simplifying-technology-and-reshaping-production\/\">L\u2019agriculture \u00e0 l\u2019heure de la p\u00e9nurie d\u2019eau : une innovation alg\u00e9rienne qui simplifie la technologie et repense la production<\/a><\/div>\n  \t<div class=\"taxonomy water-environment-fr, energy-climate-action-fr\"><span>Eau Environnement et \u00c9conomie Bleue \u00c9nergie et action pour le climat<\/span><\/div>\n<\/div>\n\t\n\t\t<div class=\"vc_span6\" style='background-image: url(https:\/\/ufmsecretariat.org\/wp-content\/uploads\/2026\/03\/3X3A0082-425x220.jpg)'>\n\t<div class=\"block\"><a href=\"https:\/\/ufmsecretariat.org\/fr\/human-story\/thelal-al-shamailah\/\">\u00c9tendre les comp\u00e9tences technologiques au-del\u00e0 des grandes villes : une solution jordanienne<\/a><\/div>\n  \t<div class=\"taxonomy social-civil-affairs-fr, business-development-fr\"><span>Affaires civiles et sociales D\u00e9veloppement \u00e9conomique et emploi<\/span><\/div>\n<\/div>\n\t\n\t\t<div class=\"vc_span6\" style='background-image: url(https:\/\/ufmsecretariat.org\/wp-content\/uploads\/2026\/01\/kamilia-425x220.jpg)'>\n\t<div class=\"block\"><a href=\"https:\/\/ufmsecretariat.org\/fr\/human-story\/kamilia-bantla\/\">Une g\u00e9n\u00e9ration euro-m\u00e9diterran\u00e9enne en devenir : le parcours de Kamilia<\/a><\/div>\n  \t<div class=\"taxonomy higher-education-research-fr\"><span>\u00c9ducation sup\u00e9rieure et recherche<\/span><\/div>\n<\/div>\n\t\n\t\t<div class=\"vc_span6\" style='background-image: url(https:\/\/ufmsecretariat.org\/wp-content\/uploads\/2025\/08\/54327358005_7dc6e0dcaf_o-425x220.jpg)'>\n\t<div class=\"block\"><a href=\"https:\/\/ufmsecretariat.org\/fr\/human-story\/usama-sadawi-on-the-politics-of-rebuilding-why-trust-justice-and-inclusion-must-guide-gazas-recovery\/\">Usama Sadawi sur la politique de la reconstruction : pourquoi la confiance, la justice et l\u2019inclusion doivent guider le rel\u00e8vement de Gaza<\/a><\/div>\n  \t<div class=\"taxonomy institutional-fr\"><span>Institutionelles<\/span><\/div>\n<\/div>\n\t\n\t\t<div class=\"vc_span6\" style='background-image: url(https:\/\/ufmsecretariat.org\/wp-content\/uploads\/2025\/08\/54327169379_17484e3b14_o-1-425x220.jpg)'>\n\t<div class=\"block\"><a href=\"https:\/\/ufmsecretariat.org\/fr\/human-story\/nimrod-goren-on-mediterranean-dialogue-in-times-of-division-why-people-not-politics-hold-the-key\/\">Nimrod Goren sur le dialogue m\u00e9diterran\u00e9en en temps de division : pourquoi les peuples \u2013 et non la politique \u2013 d\u00e9tiennent la cl\u00e9<\/a><\/div>\n  \t<div class=\"taxonomy institutional-fr\"><span>Institutionelles<\/span><\/div>\n<\/div>\n\t\n\t\t<div class=\"vc_span6\" style='background-image: url(https:\/\/ufmsecretariat.org\/wp-content\/uploads\/2025\/05\/mostapha-bousmina-425x220.jpg)'>\n\t<div class=\"block\"><a href=\"https:\/\/ufmsecretariat.org\/fr\/human-story\/interview-mostapha-bousmina-uemf\/\">Entretien avec le Professeur Mostapha Bousmina, pr\u00e9sident de l\u2019Universit\u00e9 Euro-M\u00e9diterran\u00e9enne de F\u00e8s (UEMF)<\/a><\/div>\n  \t<div class=\"taxonomy higher-education-research-fr\"><span>\u00c9ducation sup\u00e9rieure et recherche<\/span><\/div>\n<\/div>\n\t\n\t\t<div class=\"vc_span6\" style='background-image: url(https:\/\/ufmsecretariat.org\/wp-content\/uploads\/2024\/11\/Aida-Kandil-2024-ARLEM-Award-Winner-425x220.jpg)'>\n\t<div class=\"block\"><a href=\"https:\/\/ufmsecretariat.org\/fr\/human-story\/aida-kandil-redefinit-les-regles-du-marche-transformer-les-artisans-traditionnels-en-entrepreneurs-du-numerique\/\">A\u00efda Kandil red\u00e9finit les r\u00e8gles du march\u00e9 : transformer les artisans traditionnels en entrepreneurs du num\u00e9rique<\/a><\/div>\n  \t<div class=\"taxonomy business-development-fr\"><span>D\u00e9veloppement \u00e9conomique et emploi<\/span><\/div>\n<\/div>\n\t\n\t\t<div class=\"vc_span6\" style='background-image: url(https:\/\/ufmsecretariat.org\/wp-content\/uploads\/2025\/04\/guadaluna-chaer-photo-425x220.jpg)'>\n\t<div class=\"block\"><a href=\"https:\/\/ufmsecretariat.org\/fr\/human-story\/guadaluna-chaer\/\">Cap sur la durabilit\u00e9 : la start-up agro-tech de Guadaluna Chaer lutte contre la d\u00e9gradation de l\u2019environnement<\/a><\/div>\n  \t<div class=\"taxonomy social-civil-affairs-fr\"><span>Affaires civiles et sociales<\/span><\/div>\n<\/div>\n\t\n\t\t<div class=\"vc_span6\" style='background-image: url(https:\/\/ufmsecretariat.org\/wp-content\/uploads\/2025\/04\/astrid-desjobert-photo-425x220.jpg)'>\n\t<div class=\"block\"><a href=\"https:\/\/ufmsecretariat.org\/fr\/human-story\/astrid-desjobert\/\">Astrid Desjobert: Des secondes chances \u00e0 un changement durable pour les jeunes de la M\u00e9diterran\u00e9e<\/a><\/div>\n  \t<div class=\"taxonomy social-civil-affairs-fr\"><span>Affaires civiles et sociales<\/span><\/div>\n<\/div>\n\t\n\t\t<div class=\"vc_span6\" style='background-image: url(https:\/\/ufmsecretariat.org\/wp-content\/uploads\/2024\/07\/nagla-bahr-425x220.jpg)'>\n\t<div class=\"block\"><a href=\"https:\/\/ufmsecretariat.org\/fr\/human-story\/nagla-bahr\/\">Nagla Bahr : Combler le d\u00e9ficit de financement pour un d\u00e9veloppement \u00e9conomique durable<\/a><\/div>\n  \t<div class=\"taxonomy business-development-fr\"><span>D\u00e9veloppement \u00e9conomique et emploi<\/span><\/div>\n<\/div>\n\t\n\t\t<div class=\"vc_span6\" style='background-image: url(https:\/\/ufmsecretariat.org\/wp-content\/uploads\/2024\/02\/ayah-elarief-425x220.jpg)'>\n\t<div class=\"block\"><a href=\"https:\/\/ufmsecretariat.org\/fr\/human-story\/ayah-elarief\/\">Ayah Elarief, pionni\u00e8re de l&#8217;\u00e9ducation et de l&#8217;entrepreneuriat f\u00e9minin dans la r\u00e9gion MENA<\/a><\/div>\n  \t<div class=\"taxonomy social-civil-affairs-fr\"><span>Affaires civiles et sociales<\/span><\/div>\n<\/div>\n\t\n\t\t<div class=\"vc_span6\" style='background-image: url(https:\/\/ufmsecretariat.org\/wp-content\/uploads\/2023\/10\/translogmed-425x220.jpg)'>\n\t<div class=\"block\"><a href=\"https:\/\/ufmsecretariat.org\/fr\/human-story\/translogmed\/\">TransLogMED : Explorer de nouveaux horizons et relier les continents<\/a><\/div>\n  \t<div class=\"taxonomy transport-urban-development-fr\"><span>Transport et d\u00e9veloppement urbain<\/span><\/div>\n<\/div>\n\t\n\t\t<div class=\"vc_span6\" style='background-image: url(https:\/\/ufmsecretariat.org\/wp-content\/uploads\/2023\/07\/khadija-jallouli-425x220.jpg)'>\n\t<div class=\"block\"><a href=\"https:\/\/ufmsecretariat.org\/fr\/human-story\/khadija-jallouli\/\">Khadija Jallouli : R\u00e9volutionner la mobilit\u00e9 pour tous<\/a><\/div>\n  \t<div class=\"taxonomy social-civil-affairs-fr\"><span>Affaires civiles et sociales<\/span><\/div>\n<\/div>\n\t\n\t\t<div class=\"vc_span6\" style='background-image: url(https:\/\/ufmsecretariat.org\/wp-content\/uploads\/2023\/04\/tafila-humanstories-425x220.jpg)'>\n\t<div class=\"block\"><a href=\"https:\/\/ufmsecretariat.org\/fr\/human-story\/samer-judeh-tafila-jordan\/\">Un vent de renouveau : naissance d&#8217;une industrie de l&#8217;\u00e9nergie renouvelable en Jordanie<\/a><\/div>\n  \t<div class=\"taxonomy energy-climate-action-fr\"><span>\u00c9nergie et action pour le climat<\/span><\/div>\n<\/div>\n\t\n\t\t<div class=\"vc_span6\" style='background-image: url(https:\/\/ufmsecretariat.org\/wp-content\/uploads\/2023\/04\/humanstory-new-425x220.jpg)'>\n\t<div class=\"block\"><a href=\"https:\/\/ufmsecretariat.org\/fr\/human-story\/womed-programme\/\">Construire un avenir vert pour le Maroc et au-del\u00e0<\/a><\/div>\n  \t<div class=\"taxonomy social-civil-affairs-fr\"><span>Affaires civiles et sociales<\/span><\/div>\n<\/div>\n\t\n\t\t<div class=\"vc_span6\" style='background-image: url(https:\/\/ufmsecretariat.org\/wp-content\/uploads\/2023\/03\/zohra-slim-instadeep-425x220.jpg)'>\n\t<div class=\"block\"><a href=\"https:\/\/ufmsecretariat.org\/fr\/human-story\/the-present-is-female-instadeep\/\">Le pr\u00e9sent s\u2019\u00e9crit au f\u00e9minin : InstaDeep, ou quand intelligence artificielle et cr\u00e9ativit\u00e9 se rencontrent<\/a><\/div>\n  \t<div class=\"taxonomy social-civil-affairs-fr\"><span>Affaires civiles et sociales<\/span><\/div>\n<\/div>\n\t\n\t\t<div class=\"vc_span6\" style='background-image: url(https:\/\/ufmsecretariat.org\/wp-content\/uploads\/2023\/02\/arlem-awards-2022-425x220.jpg)'>\n\t<div class=\"block\"><a href=\"https:\/\/ufmsecretariat.org\/fr\/human-story\/citizens-in-action\/\">Citoyens en action : lutter localement contre la pollution plastique<\/a><\/div>\n  \t<div class=\"taxonomy business-development-fr\"><span>D\u00e9veloppement \u00e9conomique et emploi<\/span><\/div>\n<\/div>\n\t\n\t\t<div class=\"vc_span6\" style='background-image: url(https:\/\/ufmsecretariat.org\/wp-content\/uploads\/2023\/09\/human-stories-smart-desert-425x220.jpg)'>\n\t<div class=\"block\"><a href=\"https:\/\/ufmsecretariat.org\/fr\/human-story\/smart-desert\/\">Quand l&#8217;artisanat voit le jour en Syrie et prosp\u00e8re en Jordanie<\/a><\/div>\n  \t<div class=\"taxonomy water-environment-fr\"><span>Eau Environnement et \u00c9conomie Bleue<\/span><\/div>\n<\/div>\n\t\n\t\t<div class=\"vc_span6\" style='background-image: url(https:\/\/ufmsecretariat.org\/wp-content\/uploads\/2022\/04\/asma-425x220.jpg)'>\n\t<div class=\"block\"><a href=\"https:\/\/ufmsecretariat.org\/fr\/human-story\/asma-kherrati\/\">Asma Kherrati: les r\u00eaves des femmes ne devraient pas \u00eatre hors de port\u00e9e<\/a><\/div>\n  \t<div class=\"taxonomy \"><span><\/span><\/div>\n<\/div>\n\t\n\t\t<div class=\"vc_span6\" style='background-image: url(https:\/\/ufmsecretariat.org\/wp-content\/uploads\/2022\/04\/laurentalfonso-425x220.jpg)'>\n\t<div class=\"block\"><a href=\"https:\/\/ufmsecretariat.org\/fr\/human-story\/laurent-alfonso\/\">Laurent Alfonso, sur l\u2019importance des liens humain dans la protection civile<\/a><\/div>\n  \t<div class=\"taxonomy social-civil-affairs-fr\"><span>Affaires civiles et sociales<\/span><\/div>\n<\/div>\n\t\n\t\t<div class=\"vc_span6\" style='background-image: url(https:\/\/ufmsecretariat.org\/wp-content\/uploads\/2022\/03\/patricia-human-425x220.jpg)'>\n\t<div class=\"block\"><a href=\"https:\/\/ufmsecretariat.org\/fr\/human-story\/social-inclusion-persons-disabilities\/\">Nos diff\u00e9rences nous renforcent<\/a><\/div>\n  \t<div class=\"taxonomy social-civil-affairs-fr\"><span>Affaires civiles et sociales<\/span><\/div>\n<\/div>\n\t\n\t\t<div class=\"vc_span6\" style='background-image: url(https:\/\/ufmsecretariat.org\/wp-content\/uploads\/2021\/08\/Untitled-design-23-425x220.jpg)'>\n\t<div class=\"block\"><a href=\"https:\/\/ufmsecretariat.org\/fr\/human-story\/mycn\/\">MYCN : les jeunes m\u00e8nent la lutte contre le changement climatique<\/a><\/div>\n  \t<div class=\"taxonomy energy-climate-action-fr\"><span>\u00c9nergie et action pour le climat<\/span><\/div>\n<\/div>\n\t\n\t\t<div class=\"vc_span6\" style='background-image: url(https:\/\/ufmsecretariat.org\/wp-content\/uploads\/2021\/04\/maissabey-web-425x220.jpg)'>\n\t<div class=\"block\"><a href=\"https:\/\/ufmsecretariat.org\/fr\/human-story\/maissa-bey\/\">Ma\u00efssa Bey : Un creuset des civilisations du monde<\/a><\/div>\n  \t<div class=\"taxonomy social-civil-affairs-fr\"><span>Affaires civiles et sociales<\/span><\/div>\n<\/div>\n\t\n\t\t<div class=\"vc_span6\" style='background-image: url(https:\/\/ufmsecretariat.org\/wp-content\/uploads\/2021\/03\/noora-humanstories-425x220.jpg)'>\n\t<div class=\"block\"><a href=\"https:\/\/ufmsecretariat.org\/fr\/human-story\/noora-abdeen-khalifeh\/\">Noora Abdeen-Khalifeh: La M\u00e9diterran\u00e9e, une incroyable voie d\u2019entr\u00e9e vers l&#8217;histoire<\/a><\/div>\n  \t<div class=\"taxonomy social-civil-affairs-fr\"><span>Affaires civiles et sociales<\/span><\/div>\n<\/div>\n\t\n<\/div>\n\t\n\t\n\t\n<div class=\"projects-pagination\">\n\n<a class=\"wpv-filter-next-link js-wpv-pagination-next-link page-link \"  href=\"\/fr\/wp-json\/wp\/v2\/pages\/106742?wpv_view_count=106464&#038;wpv_paged=2\"\n\t\t\t\t\tdata-viewnumber=\"106464\" data-page=\"2\">Suivant <i class=\"elg-arrow_carrot-2right\"><\/i> <\/a><ul class=\"wpv-pagination-nav-links-container js-wpv-pagination-nav-links-container\"><li class=\"wpv-pagination-nav-links-item js-wpv-pagination-nav-links-item wpv-page-link-106464-1 js-wpv-page-link-106464-1 wpv_page_current wpv-pagination-nav-links-item-current\"><span class=\"wpv-filter-pagination-link page-link\">1<\/span><\/li><li class=\"wpv-pagination-nav-links-item js-wpv-pagination-nav-links-item wpv-page-link-106464-2 js-wpv-page-link-106464-2\"><a class=\"wpv-filter-pagination-link js-wpv-pagination-link\" title=\"2\" href=\"\/fr\/wp-json\/wp\/v2\/pages\/106742?wpv_view_count=106464&#038;wpv_paged=2\" data-viewnumber=\"106464\" data-page=\"2\">2<\/a><\/li><\/ul>\n\n<\/div>\n<\/div>[\/vc_column_text][\/vc_column][vc_column width=&#8221;3\/12&#8243; el_class=&#8221;vc_sidebar &#8220;][vc_widget_sidebar sidebar_id=&#8221;thefox_mc_sidebar&#8221;][\/vc_column][\/vc_row]<\/p>\n<\/section>","protected":false},"excerpt":{"rendered":"<p>[vc_row type=&#8221;full-width-content&#8221; content_placement=&#8221;bottom&#8221; css=&#8221;.vc_custom_1507902152716{margin-top: 0px !important;margin-bottom: 0px !important;padding-top: 0px !important;padding-bottom: 0px !important;}&#8221;][vc_column][vc_single_image image=&#8221;51999&#8243; img_size=&#8221;slide&#8221; alignment=&#8221;center&#8221;][\/vc_column][\/vc_row][vc_row type=&#8221;full-width-section&#8221; content_placement=&#8221;bottom&#8221; css=&#8221;.vc_custom_1472543612832{margin-top: 0px !important;margin-bottom: -50px !important;padding-top: 25px !important;padding-bottom: 20px !important;background-color: #464e90 !important;}&#8221; el_id=&#8221;page-title&#8221;][vc_column][vc_custom_heading source=&#8221;post_title&#8221; font_container=&#8221;tag:h1|text_align:left|color:%23ffffff&#8221; use_theme_fonts=&#8221;yes&#8221; css=&#8221;.vc_custom_1601972739062{margin-bottom: 0px !important;}&#8221;][\/vc_column][\/vc_row][vc_row css=&#8221;.vc_custom_1472124322171{padding-top: 50px !important;}&#8221;][vc_column width=&#8221;9\/12&#8243;][vc_column_text] Filtrer par domaine prioritaire: AllAffaires civiles et socialesD\u00e9veloppement \u00e9conomique et emploiEau, Environnement et \u00c9conomie Bleue\u00c9ducation sup\u00e9rieure<br \/><a href=\"https:\/\/ufmsecretariat.org\/fr\/human-stories-of-the-mediterranean\/\" class=\"more\">Lire la suite<\/a><\/p>\n","protected":false},"author":4,"featured_media":0,"parent":0,"menu_order":0,"comment_status":"closed","ping_status":"closed","template":"","meta":{"footnotes":""},"priority-area":[],"class_list":["post-106742","page","type-page","status-publish","hentry"],"_links":{"self":[{"href":"https:\/\/ufmsecretariat.org\/fr\/wp-json\/wp\/v2\/pages\/106742","targetHints":{"allow":["GET"]}}],"collection":[{"href":"https:\/\/ufmsecretariat.org\/fr\/wp-json\/wp\/v2\/pages"}],"about":[{"href":"https:\/\/ufmsecretariat.org\/fr\/wp-json\/wp\/v2\/types\/page"}],"author":[{"embeddable":true,"href":"https:\/\/ufmsecretariat.org\/fr\/wp-json\/wp\/v2\/users\/4"}],"replies":[{"embeddable":true,"href":"https:\/\/ufmsecretariat.org\/fr\/wp-json\/wp\/v2\/comments?post=106742"}],"version-history":[{"count":5,"href":"https:\/\/ufmsecretariat.org\/fr\/wp-json\/wp\/v2\/pages\/106742\/revisions"}],"predecessor-version":[{"id":113704,"href":"https:\/\/ufmsecretariat.org\/fr\/wp-json\/wp\/v2\/pages\/106742\/revisions\/113704"}],"wp:attachment":[{"href":"https:\/\/ufmsecretariat.org\/fr\/wp-json\/wp\/v2\/media?parent=106742"}],"wp:term":[{"taxonomy":"priority-area","embeddable":true,"href":"https:\/\/ufmsecretariat.org\/fr\/wp-json\/wp\/v2\/priority-area?post=106742"}],"curies":[{"name":"wp","href":"https:\/\/api.w.org\/{rel}","templated":true}]}}