
{"id":107356,"date":"2020-10-14T12:52:33","date_gmt":"2020-10-14T11:52:33","guid":{"rendered":"https:\/\/ufmsecretariat.org\/\/tribune-guigou\/"},"modified":"2020-11-02T16:46:30","modified_gmt":"2020-11-02T15:46:30","slug":"med-voices-guigou","status":"publish","type":"page","link":"https:\/\/ufmsecretariat.org\/fr\/med-voices-guigou\/","title":{"rendered":"Tribune Guigou"},"content":{"rendered":"<section class=\"wpb-content-wrapper\"><p>[vc_row type=&#8221;full-width-content&#8221; css=&#8221;.vc_custom_1599247168081{margin-bottom: 60px !important;}&#8221;][vc_column][vc_single_image image=&#8221;108641&#8243; img_size=&#8221;slide&#8221; onclick=&#8221;custom_link&#8221; link=&#8221;https:\/\/ufmsecretariat.org\/\/fr\/medvoices\/&#8221;][\/vc_column][\/vc_row][vc_row][vc_column][vc_row_inner equal_height=&#8221;yes&#8221; css=&#8221;.vc_custom_1599247389404{margin-bottom: 0px !important;}&#8221;][vc_column_inner width=&#8221;1\/2&#8243; css=&#8221;.vc_custom_1601288811626{margin-bottom: 30px !important;}&#8221;][vc_single_image image=&#8221;107169&#8243; img_size=&#8221;full&#8221;][\/vc_column_inner][vc_column_inner width=&#8221;1\/2&#8243; css=&#8221;.vc_custom_1599247407526{margin-bottom: 60px !important;}&#8221;][vc_column_text font_size=&#8221;26px&#8221; line_height=&#8221;30px&#8221; css=&#8221;.vc_custom_1602675809822{margin-bottom: 40px !important;}&#8221;]<\/p>\n<p style=\"font-size: 30px;\"><strong>Elisabeth Guigou<\/strong><\/p>\n<p>[\/vc_column_text][vc_custom_heading text=&#8221;C\u00e9l\u00e9bration du 25eme anniversaire de la d\u00e9claration de Barcelone&#8221; font_container=&#8221;tag:h2|font_size:42|text_align:left|line_height:44px&#8221; google_fonts=&#8221;font_family:Lato%3A100%2C100italic%2C300%2C300italic%2Cregular%2Citalic%2C700%2C700italic%2C900%2C900italic|font_style:700%20bold%20regular%3A700%3Anormal&#8221; el_class=&#8221;h2especial&#8221; css=&#8221;.vc_custom_1604322943922{margin-bottom: 40px !important;}&#8221;][vc_column_text font_size=&#8221;24px&#8221; line_height=&#8221;28&#8243; el_class=&#8221;pespecial&#8221;]<\/p>\n<h3 class=\"p1\">Cr\u00e9\u00e9e sous l\u2019impulsion de Romano Prodi en 2004, la Fondation Euro-m\u00e9diterran\u00e9enne Anna Lindh pour le dialogue des cultures, premi\u00e8re institution euro-m\u00e9diterran\u00e9enne, rassemble 43 Etats (42 Etats aujourd\u2019hui).<\/h3>\n<p>[\/vc_column_text][\/vc_column_inner][\/vc_row_inner][\/vc_column][\/vc_row][vc_row css=&#8221;.vc_custom_1599246591841{margin-bottom: 60px !important;}&#8221;][vc_column width=&#8221;1\/2&#8243;][vc_column_text]<\/p>\n<p class=\"p1\">Forte de ses 42 r\u00e9seaux d\u2019associations, soit plus de 4000 au total, la Fondation Anna Lindh (FAL) a le plus large r\u00e9seau associatif multilat\u00e9ral de la r\u00e9gion Euromed. La FAL oriente ses programmes en priorit\u00e9 vers les jeunes, femmes et hommes et, conform\u00e9ment \u00e0 ses statuts, d\u00e9velopp\u00e9 ses actions dans trois directions:Forte de ses 42 r\u00e9seaux d\u2019associations, soit plus de 4000 au total, la Fondation Anna Lindh (FAL) a le plus large r\u00e9seau associatif multilat\u00e9ral de la r\u00e9gion Euromed. La FAL oriente ses programmes en priorit\u00e9 vers les jeunes, femmes et hommes et, conform\u00e9ment \u00e0 ses statuts, d\u00e9velopp\u00e9 ses actions dans trois directions:<\/p>\n<p class=\"p1\">\u2212 le dialogue interculturel, pour am\u00e9liorer la compr\u00e9hension mutuelle, combattre les st\u00e9r\u00e9otypes et les pr\u00e9jug\u00e9s, notamment \u00e0 travers son programme phare, Young Med Voices (anciennement Young Arab Voices), rassemblant depuis 2011, plus de 100 000 jeunes;\u2212 la recherche et les \u00e9tudes sur les tendances interculturelles dans la r\u00e9gion, en partenariat avec le r\u00e9seau d\u2019universit\u00e9s Unimed;\u2212 les partenariats avec les grandes institutions internationales.<\/p>\n<p class=\"p1\">Durant ses dix premi\u00e8res ann\u00e9es, sous la pr\u00e9cieuse pr\u00e9sidence d\u2019Andr\u00e9 Azoulay, la FAL a d\u00e9velopp\u00e9 ses premiers programmes d\u2019\u00e9changes de jeunes; r\u00e9alis\u00e9 ses premi\u00e8res enqu\u00eates sur les\u00a0 \u00e9volutions culturelles des soci\u00e9t\u00e9s euro-m\u00e9diterran\u00e9ennes; et inaugur\u00e9 son premier Forum euro-m\u00e9diterran\u00e9en.<\/p>\n<p class=\"p1\">Depuis 2015, sous ma pr\u00e9sidence, le Conseil des gouverneurs a approuv\u00e9 deux nouvelles priorit\u00e9s: am\u00e9liorer la visibilit\u00e9 de la FAL en d\u00e9veloppant la communication; renforcer les partenariats avec les institutions europ\u00e9ennes (Commission, Service europ\u00e9en d\u2019action ext\u00e9rieure, Parlement) ainsi qu\u2019avec les institutions internationales (ONU, UNESCO, OSCE, Conseil de l\u2019Europe, Banque mondiale). Les deux directeurs ex\u00e9cutifs successifs, l\u2019Ambassadeur Hatem Attallah, puis le Docteur Nabil Al Sharif, ont am\u00e9lior\u00e9 les budgets et l\u2019efficacit\u00e9 du secr\u00e9tariat ex\u00e9cutif, diversifi\u00e9 les financements et d\u00e9velopp\u00e9 les programmes et la communication.<\/p>\n<p class=\"p1\">La Fondation a c\u00e9l\u00e9br\u00e9 son 15e anniversaire en 2019 \u00e0 Alexandrie, si\u00e8ge de son secr\u00e9tariat ex\u00e9cutif en r\u00e9unissant pour la premi\u00e8re fois, ensemble, le Conseil des gouverneurs, le Conseil consultatif, et les repr\u00e9sentants des r\u00e9seaux.<\/p>\n<p class=\"p1\">Partenaire cl\u00e9 de la coop\u00e9ration euro-m\u00e9diterran\u00e9enne, la Fondation a fait face \u00e0 de nombreuses temp\u00eates en se r\u00e9inventant, en d\u00e9veloppant son r\u00e9seau et en favorisant et multipliant des partenariats strat\u00e9giques.<\/p>\n<p class=\"p1\">Vingt-cinq ans apr\u00e8s, ce projet est plus que jamais indispensable. Il est de notre responsabilit\u00e9 de travailler mieux encore pour consolider les progr\u00e8s d\u00e9j\u00e0 r\u00e9alis\u00e9s et pour b\u00e2tir un avenir commun.<\/p>\n<p>[\/vc_column_text][\/vc_column][vc_column width=&#8221;1\/2&#8243;][vc_column_text]<\/p>\n<p class=\"p1\"><strong>Le r\u00f4le de la FAL dans la dimension humaine du partenariat euro-m\u00e9diterran\u00e9en<\/strong><\/p>\n<p class=\"p1\">Le Covid 19 est la premi\u00e8re crise mondiale dont chaque individu peut comprendre la cause et mesurer les cons\u00e9quences pour soi-m\u00eame et pour la collectivit\u00e9. C\u2019est aussi la premi\u00e8re crise mondiale contre laquelle chaque individu peut se pr\u00e9munir et pr\u00e9server la collectivit\u00e9. C\u2019est la premi\u00e8re crise \u00e0 dimension totalement humaine qui a rel\u00e9gu\u00e9 au second plan l\u2019activit\u00e9 \u00e9conomique et financi\u00e8re et boulevers\u00e9 les hi\u00e9rarchies sociales. Le paradoxe est que face \u00e0 cette pand\u00e9mie mondiale, la seule parade, dans l\u2019urgence, a \u00e9t\u00e9 pour les personnes le confinement et l\u2019\u00e9loignement social, et, pour les pays, la fermeture des fronti\u00e8res.<\/p>\n<p class=\"p1\">Mais nous savons bien que cet enfermement ne peut durer ind\u00e9finiment. Pour la survie de l\u2019humanit\u00e9, il faut inventer de nouvelles fa\u00e7ons de vivre ensemble, de communiquer et d\u2019\u00e9changer.<\/p>\n<p class=\"p1\">Dans ce contexte, la dimension humaine du partenariat euro-m\u00e9diterran\u00e9en, confi\u00e9e \u00e0 la Fondation Anna Lindh, est plus que jamais d\u2019actualit\u00e9. Seule la coop\u00e9ration entre les personnes et les Etats peut permettre le retour \u00e0 une vie sociale, \u00e0 la mobilit\u00e9 raisonn\u00e9e des personnes, \u00e0 la reprise \u00e9conomique et \u00e0 la cr\u00e9ation d\u2019emplois. Pour \u00e9viter que les peurs ne prennent le dessus, exploit\u00e9es par tous les extr\u00e9mismes, que les replis identitaires ne l\u2019emportent sur l\u2019ouverture aux autres, le dialogue interculturel et les \u00e9changes, le respect de la diversit\u00e9 des cultures mais aussi des valeurs communes de l\u2019humanit\u00e9 sont plus que jamais indispensable. La FAL croit plus que jamais \u00e0 sa mission, et \u00e0 l\u2019importance strat\u00e9gique du partenariat euro-m\u00e9diterran\u00e9en.<\/p>\n<p class=\"p1\"><strong>La M\u00e9diterran\u00e9e, carrefour strat\u00e9gique entre l\u2019Europe et l\u2019Afrique<\/strong><\/p>\n<p class=\"p1\">Le bassin m\u00e9diterran\u00e9en acquiert un nouveau r\u00f4le strat\u00e9gique:\u00a0 celui du lien g\u00e9ographique, historique, \u00e9conomique et culturel entre deux continents: l\u2019Europe et l\u2019Afrique.<\/p>\n<p class=\"p1\">Le partenariat doit se transformer pour peser dans la mondialisation. Devenir plus \u00e9galitaire, s\u2019appuyer sur de nouveaux acteurs, en premier lieu les femmes et les jeunes, transformer en opportunit\u00e9 le formidable potentiel humain des deux continents africain et Europ\u00e9en qui en 2050 repr\u00e9senteront le quart de la population mondiale. C\u2019est ensemble que nous pourrons relever les d\u00e9fis du 21e Si\u00e8cle: la sant\u00e9, l\u2019\u00e9ducation, l\u2019emploi des jeunes, l\u2019acc\u00e8s \u00e0 l\u2019eau et la lutte contre le d\u00e9r\u00e8glement climatique. Et c\u2019est avec les forces vives de nos soci\u00e9t\u00e9s civiles et en particulier en faisant confiance \u00e0 la jeunesse, en lui donnant les moyens de s\u2019exprimer et de r\u00e9aliser ses projets, que seront trouv\u00e9es les voies d\u2019un d\u00e9veloppement plus respectueux de l\u2019humanit\u00e9 et que nos peuples sauront construire un avenir commun.<\/p>\n<p>[\/vc_column_text][\/vc_column][\/vc_row]<\/p>\n<\/section>","protected":false},"excerpt":{"rendered":"<p>[vc_row type=&#8221;full-width-content&#8221; css=&#8221;.vc_custom_1599247168081{margin-bottom: 60px !important;}&#8221;][vc_column][vc_single_image image=&#8221;108641&#8243; img_size=&#8221;slide&#8221; onclick=&#8221;custom_link&#8221; link=&#8221;https:\/\/ufmsecretariat.org\/\/fr\/medvoices\/&#8221;][\/vc_column][\/vc_row][vc_row][vc_column][vc_row_inner equal_height=&#8221;yes&#8221; css=&#8221;.vc_custom_1599247389404{margin-bottom: 0px !important;}&#8221;][vc_column_inner width=&#8221;1\/2&#8243; css=&#8221;.vc_custom_1601288811626{margin-bottom: 30px !important;}&#8221;][vc_single_image image=&#8221;107169&#8243; img_size=&#8221;full&#8221;][\/vc_column_inner][vc_column_inner width=&#8221;1\/2&#8243; css=&#8221;.vc_custom_1599247407526{margin-bottom: 60px !important;}&#8221;][vc_column_text font_size=&#8221;26px&#8221; line_height=&#8221;30px&#8221; css=&#8221;.vc_custom_1602675809822{margin-bottom: 40px !important;}&#8221;] Elisabeth Guigou [\/vc_column_text][vc_custom_heading text=&#8221;C\u00e9l\u00e9bration du 25eme anniversaire de la d\u00e9claration de Barcelone&#8221; font_container=&#8221;tag:h2|font_size:42|text_align:left|line_height:44px&#8221; google_fonts=&#8221;font_family:Lato%3A100%2C100italic%2C300%2C300italic%2Cregular%2Citalic%2C700%2C700italic%2C900%2C900italic|font_style:700%20bold%20regular%3A700%3Anormal&#8221; el_class=&#8221;h2especial&#8221; css=&#8221;.vc_custom_1604322943922{margin-bottom: 40px !important;}&#8221;][vc_column_text font_size=&#8221;24px&#8221; line_height=&#8221;28&#8243; el_class=&#8221;pespecial&#8221;] Cr\u00e9\u00e9e sous l\u2019impulsion de Romano Prodi<br \/><a href=\"https:\/\/ufmsecretariat.org\/fr\/med-voices-guigou\/\" class=\"more\">Lire la suite<\/a><\/p>\n","protected":false},"author":38,"featured_media":0,"parent":0,"menu_order":0,"comment_status":"closed","ping_status":"closed","template":"","meta":{"footnotes":""},"priority-area":[],"class_list":["post-107356","page","type-page","status-publish","hentry"],"_links":{"self":[{"href":"https:\/\/ufmsecretariat.org\/fr\/wp-json\/wp\/v2\/pages\/107356","targetHints":{"allow":["GET"]}}],"collection":[{"href":"https:\/\/ufmsecretariat.org\/fr\/wp-json\/wp\/v2\/pages"}],"about":[{"href":"https:\/\/ufmsecretariat.org\/fr\/wp-json\/wp\/v2\/types\/page"}],"author":[{"embeddable":true,"href":"https:\/\/ufmsecretariat.org\/fr\/wp-json\/wp\/v2\/users\/38"}],"replies":[{"embeddable":true,"href":"https:\/\/ufmsecretariat.org\/fr\/wp-json\/wp\/v2\/comments?post=107356"}],"version-history":[{"count":6,"href":"https:\/\/ufmsecretariat.org\/fr\/wp-json\/wp\/v2\/pages\/107356\/revisions"}],"predecessor-version":[{"id":108804,"href":"https:\/\/ufmsecretariat.org\/fr\/wp-json\/wp\/v2\/pages\/107356\/revisions\/108804"}],"wp:attachment":[{"href":"https:\/\/ufmsecretariat.org\/fr\/wp-json\/wp\/v2\/media?parent=107356"}],"wp:term":[{"taxonomy":"priority-area","embeddable":true,"href":"https:\/\/ufmsecretariat.org\/fr\/wp-json\/wp\/v2\/priority-area?post=107356"}],"curies":[{"name":"wp","href":"https:\/\/api.w.org\/{rel}","templated":true}]}}