
{"id":110921,"date":"2020-11-25T20:04:50","date_gmt":"2020-11-25T19:04:50","guid":{"rendered":"https:\/\/ufmsecretariat.org\/\/?page_id=110921"},"modified":"2020-11-25T20:20:58","modified_gmt":"2020-11-25T19:20:58","slug":"med-voices-el-malki","status":"publish","type":"page","link":"https:\/\/ufmsecretariat.org\/fr\/med-voices-el-malki\/","title":{"rendered":"Tribune Habib El Malki"},"content":{"rendered":"<section class=\"wpb-content-wrapper\"><p>[vc_row type=&#8221;full-width-content&#8221; css=&#8221;.vc_custom_1599247168081{margin-bottom: 60px !important;}&#8221;][vc_column][vc_single_image image=&#8221;108641&#8243; img_size=&#8221;slide&#8221; onclick=&#8221;custom_link&#8221; link=&#8221;https:\/\/ufmsecretariat.org\/\/fr\/medvoices&#8221;][\/vc_column][\/vc_row][vc_row][vc_column][vc_row_inner equal_height=&#8221;yes&#8221; css=&#8221;.vc_custom_1599247389404{margin-bottom: 0px !important;}&#8221;][vc_column_inner width=&#8221;1\/2&#8243; css=&#8221;.vc_custom_1601288811626{margin-bottom: 30px !important;}&#8221;][vc_single_image image=&#8221;110918&#8243; img_size=&#8221;full&#8221;][\/vc_column_inner][vc_column_inner width=&#8221;1\/2&#8243; css=&#8221;.vc_custom_1599247407526{margin-bottom: 60px !important;}&#8221;][vc_column_text font_size=&#8221;26px&#8221; line_height=&#8221;30px&#8221; css=&#8221;.vc_custom_1606330490761{margin-bottom: 40px !important;}&#8221;]<\/p>\n<p style=\"font-size: 30px;\"><strong>Habib El Malki<\/strong><\/p>\n<p>[\/vc_column_text][vc_custom_heading text=&#8221;EUROMED:<br \/>\nQuel avenir?<br \/>\n&#8221; font_container=&#8221;tag:h2|font_size:42|text_align:left|line_height:44px&#8221; google_fonts=&#8221;font_family:Lato%3A100%2C100italic%2C300%2C300italic%2Cregular%2Citalic%2C700%2C700italic%2C900%2C900italic|font_style:700%20bold%20regular%3A700%3Anormal&#8221; el_class=&#8221;h2especial&#8221; css=&#8221;.vc_custom_1606331252099{margin-bottom: 40px !important;}&#8221;][vc_column_text font_size=&#8221;24px&#8221; line_height=&#8221;28&#8243; el_class=&#8221;pespecial&#8221;]<\/p>\n<h3 class=\"p1\">Le Processus de Barcelone soufflera bient\u00f4t ses vingt-cinq bougies. Un quart de si\u00e8cle qui fut une p\u00e9riode-charni\u00e8re m\u00ealant l&#8217;incertitude a l&#8217;optimisme. L&#8217;\u00e9pilogue d&#8217;un si\u00e8cle, d&#8217;un mill\u00e9naire est un passage d\u00e9licat a n\u00e9gocier. C&#8217;est la fin d&#8217;une \u00e9poque ou l&#8217;on croyait la configuration et les param\u00e8tres du monde de demain d\u00e9finitivement \u00e9tablis. Mais nous nous sommes vite rendus a l&#8217;\u00e9vidence que la mondialisation ne correspondait pas tout a fait la mirobolante perspective miroit\u00e9e par les grands de ce monde, en tant que remede miracle a tous les maux de notre civilisation humaine.<\/h3>\n<p>[\/vc_column_text][\/vc_column_inner][\/vc_row_inner][\/vc_column][\/vc_row][vc_row css=&#8221;.vc_custom_1599246591841{margin-bottom: 60px !important;}&#8221;][vc_column width=&#8221;1\/2&#8243;][vc_column_text]<\/p>\n<p class=\"p1\">Longtemps plomb\u00e9e par les clivages politico-id\u00e9ologiques et les r\u00e9flexes protectionnistes, notre soci\u00e9t\u00e9-monde sait d\u00e9sormais qu&#8217;elle ne peut \u00e9voluer que dans la diversit\u00e9, car, bien que virtuellement connect\u00e9, le monde est loin d&#8217;\u00eatre un village plan\u00e9taire. La qu\u00eate de l&#8217;universel comme id\u00e9al humain ne change rien au fait que le monde est d&#8217;abord constitu\u00e9 de communaut\u00e9s culturelles, de groupements humains, de r\u00e9gions, d&#8217;aires g\u00e9ographiques et de continents.<\/p>\n<p class=\"p1\">Le pourtour m\u00e9diterran\u00e9en est un carrefour intercontinental historique ou se croisent des communaut\u00e9s, des cultures et des confessions ayant contribu\u00e9, des si\u00e8cles durant, a l&#8217;enrichissement du patrimoine universel de l&#8217;humanit\u00e9.<\/p>\n<p class=\"p1\">M\u00e9diterran\u00e9en convaincu, le Maroc s&#8217;est toujours appropri\u00e9 les choix strat\u00e9giques structurants op\u00e9r\u00e9s par les pays de cette zone n\u00e9vralgique du monde contemporain. Il oeuvre, depuis des d\u00e9cennies, a l&#8217;approfondissement de son ancrage a l&#8217;espace europ\u00e9en, une d\u00e9marche qui lui a valu l&#8217;obtention d&#8217;un statut avanc\u00e9 aupr\u00e8s de l&#8217;Union Europ\u00e9enne et le statut de partenaire pour la d\u00e9mocratie dont le Maroc jouit aupr\u00e8s de l&#8217;Assembl\u00e9e parlementaire du Conseil de l&#8217;Europe depuis 2011.<\/p>\n<p class=\"p1\">Bien avant le lancement du processus de Barcelone en 1995 et la naissance de l&#8217;UPM au Sommet de Paris en 2008, dont il est membre fondateur, le Maroc plaidait la cause de la Mare nostrum en tant que creuset des plus \u00e9clatantes civilisations b\u00e2ties par l&#8217;homme et un espace incontournable qu&#8217;il convient de pr\u00e9server et de valoriser, alors que le centre de gravit\u00e9 du monde se d\u00e9place vers d&#8217;autres latitudes.<\/p>\n<p class=\"p1\">A l&#8217;\u00e9chelon parlementaire, la M\u00e9diterran\u00e9e revet une priorit\u00e9 particuli\u00e8re sur l&#8217;agenda marocain. Nul besoin de rappeler le r\u00f4le-pivot qu&#8217;il assume au sein de l&#8217;Assembl\u00e9e Parlementaire de l&#8217;UPM et de l&#8217;Assembl\u00e9e Parlementaire de la M\u00e9diterran\u00e9e.<\/p>\n<p class=\"p1\">Africain fier des multiples affluents qui ont forg\u00e9 sa personnalit\u00e9, le Marocain se sent aussi tres m\u00e9diterran\u00e9en. M\u00e9diterran\u00e9en, il l&#8217;est par sa spiritualit\u00e9, par sa tol\u00e9rance, par son ouverture, par sa tradition culinaire et par son sens de la famille et du respect des ain\u00e9s. La M\u00e9diterran\u00e9e est toujours pr\u00e9sente dans le d\u00e9bat public et au sein du milieu acad\u00e9mique. Le choix de la ville de Fes, ou s&#8217;est \u00e9tablie l&#8217;universit\u00e9 Euromed, n&#8217;\u00e9tait d&#8217;ailleurs pas fortuit.<\/p>\n<p class=\"p1\">A seulement 14 kilometres du continent europ\u00e9en, le Maroc ne cesse de souligner le gap grandissant qui continue a se creuser entre les deux rives de la M\u00e9diterran\u00e9e. 11 d\u00e9nonce depuis longtemps la d\u00e9solante transformation du berceau de l&#8217;humanit\u00e9 en cimeti\u00e8res liquide ou viennent s&#8217;\u00e9chouer des projets de vie inachev\u00e9s, un labyrinthe ou s&#8217;\u00e9garent des ames en perdition fuyant la pauvret\u00e9, la s\u00e9cheresse ou les conflits, et qui tombent souvent dans l&#8217;escarcelle des passeurs sans vergogne.<\/p>\n<p>[\/vc_column_text][\/vc_column][vc_column width=&#8221;1\/2&#8243;][vc_column_text]<\/p>\n<p class=\"p1\">Parall\u00e8lement asa coop\u00e9ration bilat\u00e9rale avec les pays de l&#8217;Union Europ\u00e9enne pour une gestion concert\u00e9e de la probl\u00e9matique migratoire, le Maroc considere le Processus de Barcelone et l&#8217;Union qu&#8217;il a permis de mettre en place, comme un cadre de proximit\u00e9 propice a un \u00e9change productif susceptible de faire entendre aux 43 membres de l&#8217;UPM les pr\u00e9occupations des pays m\u00e9diterran\u00e9ens directement touch\u00e9s par les flux migratoires entre les deux continents. 11 est clair que le fait migratoire ne peut \u00eatre approch\u00e9 que dans le prolongement de ses causes profondes qui convergent syst\u00e9matiquement vers le d\u00e9ficit socio-\u00e9conomique end\u00e9mique des pays du Sud.<\/p>\n<p class=\"p1\">Maintenant, l&#8217;heure est au bilan. 25 ans de dialogue \u00e9taient largement suffisants pour mettre en place une coop\u00e9ration m\u00e9diterran\u00e9enne diff\u00e9renci\u00e9e. Nous savons aujourd&#8217;hui que les divergences de perspectives politiques peuvent ais\u00e9ment s&#8217;accommoder de la mise en chantier de projets consensuels d&#8217;int\u00e9r\u00eat r\u00e9gional et a g\u00e9om\u00e9tries variables, a m\u00eame de stimuler le d\u00e9veloppement socio-\u00e9conomique des pays membres.<\/p>\n<p class=\"p1\">Notre cadre de concertation m\u00e9diterran\u00e9en est plus pertinent que jamais. Face a la p\u00e9rilleuse tendance a l&#8217;unilat\u00e9ralisme, le multilat\u00e9ral, en tant que garant du respect de la l\u00e9galit\u00e9 internationale, doit se consolider davantage en s&#8217;appuyant sur des relais r\u00e9gionaux tels que le Partenariat euro-m\u00e9diterran\u00e9en.<\/p>\n<p class=\"p1\">En c\u00e9l\u00e9brant l&#8217;arriv\u00e9e a maturit\u00e9 de notre Union, nous devons avoir pr\u00e9sent a l&#8217;esprit que nous entamons une phase de consolidation pendant laquelle nous aurons a lancer des projets concrets, consensuels et qui soient solidaires et profitables a la fois. Nous devons aussi aider au retour de la paix sur la scene libyenne conform\u00e9ment a la volont\u00e9 du peuple libyen. Nous seront \u00e9galement appel\u00e9s a d\u00e9passer les malentendus d&#8217;ordre bilat\u00e9ral avec comme horizon le parach\u00e8vement de la construction de l&#8217;Union du Maghreb Arabe. L&#8217;entr\u00e9e en action de l&#8217;UMA imprimerait un tout autre rythme a l&#8217;interaction transm\u00e9diterran\u00e9enne.<\/p>\n<p class=\"p1\">En se mettant a plusieurs, les pays du Maghreb seront en mesure de traiter selon une vision tourn\u00e9e vers l&#8217;avenir avec leurs partenaires nord-m\u00e9diterran\u00e9ens. En attendant, la solidarit\u00e9 africaine promue par le Maroc est une exp\u00e9rience r\u00e9ussie qui pourrait repr\u00e9senter un v\u00e9ritable atout pour la relance de l&#8217;int\u00e9gration maghr\u00e9bine. L&#8217;UMA pourrait alors se positionner comme un levier m\u00e9diterran\u00e9en strat\u00e9gique a meme de promouvoir une prosp\u00e9rit\u00e9 euro-africaine partag\u00e9e.<\/p>\n<p class=\"p1\">Osons le croire, nos partenaires du nord auront tout a gagner a avoir a leurs portes des voisins stables et qui se d\u00e9veloppent de maniere digne et durable.<\/p>\n<p>[\/vc_column_text][\/vc_column][\/vc_row]<\/p>\n<\/section>","protected":false},"excerpt":{"rendered":"<p>[vc_row type=&#8221;full-width-content&#8221; css=&#8221;.vc_custom_1599247168081{margin-bottom: 60px !important;}&#8221;][vc_column][vc_single_image image=&#8221;108641&#8243; img_size=&#8221;slide&#8221; onclick=&#8221;custom_link&#8221; link=&#8221;https:\/\/ufmsecretariat.org\/\/fr\/medvoices&#8221;][\/vc_column][\/vc_row][vc_row][vc_column][vc_row_inner equal_height=&#8221;yes&#8221; css=&#8221;.vc_custom_1599247389404{margin-bottom: 0px !important;}&#8221;][vc_column_inner width=&#8221;1\/2&#8243; css=&#8221;.vc_custom_1601288811626{margin-bottom: 30px !important;}&#8221;][vc_single_image image=&#8221;110918&#8243; img_size=&#8221;full&#8221;][\/vc_column_inner][vc_column_inner width=&#8221;1\/2&#8243; css=&#8221;.vc_custom_1599247407526{margin-bottom: 60px !important;}&#8221;][vc_column_text font_size=&#8221;26px&#8221; line_height=&#8221;30px&#8221; css=&#8221;.vc_custom_1606330490761{margin-bottom: 40px !important;}&#8221;] Habib El Malki [\/vc_column_text][vc_custom_heading text=&#8221;EUROMED: Quel avenir? &#8221; font_container=&#8221;tag:h2|font_size:42|text_align:left|line_height:44px&#8221; google_fonts=&#8221;font_family:Lato%3A100%2C100italic%2C300%2C300italic%2Cregular%2Citalic%2C700%2C700italic%2C900%2C900italic|font_style:700%20bold%20regular%3A700%3Anormal&#8221; el_class=&#8221;h2especial&#8221; css=&#8221;.vc_custom_1606331252099{margin-bottom: 40px !important;}&#8221;][vc_column_text font_size=&#8221;24px&#8221; line_height=&#8221;28&#8243; el_class=&#8221;pespecial&#8221;] Le Processus de Barcelone soufflera bient\u00f4t ses vingt-cinq bougies. Un<br \/><a href=\"https:\/\/ufmsecretariat.org\/fr\/med-voices-el-malki\/\" class=\"more\">Lire la suite<\/a><\/p>\n","protected":false},"author":38,"featured_media":0,"parent":0,"menu_order":0,"comment_status":"closed","ping_status":"closed","template":"","meta":{"footnotes":""},"priority-area":[],"class_list":["post-110921","page","type-page","status-publish","hentry"],"_links":{"self":[{"href":"https:\/\/ufmsecretariat.org\/fr\/wp-json\/wp\/v2\/pages\/110921","targetHints":{"allow":["GET"]}}],"collection":[{"href":"https:\/\/ufmsecretariat.org\/fr\/wp-json\/wp\/v2\/pages"}],"about":[{"href":"https:\/\/ufmsecretariat.org\/fr\/wp-json\/wp\/v2\/types\/page"}],"author":[{"embeddable":true,"href":"https:\/\/ufmsecretariat.org\/fr\/wp-json\/wp\/v2\/users\/38"}],"replies":[{"embeddable":true,"href":"https:\/\/ufmsecretariat.org\/fr\/wp-json\/wp\/v2\/comments?post=110921"}],"version-history":[{"count":5,"href":"https:\/\/ufmsecretariat.org\/fr\/wp-json\/wp\/v2\/pages\/110921\/revisions"}],"predecessor-version":[{"id":110930,"href":"https:\/\/ufmsecretariat.org\/fr\/wp-json\/wp\/v2\/pages\/110921\/revisions\/110930"}],"wp:attachment":[{"href":"https:\/\/ufmsecretariat.org\/fr\/wp-json\/wp\/v2\/media?parent=110921"}],"wp:term":[{"taxonomy":"priority-area","embeddable":true,"href":"https:\/\/ufmsecretariat.org\/fr\/wp-json\/wp\/v2\/priority-area?post=110921"}],"curies":[{"name":"wp","href":"https:\/\/api.w.org\/{rel}","templated":true}]}}