
{"id":110935,"date":"2020-11-25T20:14:41","date_gmt":"2020-11-25T19:14:41","guid":{"rendered":"https:\/\/ufmsecretariat.org\/\/med-voices-el-yessir\/"},"modified":"2020-12-14T13:10:43","modified_gmt":"2020-12-14T12:10:43","slug":"med-voices-lessir","status":"publish","type":"page","link":"https:\/\/ufmsecretariat.org\/fr\/med-voices-lessir\/","title":{"rendered":"Tribune Mohamed Lessir"},"content":{"rendered":"<section class=\"wpb-content-wrapper\"><p>[vc_row type=&#8221;full-width-content&#8221; css=&#8221;.vc_custom_1599247168081{margin-bottom: 60px !important;}&#8221;][vc_column][vc_single_image image=&#8221;108641&#8243; img_size=&#8221;slide&#8221; onclick=&#8221;custom_link&#8221; link=&#8221;https:\/\/ufmsecretariat.org\/\/fr\/medvoices&#8221;][\/vc_column][\/vc_row][vc_row][vc_column][vc_row_inner equal_height=&#8221;yes&#8221; css=&#8221;.vc_custom_1599247389404{margin-bottom: 0px !important;}&#8221;][vc_column_inner width=&#8221;1\/2&#8243; css=&#8221;.vc_custom_1601288811626{margin-bottom: 30px !important;}&#8221;][vc_single_image image=&#8221;111912&#8243; img_size=&#8221;full&#8221;][\/vc_column_inner][vc_column_inner width=&#8221;1\/2&#8243; css=&#8221;.vc_custom_1599247407526{margin-bottom: 60px !important;}&#8221;][vc_column_text font_size=&#8221;26px&#8221; line_height=&#8221;30px&#8221; css=&#8221;.vc_custom_1607096553105{margin-bottom: 40px !important;}&#8221;]<\/p>\n<p style=\"font-size: 30px;\"><strong>Mohamed Lessir<\/strong><\/p>\n<p>[\/vc_column_text][vc_custom_heading text=&#8221;Le XXVe anniversaire du<br \/>\nProcessus de Barcelone&#8221; font_container=&#8221;tag:h2|font_size:42|text_align:left|line_height:44px&#8221; google_fonts=&#8221;font_family:Lato%3A100%2C100italic%2C300%2C300italic%2Cregular%2Citalic%2C700%2C700italic%2C900%2C900italic|font_style:700%20bold%20regular%3A700%3Anormal&#8221; el_class=&#8221;h2especial&#8221; css=&#8221;.vc_custom_1606331805606{margin-bottom: 40px !important;}&#8221;][vc_column_text font_size=&#8221;24px&#8221; line_height=&#8221;28&#8243; el_class=&#8221;pespecial&#8221;]<\/p>\n<h3 class=\"p1\">Pour les riverains de la M\u00e9diterran\u00e9e, le Partenariat \u00e9tabli depuis 25 ans acquiert une l\u00e9gitimit\u00e9 sup\u00e9rieure du fait de l\u2019accumulation des menaces qui<span class=\"Apple-converted-space\">\u00a0 <\/span>p\u00e8sent sur la r\u00e9gion et des enjeux qui s\u2019y attachent.L\u2019affaiblissement des Etats sud m\u00e9diterran\u00e9ens par suite des guerres civiles, des cons\u00e9quences du terrorisme, des interf\u00e9rences ext\u00e9rieures, des sanctions de tout ordre et de la persistance du conflit isra\u00e9lo palestinien, nous alertent sur la n\u00e9cessit\u00e9 d\u2019une r\u00e9ponse collective et sur la recherche d\u2019un ordre r\u00e9gional apais\u00e9 et plus conforme aux normes et aux principes de civilisation de notre temps. La sc\u00e8ne internationale est gagn\u00e9e par la politique de puissance, tandis que l\u2019\u00e9tat de la M\u00e9diterran\u00e9e se d\u00e9t\u00e9riore.<\/h3>\n<p>[\/vc_column_text][\/vc_column_inner][\/vc_row_inner][\/vc_column][\/vc_row][vc_row css=&#8221;.vc_custom_1599246591841{margin-bottom: 60px !important;}&#8221;][vc_column width=&#8221;1\/2&#8243;][vc_column_text]<\/p>\n<p class=\"p1\">La pand\u00e9mie qui s\u2019abat sur le monde a des effets encore plus d\u00e9vastateurs dans la r\u00e9gion. Les ann\u00e9es de guerre, les \u00e9conomies sinistr\u00e9es, l\u2019occupation ind\u00e9finie des territoires et les bouleversements induits par l\u2019instabilit\u00e9 politique appellent une responsabilit\u00e9 collective, et d\u2019abord du voisinage, pour r\u00e9orienter les ressources de la r\u00e9gion au service du redressement. Comment faire face aux lendemains incertains de la pand\u00e9mie, sinon en resserrant les rangs\u00a0?<\/p>\n<p class=\"p1\">Y aurait-il quelque espoir dans l\u2019ordre mondial qui a veill\u00e9 \u00e0 ce jour \u00e0 maintenir la paix et la s\u00e9curit\u00e9 internationale ? L\u2019Euro M\u00e9diterran\u00e9e reste dans notre r\u00e9gion un pilier s\u00fbr. Nous avons d\u2019embl\u00e9e partag\u00e9 la vision du partenariat Euro M\u00e9diterran\u00e9en et v\u00e9rifi\u00e9 que l\u2019Union Europ\u00e9enne \u00e9tait constante, fond\u00e9e sur une culture historique profonde, et r\u00e9solue \u00e0 \u00e9difier un espace qui soit plus qu\u2019un march\u00e9, qui soit une r\u00e9gion commune de paix et de prosp\u00e9rit\u00e9. Trois imp\u00e9ratifs sont d\u00e9sormais essentiels\u00a0: l\u2019esprit de solidarit\u00e9 \u00e0 l\u2019appui de la strat\u00e9gie de Partenariat et de la Politique de Voisinage\u00a0; d\u2019autre part, cultiver les compl\u00e9mentarit\u00e9s au sein de la r\u00e9gion\u00a0; enfin, une conception commune de la paix et de la s\u00e9curit\u00e9.<\/p>\n<p class=\"p1\">Si l\u2019Europe dresse un plan de relance \u00e9conomique post-pand\u00e9mie, la M\u00e9diterran\u00e9e ne saurait \u00eatre ignor\u00e9e ni marginalis\u00e9e dans cette strat\u00e9gie. D\u2019autre part, la r\u00e9gion sera mieux int\u00e9gr\u00e9e, plus comp\u00e9titive et plus s\u00fbre en puisant dans ses propres compl\u00e9mentarit\u00e9s, en fait d\u2019emplois, de ressources humaines et d\u2019\u00e9changes et en fait d\u2019investissements \u00e0 caract\u00e8re strat\u00e9gique, quand la d\u00e9localisation dicte le red\u00e9ploiement des structures de production et de services.<\/p>\n<p class=\"p1\">Enfin, la recherche de la paix ne saurait tenir au seul rituel diplomatique, elle doit aussi tenir \u00e0 la substance m\u00eame des concepts. Quelle paix admet l\u2019acquisition de territoire par la force\u00a0? Quelle d\u00e9mocratie revendique un r\u00e9gime de discrimination\u00a0? Quelle s\u00e9curit\u00e9 tiendrait avec une occupation ind\u00e9finie\u00a0? La paix repose sur le respect \u00e9gal des peuples, de leurs droits et de leurs obligations. Si elle passe par la n\u00e9gociation, la n\u00e9gociation \u00e0 son tour requiert le respect r\u00e9ciproque\u00a0: elle exclut l\u2019intimidation, la violence et le terrorisme d\u2019Etat.<\/p>\n<p class=\"p1\">A notre sens, trois grandes priorit\u00e9s fixent l\u2019avenir de l\u2019Euro M\u00e9diterran\u00e9e.<\/p>\n<p>[\/vc_column_text][\/vc_column][vc_column width=&#8221;1\/2&#8243;][vc_column_text]<\/p>\n<p class=\"p1\">La paix se pose en priorit\u00e9 centrale. La M\u00e9diterran\u00e9e orientale pourra aspirer \u00e0 la paix avec un r\u00e8glement juste et durable du conflit isra\u00e9lo palestinien. La perp\u00e9tuation de ce conflit n\u2019est pas une fatalit\u00e9. L\u2019attentisme est loin d\u2019\u00eatre un gage de paix.<\/p>\n<p class=\"p1\">L\u2019Europe a vocation \u00e0 promouvoir la d\u00e9mocratie, le respect des droits de l\u2019homme et la supr\u00e9matie des valeurs. En ce sens, la Charte europ\u00e9enne et la D\u00e9claration de Barcelone constituent un engagement tr\u00e8s clair. En Tunisie, la perc\u00e9e d\u00e9mocratique a pris appui sur le processus de lib\u00e9ralisation induit par l\u2019Accord d\u2019Association.. Dans la logique d\u2019une r\u00e9gion qui aspire \u00e0 la d\u00e9mocratie et qui l\u2019exige, il est souhaitable de poser un statut diff\u00e9renci\u00e9 et d\u00e9fini de \u2018Transition D\u00e9mocratique\u2019 qui assure et accompagne la transition et qui la pr\u00e9munisse contre les risques de r\u00e9gression. Un tel statut sera incitatif.<\/p>\n<p class=\"p1\">L\u2019Europe et la M\u00e9diterran\u00e9e, \u00e9rig\u00e9e en priorit\u00e9 centrale, partagent un destin commun. Si les pays du Pacte de Varsovie ont finalement endoss\u00e9 le lib\u00e9ralisme \u00e9conomique et politique et unifi\u00e9 ainsi le th\u00e9\u00e2tre europ\u00e9en, les partenaires m\u00e9diterran\u00e9ens se sont engag\u00e9s sur la m\u00eame voie. La R\u00e9volution d\u00e9mocratique tunisienne ouvre la voie \u00e0 un d\u00e9passement historique digne d\u2019\u00eatre soutenu dans son \u00e9lan en Tunisie m\u00eame, mais aussi chez l\u2019ensemble des partenaires m\u00e9diterran\u00e9ens, parce qu\u2019il contribue \u00e0 son tour \u00e0 unifier le th\u00e9\u00e2tre Euro M\u00e9diterran\u00e9en. La d\u00e9faillance de l\u2019ordre mondial peut \u00eatre surmont\u00e9e dans l\u2019\u00e9dification de l\u2019ordre r\u00e9gional qui nous concerne.<\/p>\n<p class=\"p1\">Enfin, la M\u00e9diterran\u00e9e a vocation \u00e0 constituer le champ de la relation apais\u00e9e entre la chr\u00e9tient\u00e9, l\u2019islam et le juda\u00efsme. Les lumi\u00e8res qui, dans le temps, ont \u00e9clair\u00e9 tour \u00e0 tour les trois communaut\u00e9s, trouvent dans l\u2019exp\u00e9rience et la vision de l\u2019Europe de nos jours le r\u00e9pondant le plus s\u00fbr pour les concilier et m\u00e9nager les voies du destin commun.<span class=\"Apple-converted-space\">\u00a0 \u00a0<\/span><\/p>\n<p class=\"p1\">En tant que partenaires, nous avons foi dans notre destin commun et dans les valeurs qui fondent notre engagement au service des buts et principes de la Charte des Nations Unies et de la D\u00e9claration de Barcelone.<\/p>\n<p>[\/vc_column_text][\/vc_column][\/vc_row]<\/p>\n<\/section>","protected":false},"excerpt":{"rendered":"<p>[vc_row type=&#8221;full-width-content&#8221; css=&#8221;.vc_custom_1599247168081{margin-bottom: 60px !important;}&#8221;][vc_column][vc_single_image image=&#8221;108641&#8243; img_size=&#8221;slide&#8221; onclick=&#8221;custom_link&#8221; link=&#8221;https:\/\/ufmsecretariat.org\/\/fr\/medvoices&#8221;][\/vc_column][\/vc_row][vc_row][vc_column][vc_row_inner equal_height=&#8221;yes&#8221; css=&#8221;.vc_custom_1599247389404{margin-bottom: 0px !important;}&#8221;][vc_column_inner width=&#8221;1\/2&#8243; css=&#8221;.vc_custom_1601288811626{margin-bottom: 30px !important;}&#8221;][vc_single_image image=&#8221;111912&#8243; img_size=&#8221;full&#8221;][\/vc_column_inner][vc_column_inner width=&#8221;1\/2&#8243; css=&#8221;.vc_custom_1599247407526{margin-bottom: 60px !important;}&#8221;][vc_column_text font_size=&#8221;26px&#8221; line_height=&#8221;30px&#8221; css=&#8221;.vc_custom_1607096553105{margin-bottom: 40px !important;}&#8221;] Mohamed Lessir [\/vc_column_text][vc_custom_heading text=&#8221;Le XXVe anniversaire du Processus de Barcelone&#8221; font_container=&#8221;tag:h2|font_size:42|text_align:left|line_height:44px&#8221; google_fonts=&#8221;font_family:Lato%3A100%2C100italic%2C300%2C300italic%2Cregular%2Citalic%2C700%2C700italic%2C900%2C900italic|font_style:700%20bold%20regular%3A700%3Anormal&#8221; el_class=&#8221;h2especial&#8221; css=&#8221;.vc_custom_1606331805606{margin-bottom: 40px !important;}&#8221;][vc_column_text font_size=&#8221;24px&#8221; line_height=&#8221;28&#8243; el_class=&#8221;pespecial&#8221;] Pour les riverains de la M\u00e9diterran\u00e9e, le Partenariat<br \/><a href=\"https:\/\/ufmsecretariat.org\/fr\/med-voices-lessir\/\" class=\"more\">Lire la suite<\/a><\/p>\n","protected":false},"author":38,"featured_media":0,"parent":0,"menu_order":0,"comment_status":"closed","ping_status":"closed","template":"","meta":{"footnotes":""},"priority-area":[],"class_list":["post-110935","page","type-page","status-publish","hentry"],"_links":{"self":[{"href":"https:\/\/ufmsecretariat.org\/fr\/wp-json\/wp\/v2\/pages\/110935","targetHints":{"allow":["GET"]}}],"collection":[{"href":"https:\/\/ufmsecretariat.org\/fr\/wp-json\/wp\/v2\/pages"}],"about":[{"href":"https:\/\/ufmsecretariat.org\/fr\/wp-json\/wp\/v2\/types\/page"}],"author":[{"embeddable":true,"href":"https:\/\/ufmsecretariat.org\/fr\/wp-json\/wp\/v2\/users\/38"}],"replies":[{"embeddable":true,"href":"https:\/\/ufmsecretariat.org\/fr\/wp-json\/wp\/v2\/comments?post=110935"}],"version-history":[{"count":9,"href":"https:\/\/ufmsecretariat.org\/fr\/wp-json\/wp\/v2\/pages\/110935\/revisions"}],"predecessor-version":[{"id":111915,"href":"https:\/\/ufmsecretariat.org\/fr\/wp-json\/wp\/v2\/pages\/110935\/revisions\/111915"}],"wp:attachment":[{"href":"https:\/\/ufmsecretariat.org\/fr\/wp-json\/wp\/v2\/media?parent=110935"}],"wp:term":[{"taxonomy":"priority-area","embeddable":true,"href":"https:\/\/ufmsecretariat.org\/fr\/wp-json\/wp\/v2\/priority-area?post=110935"}],"curies":[{"name":"wp","href":"https:\/\/api.w.org\/{rel}","templated":true}]}}