
{"id":111739,"date":"2020-12-10T11:00:20","date_gmt":"2020-12-10T10:00:20","guid":{"rendered":"https:\/\/ufmsecretariat.org\/\/?page_id=111739"},"modified":"2020-12-13T18:21:43","modified_gmt":"2020-12-13T17:21:43","slug":"med-voices-amellal","status":"publish","type":"page","link":"https:\/\/ufmsecretariat.org\/fr\/med-voices-amellal\/","title":{"rendered":"Tribune Karim Amellal"},"content":{"rendered":"<section class=\"wpb-content-wrapper\"><p>[vc_row type=&#8221;full-width-content&#8221; css=&#8221;.vc_custom_1599247168081{margin-bottom: 60px !important;}&#8221;][vc_column][vc_single_image image=&#8221;108641&#8243; img_size=&#8221;slide&#8221; onclick=&#8221;custom_link&#8221; link=&#8221;https:\/\/ufmsecretariat.org\/\/fr\/medvoices&#8221;][\/vc_column][\/vc_row][vc_row][vc_column][vc_row_inner equal_height=&#8221;yes&#8221; css=&#8221;.vc_custom_1599247389404{margin-bottom: 0px !important;}&#8221;][vc_column_inner width=&#8221;1\/2&#8243; css=&#8221;.vc_custom_1601288811626{margin-bottom: 30px !important;}&#8221;][vc_single_image image=&#8221;111736&#8243; img_size=&#8221;full&#8221;][\/vc_column_inner][vc_column_inner width=&#8221;1\/2&#8243; css=&#8221;.vc_custom_1599247407526{margin-bottom: 60px !important;}&#8221;][vc_column_text font_size=&#8221;26px&#8221; line_height=&#8221;30px&#8221; css=&#8221;.vc_custom_1607592932672{margin-bottom: 40px !important;}&#8221;]<\/p>\n<p style=\"font-size: 30px;\"><strong>Karim Amellal<\/strong><\/p>\n<p>[\/vc_column_text][vc_custom_heading text=&#8221;De l&#8217;importance du dialogue entre les soci\u00e9t\u00e9s civiles dans la r\u00e9gion Euro-m\u00e9diterran\u00e9enne&#8221; font_container=&#8221;tag:h2|font_size:42|text_align:left|line_height:44px&#8221; google_fonts=&#8221;font_family:Lato%3A100%2C100italic%2C300%2C300italic%2Cregular%2Citalic%2C700%2C700italic%2C900%2C900italic|font_style:700%20bold%20regular%3A700%3Anormal&#8221; el_class=&#8221;h2especial&#8221; css=&#8221;.vc_custom_1607880255151{margin-bottom: 40px !important;}&#8221;][vc_column_text font_size=&#8221;24px&#8221; line_height=&#8221;28&#8243; el_class=&#8221;pespecial&#8221;]<\/p>\n<h3 class=\"p1\"><span class=\"s1\">25 ans d\u00e9j\u00e0, et un autre monde a remplac\u00e9 celui dans lequel est n\u00e9 le Processus de Barcelone. Un monde sinon plus sombre, du moins plus inqui\u00e9tant. Aujourd\u2019hui domine parmi nous, M\u00e9diterran\u00e9ens, l\u2019effroi devant une pand\u00e9mie mondiale, l\u2019urgence climatique ou un terrorisme qui peut frapper, aveugl\u00e9ment, n\u2019importe lequel d\u2019entre nous. <\/span><\/h3>\n<p>[\/vc_column_text][\/vc_column_inner][\/vc_row_inner][\/vc_column][\/vc_row][vc_row css=&#8221;.vc_custom_1599246591841{margin-bottom: 60px !important;}&#8221;][vc_column width=&#8221;1\/2&#8243;][vc_column_text]<\/p>\n<p class=\"p1\"><span class=\"s1\">Dans ce contexte, l\u2019unit\u00e9 et le rassemblement sont plus que jamais n\u00e9cessaires pour faire face aux d\u00e9fis qui sourdent, aux monstres qui surgissent des t\u00e9n\u00e8bres. Sans coop\u00e9ration, nous ne r\u00e9ussirons pas. C\u2019est ce qui fait la force de l\u2019UPM, n\u00e9e il y a maintenant 12 ans. <\/span><\/p>\n<p class=\"p1\"><span class=\"s1\">L\u2019Union pour la M\u00e9diterran\u00e9e est \u00e0 ce jour la seule organisation politique r\u00e9gionale de dialogue et d\u2019\u00e9change r\u00e9unissant l\u2019ensemble des pays riverains aux c\u00f4t\u00e9s des Etats membres de l\u2019Union europ\u00e9enne. Dans le contexte actuel o\u00f9 les tensions s\u2019exacerbent, o\u00f9 les foyers de tumulte se multiplient, ce n\u2019est pas rien\u00a0! <\/span><\/p>\n<p class=\"p1\"><span class=\"s1\">H\u00e9riti\u00e8re du Processus de Barcelone, lanc\u00e9 en 1995 pour renforcer les relations entre l\u2019Europe et les pays de la rive sud de la M\u00e9diterran\u00e9e, l\u2019UPM continue de promouvoir des modalit\u00e9s de coop\u00e9ration concr\u00e8tes qui s\u2019incarnent dans des projets ambitieux, en particulier dans des domaines comme le changement climatique, l\u2019\u00e9nergie ou l\u2019\u00e9conomie bleue o\u00f9 les d\u00e9fis, de part et d\u2019autre de la M\u00e9diterran\u00e9e, sont les m\u00eames et o\u00f9 les solutions proviennent du sud autant sur du nord, de l\u2019est comme de l\u2019ouest. <\/span><\/p>\n<p class=\"p1\"><span class=\"s1\">Naturellement, compte tenu des tensions qui, h\u00e9las, structurent cet espace mais aussi de l\u2019ampleur des sujets et de leur br\u00fblante actualit\u00e9, cela ne va pas sans difficult\u00e9s. C\u2019est pourquoi il est essentiel de consolider ces \u00e9changes, en particulier autour du d\u00e9veloppement durable qui constitue une pr\u00e9occupation majeure, d\u00e9sormais, de l\u2019ensemble des soci\u00e9t\u00e9s m\u00e9diterran\u00e9ennes. Le num\u00e9rique, l\u2019entrepreneuriat, les villes et les territoires, la connaissance et la mobilit\u00e9 ou encore l\u2019innovation doivent \u00e9galement structurer les politiques des Etats dans un dialogue permanent avec les acteurs des soci\u00e9t\u00e9s civiles. Dans ce contexte, l\u2019UPM est un acteur important dont le r\u00f4le doit \u00eatre renforc\u00e9. <\/span><\/p>\n<p>[\/vc_column_text][\/vc_column][vc_column width=&#8221;1\/2&#8243;][vc_column_text]<\/p>\n<p class=\"p1\"><span class=\"s1\">L\u2019\u00e9ch\u00e9ance du 26 novembre 2020 \u00e0 Barcelone est primordiale \u00e0 plus d\u2019un titre. D\u2019abord, dans le contexte de la pand\u00e9mie mondiale que nous connaissons, c\u2019est une indispensable occasion de d\u2019\u00e9change de vues et de concertation. Mais c\u2019est aussi l\u2019opportunit\u00e9 d\u2019impulser une nouvelle dynamique \u00e0 la politique de voisinage sud de l\u2019UE, en particulier autour des axes \u00e9voqu\u00e9s plus haut. La France plaide pour sa part, avec d\u2019autres, pour que l\u2019instrument europ\u00e9en d\u2019action aupr\u00e8s du voisinage sud soit plus d\u00e9velopp\u00e9, mieux structur\u00e9, \u00e0 l\u2019instar du Partenariat oriental de l\u2019UE. <\/span><\/p>\n<p class=\"p1\"><span class=\"s1\">Enfin, je veux rappeler ici l\u2019importance pour nous du dialogue avec les soci\u00e9t\u00e9s civiles, qui \u00e9tait d\u00e9j\u00e0 au c\u0153ur du Processus de Barcelone, il y a 25 ans. C\u2019est pourquoi, avec nos amis et partenaires du 5+5 et l&#8217;Allemagne, nous avons organis\u00e9 en 2019 le \u00ab\u00a0Sommet des deux rives\u00a0\u00bb qui a constitu\u00e9 un moment fort et original de cet \u00e9change continu que nous entretenons avec les acteurs de la soci\u00e9t\u00e9 civile. Nous voulons poursuivre ce dialogue \u00a0autour d\u2019un agenda positif, mais aussi \u00e0 travers des projets concrets qui en mat\u00e9rialisent l\u2019esprit. Les inqui\u00e9tudes et les d\u00e9fis qui sourdent de part et d\u2019autre de la M\u00e9diterran\u00e9e doivent susciter des r\u00e9ponses fortes, des actes ambitieux.<\/span><\/p>\n<p>[\/vc_column_text][\/vc_column][\/vc_row]<\/p>\n<\/section>","protected":false},"excerpt":{"rendered":"<p>[vc_row type=&#8221;full-width-content&#8221; css=&#8221;.vc_custom_1599247168081{margin-bottom: 60px !important;}&#8221;][vc_column][vc_single_image image=&#8221;108641&#8243; img_size=&#8221;slide&#8221; onclick=&#8221;custom_link&#8221; link=&#8221;https:\/\/ufmsecretariat.org\/\/fr\/medvoices&#8221;][\/vc_column][\/vc_row][vc_row][vc_column][vc_row_inner equal_height=&#8221;yes&#8221; css=&#8221;.vc_custom_1599247389404{margin-bottom: 0px !important;}&#8221;][vc_column_inner width=&#8221;1\/2&#8243; css=&#8221;.vc_custom_1601288811626{margin-bottom: 30px !important;}&#8221;][vc_single_image image=&#8221;111736&#8243; img_size=&#8221;full&#8221;][\/vc_column_inner][vc_column_inner width=&#8221;1\/2&#8243; css=&#8221;.vc_custom_1599247407526{margin-bottom: 60px !important;}&#8221;][vc_column_text font_size=&#8221;26px&#8221; line_height=&#8221;30px&#8221; css=&#8221;.vc_custom_1607592932672{margin-bottom: 40px !important;}&#8221;] Karim Amellal [\/vc_column_text][vc_custom_heading text=&#8221;De l&#8217;importance du dialogue entre les soci\u00e9t\u00e9s civiles dans la r\u00e9gion Euro-m\u00e9diterran\u00e9enne&#8221; font_container=&#8221;tag:h2|font_size:42|text_align:left|line_height:44px&#8221; google_fonts=&#8221;font_family:Lato%3A100%2C100italic%2C300%2C300italic%2Cregular%2Citalic%2C700%2C700italic%2C900%2C900italic|font_style:700%20bold%20regular%3A700%3Anormal&#8221; el_class=&#8221;h2especial&#8221; css=&#8221;.vc_custom_1607880255151{margin-bottom: 40px !important;}&#8221;][vc_column_text font_size=&#8221;24px&#8221; line_height=&#8221;28&#8243; el_class=&#8221;pespecial&#8221;] 25 ans d\u00e9j\u00e0,<br \/><a href=\"https:\/\/ufmsecretariat.org\/fr\/med-voices-amellal\/\" class=\"more\">Lire la suite<\/a><\/p>\n","protected":false},"author":38,"featured_media":0,"parent":0,"menu_order":0,"comment_status":"closed","ping_status":"closed","template":"","meta":{"footnotes":""},"priority-area":[],"class_list":["post-111739","page","type-page","status-publish","hentry"],"_links":{"self":[{"href":"https:\/\/ufmsecretariat.org\/fr\/wp-json\/wp\/v2\/pages\/111739","targetHints":{"allow":["GET"]}}],"collection":[{"href":"https:\/\/ufmsecretariat.org\/fr\/wp-json\/wp\/v2\/pages"}],"about":[{"href":"https:\/\/ufmsecretariat.org\/fr\/wp-json\/wp\/v2\/types\/page"}],"author":[{"embeddable":true,"href":"https:\/\/ufmsecretariat.org\/fr\/wp-json\/wp\/v2\/users\/38"}],"replies":[{"embeddable":true,"href":"https:\/\/ufmsecretariat.org\/fr\/wp-json\/wp\/v2\/comments?post=111739"}],"version-history":[{"count":9,"href":"https:\/\/ufmsecretariat.org\/fr\/wp-json\/wp\/v2\/pages\/111739\/revisions"}],"predecessor-version":[{"id":111893,"href":"https:\/\/ufmsecretariat.org\/fr\/wp-json\/wp\/v2\/pages\/111739\/revisions\/111893"}],"wp:attachment":[{"href":"https:\/\/ufmsecretariat.org\/fr\/wp-json\/wp\/v2\/media?parent=111739"}],"wp:term":[{"taxonomy":"priority-area","embeddable":true,"href":"https:\/\/ufmsecretariat.org\/fr\/wp-json\/wp\/v2\/priority-area?post=111739"}],"curies":[{"name":"wp","href":"https:\/\/api.w.org\/{rel}","templated":true}]}}