
{"id":112172,"date":"2020-12-17T14:38:21","date_gmt":"2020-12-17T13:38:21","guid":{"rendered":"https:\/\/ufmsecretariat.org\/\/?page_id=112172"},"modified":"2020-12-18T12:25:57","modified_gmt":"2020-12-18T11:25:57","slug":"med-voices-fahmy","status":"publish","type":"page","link":"https:\/\/ufmsecretariat.org\/fr\/med-voices-fahmy\/","title":{"rendered":"Tribune Hussein Fahmy"},"content":{"rendered":"<section class=\"wpb-content-wrapper\"><p>[vc_row type=&#8221;full-width-content&#8221; css=&#8221;.vc_custom_1599247168081{margin-bottom: 60px !important;}&#8221;][vc_column][vc_single_image image=&#8221;108641&#8243; img_size=&#8221;slide&#8221; onclick=&#8221;custom_link&#8221; link=&#8221;https:\/\/ufmsecretariat.org\/\/fr\/medvoices\/&#8221;][\/vc_column][\/vc_row][vc_row][vc_column][vc_row_inner equal_height=&#8221;yes&#8221; css=&#8221;.vc_custom_1599247389404{margin-bottom: 0px !important;}&#8221;][vc_column_inner width=&#8221;1\/2&#8243; css=&#8221;.vc_custom_1601288811626{margin-bottom: 30px !important;}&#8221;][vc_single_image image=&#8221;112170&#8243; img_size=&#8221;full&#8221;][\/vc_column_inner][vc_column_inner width=&#8221;1\/2&#8243; css=&#8221;.vc_custom_1599247407526{margin-bottom: 60px !important;}&#8221;][vc_column_text font_size=&#8221;26px&#8221; line_height=&#8221;30px&#8221; css=&#8221;.vc_custom_1608200979076{margin-bottom: 40px !important;}&#8221;]<\/p>\n<p style=\"font-size: 30px;\"><strong>Hussein Fahmy<\/strong><\/p>\n<p>[\/vc_column_text][vc_custom_heading text=&#8221;Un mode de vie<br \/>\nm\u00e9diterran\u00e9en serein&#8221; font_container=&#8221;tag:h2|font_size:42|text_align:left|line_height:44px&#8221; google_fonts=&#8221;font_family:Lato%3A100%2C100italic%2C300%2C300italic%2Cregular%2Citalic%2C700%2C700italic%2C900%2C900italic|font_style:700%20bold%20regular%3A700%3Anormal&#8221; el_class=&#8221;h2especial&#8221; css=&#8221;.vc_custom_1608290689686{margin-bottom: 40px !important;}&#8221;][vc_column_text font_size=&#8221;24px&#8221; line_height=&#8221;28&#8243; el_class=&#8221;pespecial&#8221;]<\/p>\n<h3 class=\"p1\">Hussein Fahmy est un homme s\u00fbr de lui, un intellectuel et un humanitaire dans l\u2019\u00e2me. Ces caract\u00e9ristiques ont \u00e9t\u00e9 le moteur de sa vie et de sa carri\u00e8re. A 80 ans, l&#8217;acteur et r\u00e9alisateur \u00e9gyptien a jou\u00e9 dans plus d&#8217;une centaine de films et en a r\u00e9alis\u00e9 d&#8217;innombrables autres. Il utilise toujours sa c\u00e9l\u00e9brit\u00e9 pour faire la lumi\u00e8re sur les questions humanitaires au Moyen-Orient et en Afrique du Nord.<\/h3>\n<p>[\/vc_column_text][\/vc_column_inner][\/vc_row_inner][vc_video link=&#8221;https:\/\/www.youtube.com\/watch?v=v_GZayg35Mo&amp;list=PL66I6Q2O_9mEMtdeD7bh-irdP9-Cidt7f&amp;index=6&#8243;][\/vc_column][\/vc_row][vc_row css=&#8221;.vc_custom_1599246591841{margin-bottom: 60px !important;}&#8221;][vc_column width=&#8221;1\/2&#8243;][vc_column_text]<\/p>\n<p class=\"p1\">Si vous parlez de Hussein Fahmy dans son \u00c9gypte natale, vous remarquerez que tout le monde conna\u00eet son nom. Apr\u00e8s pr\u00e8s de 60 ans pass\u00e9s dans l&#8217;industrie du cin\u00e9ma, l&#8217;acteur-r\u00e9alisateur a atteint l&#8217;aisance et le confort de quelqu&#8217;un qui se sent chez lui devant une cam\u00e9ra. Cette exp\u00e9rience et cette dext\u00e9rit\u00e9, la star a d\u00e9cid\u00e9 tr\u00e8s t\u00f4t de les utiliser pour de bon. Il a \u00e9t\u00e9 ambassadeur aupr\u00e8s des Nations Unies pendant plus d&#8217;une d\u00e9cennie et est aujourd&#8217;hui fier d&#8217;\u00eatre l&#8217;ambassadeur mondial des Jeux Parymlapiques au Moyen-Orient. \u00ab <i>Quand je parle, les gens m&#8217;\u00e9coutent, quand un officiel parle, on dirait qu&#8217;il parle pour le gouvernement<\/i> \u00bb, dit-il en riant.<\/p>\n<p class=\"p1\">Ce n&#8217;est pas seulement \u00e0 travers le travail humanitaire que M. Fahmy diffuse ses id\u00e9es et ses croyances. Au fil des ans, de nombreuses questions se sont r\u00e9v\u00e9l\u00e9es vraies pour lui. Il s&#8217;est alors fait un devoir d&#8217;int\u00e9grer ces th\u00e8mes dans ses projets professionnels. \u00ab <i>Dans les films que je joue, je cherche toujours un th\u00e8me important. Un th\u00e8me qui a trait \u00e0 la soci\u00e9t\u00e9<\/i> \u00bb. Son but est de cr\u00e9er un lien avec son public, avec ce qui le rend heureux ou triste. \u00ab <i>J&#8217;ai toujours pens\u00e9 que l&#8217;art, la culture et la fa\u00e7on dont nous les abordons peuvent nous aider \u00e0 \u00e9liminer les st\u00e9r\u00e9otypes de l&#8217;esprit des gens <\/i>\u00bb. En choisissant de repr\u00e9senter diff\u00e9rents personnages, cultures et pays dans ses films, l&#8217;acteur a fait, en toute conscience, le choix d&#8217;ouvrir l&#8217;esprit du public \u00e0 de nouveaux horizons, esp\u00e9rant que cela contribuerait \u00e0 les rapprocher. \u00ab <i>Les films voyagent autour du globe. Nous sommes introduits dans d&#8217;autres cultures et c&#8217;est une fa\u00e7on d&#8217;effacer les mauvais st\u00e9r\u00e9otypes<\/i> \u00bb. Pour la star de cin\u00e9ma, un film n&#8217;a pas besoin de r\u00e9gler un probl\u00e8me mais simplement de le d\u00e9peindre et d&#8217;en faire prendre conscience au spectateur. C&#8217;est la premi\u00e8re \u00e9tape pour r\u00e9soudre les probl\u00e8mes mondiaux.<\/p>\n<p class=\"p3\">Un th\u00e8me auquel M. Fahmy tient tout particuli\u00e8rement, est la repr\u00e9sentation des personnes souffrant de handicap. \u00ab <i>Je ne crois pas que les gens soient handicap\u00e9s, je pense que chacun a des capacit\u00e9s<\/i> \u00bb. Cette conviction, l&#8217;acteur \u00e9gyptien la communique \u00e0 travers son travail d&#8217;ambassadeur mondial des Jeux Paralympiques. Une meilleure int\u00e9gration des personnes souffrant de handicap dans notre soci\u00e9t\u00e9 est devenue une priorit\u00e9. \u00ab <i>Beaucoup de personnes en parfaite sant\u00e9, qui ont l&#8217;air bien physiquement, sont en r\u00e9alit\u00e9 plus handicap\u00e9es que les personnes souffrant r\u00e9ellement d\u2019un handicap mental ou physique <\/i>\u00bb. M. Fahmy ne veut pas laisser les st\u00e9r\u00e9otypes et les pr\u00e9jug\u00e9s emp\u00eacher les gens de vivre ensemble en paix.<\/p>\n<p class=\"p1\">L&#8217;unit\u00e9 est une chose que Hussein Fahmy trouve dans son \u00c9gypte natale mais aussi dans le bassin m\u00e9diterran\u00e9en, une r\u00e9gion qu&#8217;il ch\u00e9rit \u00ab la M\u00e9diterran\u00e9e, fait partie de mes sentiments, de mes \u00e9motions. Elle fait partie de ma culture. Vous trouverez les m\u00eames caract\u00e9ristiques dans toutes les nations du bassin m\u00e9diterran\u00e9en \u00bb. Pour lui, les r\u00e9gions qui bordent la mer M\u00e9diterran\u00e9e ont plus en commun qu&#8217;avec le reste de leur propre pays : \u00ab Le sud de la France n&#8217;est pas comme le nord de la France. La partie nord de l&#8217;\u00c9gypte n&#8217;est pas comme la partie sud de l&#8217;\u00c9gypte. C&#8217;est merveilleux de se sentir faire partie de ce bassin. C&#8217;est une culture diff\u00e9rente que l&#8217;on ne trouve nulle part ailleurs dans le monde \u00bb.<\/p>\n<p>[\/vc_column_text][\/vc_column][vc_column width=&#8221;1\/2&#8243;][vc_column_text]<\/p>\n<p class=\"p1\">Toute la vie de M. Fahmy a \u00e9t\u00e9 profond\u00e9ment enracin\u00e9e en Egypte, le pays d&#8217;o\u00f9 viennent des g\u00e9n\u00e9rations de ses anc\u00eatres : \u00ab <i>Mon identit\u00e9 est \u00e9gyptienne, c&#8217;est s\u00fbr. Mon p\u00e8re et ma m\u00e8re sont \u00e9gyptiens. Leurs parents \u00e9taient \u00e9gyptiens. Leurs grands-parents l&#8217;\u00e9taient aussi. Toute ma famille est \u00e9gyptienne<\/i> \u00bb. L&#8217;importance de la famille pour Fahmy et de son \u00e9ducation se ressent profond\u00e9ment sa personnalit\u00e9, et il en est fier&#8230; \u00ab <i>Nous avons \u00e9t\u00e9 \u00e9lev\u00e9s dans une maison qui \u00e9tait pleine d&#8217;affection, pleine d&#8217;amour. Pleine d&#8217;int\u00e9r\u00eat pour l&#8217;\u00e9ducation d&#8217;enfants qualifi\u00e9s. Mes parents avaient des encyclop\u00e9dies \u00e0 la maison. Chaque fois que je posais une question, la r\u00e9ponse \u00e9tait dans l&#8217;encyclop\u00e9die. <\/i>\u00bb Dans sa famille, des g\u00e9n\u00e9rations d&#8217;hommes avant lui ont \u00e9t\u00e9 impliqu\u00e9es dans la politique \u00e9gyptienne, ce qui, selon Fahmy, est \u00e0 l&#8217;origine de son int\u00e9r\u00eat pour les sujets politiques que vous voyez dans ses films. \u00ab <i>Je vivais dans une maison pleine de politiciens. A l&#8217;\u00e2ge de 10 ans, mes parents me faisaient asseoir au milieu d&#8217;eux pour \u00e9couter ce dont ils parlaient. Et j&#8217;\u00e9coutais ce qui se passait dans le monde. C&#8217;\u00e9tait une vie tr\u00e8s active dans laquelle je me sentais appartenir. Cela a d\u00e9finitivement d\u00e9velopp\u00e9 ma personnalit\u00e9<\/i>.<i> <\/i>\u00bb<\/p>\n<p class=\"p1\">Son enfance et son \u00e9ducation, qu&#8217;il qualifie de lib\u00e9rale et d&#8217;intellectuelle, semblent avoir forg\u00e9 son caract\u00e8re. Les voyages sont rapidement devenus une tendance pour la star de cin\u00e9ma, qu&#8217;il s&#8217;agisse de voyages en famille en Europe ou de promotions cin\u00e9matographiques dans le monde entier. Le r\u00e9alisateur prend ainsi conscience du pouvoir de l&#8217;humanit\u00e9. Son objectif est alors de prouver \u00e0 son public que le fait de venir de diff\u00e9rents pays ne signifie pas que les gens ne peuvent pas s&#8217;entendre et vivre ensemble en paix.<\/p>\n<p class=\"p1\">Apr\u00e8s des d\u00e9cennies dans l&#8217;industrie, l&#8217;acteur et r\u00e9alisateur ne semble pas pr\u00eat \u00e0 prendre sa retraite, m\u00eame si obtenir de nouveaux r\u00f4les passionnants peut devenir d\u00e9licat apr\u00e8s avoir particip\u00e9 \u00e0 plus d&#8217;une centaine de films : \u00ab <i>Si je dois choisir un nouveau r\u00f4le \u00e0 jouer, il doit \u00eatre r\u00e9ellement nouveau. S\u2019il est similaire \u00e0 quelque chose que j&#8217;ai d\u00e9j\u00e0 fait, je ne l&#8217;aimerai pas. Plus le r\u00f4le est \u00e9loign\u00e9 de ma personnalit\u00e9, mieux c&#8217;est. Si le r\u00f4le est trop proche de mon personnage, pourquoi le jouer ?<\/i> \u00bb<\/p>\n<p>[\/vc_column_text][\/vc_column][\/vc_row]<\/p>\n<\/section>","protected":false},"excerpt":{"rendered":"<p>[vc_row type=&#8221;full-width-content&#8221; css=&#8221;.vc_custom_1599247168081{margin-bottom: 60px !important;}&#8221;][vc_column][vc_single_image image=&#8221;108641&#8243; img_size=&#8221;slide&#8221; onclick=&#8221;custom_link&#8221; link=&#8221;https:\/\/ufmsecretariat.org\/\/fr\/medvoices\/&#8221;][\/vc_column][\/vc_row][vc_row][vc_column][vc_row_inner equal_height=&#8221;yes&#8221; css=&#8221;.vc_custom_1599247389404{margin-bottom: 0px !important;}&#8221;][vc_column_inner width=&#8221;1\/2&#8243; css=&#8221;.vc_custom_1601288811626{margin-bottom: 30px !important;}&#8221;][vc_single_image image=&#8221;112170&#8243; img_size=&#8221;full&#8221;][\/vc_column_inner][vc_column_inner width=&#8221;1\/2&#8243; css=&#8221;.vc_custom_1599247407526{margin-bottom: 60px !important;}&#8221;][vc_column_text font_size=&#8221;26px&#8221; line_height=&#8221;30px&#8221; css=&#8221;.vc_custom_1608200979076{margin-bottom: 40px !important;}&#8221;] Hussein Fahmy [\/vc_column_text][vc_custom_heading text=&#8221;Un mode de vie m\u00e9diterran\u00e9en serein&#8221; font_container=&#8221;tag:h2|font_size:42|text_align:left|line_height:44px&#8221; google_fonts=&#8221;font_family:Lato%3A100%2C100italic%2C300%2C300italic%2Cregular%2Citalic%2C700%2C700italic%2C900%2C900italic|font_style:700%20bold%20regular%3A700%3Anormal&#8221; el_class=&#8221;h2especial&#8221; css=&#8221;.vc_custom_1608290689686{margin-bottom: 40px !important;}&#8221;][vc_column_text font_size=&#8221;24px&#8221; line_height=&#8221;28&#8243; el_class=&#8221;pespecial&#8221;] Hussein Fahmy est un homme s\u00fbr de lui, un<br \/><a href=\"https:\/\/ufmsecretariat.org\/fr\/med-voices-fahmy\/\" class=\"more\">Lire la suite<\/a><\/p>\n","protected":false},"author":38,"featured_media":0,"parent":0,"menu_order":0,"comment_status":"closed","ping_status":"closed","template":"","meta":{"footnotes":""},"priority-area":[],"class_list":["post-112172","page","type-page","status-publish","hentry"],"_links":{"self":[{"href":"https:\/\/ufmsecretariat.org\/fr\/wp-json\/wp\/v2\/pages\/112172","targetHints":{"allow":["GET"]}}],"collection":[{"href":"https:\/\/ufmsecretariat.org\/fr\/wp-json\/wp\/v2\/pages"}],"about":[{"href":"https:\/\/ufmsecretariat.org\/fr\/wp-json\/wp\/v2\/types\/page"}],"author":[{"embeddable":true,"href":"https:\/\/ufmsecretariat.org\/fr\/wp-json\/wp\/v2\/users\/38"}],"replies":[{"embeddable":true,"href":"https:\/\/ufmsecretariat.org\/fr\/wp-json\/wp\/v2\/comments?post=112172"}],"version-history":[{"count":8,"href":"https:\/\/ufmsecretariat.org\/fr\/wp-json\/wp\/v2\/pages\/112172\/revisions"}],"predecessor-version":[{"id":112289,"href":"https:\/\/ufmsecretariat.org\/fr\/wp-json\/wp\/v2\/pages\/112172\/revisions\/112289"}],"wp:attachment":[{"href":"https:\/\/ufmsecretariat.org\/fr\/wp-json\/wp\/v2\/media?parent=112172"}],"wp:term":[{"taxonomy":"priority-area","embeddable":true,"href":"https:\/\/ufmsecretariat.org\/fr\/wp-json\/wp\/v2\/priority-area?post=112172"}],"curies":[{"name":"wp","href":"https:\/\/api.w.org\/{rel}","templated":true}]}}