
{"id":112242,"date":"2020-12-18T11:21:19","date_gmt":"2020-12-18T10:21:19","guid":{"rendered":"https:\/\/ufmsecretariat.org\/\/112227-2\/"},"modified":"2020-12-21T14:14:10","modified_gmt":"2020-12-21T13:14:10","slug":"med-voices-sanchez","status":"publish","type":"page","link":"https:\/\/ufmsecretariat.org\/fr\/med-voices-sanchez\/","title":{"rendered":"Tribune Pedro S\u00e1nchez"},"content":{"rendered":"<section class=\"wpb-content-wrapper\"><p>[vc_row type=&#8221;full-width-content&#8221; css=&#8221;.vc_custom_1599247168081{margin-bottom: 60px !important;}&#8221;][vc_column][vc_single_image image=&#8221;108641&#8243; img_size=&#8221;slide&#8221; onclick=&#8221;custom_link&#8221; link=&#8221;http:\/\/www.ufmsecretariat.org\/fr\/medvoices&#8221;][\/vc_column][\/vc_row][vc_row][vc_column][vc_row_inner equal_height=&#8221;yes&#8221; css=&#8221;.vc_custom_1599247389404{margin-bottom: 0px !important;}&#8221;][vc_column_inner width=&#8221;1\/2&#8243; css=&#8221;.vc_custom_1601288811626{margin-bottom: 30px !important;}&#8221;][vc_single_image image=&#8221;112231&#8243; img_size=&#8221;full&#8221;][\/vc_column_inner][vc_column_inner width=&#8221;1\/2&#8243; css=&#8221;.vc_custom_1599247407526{margin-bottom: 60px !important;}&#8221;][vc_column_text font_size=&#8221;26px&#8221; line_height=&#8221;30px&#8221; css=&#8221;.vc_custom_1608287124843{margin-bottom: 40px !important;}&#8221;]<\/p>\n<p style=\"font-size: 30px;\"><strong>Pedro S\u00e1nchez, Pr\u00e9sident du gouvernement espagnol<\/strong><\/p>\n<p>[\/vc_column_text][vc_custom_heading text=&#8221;D\u00e9veloppons aujourd&#8217;hui le potentiel structurant de l&#8217;Union pour la M\u00e9diterran\u00e9e pour le futur&#8221; font_container=&#8221;tag:h2|font_size:42|text_align:left|line_height:44px&#8221; google_fonts=&#8221;font_family:Lato%3A100%2C100italic%2C300%2C300italic%2Cregular%2Citalic%2C700%2C700italic%2C900%2C900italic|font_style:700%20bold%20regular%3A700%3Anormal&#8221; el_class=&#8221;h2especial&#8221; css=&#8221;.vc_custom_1608287140184{margin-bottom: 40px !important;}&#8221;][vc_column_text font_size=&#8221;24px&#8221; line_height=&#8221;28&#8243; el_class=&#8221;pespecial&#8221;]<\/p>\n<h3 class=\"p1\">Aujourd&#8217;hui, 25 ans plus tard, s&#8217;il y a une volont\u00e9 unanime, en plus de celle h\u00e9rit\u00e9e de 1995, c&#8217;est d&#8217;aller de l&#8217;avant, d&#8217;avancer. Nous tous. Unis. C&#8217;est surmonter cette pand\u00e9mie dans l\u2019unit\u00e9, surmonter les cons\u00e9quences de cette urgence sociale, \u00e9conomique et sanitaire en construisant l&#8217;avenir.<\/h3>\n<p>[\/vc_column_text][\/vc_column_inner][\/vc_row_inner][\/vc_column][\/vc_row][vc_row css=&#8221;.vc_custom_1599246591841{margin-bottom: 60px !important;}&#8221;][vc_column width=&#8221;1\/2&#8243;][vc_column_text]<\/p>\n<p class=\"p1\">Ce fut un honneur de cl\u00f4turer le Forum R\u00e9gional de l&#8217;Union pour la M\u00e9diterran\u00e9e \u00e0 l&#8217;occasion du vingt-cinqui\u00e8me anniversaire de la Conf\u00e9rence qui a donn\u00e9 lieu au Processus de Barcelone, en 1995, sous la pr\u00e9sidence espagnole de l&#8217;Union europ\u00e9enne. Une conf\u00e9rence qui a accentu\u00e9 l&#8217;engagement et la vocation m\u00e9diterran\u00e9enne de l&#8217;Espagne et qui a \u00e9t\u00e9 l&#8217;expression de la volont\u00e9 politique de se r\u00e9unir.<\/p>\n<p class=\"p1\">La pand\u00e9mie de Covid-19 nous a tous durement touch\u00e9s &#8211; en particulier durant la premi\u00e8re vague &#8211; et il faudra du temps pour se remettre de ses cons\u00e9quences d\u00e9sastreuses, d\u2019autant plus que nous essayons de surmonter \u00e9galement les prochaines vagues de la pand\u00e9mie. Et avec une prudence mod\u00e9r\u00e9e, nous pouvons commencer \u00e0 entrevoir, avec l&#8217;arriv\u00e9e du vaccin, le d\u00e9but de la fin de cette crise sanitaire.<\/p>\n<p class=\"p1\">Il est vrai que notre proximit\u00e9 g\u00e9ographique a \u00e9t\u00e9 tronqu\u00e9e. La pand\u00e9mie nous a oblig\u00e9s \u00e0 fermer les liaisons a\u00e9riennes et maritimes, \u00e0 nous confiner, \u00e0 nous s\u00e9parer, m\u00eame temporairement, ou du moins \u00e0 restreindre nos d\u00e9placements. Mais cela nous rappelle \u00e9galement quelque chose de tr\u00e8s important : la vuln\u00e9rabilit\u00e9 des Hommes face \u00e0 l&#8217;adversit\u00e9 et l&#8217;importance d&#8217;\u00eatre et d&#8217;agir ensemble pour \u00eatre plus forts.<\/p>\n<p class=\"p1\">Le Covid-19 frappe sans demander d\u2019o\u00f9 nous venons ni ce que nous pensons. Il ne prend pas en compte les fronti\u00e8res, les sexes ou la pens\u00e9e. Aux cot\u00e9s ce virus, il y a d&#8217;autres pand\u00e9mies qui s\u00e9vissent dans le monde : le terrorisme, les in\u00e9galit\u00e9s sociales, la guerre ou l&#8217;urgence climatique.<\/p>\n<p class=\"p1\">C&#8217;est pourquoi nous devons revendiquer aujourd&#8217;hui cet acte de 1995 comme un acte plein d&#8217;ambition. Parce qu&#8217;\u00e0 cette \u00e9poque, il \u00e9tait destin\u00e9 \u00e0 v\u00e9hiculer l&#8217;id\u00e9e d&#8217;un forum international et \u00e0 construire un espace commun de paix et de s\u00e9curit\u00e9. En d\u00e9finitive, un espace de prosp\u00e9rit\u00e9 partag\u00e9e et de plus grande collaboration dans les sph\u00e8res sociale, culturelle et humaine.<\/p>\n<p class=\"p1\">Aujourd&#8217;hui, 25 ans plus tard, s&#8217;il y a une volont\u00e9 unanime, en plus de celle \u00e9rig\u00e9e en 1995, c&#8217;est d&#8217;avancer, d&#8217;aller de l&#8217;avant. Nous tous. Unis. C&#8217;est surmonter cette pand\u00e9mie dans l\u2019unit\u00e9, surmonter les cons\u00e9quences de cette urgence sociale, \u00e9conomique et sanitaire en construisant l&#8217;avenir.<\/p>\n<p class=\"p1\">Aujourd&#8217;hui, nous pouvons \u00e9tablir les bases de l&#8217;avenir de l&#8217;Union de la M\u00e9diterran\u00e9e : amplifions son travail pour identifier et d\u00e9velopper des initiatives concr\u00e8tes et collaboratives. Faisons-le avec un programme de transformation pour les vingt-cinq prochaines ann\u00e9es.<\/p>\n<p class=\"p1\">Faisons cela avec une vision \u00e0 long terme pour l&#8217;avenir, bas\u00e9e sur la transition \u00e9cologique, qui doit \u00eatre \u00e9quitable, et durable ; bas\u00e9e sur la digitalisation, qui doit \u00eatre inclusive ; bas\u00e9e sur l&#8217;\u00e9galit\u00e9 entre les hommes et les femmes et la d\u00e9fense absolue des droits de l&#8217;Homme ; bas\u00e9e sur la coh\u00e9sion territoriale.<\/p>\n<p class=\"p1\">Donnons-lui l&#8217;impulsion politique n\u00e9cessaire pour catalyser tous les efforts et toutes les initiatives en faveur de la coop\u00e9ration et de l&#8217;int\u00e9gration euro-m\u00e9diterran\u00e9ennes.<\/p>\n<p class=\"p1\">Dans des espaces tels que le Forum R\u00e9gional de l&#8217;Union pour la M\u00e9diterran\u00e9e, o\u00f9 nous pouvons parler ouvertement, respectueusement, et de mani\u00e8re constructive, nous pouvons trouver des solutions aux crises et aux tensions qui persistent encore dans notre r\u00e9gion. Je fais r\u00e9f\u00e9rence \u00e0 la r\u00e9solution de conflits tels que ceux en Syrie et en Libye, ainsi qu&#8217;\u00e0 la n\u00e9cessaire revitalisation du processus de paix au Moyen-Orient, qui doit \u00eatre au centre de nos efforts.<\/p>\n<p>[\/vc_column_text][\/vc_column][vc_column width=&#8221;1\/2&#8243;][vc_column_text]<\/p>\n<p class=\"p1\">En relan\u00e7ant le processus, nous devons tenir compte des d\u00e9fis futurs auxquels nous sommes tous confront\u00e9s :<\/p>\n<ul class=\"ul1\">\n<li class=\"li2\"><span class=\"s2\">Avant tout, nous devons combler les grands \u00e9carts creus\u00e9s par les in\u00e9galit\u00e9s qui sont particuli\u00e8rement sanglants dans cette r\u00e9gion m\u00e9diterran\u00e9enne, qui devrait \u00eatre un point de rencontre entre des semblables. Et nous devons le faire sur des bases solides pour l&#8217;avenir, et non sur la base de mod\u00e8les d\u00e9pass\u00e9s.<\/span><\/li>\n<li class=\"li2\"><span class=\"s2\">Deuxi\u00e8mement, tirer le meilleur parti des possibilit\u00e9s de collaboration qu&#8217;offrent la transition \u00e9cologique et les nouveaux mod\u00e8les \u00e9nerg\u00e9tiques, comme c&#8217;est le cas pour l&#8217;hydrog\u00e8ne vert.<\/span><\/li>\n<li class=\"li2\"><span class=\"s2\">Troisi\u00e8mement, nous devons prendre exemple sur les membres les plus performants de l&#8217;Union en termes de digitalisation pour trouver les meilleures pratiques vers une transition que nous devons aborder ensemble.<\/span><\/li>\n<li class=\"li2\"><span class=\"s2\">En outre, nous devons promouvoir l&#8217;\u00e9conomie bleue, essentielle \u00e0 la durabilit\u00e9 de notre mer et \u00e0 la protection de l&#8217;industrie du tourisme, qui est, comme vous le savez, si importante pour tous nos pays.<\/span><\/li>\n<li class=\"li2\"><span class=\"s2\">Enfin, nous devons garantir la s\u00e9curit\u00e9 de nos citoyens contre le terrorisme, les mafias, le trafic d&#8217;\u00eatres humains et de drogue.<\/span><\/li>\n<\/ul>\n<p class=\"p1\">Nous ne devons pas \u00e9viter les sujets difficiles, comme la migration, qui doit \u00eatre s\u00fbre, humaine et l\u00e9gale. C&#8217;est un d\u00e9fi qui exigera de notre part une r\u00e9elle volont\u00e9 d&#8217;affronter la complexit\u00e9 de mani\u00e8re globale, partag\u00e9e, d\u00e9cisive et de trouver des solutions \u00e0 toutes ses nombreuses dimensions.<\/p>\n<p class=\"p1\">Dans nos discussions, nous ne devons pas oublier les jeunes, les g\u00e9n\u00e9rations futures auxquelles nous devons offrir des horizons pleins d&#8217;espoir de prosp\u00e9rit\u00e9 et des opportunit\u00e9s puisqu&#8217;elles repr\u00e9sentent l&#8217;avenir de notre avanc\u00e9e.<\/p>\n<p class=\"p1\">En bref, travaillons \u00e0 rendre l&#8217;Union pour la M\u00e9diterran\u00e9e plus juste, plus verte, plus digitale et plus int\u00e9gr\u00e9e politiquement, \u00e9conomiquement et socialement. L&#8217;Union pourra alors combler les \u00e9carts qui pourraient se creuser encore davantage du fait de la pand\u00e9mie si nous n&#8217;agissons pas avec d\u00e9termination et unit\u00e9 pour faire face aux graves cons\u00e9quences sociales, \u00e9conomiques et sanitaires du Covid-19.<\/p>\n<p class=\"p1\">Il y a 25 ans, \u00e0 Barcelone, nous avons entrepris de faire du bassin m\u00e9diterran\u00e9en un centre de dialogue, de commerce et de coop\u00e9ration mutuelle. Un cadre de collaboration qui garantirait les composantes indispensables au progr\u00e8s, comme la paix, la stabilit\u00e9 et la prosp\u00e9rit\u00e9 de nos populations. C&#8217;est ce qui a \u00e9t\u00e9 expos\u00e9 dans l&#8217;introduction de la D\u00e9claration de la Conf\u00e9rence qui a lanc\u00e9 le Processus de Barcelone. Un processus que nous, en Espagne, avec le soutien et l&#8217;engagement de tous les \u00c9tats membres, voulons renouveler.<\/p>\n<p class=\"p3\">Car s&#8217;il y a une chose que ces derni\u00e8res ann\u00e9es nous ont montr\u00e9, c&#8217;est que nous sommes plus forts ensemble. <span class=\"s3\">\u00bb<\/span><\/p>\n<p class=\"p4\"><b><i>(Transcription \u00e9dit\u00e9e par le Secr\u00e9tariat de l&#8217;UpM. La <\/i><\/b><a href=\"https:\/\/www.lamoncloa.gob.es\/presidente\/intervenciones\/Paginas\/2020\/prsp271120.aspx\" target=\"_blank\" rel=\"noopener\"><span class=\"s4\"><b><i>transcription et le discours original en espagnol<\/i><\/b><\/span><\/a><b><i> \u00e0 l&#8217;occasion de la cl\u00f4ture du 5<\/i><\/b><span class=\"s5\"><b><i><sup>e<\/sup><\/i><\/b><\/span><b><i> Forum R\u00e9gional de l&#8217;Union pour la M\u00e9diterran\u00e9e &#8211; 27 novembre 2020)<\/i><\/b><\/p>\n<p>[\/vc_column_text][\/vc_column][\/vc_row]<\/p>\n<\/section>","protected":false},"excerpt":{"rendered":"<p>[vc_row type=&#8221;full-width-content&#8221; css=&#8221;.vc_custom_1599247168081{margin-bottom: 60px !important;}&#8221;][vc_column][vc_single_image image=&#8221;108641&#8243; img_size=&#8221;slide&#8221; onclick=&#8221;custom_link&#8221; link=&#8221;http:\/\/www.ufmsecretariat.org\/fr\/medvoices&#8221;][\/vc_column][\/vc_row][vc_row][vc_column][vc_row_inner equal_height=&#8221;yes&#8221; css=&#8221;.vc_custom_1599247389404{margin-bottom: 0px !important;}&#8221;][vc_column_inner width=&#8221;1\/2&#8243; css=&#8221;.vc_custom_1601288811626{margin-bottom: 30px !important;}&#8221;][vc_single_image image=&#8221;112231&#8243; img_size=&#8221;full&#8221;][\/vc_column_inner][vc_column_inner width=&#8221;1\/2&#8243; css=&#8221;.vc_custom_1599247407526{margin-bottom: 60px !important;}&#8221;][vc_column_text font_size=&#8221;26px&#8221; line_height=&#8221;30px&#8221; css=&#8221;.vc_custom_1608287124843{margin-bottom: 40px !important;}&#8221;] Pedro S\u00e1nchez, Pr\u00e9sident du gouvernement espagnol [\/vc_column_text][vc_custom_heading text=&#8221;D\u00e9veloppons aujourd&#8217;hui le potentiel structurant de l&#8217;Union pour la M\u00e9diterran\u00e9e pour le futur&#8221; font_container=&#8221;tag:h2|font_size:42|text_align:left|line_height:44px&#8221; google_fonts=&#8221;font_family:Lato%3A100%2C100italic%2C300%2C300italic%2Cregular%2Citalic%2C700%2C700italic%2C900%2C900italic|font_style:700%20bold%20regular%3A700%3Anormal&#8221; el_class=&#8221;h2especial&#8221; css=&#8221;.vc_custom_1608287140184{margin-bottom: 40px !important;}&#8221;][vc_column_text font_size=&#8221;24px&#8221;<br \/><a href=\"https:\/\/ufmsecretariat.org\/fr\/med-voices-sanchez\/\" class=\"more\">Lire la suite<\/a><\/p>\n","protected":false},"author":38,"featured_media":0,"parent":0,"menu_order":0,"comment_status":"closed","ping_status":"closed","template":"","meta":{"footnotes":""},"priority-area":[],"class_list":["post-112242","page","type-page","status-publish","hentry"],"_links":{"self":[{"href":"https:\/\/ufmsecretariat.org\/fr\/wp-json\/wp\/v2\/pages\/112242","targetHints":{"allow":["GET"]}}],"collection":[{"href":"https:\/\/ufmsecretariat.org\/fr\/wp-json\/wp\/v2\/pages"}],"about":[{"href":"https:\/\/ufmsecretariat.org\/fr\/wp-json\/wp\/v2\/types\/page"}],"author":[{"embeddable":true,"href":"https:\/\/ufmsecretariat.org\/fr\/wp-json\/wp\/v2\/users\/38"}],"replies":[{"embeddable":true,"href":"https:\/\/ufmsecretariat.org\/fr\/wp-json\/wp\/v2\/comments?post=112242"}],"version-history":[{"count":10,"href":"https:\/\/ufmsecretariat.org\/fr\/wp-json\/wp\/v2\/pages\/112242\/revisions"}],"predecessor-version":[{"id":112327,"href":"https:\/\/ufmsecretariat.org\/fr\/wp-json\/wp\/v2\/pages\/112242\/revisions\/112327"}],"wp:attachment":[{"href":"https:\/\/ufmsecretariat.org\/fr\/wp-json\/wp\/v2\/media?parent=112242"}],"wp:term":[{"taxonomy":"priority-area","embeddable":true,"href":"https:\/\/ufmsecretariat.org\/fr\/wp-json\/wp\/v2\/priority-area?post=112242"}],"curies":[{"name":"wp","href":"https:\/\/api.w.org\/{rel}","templated":true}]}}