
{"id":112361,"date":"2020-12-22T17:54:48","date_gmt":"2020-12-22T16:54:48","guid":{"rendered":"https:\/\/ufmsecretariat.org\/\/?page_id=112361"},"modified":"2020-12-28T09:49:59","modified_gmt":"2020-12-28T08:49:59","slug":"med-voices-bouchamaoui","status":"publish","type":"page","link":"https:\/\/ufmsecretariat.org\/fr\/med-voices-bouchamaoui\/","title":{"rendered":"Tribune Ouided Bouchamaoui"},"content":{"rendered":"<section class=\"wpb-content-wrapper\"><p>[vc_row type=&#8221;full-width-content&#8221; css=&#8221;.vc_custom_1599247168081{margin-bottom: 60px !important;}&#8221;][vc_column][vc_single_image image=&#8221;108641&#8243; img_size=&#8221;slide&#8221; onclick=&#8221;custom_link&#8221; link=&#8221;https:\/\/ufmsecretariat.org\/\/fr\/medvoices\/&#8221;][\/vc_column][\/vc_row][vc_row][vc_column][vc_row_inner equal_height=&#8221;yes&#8221; css=&#8221;.vc_custom_1599247389404{margin-bottom: 0px !important;}&#8221;][vc_column_inner width=&#8221;1\/2&#8243; css=&#8221;.vc_custom_1601288811626{margin-bottom: 30px !important;}&#8221;][vc_single_image image=&#8221;112358&#8243; img_size=&#8221;full&#8221;][\/vc_column_inner][vc_column_inner width=&#8221;1\/2&#8243; css=&#8221;.vc_custom_1599247407526{margin-bottom: 60px !important;}&#8221;][vc_column_text font_size=&#8221;26px&#8221; line_height=&#8221;30px&#8221; css=&#8221;.vc_custom_1608629610282{margin-bottom: 40px !important;}&#8221;]<\/p>\n<p style=\"font-size: 30px;\"><strong>Ouided Bouchamaoui<\/strong><\/p>\n<p>[\/vc_column_text][vc_custom_heading text=&#8221;Les deux rives de la<br \/>\nM\u00e9diterran\u00e9e, unies&#8221; font_container=&#8221;tag:h2|font_size:42|text_align:left|line_height:44px&#8221; google_fonts=&#8221;font_family:Lato%3A100%2C100italic%2C300%2C300italic%2Cregular%2Citalic%2C700%2C700italic%2C900%2C900italic|font_style:700%20bold%20regular%3A700%3Anormal&#8221; el_class=&#8221;h2especial&#8221; css=&#8221;.vc_custom_1609145393727{margin-bottom: 40px !important;}&#8221;][vc_column_text font_size=&#8221;24px&#8221; line_height=&#8221;28&#8243; el_class=&#8221;pespecial&#8221;]<\/p>\n<h3 class=\"p1\">Avec trois autres Tunisiens, Ouided Bachamaoui a re\u00e7u le prix Nobel de la paix en 2015 pour avoir assur\u00e9 la transition vers la d\u00e9mocratie dans son pays, apr\u00e8s le printemps arabe. Mais ce n&#8217;est pas l\u00e0 que son histoire commence, ni se termine&#8230;<\/h3>\n<p>[\/vc_column_text][\/vc_column_inner][\/vc_row_inner][vc_video link=&#8221;https:\/\/www.youtube.com\/watch?v=FqZ5K5qx1Tw&amp;list=PL66I6Q2O_9mEMtdeD7bh-irdP9-Cidt7f&amp;index=7&#8243;][\/vc_column][\/vc_row][vc_row css=&#8221;.vc_custom_1599246591841{margin-bottom: 60px !important;}&#8221;][vc_column width=&#8221;1\/2&#8243;][vc_column_text]\u00ab Dans les pays du Sud, les gouvernements n&#8217;ont pas la capacit\u00e9 d&#8217;investir ou de faire face aux probl\u00e8mes \u00e9conomiques. C&#8217;est le r\u00f4le du secteur priv\u00e9 de se r\u00e9unir, de faire campagne et de promouvoir les investissements \u00bb. Ouided Bouchamaoui est une entrepreneuse dans l&#8217;\u00e2me. C&#8217;est sa passion, son talent, son h\u00e9ritage. Son grand-p\u00e8re \u00e9tait entrepreneur, il a cr\u00e9\u00e9 sa propre entreprise d&#8217;ing\u00e9nierie civile. Son p\u00e8re a pris la rel\u00e8ve et l&#8217;a fait grandir pour devenir H\u00e9di Bouchamaoui &amp; Fils. Ouided Bouchamaoui elle-m\u00eame est maintenant \u00e0 la t\u00eate de la Conf\u00e9d\u00e9ration tunisienne de l&#8217;industrie, du commerce et de l&#8217;artisanat (UTICA). Elle l&#8217;est depuis 2011, suite \u00e0 la r\u00e9volution tunisienne. Elle dirige \u00e9galement sa propre entreprise, sp\u00e9cialis\u00e9e dans le coton : \u00ab Pour r\u00e9ussir dans le monde de l&#8217;entreprise, il faut aimer le risque. Vous devez croire en vous et vous devez faire preuve de fair-play, car dans les affaires, vous perdez, vous tombez, vous tr\u00e9buchez, mais vous devez vous relever. Vous devez aimer les d\u00e9fis, sans d\u00e9fi, vous ne pouvez pas gagner, vous ne pouvez pas aspirer \u00e0 un monde meilleur \u00bb.<\/p>\n<p>Un monde meilleur, c&#8217;est ce que la jeunesse du Printemps arabe esp\u00e9rait en 2011. Quand la r\u00e9volution et les conflits ont \u00e9clat\u00e9 et que la jeunesse a r\u00e9clam\u00e9 \u00ab dignit\u00e9 et travail \u00bb, Bouchamaoui, \u00e0 la t\u00eate de l&#8217;UTICA, s&#8217;est r\u00e9unie avec trois autres syndicats autour de la table des n\u00e9gociations : L&#8217;Union g\u00e9n\u00e9rale tunisienne du travail, l&#8217;Ordre des avocats tunisiens et la Ligue tunisienne des droits de l&#8217;Homme. Ils ont form\u00e9 le Quartet du dialogue national. \u00ab Nous nous sommes r\u00e9unis, les quatre pr\u00e9sidents d&#8217;organisations nationales et nous avons r\u00e9fl\u00e9chi \u00e0 la meilleure fa\u00e7on de rassembler des personnes d&#8217;horizons politiques diff\u00e9rents pour trouver une solution \u00e0 la crise. Pour r\u00e9soudre le manque de confiance du peuple tunisien dans le r\u00e9gime politique \u00bb. Une fois que le Quartet s&#8217;est mis d&#8217;accord sur une feuille de route, il s&#8217;en est servi comme base pour mener un dialogue national pacifique. Cette entreprise leur a valu le prix Nobel de la Paix en 2015.<\/p>\n<p>[\/vc_column_text][\/vc_column][vc_column width=&#8221;1\/2&#8243;][vc_column_text]L&#8217;entrepreneuse tunisienne porte sa r\u00e9gion dans son c\u0153ur, mais au-del\u00e0 de cela, elle voit des opportunit\u00e9s pour les pays du Sud, qui vont investir dans la coop\u00e9ration. \u00ab En l&#8217;absence de volont\u00e9 politique, c&#8217;est la soci\u00e9t\u00e9 civile qui sera le pilier de la coop\u00e9ration m\u00e9diterran\u00e9enne. Elle devra convaincre les hommes politiques de s&#8217;unir et de penser ensemble \u00e0 grande \u00e9chelle \u00bb. Son exp\u00e9rience en Tunisie, o\u00f9 elle a n\u00e9goci\u00e9 et rassembl\u00e9 des personnes de toutes les classes sociales, lui a appris que le dialogue est le meilleur outil pour g\u00e9rer les conflits politiques. \u00ab Je reste convaincue que le dialogue est toujours la meilleure option pour trouver une solution aux conflits, pour trouver la s\u00e9r\u00e9nit\u00e9 et la prosp\u00e9rit\u00e9 \u00bb.<\/p>\n<p>En 2019, le Sommet des Deux Rives a r\u00e9uni des repr\u00e9sentants de la soci\u00e9t\u00e9 civile pour favoriser un \u00e9change riche entre les pays m\u00e9diterran\u00e9ens. Il \u00e9tait pr\u00e9sid\u00e9 par Ouided Bouchamaoui. \u00ab Des fondations, des organisations et la soci\u00e9t\u00e9 civile se sont r\u00e9unies pour d\u00e9finir de nouveaux projets, discuter de nos points de vue, oublier nos origines, notre couleur de peau, notre religion et se mettre au travail pour la prosp\u00e9rit\u00e9 de la M\u00e9diterran\u00e9e \u00bb. Pour la laur\u00e9ate du prix Nobel de la Paix, les M\u00e9diterran\u00e9ens \u00ab ont les m\u00eames ambitions. Nous voulons nous d\u00e9velopper et investir dans de nouveaux march\u00e9s, conqu\u00e9rir le monde et maintenir la concurrence. La concurrence est synonyme de progr\u00e8s, ce qui signifie la prosp\u00e9rit\u00e9 \u00bb.<\/p>\n<p>Pour Ouided Bouchamaoui, apr\u00e8s des ann\u00e9es de m\u00e9pris, les jeunes et les femmes devraient occuper le devant de la sc\u00e8ne : \u00ab La jeunesse m\u00e9diterran\u00e9enne doit croire en ses capacit\u00e9s. Elle ne peut pas abandonner, elle a les moyens et la capacit\u00e9 de le faire. Sans la jeunesse, nous ne pourrons pas continuer. Ils sont un pilier important de la M\u00e9diterran\u00e9e \u00bb.<\/p>\n<p>En novembre 2020, Ouided Bouchamaoui a prononc\u00e9 un discours \u00e0 l&#8217;occasion de la c\u00e9l\u00e9bration du 25e anniversaire du Processus de Barcelone, lors du Forum R\u00e9gional de l&#8217;Union pour la M\u00e9diterran\u00e9e, soulignant l&#8217;importance des soci\u00e9t\u00e9s civiles dans l&#8217;espace m\u00e9diterran\u00e9en.[\/vc_column_text][\/vc_column][\/vc_row]<\/p>\n<\/section>","protected":false},"excerpt":{"rendered":"<p>[vc_row type=&#8221;full-width-content&#8221; css=&#8221;.vc_custom_1599247168081{margin-bottom: 60px !important;}&#8221;][vc_column][vc_single_image image=&#8221;108641&#8243; img_size=&#8221;slide&#8221; onclick=&#8221;custom_link&#8221; link=&#8221;https:\/\/ufmsecretariat.org\/\/fr\/medvoices\/&#8221;][\/vc_column][\/vc_row][vc_row][vc_column][vc_row_inner equal_height=&#8221;yes&#8221; css=&#8221;.vc_custom_1599247389404{margin-bottom: 0px !important;}&#8221;][vc_column_inner width=&#8221;1\/2&#8243; css=&#8221;.vc_custom_1601288811626{margin-bottom: 30px !important;}&#8221;][vc_single_image image=&#8221;112358&#8243; img_size=&#8221;full&#8221;][\/vc_column_inner][vc_column_inner width=&#8221;1\/2&#8243; css=&#8221;.vc_custom_1599247407526{margin-bottom: 60px !important;}&#8221;][vc_column_text font_size=&#8221;26px&#8221; line_height=&#8221;30px&#8221; css=&#8221;.vc_custom_1608629610282{margin-bottom: 40px !important;}&#8221;] Ouided Bouchamaoui [\/vc_column_text][vc_custom_heading text=&#8221;Les deux rives de la M\u00e9diterran\u00e9e, unies&#8221; font_container=&#8221;tag:h2|font_size:42|text_align:left|line_height:44px&#8221; google_fonts=&#8221;font_family:Lato%3A100%2C100italic%2C300%2C300italic%2Cregular%2Citalic%2C700%2C700italic%2C900%2C900italic|font_style:700%20bold%20regular%3A700%3Anormal&#8221; el_class=&#8221;h2especial&#8221; css=&#8221;.vc_custom_1609145393727{margin-bottom: 40px !important;}&#8221;][vc_column_text font_size=&#8221;24px&#8221; line_height=&#8221;28&#8243; el_class=&#8221;pespecial&#8221;] Avec trois autres Tunisiens, Ouided Bachamaoui a re\u00e7u<br \/><a href=\"https:\/\/ufmsecretariat.org\/fr\/med-voices-bouchamaoui\/\" class=\"more\">Lire la suite<\/a><\/p>\n","protected":false},"author":38,"featured_media":0,"parent":0,"menu_order":0,"comment_status":"closed","ping_status":"closed","template":"","meta":{"footnotes":""},"priority-area":[],"class_list":["post-112361","page","type-page","status-publish","hentry"],"_links":{"self":[{"href":"https:\/\/ufmsecretariat.org\/fr\/wp-json\/wp\/v2\/pages\/112361","targetHints":{"allow":["GET"]}}],"collection":[{"href":"https:\/\/ufmsecretariat.org\/fr\/wp-json\/wp\/v2\/pages"}],"about":[{"href":"https:\/\/ufmsecretariat.org\/fr\/wp-json\/wp\/v2\/types\/page"}],"author":[{"embeddable":true,"href":"https:\/\/ufmsecretariat.org\/fr\/wp-json\/wp\/v2\/users\/38"}],"replies":[{"embeddable":true,"href":"https:\/\/ufmsecretariat.org\/fr\/wp-json\/wp\/v2\/comments?post=112361"}],"version-history":[{"count":8,"href":"https:\/\/ufmsecretariat.org\/fr\/wp-json\/wp\/v2\/pages\/112361\/revisions"}],"predecessor-version":[{"id":112431,"href":"https:\/\/ufmsecretariat.org\/fr\/wp-json\/wp\/v2\/pages\/112361\/revisions\/112431"}],"wp:attachment":[{"href":"https:\/\/ufmsecretariat.org\/fr\/wp-json\/wp\/v2\/media?parent=112361"}],"wp:term":[{"taxonomy":"priority-area","embeddable":true,"href":"https:\/\/ufmsecretariat.org\/fr\/wp-json\/wp\/v2\/priority-area?post=112361"}],"curies":[{"name":"wp","href":"https:\/\/api.w.org\/{rel}","templated":true}]}}