
{"id":131523,"date":"2020-08-12T10:22:23","date_gmt":"2020-08-12T09:22:23","guid":{"rendered":"https:\/\/ufmsecretariat.org\/\/whatsapp\/"},"modified":"2024-04-03T15:52:07","modified_gmt":"2024-04-03T14:52:07","slug":"whatsapp","status":"publish","type":"page","link":"https:\/\/ufmsecretariat.org\/fr\/whatsapp\/","title":{"rendered":"Follow Mediterranean news on WhatsApp!"},"content":{"rendered":"<section class=\"wpb-content-wrapper\"><p>[vc_row type=&#8221;full-width-content&#8221; css=&#8221;.vc_custom_1598976585821{margin-bottom: 0px !important;}&#8221;][vc_column][vc_single_image image=&#8221;103481&#8243; img_size=&#8221;slide&#8221;][\/vc_column][\/vc_row][vc_row type=&#8221;full-width-section&#8221; content_placement=&#8221;bottom&#8221; el_id=&#8221;page-title&#8221; css=&#8221;.vc_custom_1597222862356{margin-top: 0px !important;margin-bottom: -50px !important;padding-top: 25px !important;padding-bottom: 20px !important;background-color: #464e90 !important;}&#8221;][vc_column][vc_custom_heading text=&#8221;Suivez l&#8217;actualit\u00e9 m\u00e9diterran\u00e9enne sur WhatsApp !&#8221; font_container=&#8221;tag:h1|text_align:left|color:%23ffffff&#8221; use_theme_fonts=&#8221;yes&#8221; css=&#8221;.vc_custom_1645721181986{margin-bottom: 0px !important;}&#8221;][\/vc_column][\/vc_row][vc_row css=&#8221;.vc_custom_1598976607027{margin-top: 40px !important;}&#8221;][vc_column][vc_column_text]<\/p>\n<p style=\"font-size: 30px;\"><strong>Acc\u00e9dez \u00e0 l&#8217;actualit\u00e9 de l&#8217;Union pour la M\u00e9diterran\u00e9e directement sur votre smartphone.<\/strong><\/p>\n<p>[\/vc_column_text][vc_row_inner css=&#8221;.vc_custom_1598976459670{margin-bottom: 0px !important;}&#8221;][vc_column_inner width=&#8221;1\/2&#8243;][vc_column_text]Nous vous invitons \u00e0 d\u00e9couvrir nos actualit\u00e9s dans le \u00ab statut \u00bb ou dans un message via l\u2019application WhatsApp 3 fois par mois. A travers ce format innovant nous voulons pouvoir \u00e9changer avec les journalistes et les intervenants : vous pouvez r\u00e9agir en message priv\u00e9 et discuter avec nous.[\/vc_column_text][\/vc_column_inner][vc_column_inner width=&#8221;1\/2&#8243;][vc_column_text]Pour acc\u00e9der \u00e0 ce service gratuit, vous devez avoir t\u00e9l\u00e9charg\u00e9 l&#8217;application WhatsApp sur votre smartphone.<\/p>\n<p><strong>Suivez ensuite ces trois \u00e9tapes :<\/strong>[\/vc_column_text][\/vc_column_inner][\/vc_row_inner][\/vc_column][\/vc_row][vc_row type=&#8221;full-width-section&#8221; css=&#8221;.vc_custom_1598977040235{padding-top: 35px !important;padding-bottom: 0px !important;background-color: #ececec !important;}&#8221;][vc_column width=&#8221;1\/3&#8243; css=&#8221;.vc_custom_1598976757954{margin-bottom: 35px !important;}&#8221;][vc_single_image image=&#8221;103500&#8243; img_size=&#8221;full&#8221; alignment=&#8221;center&#8221; onclick=&#8221;custom_link&#8221; img_link_target=&#8221;_blank&#8221; link=&#8221;https:\/\/wa.me\/message\/LZML3HHBVCIDD1&#8243;][vc_column_text]<\/p>\n<p style=\"text-align: center;\"><a href=\"https:\/\/api.whatsapp.com\/message\/KH6YZE4UUK6LG1?autoload=1&amp;app_absent=0\"><strong><span style=\"color: #019ce1;\">Cliquez sur ce lien depuis votre smartphone<\/span><\/strong><\/a>, qui vous redirigera vers le compte WhatsApp de l&#8217;Union pour la M\u00e9diterran\u00e9e.<\/p>\n<p>[\/vc_column_text][\/vc_column][vc_column width=&#8221;1\/3&#8243; css=&#8221;.vc_custom_1598976773770{margin-bottom: 35px !important;}&#8221;][vc_single_image image=&#8221;103504&#8243; img_size=&#8221;full&#8221; alignment=&#8221;center&#8221;][vc_column_text]<\/p>\n<p style=\"text-align: center;\">Envoyez un premier message avec votre nom et m\u00e9dia et vous recevrez le premier message !<\/p>\n<p>[\/vc_column_text][\/vc_column][vc_column width=&#8221;1\/3&#8243; css=&#8221;.vc_custom_1598976783867{margin-bottom: 35px !important;}&#8221;][vc_single_image image=&#8221;103508&#8243; img_size=&#8221;full&#8221; alignment=&#8221;center&#8221;][vc_column_text]<\/p>\n<p style=\"text-align: center;\"><strong>Enregistrez notre num\u00e9ro de t\u00e9l\u00e9phone\u00a0<\/strong>dans votre r\u00e9pertoire.<\/p>\n<p>[\/vc_column_text][\/vc_column][\/vc_row][vc_row][vc_column][vc_custom_heading text=&#8221;Informations concernant vos donn\u00e9es personnelles&#8221; use_theme_fonts=&#8221;yes&#8221;][vc_row_inner][vc_column_inner width=&#8221;1\/2&#8243;][vc_column_text]Votre abonnement \u00e0 ce service conduit l&#8217;Union pour la M\u00e9diterran\u00e9e (UpM), en tant que responsable de traitement, \u00e0 conserver votre num\u00e9ro de t\u00e9l\u00e9phone pour vous donner acc\u00e8s aux actualit\u00e9s publi\u00e9es par l&#8217;UpM ou pour r\u00e9pondre \u00e0 une demande que vous pourriez formuler.[\/vc_column_text][\/vc_column_inner][vc_column_inner width=&#8221;1\/2&#8243;][vc_column_text]Vos donn\u00e9es ne sont transmises \u00e0 aucun tiers. Elles sont conserv\u00e9es jusqu&#8217;\u00e0 votre d\u00e9sinscription du service, que vous pouvez demander \u00e0 tout moment en envoyant le message STOP.[\/vc_column_text][\/vc_column_inner][\/vc_row_inner][\/vc_column][\/vc_row]<\/p>\n<\/section>","protected":false},"excerpt":{"rendered":"<p>[vc_row type=&#8221;full-width-content&#8221; css=&#8221;.vc_custom_1598976585821{margin-bottom: 0px !important;}&#8221;][vc_column][vc_single_image image=&#8221;103481&#8243; img_size=&#8221;slide&#8221;][\/vc_column][\/vc_row][vc_row type=&#8221;full-width-section&#8221; content_placement=&#8221;bottom&#8221; el_id=&#8221;page-title&#8221; css=&#8221;.vc_custom_1597222862356{margin-top: 0px !important;margin-bottom: -50px !important;padding-top: 25px !important;padding-bottom: 20px !important;background-color: #464e90 !important;}&#8221;][vc_column][vc_custom_heading text=&#8221;Suivez l&#8217;actualit\u00e9 m\u00e9diterran\u00e9enne sur WhatsApp !&#8221; font_container=&#8221;tag:h1|text_align:left|color:%23ffffff&#8221; use_theme_fonts=&#8221;yes&#8221; css=&#8221;.vc_custom_1645721181986{margin-bottom: 0px !important;}&#8221;][\/vc_column][\/vc_row][vc_row css=&#8221;.vc_custom_1598976607027{margin-top: 40px !important;}&#8221;][vc_column][vc_column_text] Acc\u00e9dez \u00e0 l&#8217;actualit\u00e9 de l&#8217;Union pour la M\u00e9diterran\u00e9e directement sur votre smartphone. [\/vc_column_text][vc_row_inner css=&#8221;.vc_custom_1598976459670{margin-bottom: 0px !important;}&#8221;][vc_column_inner width=&#8221;1\/2&#8243;][vc_column_text]Nous vous invitons \u00e0<br \/><a href=\"https:\/\/ufmsecretariat.org\/fr\/whatsapp\/\" class=\"more\">Lire la suite<\/a><\/p>\n","protected":false},"author":4,"featured_media":0,"parent":0,"menu_order":0,"comment_status":"closed","ping_status":"closed","template":"","meta":{"footnotes":""},"priority-area":[],"class_list":["post-131523","page","type-page","status-publish","hentry"],"_links":{"self":[{"href":"https:\/\/ufmsecretariat.org\/fr\/wp-json\/wp\/v2\/pages\/131523","targetHints":{"allow":["GET"]}}],"collection":[{"href":"https:\/\/ufmsecretariat.org\/fr\/wp-json\/wp\/v2\/pages"}],"about":[{"href":"https:\/\/ufmsecretariat.org\/fr\/wp-json\/wp\/v2\/types\/page"}],"author":[{"embeddable":true,"href":"https:\/\/ufmsecretariat.org\/fr\/wp-json\/wp\/v2\/users\/4"}],"replies":[{"embeddable":true,"href":"https:\/\/ufmsecretariat.org\/fr\/wp-json\/wp\/v2\/comments?post=131523"}],"version-history":[{"count":4,"href":"https:\/\/ufmsecretariat.org\/fr\/wp-json\/wp\/v2\/pages\/131523\/revisions"}],"predecessor-version":[{"id":161898,"href":"https:\/\/ufmsecretariat.org\/fr\/wp-json\/wp\/v2\/pages\/131523\/revisions\/161898"}],"wp:attachment":[{"href":"https:\/\/ufmsecretariat.org\/fr\/wp-json\/wp\/v2\/media?parent=131523"}],"wp:term":[{"taxonomy":"priority-area","embeddable":true,"href":"https:\/\/ufmsecretariat.org\/fr\/wp-json\/wp\/v2\/priority-area?post=131523"}],"curies":[{"name":"wp","href":"https:\/\/api.w.org\/{rel}","templated":true}]}}