
{"id":146950,"date":"2023-04-19T13:01:25","date_gmt":"2023-04-19T12:01:25","guid":{"rendered":"https:\/\/ufmsecretariat.org\/\/?page_id=146950"},"modified":"2025-07-07T19:26:30","modified_gmt":"2025-07-07T18:26:30","slug":"accountability","status":"publish","type":"page","link":"https:\/\/ufmsecretariat.org\/fr\/accountability\/","title":{"rendered":"Enqu\u00eater sur la fraude, la corruption et les manquements"},"content":{"rendered":"<section class=\"wpb-content-wrapper\"><p>[vc_row type=&#8221;full-width-content&#8221; content_placement=&#8221;bottom&#8221; css=&#8221;.vc_custom_1507900824074{margin-top: 0px !important;margin-bottom: 0px !important;padding-top: 0px !important;padding-bottom: 0px !important;}&#8221;][vc_column][vc_single_image image=&#8221;147052&#8243; img_size=&#8221;slide&#8221; alignment=&#8221;center&#8221;][\/vc_column][\/vc_row][vc_row type=&#8221;full-width-section&#8221; css=&#8221;.vc_custom_1513248450031{padding-top: 50px !important;padding-bottom: 30px !important;background-color: #eeeeee !important;}&#8221;][vc_column width=&#8221;1\/2&#8243; css=&#8221;.vc_custom_1513248479550{margin-bottom: 20px !important;}&#8221;][vc_column_text font_size=&#8221;20&#8243; line_height=&#8221;28&#8243;]Le comit\u00e9 de surveillance de l&#8217;UpM est un organe consultatif ind\u00e9pendant et sp\u00e9cialis\u00e9 qui assiste l&#8217;UpM sur les questions couvertes par le code de conduite, la politique de lutte contre la fraude et la corruption du secr\u00e9tariat de l&#8217;UpM et les d\u00e9nonciations de dysfonctionnements.[\/vc_column_text][\/vc_column][vc_column width=&#8221;1\/2&#8243; css=&#8221;.vc_custom_1513248486170{margin-bottom: 20px !important;}&#8221;][vc_column_text font_size=&#8221;20&#8243; line_height=&#8221;28&#8243;]Les all\u00e9gations impliquant des activit\u00e9s du Secr\u00e9tariat de l&#8217;UpM et\/ou des membres des organes de gouvernance ou du personnel du Secr\u00e9tariat de l&#8217;UpM feront l&#8217;objet d&#8217;une enqu\u00eate ind\u00e9pendante, professionnelle et objective.[\/vc_column_text][\/vc_column][\/vc_row][vc_row type=&#8221;full-width-section&#8221; content_placement=&#8221;bottom&#8221; css=&#8221;.vc_custom_1472543612832{margin-top: 0px !important;margin-bottom: -50px !important;padding-top: 25px !important;padding-bottom: 20px !important;background-color: #464e90 !important;}&#8221; el_id=&#8221;page-title&#8221;][vc_column][vc_custom_heading text=&#8221;Enqu\u00eater sur la fraude, la corruption et les manquements&#8221; font_container=&#8221;tag:h1|text_align:left|color:%23ffffff&#8221; use_theme_fonts=&#8221;yes&#8221; css=&#8221;.vc_custom_1741774362543{margin-bottom: 0px !important;}&#8221;][\/vc_column][\/vc_row][vc_row css=&#8221;.vc_custom_1681902539890{margin-bottom: 60px !important;}&#8221;][vc_column width=&#8221;1\/3&#8243;][\/vc_column][vc_column width=&#8221;1\/3&#8243;]<style type=\"text\/css\" >#b_l5qdlot6sp8m0pukf58e a{color:#ffffff; background:#1e73be; margin-top:0px; margin-bottom:0px;  margin-left:0px; margin-right:0px; font-weight:900; border-radius:10px;}#b_l5qdlot6sp8m0pukf58e a:hover{color:#ffffff ; background: ;}<\/style><div class=\"ta_left tf_btn_pos\" id=\"b_l5qdlot6sp8m0pukf58e\" ><a class=\"rd_normal_bt medium_rd_bt  \" href=\"https:\/\/ufmoc.integrityline.com\/\" target=\"\" >Ligne \u00e9thique<\/a><\/div>[\/vc_column][vc_column width=&#8221;1\/3&#8243;][\/vc_column][\/vc_row][vc_row css=&#8221;.vc_custom_1681906853083{margin-top: 50px !important;}&#8221;][vc_column][vc_custom_heading text=&#8221;Comit\u00e9 de contr\u00f4le&#8221; use_theme_fonts=&#8221;yes&#8221; css=&#8221;.vc_custom_1741774413355{margin-bottom: 30px !important;}&#8221;][vc_column_text]Le Comit\u00e9 de surveillance de l&#8217;UpM est un organe consultatif ind\u00e9pendant et expert qui assiste l&#8217;UpM dans les domaines couverts par le code de conduite, la politique de lutte contre la fraude et la corruption du secr\u00e9tariat de l&#8217;UpM et les lanceurs d&#8217;alerte connexes. Le secr\u00e9tariat de l&#8217;UpM encourage le signalement des violations pr\u00e9sum\u00e9es de son code de conduite et de sa politique de lutte contre la fraude et la corruption, par le biais de sa plateforme de d\u00e9nonciation. Veuillez acc\u00e9der au canal de d\u00e9nonciation (<a href=\"https:\/\/ufmoc.integrityline.com\/\">Ligne \u00e9thique<\/a>) et fournir avec pr\u00e9cision toutes les informations n\u00e9cessaires pour permettre une \u00e9valuation cr\u00e9dible de la question. Pour faciliter le processus d&#8217;enqu\u00eate, n&#8217;oubliez pas d&#8217;inclure vos coordonn\u00e9es. Les informations concernant votre identit\u00e9 sont confidentielles et ne seront pas divulgu\u00e9es \u00e0 d&#8217;autres membres du personnel ou \u00e0 quiconque en dehors du Comit\u00e9 de surveillance sans votre consentement pr\u00e9alable.<\/p>\n<p>Lorsque vous signalez par le biais de la ligne \u00e9thique, veuillez inclure les \u00e9l\u00e9ments suivants :<\/p>\n<ul>\n<li>quels sont les actes pr\u00e9sum\u00e9s r\u00e9pr\u00e9hensibles signal\u00e9s<\/li>\n<li>o\u00f9 et quand (dates et heures si possible),<\/li>\n<li>qui est (sont) le(s) auteur(s)<\/li>\n<li>comment la personne ou l&#8217;entreprise\/l&#8217;organisation a-t-elle commis l&#8217;acte r\u00e9pr\u00e9hensible pr\u00e9sum\u00e9<\/li>\n<li>pourquoi l&#8217;activit\u00e9 \u00e9tait-elle inappropri\u00e9e ?<\/li>\n<\/ul>\n<p><strong>Membres du Comit\u00e9 de surveillance de l&#8217;UpM<\/strong><\/p>\n<p>Le Comit\u00e9 de surveillance de l&#8217;UpM est compos\u00e9 de trois membres en dehors de la gouvernance interne du secr\u00e9tariat de l&#8217;UpM, ayant une anciennet\u00e9 professionnelle reconnue et une exp\u00e9rience diversifi\u00e9e, pour un mandat de trois ans conform\u00e9ment aux r\u00e8gles et r\u00e8glements pertinents.<\/p>\n<p>Les trois membres du Comit\u00e9 de surveillance sont :<\/p>\n<ul>\n<li><strong>Bernard Valero<\/strong><\/li>\n<\/ul>\n<p>Bernard Valero est au service de la diplomatie fran\u00e7aise depuis quarante-cinq ans. Au cours de sa carri\u00e8re, il a \u00e9t\u00e9 nomm\u00e9, parmi de nombreux postes diplomatiques, chef du service de presse et d&#8217;information de l&#8217;ambassade de France \u00e0 Washington, consul g\u00e9n\u00e9ral \u00e0 Barcelone, ambassadeur \u00e0 Skopje et \u00e0 Bruxelles, porte-parole et directeur du service de presse et d&#8217;information du minist\u00e8re fran\u00e7ais des Affaires \u00e9trang\u00e8res. Bernard Valero est dipl\u00f4m\u00e9 de l&#8217;Institut d&#8217;\u00e9tudes politiques de Paris. Contact : <a href=\"mailto:bernard.valero@ufmsecretariat.org\">bernard.valero@ufmsecretariat.org<\/a><\/p>\n<ul>\n<li><strong>Mohamed Edrees\u00a0<\/strong><\/li>\n<\/ul>\n<p>Ambassadeur \u00e9m\u00e9rite, ancien repr\u00e9sentant permanent de l&#8217;\u00c9gypte aupr\u00e8s des Nations Unies \u00e0 New York. Dipl\u00f4m\u00e9 en m\u00e9decine de la facult\u00e9 de m\u00e9decine de l&#8217;universit\u00e9 du Caire en 1983, il a rejoint le minist\u00e8re \u00e9gyptien des Affaires \u00e9trang\u00e8res en 1987 et a obtenu une ma\u00eetrise en sciences politiques \u00e0 l&#8217;universit\u00e9 SOAS de Londres en 1989. Il a men\u00e9 une carri\u00e8re diplomatique diversifi\u00e9e, au sein des D\u00e9partements de la planification politique, des \u00c9tats-Unis et du Canada, du Cabinet du ministre des Affaires \u00e9trang\u00e8res, des Relations \u00e9conomiques internationales, des Affaires arabes, et a occup\u00e9 le poste de ministre adjoint des Affaires \u00e9trang\u00e8res pour les Affaires africaines. Dans le cadre de ses fonctions diplomatiques, son parcours l&#8217;a conduit dans les ambassades d&#8217;\u00c9gypte aux \u00c9tats-Unis, en Turquie, en Syrie, en \u00c9thiopie, \u00e0 l&#8217;Union africaine et \u00e0 la Mission aupr\u00e8s de l&#8217;ONU \u00e0 New York. Apr\u00e8s avoir assum\u00e9 les fonctions de chef de mission adjoint de l&#8217;ambassade d&#8217;\u00c9gypte \u00e0 Damas, repr\u00e9sentant permanent adjoint de l&#8217;\u00c9gypte aupr\u00e8s de l&#8217;ONU \u00e0 New York, ambassadeur d&#8217;\u00c9gypte en \u00c9thiopie et repr\u00e9sentant permanent aupr\u00e8s de l&#8217;UA et de la CEA, il a \u00e9t\u00e9 nomm\u00e9 repr\u00e9sentant permanent de l&#8217;\u00c9gypte aupr\u00e8s de l&#8217;ONU \u00e0 New York. Mohamed Edrees est membre du conseil d&#8217;administration du Centre du Sud \u00e0 Gen\u00e8ve et membre de l&#8217;UpM-OC depuis 2024. Contact : <a href=\"mailto:mohamed.edrees@ufmsecretariat.org\">mohamed.edrees@ufmsecretariat.org<\/a><\/p>\n<ul>\n<li><strong>Athanasios Sakellariou<\/strong><\/li>\n<\/ul>\n<p>Athanasios Sakellariou est membre du comit\u00e9 de surveillance de l&#8217;Union pour la M\u00e9diterran\u00e9e (UpM) depuis septembre 2024. Fort de plus de quinze ans d&#8217;exp\u00e9rience dans la gestion de programmes cofinanc\u00e9s par l&#8217;UE et la lutte contre la fraude, il contribue \u00e0 garantir le respect du code de conduite et de la politique antifraude et anticorruption de l&#8217;UpM. Athanasios est un examinateur certifi\u00e9 en mati\u00e8re de fraude (CFE) et expert en mati\u00e8re de lutte contre la fraude au sein du Service grec de coordination antifraude (AFCOS). Dans le cadre de ses fonctions actuelles, il a jou\u00e9 un r\u00f4le central dans l&#8217;\u00e9laboration de strat\u00e9gies nationales de lutte contre la fraude, la gestion des plaintes et la promotion de la collaboration entre les r\u00e9seaux de lutte antifraude aux niveaux national et europ\u00e9en. Ce dernier a \u00e9galement occup\u00e9 les fonctions de chef de l&#8217;unit\u00e9 Innovation et Entrepreneuriat \u00e0 l&#8217;Universit\u00e9 ouverte de Gr\u00e8ce, de consultant en entrepreneuriat et de membre du personnel scientifique sp\u00e9cial de l&#8217;Agence grecque d&#8217;assurance qualit\u00e9 et d&#8217;accr\u00e9ditation. Athanasios est titulaire d&#8217;un master en gestion des services de l&#8217;Universit\u00e9 d&#8217;\u00e9conomie et de commerce d&#8217;Ath\u00e8nes et d&#8217;un master en relations politiques, \u00e9conomiques et internationales m\u00e9diterran\u00e9ennes de l&#8217;Universit\u00e9 de la mer \u00c9g\u00e9e. Contact : <a href=\"mailto:athanasios.sakellariou@ufmsecretariat.org\">athanasios.sakellariou@ufmsecretariat.org<\/a>[\/vc_column_text][\/vc_column][\/vc_row][vc_row css=&#8221;.vc_custom_1681902539890{margin-bottom: 60px !important;}&#8221;][vc_column width=&#8221;1\/3&#8243;][\/vc_column][vc_column width=&#8221;1\/3&#8243;]<style type=\"text\/css\" >#b_z4ihv6qqp8kcjk3t0bou a{color:#ffffff; background:#1e73be; margin-top:0px; margin-bottom:0px;  margin-left:0px; margin-right:0px; font-weight:900; border-radius:10px;}#b_z4ihv6qqp8kcjk3t0bou a:hover{color:#ffffff ; background: ;}<\/style><div class=\"ta_left tf_btn_pos\" id=\"b_z4ihv6qqp8kcjk3t0bou\" ><a class=\"rd_normal_bt medium_rd_bt  \" href=\"https:\/\/ufmoc.integrityline.com\/\" target=\"\" >Ligne \u00e9thique<\/a><\/div>[\/vc_column][vc_column width=&#8221;1\/3&#8243;][\/vc_column][\/vc_row][vc_row][vc_column][vc_column_text]<strong>Documentation connexe<\/strong><\/p>\n<ul>\n<li class=\"x_MsoListParagraph\"><a href=\"https:\/\/ufmsecretariat.org\/wp-content\/uploads\/2025\/01\/8.-17-07-18-Anti-fraud-Anti-corruption-Policy.pdf\" target=\"_blank\" rel=\"noopener\"><span data-olk-copy-source=\"MessageBody\">Politique de lutte contre la fraude et la corruption du secr\u00e9tariat de l&#8217;UpM<\/span><\/a><\/li>\n<li class=\"x_MsoListParagraph\"><a href=\"https:\/\/ufmsecretariat.org\/wp-content\/uploads\/2025\/01\/7.-17-07-18-Code-of-Conduct.pdf\" target=\"_blank\" rel=\"noopener\">Code de conduite du secr\u00e9tariat de l&#8217;UpM<\/a><\/li>\n<li class=\"x_MsoListParagraph\"><a href=\"https:\/\/ufmsecretariat.org\/wp-content\/uploads\/2025\/07\/UFM-OC-Rules-of-procedures-final-28_02_2023-update-Dec-2024-SOM-final_KPMG.pdf\" target=\"_blank\" rel=\"noopener\">R\u00e8gles de proc\u00e9dure de l&#8217;UpM-OC<\/a><\/li>\n<li class=\"x_MsoListParagraph\"><a href=\"https:\/\/ufmsecretariat.org\/wp-content\/uploads\/2025\/01\/FAQ-Ethical-Line-activation-final.pdf\" target=\"_blank\" rel=\"noopener\">FAQ sur le comit\u00e9 de surveillance et la ligne \u00e9thique<\/a><\/li>\n<\/ul>\n<p>[\/vc_column_text][\/vc_column][\/vc_row]<\/p>\n<\/section>","protected":false},"excerpt":{"rendered":"<p>[vc_row type=&#8221;full-width-content&#8221; content_placement=&#8221;bottom&#8221; css=&#8221;.vc_custom_1507900824074{margin-top: 0px !important;margin-bottom: 0px !important;padding-top: 0px !important;padding-bottom: 0px !important;}&#8221;][vc_column][vc_single_image image=&#8221;147052&#8243; img_size=&#8221;slide&#8221; alignment=&#8221;center&#8221;][\/vc_column][\/vc_row][vc_row type=&#8221;full-width-section&#8221; css=&#8221;.vc_custom_1513248450031{padding-top: 50px !important;padding-bottom: 30px !important;background-color: #eeeeee !important;}&#8221;][vc_column width=&#8221;1\/2&#8243; css=&#8221;.vc_custom_1513248479550{margin-bottom: 20px !important;}&#8221;][vc_column_text font_size=&#8221;20&#8243; line_height=&#8221;28&#8243;]Le comit\u00e9 de surveillance de l&#8217;UpM est un organe consultatif ind\u00e9pendant et sp\u00e9cialis\u00e9 qui assiste l&#8217;UpM sur les questions couvertes par le code de conduite, la politique<br \/><a href=\"https:\/\/ufmsecretariat.org\/fr\/accountability\/\" class=\"more\">Lire la suite<\/a><\/p>\n","protected":false},"author":38,"featured_media":147038,"parent":0,"menu_order":0,"comment_status":"closed","ping_status":"closed","template":"","meta":{"footnotes":""},"priority-area":[],"class_list":["post-146950","page","type-page","status-publish","has-post-thumbnail","hentry"],"_links":{"self":[{"href":"https:\/\/ufmsecretariat.org\/fr\/wp-json\/wp\/v2\/pages\/146950","targetHints":{"allow":["GET"]}}],"collection":[{"href":"https:\/\/ufmsecretariat.org\/fr\/wp-json\/wp\/v2\/pages"}],"about":[{"href":"https:\/\/ufmsecretariat.org\/fr\/wp-json\/wp\/v2\/types\/page"}],"author":[{"embeddable":true,"href":"https:\/\/ufmsecretariat.org\/fr\/wp-json\/wp\/v2\/users\/38"}],"replies":[{"embeddable":true,"href":"https:\/\/ufmsecretariat.org\/fr\/wp-json\/wp\/v2\/comments?post=146950"}],"version-history":[{"count":10,"href":"https:\/\/ufmsecretariat.org\/fr\/wp-json\/wp\/v2\/pages\/146950\/revisions"}],"predecessor-version":[{"id":232148,"href":"https:\/\/ufmsecretariat.org\/fr\/wp-json\/wp\/v2\/pages\/146950\/revisions\/232148"}],"wp:featuredmedia":[{"embeddable":true,"href":"https:\/\/ufmsecretariat.org\/fr\/wp-json\/wp\/v2\/media\/147038"}],"wp:attachment":[{"href":"https:\/\/ufmsecretariat.org\/fr\/wp-json\/wp\/v2\/media?parent=146950"}],"wp:term":[{"taxonomy":"priority-area","embeddable":true,"href":"https:\/\/ufmsecretariat.org\/fr\/wp-json\/wp\/v2\/priority-area?post=146950"}],"curies":[{"name":"wp","href":"https:\/\/api.w.org\/{rel}","templated":true}]}}