
{"id":161176,"date":"2024-03-08T11:36:00","date_gmt":"2024-03-08T10:36:00","guid":{"rendered":"https:\/\/ufmsecretariat.org\/newsletter\/"},"modified":"2024-03-12T18:01:25","modified_gmt":"2024-03-12T17:01:25","slug":"newsletter","status":"publish","type":"page","link":"https:\/\/ufmsecretariat.org\/fr\/newsletter\/","title":{"rendered":"Newsletter"},"content":{"rendered":"<section class=\"wpb-content-wrapper\"><p>[vc_row type=&#8221;full-width-section&#8221; css=&#8221;.vc_custom_1709896498273{margin-bottom: 0px !important;padding-top: 160px !important;padding-bottom: 160px !important;background-image: url(https:\/\/ufmsecretariat.org\/wp-content\/uploads\/2024\/03\/newsletter.webp?id=161016) !important;background-position: center !important;background-repeat: no-repeat !important;background-size: cover !important;}&#8221;][vc_column width=&#8221;1\/2&#8243;][vc_custom_heading text=&#8221;Acc\u00e9dez \u00e0 nos \u00e9clairages et restez inform\u00e9s avec la newsletter de l&#8217;UpM.&#8221; font_container=&#8221;tag:h1|font_size:48|text_align:left|color:%23ffffff|line_height:57px&#8221; google_fonts=&#8221;font_family:Lato%3A100%2C100italic%2C300%2C300italic%2Cregular%2Citalic%2C700%2C700italic%2C900%2C900italic|font_style:700%20bold%20regular%3A700%3Anormal&#8221;][\/vc_column][vc_column width=&#8221;1\/2&#8243;][\/vc_column][\/vc_row][vc_row css=&#8221;.vc_custom_1709896342621{margin-bottom: 0px !important;padding-top: 70px !important;padding-bottom: 70px !important;}&#8221;][vc_column][vc_column_text el_class=&#8221;nobefore newtitleh2&#8243;]<\/p>\n<h2><span class=\"lightblue\">PLONGEZ DANS LES ACTIVIT\u00c9S DE L&#8217;UpM<\/span> AVEC NOTRE NEWSLETTER INFORMATIVE, LIVR\u00c9E DIRECTEMENT DANS VOTRE BO\u00ceTE DE R\u00c9CEPTION CHAQUE MOIS !<\/h2>\n<p>[\/vc_column_text][\/vc_column][\/vc_row][vc_row type=&#8221;full-width-section&#8221; css=&#8221;.vc_custom_1709896393808{margin-bottom: 0px !important;padding-top: 70px !important;padding-bottom: 70px !important;background-color: #f4f8fa !important;}&#8221;][vc_column][vc_column_text font_size=&#8221;20&#8243; line_height=&#8221;28&#8243; el_class=&#8221;textwitharrow textwitharrowlightblue&#8221; css=&#8221;.vc_custom_1710262576493{margin-bottom: 70px !important;}&#8221;]<\/p>\n<p class=\"p1\"><span class=\"s1\"><span class=\"lightblue\" style=\"color: #00afed;\">RESTEZ INFORM\u00c9 <\/span><span style=\"color: #194388;\">SUR CE QUI COMPTE DANS LA R\u00c9GION EURO-M\u00c9DITERRAN\u00c9ENNE<\/span><\/span><\/p>\n<p>[\/vc_column_text][vc_row_inner css=&#8221;.vc_custom_1709893920913{margin-bottom: 0px !important;}&#8221;][vc_column_inner width=&#8221;1\/3&#8243; css=&#8221;.vc_custom_1709894038320{margin-bottom: 50px !important;}&#8221;][vc_single_image image=&#8221;161048&#8243; img_size=&#8221;full&#8221; css=&#8221;.vc_custom_1709893902383{margin-bottom: 12px !important;}&#8221;][vc_column_text font_size=&#8221;20&#8243; line_height=&#8221;28&#8243;]<\/p>\n<p class=\"p1\"><span class=\"s1\" style=\"color: #1e3b7a;\">Action <strong>environnementale<\/strong> et <strong>climatique<\/strong><\/span><\/p>\n<p>[\/vc_column_text][\/vc_column_inner][vc_column_inner width=&#8221;1\/3&#8243; css=&#8221;.vc_custom_1709894042166{margin-bottom: 50px !important;}&#8221;][vc_single_image image=&#8221;161045&#8243; img_size=&#8221;full&#8221; css=&#8221;.vc_custom_1709894001393{margin-bottom: 12px !important;}&#8221;][vc_column_text font_size=&#8221;20&#8243; line_height=&#8221;28&#8243;]<\/p>\n<p class=\"p1\"><span class=\"s1\" style=\"color: #1e3b7a;\">D\u00e9veloppement <strong>\u00e9conomique<\/strong> et <strong>humain durable<\/strong><\/span><\/p>\n<p>[\/vc_column_text][\/vc_column_inner][vc_column_inner width=&#8221;1\/3&#8243; css=&#8221;.vc_custom_1709894046148{margin-bottom: 50px !important;}&#8221;][vc_single_image image=&#8221;161042&#8243; img_size=&#8221;full&#8221; css=&#8221;.vc_custom_1709894008846{margin-bottom: 12px !important;}&#8221;][vc_column_text font_size=&#8221;20&#8243; line_height=&#8221;28&#8243;]<\/p>\n<p class=\"p1\"><span class=\"s1\" style=\"color: #1e3b7a;\"><strong>Inclusivit\u00e9 sociale<\/strong> et \u00e9galit\u00e9<\/span><\/p>\n<p>[\/vc_column_text][\/vc_column_inner][\/vc_row_inner][vc_row_inner css=&#8221;.vc_custom_1709893920913{margin-bottom: 0px !important;}&#8221;][vc_column_inner width=&#8221;1\/3&#8243; css=&#8221;.vc_custom_1709894053616{margin-bottom: 50px !important;}&#8221;][vc_single_image image=&#8221;161036&#8243; img_size=&#8221;full&#8221; css=&#8221;.vc_custom_1709894154380{margin-bottom: 12px !important;}&#8221;][vc_column_text font_size=&#8221;20&#8243; line_height=&#8221;28&#8243;]<\/p>\n<p class=\"p1\"><span class=\"s1\" style=\"color: #1e3b7a;\"><b>Protection civile<\/b><\/span><\/p>\n<p>[\/vc_column_text][\/vc_column_inner][vc_column_inner width=&#8221;1\/3&#8243; css=&#8221;.vc_custom_1709894049545{margin-bottom: 50px !important;}&#8221;][vc_single_image image=&#8221;161039&#8243; img_size=&#8221;full&#8221; css=&#8221;.vc_custom_1709894147636{margin-bottom: 12px !important;}&#8221;][vc_column_text font_size=&#8221;20&#8243; line_height=&#8221;28&#8243;]<\/p>\n<p class=\"p1\"><span class=\"s1\" style=\"color: #1e3b7a;\"><b>Transformation num\u00e9rique<\/b><\/span><\/p>\n<p>[\/vc_column_text][\/vc_column_inner][vc_column_inner width=&#8221;1\/3&#8243; css=&#8221;.vc_custom_1709893953830{margin-bottom: 30px !important;}&#8221;][\/vc_column_inner][\/vc_row_inner][\/vc_column][\/vc_row][vc_row equal_height=&#8221;yes&#8221; css=&#8221;.vc_custom_1709896388315{margin-top: 75px !important;margin-bottom: 100px !important;padding-top: 60px !important;padding-right: 50px !important;padding-bottom: 80px !important;padding-left: 50px !important;background-image: url(https:\/\/ufmsecretariat.org\/wp-content\/uploads\/2024\/03\/newsletterbg.webp?id=161054) !important;background-position: 0 0 !important;background-repeat: no-repeat !important;}&#8221; el_class=&#8221;nobg-md&#8221;][vc_column width=&#8221;5\/12&#8243; el_class=&#8221;grey-md&#8221;][vc_column_text font_size=&#8221;20&#8243; line_height=&#8221;28&#8243; el_class=&#8221;textwitharrow&#8221; css=&#8221;.vc_custom_1710262762458{margin-bottom: 35px !important;}&#8221;]<\/p>\n<p class=\"p1\"><span class=\"s1\"><span class=\"lightblue\" style=\"color: #00afed;\">OBTENEZ <\/span><span style=\"color: #194388;\">UN ACC\u00c8S EXCLUSIF \u00c0 :<\/span><\/span><\/p>\n<p>[\/vc_column_text][vc_column_text font_size=&#8221;20&#8243; line_height=&#8221;28&#8243;]<\/p>\n<p class=\"p1\"><span class=\"s1\" style=\"color: #1d356e;\">\u00b7 Des rapports approfondis et des \u00e9tudes de politiques<\/span><\/p>\n<p class=\"p1\"><span class=\"s1\" style=\"color: #1d356e;\">\u00b7 Des histoires inspirantes de ceux qui font bouger les choses<\/span><\/p>\n<p class=\"p1\"><span class=\"s1\" style=\"color: #1d356e;\">\u00b7 Des insights exclusifs sur nos initiatives et campagnes<\/span><\/p>\n<p class=\"p1\"><span class=\"s1\" style=\"color: #1d356e;\">\u00b7 Des moyens concrets de s&#8217;impliquer<\/span><\/p>\n<p>[\/vc_column_text][\/vc_column][vc_column width=&#8221;1\/12&#8243; offset=&#8221;vc_hidden-md vc_hidden-sm vc_hidden-xs&#8221; el_class=&#8221;hidden1400&#8243;][\/vc_column][vc_column width=&#8221;6\/12&#8243; el_class=&#8221;blue-md&#8221;][vc_custom_heading text=&#8221;INSCRIVEZ-VOUS D\u00c8S MAINTENANT !&#8221; font_container=&#8221;tag:h2|font_size:29|text_align:left|color:%23ffffff|line_height:31px&#8221; google_fonts=&#8221;font_family:Raleway%3A100%2C200%2C300%2Cregular%2C500%2C600%2C700%2C800%2C900|font_style:600%20bold%20regular%3A600%3Anormal&#8221; el_class=&#8221;nobefore&#8221;]<noscript class=\"ninja-forms-noscript-message\">\n\tRemarque\u00a0: JavaScript est requis pour ce contenu.<\/noscript>\n<div id=\"nf-form-323-cont\" class=\"nf-form-cont homenewsletter\" aria-live=\"polite\" aria-labelledby=\"nf-form-title-323\" aria-describedby=\"nf-form-errors-323\" role=\"form\">\n\n    <div class=\"nf-loading-spinner\"><\/div>\n\n<\/div>\n        <!-- That data is being printed as a workaround to page builders reordering the order of the scripts loaded-->\n        <script>var formDisplay=1;var nfForms=nfForms||[];var form=[];form.id='323';form.settings={\"objectType\":\"Form Setting\",\"editActive\":true,\"title\":\"Newsletter PAGE First Step - EN \",\"created_at\":\"2024-03-08 10:48:07\",\"default_label_pos\":\"above\",\"show_title\":\"0\",\"clear_complete\":\"0\",\"hide_complete\":\"0\",\"logged_in\":\"\",\"wrapper_class\":\"homenewsletter\",\"element_class\":\"\",\"key\":\"\",\"add_submit\":\"0\",\"changeEmailErrorMsg\":\" \",\"confirmFieldErrorMsg\":\" \",\"fieldNumberNumMinError\":\" \",\"fieldNumberNumMaxError\":\" \",\"fieldNumberIncrementBy\":\" \",\"formErrorsCorrectErrors\":\" \",\"validateRequiredField\":\" \",\"honeypotHoneypotError\":\" \",\"fieldsMarkedRequired\":\" \",\"currency\":\"\",\"not_logged_in_msg\":\"\",\"sub_limit_msg\":\"The Form has reached it's submission limit.\",\"calculations\":[],\"container_styles_border\":\"\",\"container_styles_height\":\"\",\"container_styles_margin\":\"\",\"container_styles_padding\":\"\",\"container_styles_float\":\"\",\"container_styles_show_advanced_css\":\"0\",\"title_styles_border\":\"\",\"title_styles_height\":\"\",\"title_styles_width\":\"\",\"title_styles_font-size\":\"\",\"title_styles_margin\":\"\",\"title_styles_padding\":\"\",\"title_styles_float\":\"\",\"title_styles_show_advanced_css\":\"0\",\"row_styles_border\":\"\",\"row_styles_width\":\"\",\"row_styles_font-size\":\"\",\"row_styles_margin\":\"\",\"row_styles_padding\":\"\",\"row_styles_show_advanced_css\":\"0\",\"row-odd_styles_border\":\"\",\"row-odd_styles_height\":\"\",\"row-odd_styles_width\":\"\",\"row-odd_styles_font-size\":\"\",\"row-odd_styles_margin\":\"\",\"row-odd_styles_padding\":\"\",\"row-odd_styles_show_advanced_css\":\"0\",\"success-msg_styles_border\":\"\",\"success-msg_styles_height\":\"\",\"success-msg_styles_width\":\"\",\"success-msg_styles_font-size\":\"\",\"success-msg_styles_margin\":\"\",\"success-msg_styles_padding\":\"\",\"success-msg_styles_show_advanced_css\":\"0\",\"error_msg_styles_border\":\"\",\"error_msg_styles_width\":\"\",\"error_msg_styles_font-size\":\"\",\"error_msg_styles_margin\":\"\",\"error_msg_styles_padding\":\"\",\"error_msg_styles_show_advanced_css\":\"0\",\"conditions\":[],\"formContentData\":[{\"order\":1,\"cells\":[{\"order\":0,\"fields\":[\"email_1600940701413\"],\"width\":\"100\"}]},{\"order\":1,\"cells\":[{\"order\":0,\"fields\":[\"subscribe_1600941484569\"],\"width\":\"100\"}]}],\"drawerDisabled\":false,\"form_title_heading_level\":\"3\",\"unique_field_error\":\"A form with this value has already been submitted.\",\"changeDateErrorMsg\":\"Veuillez saisir une date valide\\u00a0!\",\"allow_public_link\":0,\"embed_form\":\"\",\"ninjaForms\":\"Ninja Forms\",\"fieldTextareaRTEInsertLink\":\"Ins\\u00e9rer un lien\",\"fieldTextareaRTEInsertMedia\":\"Ins\\u00e9rer un m\\u00e9dia\",\"fieldTextareaRTESelectAFile\":\"S\\u00e9lectionnez un fichier\",\"formHoneypot\":\"Si vous \\u00eates un \\u00eatre humain et que vous voyez ce champ, veuillez le laisser vide.\",\"fileUploadOldCodeFileUploadInProgress\":\"T\\u00e9l\\u00e9versement du fichier en cours.\",\"fileUploadOldCodeFileUpload\":\"T\\u00c9L\\u00c9VERSEMENT DE FICHIER\",\"currencySymbol\":\"&#36;\",\"thousands_sep\":\"\\u00a0\",\"decimal_point\":\",\",\"siteLocale\":\"fr_FR\",\"dateFormat\":\"d\\\/m\\\/Y\",\"startOfWeek\":\"1\",\"of\":\"sur\",\"previousMonth\":\"Mois pr\\u00e9c\\u00e9dent\",\"nextMonth\":\"Mois suivant\",\"months\":[\"Janvier\",\"F\\u00e9vrier\",\"Mars\",\"Avril\",\"Mai\",\"Juin\",\"Juillet\",\"Ao\\u00fbt\",\"Septembre\",\"Octobre\",\"Novembre\",\"D\\u00e9cembre\"],\"monthsShort\":[\"Jan\",\"F\\u00e9v\",\"Mar\",\"Avr\",\"Mai\",\"Juin\",\"Juil\",\"Ao\\u00fb\",\"Sep\",\"Oct\",\"Nov\",\"D\\u00e9c\"],\"weekdays\":[\"Dimanche\",\"Lundi\",\"Mardi\",\"Mercredi\",\"Jeudi\",\"Vendredi\",\"Samedi\"],\"weekdaysShort\":[\"Dim\",\"Lun\",\"Mar\",\"Mer\",\"Jeu\",\"Ven\",\"Sam\"],\"weekdaysMin\":[\"Di\",\"Lu\",\"Ma\",\"Me\",\"Je\",\"Ve\",\"Sa\"],\"recaptchaConsentMissing\":\"reCaptcha validation couldn&#039;t load.\",\"recaptchaMissingCookie\":\"reCaptcha v3 validation couldn&#039;t load the cookie needed to submit the form.\",\"recaptchaConsentEvent\":\"Accept reCaptcha cookies before sending the form.\",\"currency_symbol\":\"\",\"beforeForm\":\"\",\"beforeFields\":\"\",\"afterFields\":\"\",\"afterForm\":\"\"};form.fields=[{\"objectType\":\"Field\",\"objectDomain\":\"fields\",\"editActive\":false,\"order\":1,\"idAttribute\":\"id\",\"type\":\"email\",\"label\":\"Email\",\"key\":\"email_1600940701413\",\"label_pos\":\"hidden\",\"required\":1,\"placeholder\":\"Your email\",\"wrap_styles_show_advanced_css\":0,\"label_styles_show_advanced_css\":0,\"element_styles_font-size\":\"21px\",\"element_styles_show_advanced_css\":1,\"cellcid\":\"c4050\",\"drawerDisabled\":false,\"default\":\"\",\"container_class\":\"\",\"element_class\":\"\",\"admin_label\":\"\",\"help_text\":\"\",\"desc_text\":\"\",\"wrap_styles_background-color\":\"#1c2c63\",\"wrap_styles_border\":0,\"wrap_styles_border-style\":\"\",\"wrap_styles_border-color\":\"\",\"wrap_styles_width\":\"\",\"wrap_styles_margin\":\"\",\"wrap_styles_padding\":\"\",\"wrap_styles_display\":\"\",\"wrap_styles_float\":\"\",\"wrap_styles_advanced\":\"\",\"label_styles_background-color\":\"\",\"label_styles_border\":\"\",\"label_styles_border-style\":\"\",\"label_styles_border-color\":\"\",\"label_styles_color\":\"\",\"label_styles_width\":\"\",\"label_styles_font-size\":\"\",\"label_styles_margin\":\"\",\"label_styles_padding\":\"\",\"label_styles_display\":\"\",\"label_styles_float\":\"\",\"label_styles_advanced\":\"\",\"element_styles_background-color\":\"\",\"element_styles_border\":\"\",\"element_styles_border-style\":\"\",\"element_styles_border-color\":\"\",\"element_styles_color\":\"\",\"element_styles_width\":\"\",\"element_styles_margin\":\"\",\"element_styles_padding\":\"\",\"element_styles_display\":\"\",\"element_styles_float\":\"\",\"element_styles_advanced\":\"\",\"custom_name_attribute\":\"email\",\"personally_identifiable\":1,\"value\":\"\",\"field_label\":\"Email\",\"field_key\":\"email_1600940701413\",\"cellOrder\":1,\"id\":3703,\"beforeField\":\"\",\"afterField\":\"\",\"parentType\":\"email\",\"element_templates\":[\"email\",\"input\"],\"old_classname\":\"\",\"wrap_template\":\"wrap\"},{\"objectType\":\"Field\",\"objectDomain\":\"fields\",\"editActive\":false,\"order\":2,\"idAttribute\":\"id\",\"label\":\"SUBSCRIBE\",\"type\":\"submit\",\"cellcid\":\"c4054\",\"processing_label\":\"Processing\",\"key\":\"subscribe_1600941484569\",\"wrap_styles_margin\":\"\",\"wrap_styles_show_advanced_css\":1,\"element_styles_background-color\":\"\",\"element_styles_color\":\"\",\"element_styles_width\":\"\",\"element_styles_font-size\":\"\",\"element_styles_show_advanced_css\":1,\"element_styles_advanced\":\"\",\"submit_element_hover_styles_show_advanced_css\":0,\"drawerDisabled\":false,\"container_class\":\"\",\"element_class\":\"\",\"wrap_styles_background-color\":\"\",\"wrap_styles_border\":\"\",\"wrap_styles_border-style\":\"\",\"wrap_styles_border-color\":\"\",\"wrap_styles_width\":\"\",\"wrap_styles_padding\":\"\",\"wrap_styles_display\":\"\",\"wrap_styles_float\":\"\",\"wrap_styles_advanced\":\"\",\"element_styles_border\":\"\",\"element_styles_border-style\":\"\",\"element_styles_border-color\":\"\",\"element_styles_margin\":\"\",\"element_styles_padding\":\"\",\"element_styles_display\":\"\",\"element_styles_float\":\"\",\"submit_element_hover_styles_background-color\":\"\",\"submit_element_hover_styles_border\":\"\",\"submit_element_hover_styles_border-style\":\"\",\"submit_element_hover_styles_border-color\":\"\",\"submit_element_hover_styles_color\":\"\",\"submit_element_hover_styles_width\":\"\",\"submit_element_hover_styles_font-size\":\"\",\"submit_element_hover_styles_margin\":\"\",\"submit_element_hover_styles_padding\":\"\",\"submit_element_hover_styles_display\":\"\",\"submit_element_hover_styles_float\":\"\",\"submit_element_hover_styles_advanced\":\"\",\"field_label\":\"SUBSCRIBE\",\"field_key\":\"subscribe_1600941484569\",\"cellOrder\":2,\"id\":3704,\"beforeField\":\"\",\"afterField\":\"\",\"value\":\"\",\"label_pos\":\"above\",\"parentType\":\"textbox\",\"element_templates\":[\"submit\",\"button\",\"input\"],\"old_classname\":\"\",\"wrap_template\":\"wrap-no-label\"}];nfForms.push(form);<\/script>\n        [\/vc_column][\/vc_row]<\/p>\n<\/section>","protected":false},"excerpt":{"rendered":"<p>[vc_row type=&#8221;full-width-section&#8221; css=&#8221;.vc_custom_1709896498273{margin-bottom: 0px !important;padding-top: 160px !important;padding-bottom: 160px !important;background-image: url(https:\/\/ufmsecretariat.org\/wp-content\/uploads\/2024\/03\/newsletter.webp?id=161016) !important;background-position: center !important;background-repeat: no-repeat !important;background-size: cover !important;}&#8221;][vc_column width=&#8221;1\/2&#8243;][vc_custom_heading text=&#8221;Acc\u00e9dez \u00e0 nos \u00e9clairages et restez inform\u00e9s avec la newsletter de l&#8217;UpM.&#8221; font_container=&#8221;tag:h1|font_size:48|text_align:left|color:%23ffffff|line_height:57px&#8221; google_fonts=&#8221;font_family:Lato%3A100%2C100italic%2C300%2C300italic%2Cregular%2Citalic%2C700%2C700italic%2C900%2C900italic|font_style:700%20bold%20regular%3A700%3Anormal&#8221;][\/vc_column][vc_column width=&#8221;1\/2&#8243;][\/vc_column][\/vc_row][vc_row css=&#8221;.vc_custom_1709896342621{margin-bottom: 0px !important;padding-top: 70px !important;padding-bottom: 70px !important;}&#8221;][vc_column][vc_column_text el_class=&#8221;nobefore newtitleh2&#8243;] PLONGEZ DANS LES ACTIVIT\u00c9S DE L&#8217;UpM AVEC NOTRE NEWSLETTER INFORMATIVE, LIVR\u00c9E DIRECTEMENT DANS<br \/><a href=\"https:\/\/ufmsecretariat.org\/fr\/newsletter\/\" class=\"more\">Lire la suite<\/a><\/p>\n","protected":false},"author":4,"featured_media":0,"parent":0,"menu_order":0,"comment_status":"closed","ping_status":"closed","template":"","meta":{"footnotes":""},"priority-area":[],"class_list":["post-161176","page","type-page","status-publish","hentry"],"_links":{"self":[{"href":"https:\/\/ufmsecretariat.org\/fr\/wp-json\/wp\/v2\/pages\/161176","targetHints":{"allow":["GET"]}}],"collection":[{"href":"https:\/\/ufmsecretariat.org\/fr\/wp-json\/wp\/v2\/pages"}],"about":[{"href":"https:\/\/ufmsecretariat.org\/fr\/wp-json\/wp\/v2\/types\/page"}],"author":[{"embeddable":true,"href":"https:\/\/ufmsecretariat.org\/fr\/wp-json\/wp\/v2\/users\/4"}],"replies":[{"embeddable":true,"href":"https:\/\/ufmsecretariat.org\/fr\/wp-json\/wp\/v2\/comments?post=161176"}],"version-history":[{"count":7,"href":"https:\/\/ufmsecretariat.org\/fr\/wp-json\/wp\/v2\/pages\/161176\/revisions"}],"predecessor-version":[{"id":161207,"href":"https:\/\/ufmsecretariat.org\/fr\/wp-json\/wp\/v2\/pages\/161176\/revisions\/161207"}],"wp:attachment":[{"href":"https:\/\/ufmsecretariat.org\/fr\/wp-json\/wp\/v2\/media?parent=161176"}],"wp:term":[{"taxonomy":"priority-area","embeddable":true,"href":"https:\/\/ufmsecretariat.org\/fr\/wp-json\/wp\/v2\/priority-area?post=161176"}],"curies":[{"name":"wp","href":"https:\/\/api.w.org\/{rel}","templated":true}]}}