
{"id":181672,"date":"2024-11-07T11:02:33","date_gmt":"2024-11-07T10:02:33","guid":{"rendered":"https:\/\/ufmsecretariat.org\/?page_id=181672"},"modified":"2024-11-27T15:34:30","modified_gmt":"2024-11-27T14:34:30","slug":"mediterranean-youth-water-hackathon","status":"publish","type":"page","link":"https:\/\/ufmsecretariat.org\/fr\/mediterranean-youth-water-hackathon\/","title":{"rendered":"Hackathon m\u00e9diterran\u00e9en de la jeunesse pour l&#8217;eau"},"content":{"rendered":"<section class=\"wpb-content-wrapper\"><p>[vc_row type=&#8221;full-width-content&#8221; css=&#8221;.vc_custom_1721745672235{margin-bottom: 0px !important;}&#8221;][vc_column][vc_single_image image=&#8221;182677&#8243; img_size=&#8221;slide&#8221; alignment=&#8221;center&#8221; css=&#8221;.vc_custom_1731074111702{margin-bottom: 0px !important;}&#8221;][\/vc_column][\/vc_row][vc_row type=&#8221;full-width-section&#8221; css=&#8221;.vc_custom_1730892587867{margin-top: 0px !important;margin-bottom: 0px !important;background-color: #ebebeb !important;}&#8221;][vc_column][vc_custom_heading text=&#8221;Hackathon m\u00e9diterran\u00e9en de la jeunesse pour l&#8217;eau&#8221; font_container=&#8221;tag:h1|text_align:left|color:%231d2e62&#8243; google_fonts=&#8221;font_family:Raleway%3A100%2C200%2C300%2Cregular%2C500%2C600%2C700%2C800%2C900|font_style:800%20bold%20regular%3A800%3Anormal&#8221; css=&#8221;.vc_custom_1732020525409{margin-top: 0px !important;padding-top: 40px !important;}&#8221;][\/vc_column][\/vc_row][vc_row type=&#8221;full-width-section&#8221; css=&#8221;.vc_custom_1730892592475{margin-top: 0px !important;margin-bottom: 0px !important;padding-top: 50px !important;padding-bottom: 50px !important;}&#8221;][vc_column width=&#8221;1\/3&#8243; font_color=&#8221;#000000&#8243; css=&#8221;.vc_custom_1730893034725{margin-top: 0px !important;border-radius: 3px !important;}&#8221;][vc_custom_heading text=&#8221;Qu&#8217;est ce que le Hackathon m\u00e9diterran\u00e9en de la jeunesse pour l&#8217;eau ?&#8221; font_container=&#8221;tag:h2|text_align:left|color:%231d2e62&#8243; google_fonts=&#8221;font_family:Lato%3A100%2C100italic%2C300%2C300italic%2Cregular%2Citalic%2C700%2C700italic%2C900%2C900italic|font_style:900%20bold%20regular%3A900%3Anormal&#8221;][\/vc_column][vc_column width=&#8221;2\/3&#8243;][vc_column_text]<strong>\u00cates-vous un jeune acteur du changement passionn\u00e9 par la durabilit\u00e9 et l\u2019innovation ?<\/strong><\/p>\n<p>Le <a href=\"https:\/\/medwater-hackathon.creation.camp\/\"><strong>Hackathon m\u00e9diterran\u00e9en de la jeunesse pour l&#8217;eau<\/strong><\/a><strong>\u00a0<\/strong>invite les jeunes innovateurs \u00e2g\u00e9s de 18 \u00e0 35 ans \u00e0 collaborer et \u00e0 concevoir des solutions cr\u00e9atives pour relever les d\u00e9fis et saisir les opportunit\u00e9s li\u00e9s au Nexus Eau-\u00c9nergie-Alimentation-\u00c9cosyst\u00e8mes (WEFE).<\/p>\n<p><strong>Rejoignez-nous du 25 au 28 f\u00e9vrier 2025 \u00e0 F\u00e8s, au Maroc, pour un \u00e9v\u00e9nement de trois jours <\/strong>d\u00e9di\u00e9 \u00e0 la cr\u00e9ation de solutions ayant un impact social et environnemental durable.[\/vc_column_text]<style type=\"text\/css\" >#b_6hdo0shm4fkynmmgy6ty a{color:#ffffff; background:#009871; margin-top:0px; margin-bottom:0px;  margin-left:0px; margin-right:0px; font-weight:700; border-radius:50px;}#b_6hdo0shm4fkynmmgy6ty a:hover{color: ; background:#1d2e62 ;}<\/style><div class=\"ta_left tf_btn_pos\" id=\"b_6hdo0shm4fkynmmgy6ty\" ><a class=\"rd_normal_bt large_rd_bt  \" href=\"https:\/\/medwater-hackathon.creation.camp\/programme-updated\/\" target=\"yes\" >PLUS D&#8217;INFORMATIONS<\/a><\/div>[\/vc_column][\/vc_row][vc_row type=&#8221;full-width-section&#8221; css=&#8221;.vc_custom_1730892596589{margin-top: 0px !important;margin-bottom: 0px !important;padding-top: 50px !important;padding-bottom: 50px !important;background-color: #ebebeb !important;}&#8221;][vc_column width=&#8221;1\/3&#8243; font_color=&#8221;#000000&#8243; css=&#8221;.vc_custom_1730893027756{margin-top: 0px !important;border-radius: 3px !important;}&#8221;][vc_custom_heading text=&#8221;Pourquoi participer ?&#8221; font_container=&#8221;tag:h2|text_align:left|color:%231d2e62&#8243; google_fonts=&#8221;font_family:Lato%3A100%2C100italic%2C300%2C300italic%2Cregular%2Citalic%2C700%2C700italic%2C900%2C900italic|font_style:900%20bold%20regular%3A900%3Anormal&#8221;][\/vc_column][vc_column width=&#8221;2\/3&#8243;][vc_column_text]<\/p>\n<ul>\n<li><strong>Impact concret:<\/strong> Concevez des solutions pour des probl\u00e9matiques urgentes li\u00e9es \u00e0 l\u2019eau, \u00e0 l\u2019\u00e9nergie, \u00e0 l\u2019alimentation et aux \u00e9cosyst\u00e8mes. <strong>Les trois meilleurs projets seront s\u00e9lectionn\u00e9s le dernier jour et b\u00e9n\u00e9ficieront d\u2019un soutien technique et financier<\/strong> dans les mois suivants.<\/li>\n<li><strong>Prix et accompagnement:<\/strong> L\u2019\u00e9quipe gagnante recevra <strong>3 000 \u20ac<\/strong>, tandis que les deux \u00e9quipes finalistes recevront chacune <strong>1 000 \u20ac<\/strong>. Les \u00e9quipes laur\u00e9ates b\u00e9n\u00e9ficieront \u00e9galement d\u2019un mentorat continu pour perfectionner et d\u00e9velopper leurs solutions, garantissant un impact durable.<\/li>\n<li><strong>Ateliers pratiques:<\/strong> Apprenez aupr\u00e8s de mentors et d\u00e9veloppez des comp\u00e9tences entrepreneuriales, le design thinking et des mod\u00e8les \u00e9conomiques durables pour concr\u00e9tiser vos id\u00e9es.<\/li>\n<li><strong>R\u00e9seautage:<\/strong> Connectez-vous \u00e0 des experts, mentors et autres innovateurs de la r\u00e9gion m\u00e9diterran\u00e9enne. Cr\u00e9ez des relations qui perdureront bien apr\u00e8s le hackathon.<\/li>\n<\/ul>\n<p>[\/vc_column_text][\/vc_column][\/vc_row][vc_row type=&#8221;full-width-section&#8221; css=&#8221;.vc_custom_1730892600685{margin-top: 0px !important;margin-bottom: 0px !important;padding-top: 50px !important;padding-bottom: 50px !important;}&#8221;][vc_column width=&#8221;1\/3&#8243; font_color=&#8221;#000000&#8243; css=&#8221;.vc_custom_1721746360768{margin-top: 0px !important;margin-right: 5px !important;margin-bottom: 0px !important;margin-left: 5px !important;padding-top: 10px !important;padding-right: 10px !important;padding-bottom: 10px !important;padding-left: 10px !important;border-radius: 3px !important;}&#8221;][vc_custom_heading text=&#8221;Qui peut postuler ?&#8221; font_container=&#8221;tag:h2|text_align:left|color:%231d2e62&#8243; google_fonts=&#8221;font_family:Lato%3A100%2C100italic%2C300%2C300italic%2Cregular%2Citalic%2C700%2C700italic%2C900%2C900italic|font_style:900%20bold%20regular%3A900%3Anormal&#8221;][\/vc_column][vc_column width=&#8221;2\/3&#8243;][vc_column_text]<\/p>\n<ul>\n<li>Les jeunes innovateurs \u00e2g\u00e9s de <strong>18 \u00e0 35 ans<\/strong>, ressortissants des <a href=\"https:\/\/ufmsecretariat.org\/fr\/qui-sommes-nous\/etats-membres\/\">\u00c9tats membres de l\u2019UpM<\/a>.<\/li>\n<li>Des <strong>\u00e9quipes compos\u00e9es de 2 \u00e0 3 membres<\/strong>, pr\u00eates \u00e0 r\u00e9fl\u00e9chir, innover et faire la diff\u00e9rence.<\/li>\n<li><strong>Aucun parcours professionnel sp\u00e9cifique n\u2019est requis<\/strong>. Nous recherchons de la <strong>motivation<\/strong>, un <strong>int\u00e9r\u00eat<\/strong> pour les d\u00e9fis li\u00e9s au Nexus WEFE et un <strong>esprit entrepreneurial<\/strong>.<\/li>\n<\/ul>\n<p>[\/vc_column_text]<style type=\"text\/css\" >#b_atzf75iswdc6r9zxiv7x a{color:#ffffff; background:#009871; margin-top:0px; margin-bottom:0px;  margin-left:0px; margin-right:0px; font-weight:700; border-radius:50px;}#b_atzf75iswdc6r9zxiv7x a:hover{color: ; background:#1d2e62 ;}<\/style><div class=\"ta_left tf_btn_pos\" id=\"b_atzf75iswdc6r9zxiv7x\" ><a class=\"rd_normal_bt large_rd_bt  \" href=\"https:\/\/medwater-hackathon.creation.camp\/apply-now\/\" target=\"yes\" >Consultez les crit\u00e8res d\u2019\u00e9ligibilit\u00e9 complets.<\/a><\/div>[\/vc_column][\/vc_row][vc_row type=&#8221;full-width-section&#8221; css=&#8221;.vc_custom_1730892604346{margin-top: 0px !important;margin-bottom: 0px !important;padding-top: 50px !important;padding-bottom: 50px !important;background-color: #ebebeb !important;}&#8221;][vc_column width=&#8221;1\/3&#8243; font_color=&#8221;#000000&#8243; css=&#8221;.vc_custom_1730893019267{border-radius: 3px !important;}&#8221;][vc_custom_heading text=&#8221;Modalit\u00e9s de candidature&#8221; font_container=&#8221;tag:h2|text_align:left|color:%231d2e62&#8243; google_fonts=&#8221;font_family:Lato%3A100%2C100italic%2C300%2C300italic%2Cregular%2Citalic%2C700%2C700italic%2C900%2C900italic|font_style:900%20bold%20regular%3A900%3Anormal&#8221;][\/vc_column][vc_column width=&#8221;2\/3&#8243;][vc_column_text]<\/p>\n<ul>\n<li><strong>Candidature en \u00e9quipe<\/strong> : Soumettez <strong>une<\/strong> candidature par \u00e9quipe avant le <strong>13 d\u00e9cembre 2024<\/strong>.<\/li>\n<li><strong>Annonce des pr\u00e9s\u00e9lections<\/strong> : Les \u00e9quipes s\u00e9lectionn\u00e9es seront inform\u00e9es en d\u00e9cembre 2024.<\/li>\n<\/ul>\n<p>\ud83d\udd17 <strong>Ne manquez pas cette opportunit\u00e9 de devenir un acteur du changement !<\/strong> Postulez d\u00e8s maintenant pour faire partie des futurs innovateurs de la M\u00e9diterran\u00e9e.[\/vc_column_text]<style type=\"text\/css\" >#b_63tcjeov8p0hdc8ddkpw a{color:#ffffff; background:#009871; margin-top:0px; margin-bottom:0px;  margin-left:0px; margin-right:0px; font-weight:700; border-radius:50px;}#b_63tcjeov8p0hdc8ddkpw a:hover{color: ; background:#1d2e62 ;}<\/style><div class=\"ta_left tf_btn_pos\" id=\"b_63tcjeov8p0hdc8ddkpw\" ><a class=\"rd_normal_bt large_rd_bt  \" href=\"https:\/\/medwater-hackathon.creation.camp\/apply-now\/\" target=\"yes\" >Postulez aujourd&#8217;hui<\/a><\/div>[\/vc_column][\/vc_row][vc_row type=&#8221;full-width-section&#8221; css=&#8221;.vc_custom_1730892608932{margin-top: 0px !important;margin-bottom: 0px !important;padding-top: 50px !important;padding-bottom: 50px !important;}&#8221;][vc_column width=&#8221;1\/3&#8243; font_color=&#8221;#000000&#8243; css=&#8221;.vc_custom_1730893011212{border-radius: 3px !important;}&#8221;][vc_custom_heading text=&#8221;Foire aux questions (FAQ)&#8221; font_container=&#8221;tag:h2|text_align:left|color:%231d2e62&#8243; google_fonts=&#8221;font_family:Lato%3A100%2C100italic%2C300%2C300italic%2Cregular%2Citalic%2C700%2C700italic%2C900%2C900italic|font_style:900%20bold%20regular%3A900%3Anormal&#8221;][\/vc_column][vc_column width=&#8221;2\/3&#8243;][vc_column_text]Des questions ?<br \/>\n<strong>Consultez notre liste de FAQ sur le <a href=\"https:\/\/medwater-hackathon.creation.camp\/apply-now\/\">site d\u00e9di\u00e9<\/a> au Hackathon.<\/strong>[\/vc_column_text][\/vc_column][\/vc_row][vc_row css=&#8221;.vc_custom_1730892773525{padding-top: 10px !important;background-color: #009871 !important;}&#8221;][vc_column][\/vc_column][\/vc_row][vc_row][vc_column width=&#8221;2\/12&#8243;][vc_custom_heading text=&#8221;Organis\u00e9 par&#8221; font_container=&#8221;tag:h3|font_size:25px|text_align:left|color:%23009871|line_height:30px&#8221; google_fonts=&#8221;font_family:Lato%3A100%2C100italic%2C300%2C300italic%2Cregular%2Citalic%2C700%2C700italic%2C900%2C900italic|font_style:700%20bold%20regular%3A700%3Anormal&#8221;][vc_row_inner][vc_column_inner css=&#8221;.vc_custom_1730906392997{margin-top: 20px !important;}&#8221;][vc_single_image image=&#8221;155695&#8243; img_size=&#8221;full&#8221;][\/vc_column_inner][\/vc_row_inner][\/vc_column][vc_column width=&#8221;5\/12&#8243;][vc_custom_heading text=&#8221;Soutenu par&#8221; font_container=&#8221;tag:h3|font_size:25px|text_align:left|color:%23009871|line_height:30px&#8221; google_fonts=&#8221;font_family:Lato%3A100%2C100italic%2C300%2C300italic%2Cregular%2Citalic%2C700%2C700italic%2C900%2C900italic|font_style:700%20bold%20regular%3A700%3Anormal&#8221;][vc_row_inner equal_height=&#8221;yes&#8221; content_placement=&#8221;middle&#8221;][vc_column_inner width=&#8221;1\/3&#8243;][vc_single_image image=&#8221;181230&#8243; img_size=&#8221;full&#8221;][\/vc_column_inner][vc_column_inner width=&#8221;1\/3&#8243;][vc_single_image image=&#8221;181260&#8243; img_size=&#8221;full&#8221;][\/vc_column_inner][vc_column_inner width=&#8221;1\/3&#8243;][vc_single_image image=&#8221;181242&#8243; img_size=&#8221;full&#8221;][\/vc_column_inner][\/vc_row_inner][\/vc_column][vc_column width=&#8221;5\/12&#8243;][vc_custom_heading text=&#8221;Mis en oeuvre par&#8221; font_container=&#8221;tag:h3|font_size:25px|text_align:left|color:%23009871|line_height:30px&#8221; google_fonts=&#8221;font_family:Lato%3A100%2C100italic%2C300%2C300italic%2Cregular%2Citalic%2C700%2C700italic%2C900%2C900italic|font_style:700%20bold%20regular%3A700%3Anormal&#8221;][vc_row_inner equal_height=&#8221;yes&#8221; content_placement=&#8221;middle&#8221;][vc_column_inner width=&#8221;1\/3&#8243;][vc_single_image image=&#8221;181227&#8243; img_size=&#8221;full&#8221;][\/vc_column_inner][vc_column_inner width=&#8221;1\/3&#8243;][vc_single_image image=&#8221;181236&#8243; img_size=&#8221;full&#8221;][\/vc_column_inner][vc_column_inner width=&#8221;1\/3&#8243;][vc_single_image image=&#8221;181239&#8243; img_size=&#8221;full&#8221;][\/vc_column_inner][\/vc_row_inner][\/vc_column][\/vc_row]<\/p>\n<\/section>","protected":false},"excerpt":{"rendered":"<p>[vc_row type=&#8221;full-width-content&#8221; css=&#8221;.vc_custom_1721745672235{margin-bottom: 0px !important;}&#8221;][vc_column][vc_single_image image=&#8221;182677&#8243; img_size=&#8221;slide&#8221; alignment=&#8221;center&#8221; css=&#8221;.vc_custom_1731074111702{margin-bottom: 0px !important;}&#8221;][\/vc_column][\/vc_row][vc_row type=&#8221;full-width-section&#8221; css=&#8221;.vc_custom_1730892587867{margin-top: 0px !important;margin-bottom: 0px !important;background-color: #ebebeb !important;}&#8221;][vc_column][vc_custom_heading text=&#8221;Hackathon m\u00e9diterran\u00e9en de la jeunesse pour l&#8217;eau&#8221; font_container=&#8221;tag:h1|text_align:left|color:%231d2e62&#8243; google_fonts=&#8221;font_family:Raleway%3A100%2C200%2C300%2Cregular%2C500%2C600%2C700%2C800%2C900|font_style:800%20bold%20regular%3A800%3Anormal&#8221; css=&#8221;.vc_custom_1732020525409{margin-top: 0px !important;padding-top: 40px !important;}&#8221;][\/vc_column][\/vc_row][vc_row type=&#8221;full-width-section&#8221; css=&#8221;.vc_custom_1730892592475{margin-top: 0px !important;margin-bottom: 0px !important;padding-top: 50px !important;padding-bottom: 50px !important;}&#8221;][vc_column width=&#8221;1\/3&#8243; font_color=&#8221;#000000&#8243; css=&#8221;.vc_custom_1730893034725{margin-top: 0px !important;border-radius: 3px !important;}&#8221;][vc_custom_heading text=&#8221;Qu&#8217;est ce que le Hackathon<br \/><a href=\"https:\/\/ufmsecretariat.org\/fr\/mediterranean-youth-water-hackathon\/\" class=\"more\">Lire la suite<\/a><\/p>\n","protected":false},"author":4,"featured_media":180842,"parent":0,"menu_order":0,"comment_status":"closed","ping_status":"closed","template":"","meta":{"footnotes":""},"priority-area":[201],"class_list":["post-181672","page","type-page","status-publish","has-post-thumbnail","hentry","priority-area-water-environment-fr"],"_links":{"self":[{"href":"https:\/\/ufmsecretariat.org\/fr\/wp-json\/wp\/v2\/pages\/181672","targetHints":{"allow":["GET"]}}],"collection":[{"href":"https:\/\/ufmsecretariat.org\/fr\/wp-json\/wp\/v2\/pages"}],"about":[{"href":"https:\/\/ufmsecretariat.org\/fr\/wp-json\/wp\/v2\/types\/page"}],"author":[{"embeddable":true,"href":"https:\/\/ufmsecretariat.org\/fr\/wp-json\/wp\/v2\/users\/4"}],"replies":[{"embeddable":true,"href":"https:\/\/ufmsecretariat.org\/fr\/wp-json\/wp\/v2\/comments?post=181672"}],"version-history":[{"count":10,"href":"https:\/\/ufmsecretariat.org\/fr\/wp-json\/wp\/v2\/pages\/181672\/revisions"}],"predecessor-version":[{"id":191192,"href":"https:\/\/ufmsecretariat.org\/fr\/wp-json\/wp\/v2\/pages\/181672\/revisions\/191192"}],"wp:featuredmedia":[{"embeddable":true,"href":"https:\/\/ufmsecretariat.org\/fr\/wp-json\/wp\/v2\/media\/180842"}],"wp:attachment":[{"href":"https:\/\/ufmsecretariat.org\/fr\/wp-json\/wp\/v2\/media?parent=181672"}],"wp:term":[{"taxonomy":"priority-area","embeddable":true,"href":"https:\/\/ufmsecretariat.org\/fr\/wp-json\/wp\/v2\/priority-area?post=181672"}],"curies":[{"name":"wp","href":"https:\/\/api.w.org\/{rel}","templated":true}]}}