
{"id":219239,"date":"2025-03-21T12:39:38","date_gmt":"2025-03-21T11:39:38","guid":{"rendered":"https:\/\/ufmsecretariat.org\/?page_id=219239"},"modified":"2025-03-21T12:39:39","modified_gmt":"2025-03-21T11:39:39","slug":"partenaires","status":"publish","type":"page","link":"https:\/\/ufmsecretariat.org\/fr\/partenaires\/","title":{"rendered":"Partenaires"},"content":{"rendered":"<section class=\"wpb-content-wrapper\"><p>[vc_row type=&#8221;full-width-content&#8221; content_placement=&#8221;bottom&#8221; css=&#8221;.vc_custom_1507899670783{margin-top: 0px !important;margin-bottom: 0px !important;padding-top: 0px !important;padding-bottom: 0px !important;}&#8221;][vc_column][vc_single_image image=&#8221;51614&#8243; img_size=&#8221;slide&#8221; alignment=&#8221;center&#8221;][\/vc_column][\/vc_row][vc_row css=&#8221;.vc_custom_1696062021533{margin-bottom: 0px !important;padding-top: 60px !important;padding-bottom: 60px !important;}&#8221;][vc_column width=&#8221;1\/4&#8243; css=&#8221;.vc_custom_1742296881686{margin-bottom: 30px !important;}&#8221;][vc_column_text el_class=&#8221;nobefore newtitleh1&#8243;]<\/p>\n<h1 class=\"nobefore uppercase\">Nos partenaires<\/h1>\n<p>[\/vc_column_text][\/vc_column][vc_column width=&#8221;3\/4&#8243;][vc_column_text font_size=&#8221;18&#8243; line_height=&#8221;24&#8243;]<\/p>\n<p data-start=\"0\" data-end=\"140\">Le Secr\u00e9tariat de l\u2019UpM entretient des partenariats solides et strat\u00e9giques avec les principaux acteurs pertinents pour la mission de l\u2019UpM.<\/p>\n<p data-start=\"142\" data-end=\"335\" data-is-last-node=\"\" data-is-only-node=\"\">En unissant nos efforts, nous amplifions notre impact et faisons progresser des domaines tels que le d\u00e9veloppement durable, l\u2019action climatique, la croissance \u00e9conomique et l\u2019inclusion sociale.<\/p>\n<p>[\/vc_column_text][\/vc_column][\/vc_row][vc_row type=&#8221;full-width-section&#8221; css=&#8221;.vc_custom_1742296908456{margin-bottom: 0px !important;padding-top: 60px !important;padding-bottom: 80px !important;background-color: #e8edf0 !important;}&#8221;][vc_column][vc_column_text el_class=&#8221;nobefore newtitleh2&#8243;]<\/p>\n<h2 class=\"nobefore uppercase\">Un engagement commun pour la M\u00e9diterran\u00e9e<\/h2>\n<p>[\/vc_column_text][vc_column_text font_size=&#8221;18&#8243; line_height=&#8221;24&#8243; css=&#8221;.vc_custom_1742557175447{margin-bottom: 25px !important;}&#8221;]<\/p>\n<div class=\"flex max-w-full flex-col flex-grow\">\n<div class=\"min-h-8 text-message relative flex w-full flex-col items-end gap-2 whitespace-normal break-words text-start [.text-message+&amp;]:mt-5\" dir=\"auto\" data-message-author-role=\"assistant\" data-message-id=\"0c6dc29a-9621-4310-b2e1-61efcbba5fb6\" data-message-model-slug=\"gpt-4o\">\n<div class=\"flex w-full flex-col gap-1 empty:hidden first:pt-[3px]\">\n<div class=\"markdown prose w-full break-words dark:prose-invert light\">\n<p data-start=\"0\" data-end=\"183\" data-is-last-node=\"\" data-is-only-node=\"\">Nous sommes fiers de collaborer avec des organisations qui partagent notre engagement en faveur d\u2019un avenir durable et \u00e9quitable. Parmi nos partenaires cl\u00e9s figurent:<\/p>\n<\/div>\n<\/div>\n<\/div>\n<\/div>\n<div class=\"mb-2 flex gap-3 -ml-2\">\n<div class=\"flex items-center justify-start rounded-xl p-1\">\n<div class=\"flex items-center\">\n<div class=\"flex items-center pb-0\"><\/div>\n<\/div>\n<\/div>\n<\/div>\n<p>[\/vc_column_text][vc_row_inner][vc_column_inner width=&#8221;1\/4&#8243;][\/vc_column_inner][vc_column_inner width=&#8221;3\/4&#8243;][vc_column_text font_size=&#8221;18&#8243; line_height=&#8221;24&#8243; css=&#8221;.vc_custom_1742557117286{margin-bottom: 0px !important;}&#8221;]\u2022 <strong>Organisations r\u00e9gionales<\/strong> : L\u2019UpM \u00e9tant partiellement financ\u00e9e par l\u2019Union europ\u00e9enne, nous collaborons \u00e9troitement avec plusieurs institutions et organes de l\u2019UE. L\u2019UpM coop\u00e8re \u00e9galement avec d\u2019autres organisations telles que la <a href=\"https:\/\/www.lasportal.org\/\">Ligue des \u00c9tats arabes<\/a> et l\u2019<a href=\"https:\/\/au.int\/fr\">Union africaine<\/a>.<\/p>\n<p>\u2022 <strong>Agences de d\u00e9veloppement des \u00c9tats membres de l\u2019UpM<\/strong> : Nous entretenons des collaborations strat\u00e9giques avec des agences telles que la <a href=\"https:\/\/www.giz.de\/en\/html\/index.html\">GIZ (Agence allemande de coop\u00e9ration internationale)<\/a>, l\u2019<a href=\"https:\/\/www.aecid.es\/EN\">AECID (Agence espagnole de coop\u00e9ration internationale au d\u00e9veloppement)<\/a> et la <a href=\"https:\/\/www.sida.se\/en\">Sida (Agence su\u00e9doise de coop\u00e9ration internationale au d\u00e9veloppement)<\/a>, qui contribuent toutes financi\u00e8rement \u00e0 l\u2019UpM.<\/p>\n<p>\u2022 <strong>Banques de d\u00e9veloppement et institutions financi\u00e8res<\/strong> : Nous travaillons en \u00e9troite collaboration avec la <a href=\"https:\/\/www.eib.org\/fr\/\">Banque europ\u00e9enne d\u2019investissement<\/a> ainsi qu\u2019avec d&#8217;autres institutions telles que l\u2019<a href=\"https:\/\/www.afd.fr\/fr\">Agence fran\u00e7aise de d\u00e9veloppement (AFD)<\/a> pour renforcer la mise en \u0153uvre d\u2019initiatives sur le terrain.<\/p>\n<p>\u2022 <strong>Agences des Nations Unies<\/strong> : Nos partenariats avec le <a href=\"https:\/\/www.undp.org\/fr\">PNUD<\/a>, <a href=\"https:\/\/www.unwomen.org\/fr\">ONU Femmes<\/a>, le <a href=\"https:\/\/www.unep.org\/fr\">PNUE<\/a>, <a href=\"https:\/\/www.unep.org\/unepmap\">PAM-UNEP<\/a>, <a href=\"https:\/\/www.unesco.org\/fr\">l\u2019UNESCO<\/a>, <a href=\"https:\/\/www.fao.org\/home\/fr\">la FAO<\/a>, et d\u2019autres organes des Nations Unies, renforcent la port\u00e9e et l&#8217;efficacit\u00e9 de nos projets, en coh\u00e9rence avec les cadres mondiaux tels que l\u2019<a href=\"https:\/\/sdgs.un.org\/goals\">Agenda 2030 pour le d\u00e9veloppement durable<\/a>.<\/p>\n<p>\u2022 <strong>Soci\u00e9t\u00e9 civile et ONG<\/strong> : Les partenariats avec des organisations de terrain favorisent un progr\u00e8s inclusif et port\u00e9 par les communaut\u00e9s.<\/p>\n<p>\u2022 <strong>Institutions acad\u00e9miques et de recherche<\/strong> : La collaboration avec des universit\u00e9s de renomm\u00e9e mondiale et des groupes de r\u00e9flexion renforce les bases scientifiques et factuelles de notre action.<\/p>\n<p>\u2022 <strong>Secteur priv\u00e9<\/strong> : Les partenariats avec les entreprises et les leaders industriels stimulent l\u2019innovation, la cr\u00e9ation d\u2019emplois et la croissance \u00e9conomique durable. Le secteur priv\u00e9 joue un r\u00f4le cl\u00e9 dans le d\u00e9ploiement des solutions et l\u2019investissement dans l\u2019avenir de la r\u00e9gion.[\/vc_column_text][\/vc_column_inner][\/vc_row_inner][\/vc_column][\/vc_row]<\/p>\n<\/section>","protected":false},"excerpt":{"rendered":"<p>[vc_row type=&#8221;full-width-content&#8221; content_placement=&#8221;bottom&#8221; css=&#8221;.vc_custom_1507899670783{margin-top: 0px !important;margin-bottom: 0px !important;padding-top: 0px !important;padding-bottom: 0px !important;}&#8221;][vc_column][vc_single_image image=&#8221;51614&#8243; img_size=&#8221;slide&#8221; alignment=&#8221;center&#8221;][\/vc_column][\/vc_row][vc_row css=&#8221;.vc_custom_1696062021533{margin-bottom: 0px !important;padding-top: 60px !important;padding-bottom: 60px !important;}&#8221;][vc_column width=&#8221;1\/4&#8243; css=&#8221;.vc_custom_1742296881686{margin-bottom: 30px !important;}&#8221;][vc_column_text el_class=&#8221;nobefore newtitleh1&#8243;] Nos partenaires [\/vc_column_text][\/vc_column][vc_column width=&#8221;3\/4&#8243;][vc_column_text font_size=&#8221;18&#8243; line_height=&#8221;24&#8243;] Le Secr\u00e9tariat de l\u2019UpM entretient des partenariats solides et strat\u00e9giques avec les principaux acteurs pertinents pour la mission de l\u2019UpM. En<br \/><a href=\"https:\/\/ufmsecretariat.org\/fr\/partenaires\/\" class=\"more\">Lire la suite<\/a><\/p>\n","protected":false},"author":3,"featured_media":0,"parent":0,"menu_order":0,"comment_status":"closed","ping_status":"closed","template":"","meta":{"footnotes":""},"priority-area":[],"class_list":["post-219239","page","type-page","status-publish","hentry"],"_links":{"self":[{"href":"https:\/\/ufmsecretariat.org\/fr\/wp-json\/wp\/v2\/pages\/219239","targetHints":{"allow":["GET"]}}],"collection":[{"href":"https:\/\/ufmsecretariat.org\/fr\/wp-json\/wp\/v2\/pages"}],"about":[{"href":"https:\/\/ufmsecretariat.org\/fr\/wp-json\/wp\/v2\/types\/page"}],"author":[{"embeddable":true,"href":"https:\/\/ufmsecretariat.org\/fr\/wp-json\/wp\/v2\/users\/3"}],"replies":[{"embeddable":true,"href":"https:\/\/ufmsecretariat.org\/fr\/wp-json\/wp\/v2\/comments?post=219239"}],"version-history":[{"count":3,"href":"https:\/\/ufmsecretariat.org\/fr\/wp-json\/wp\/v2\/pages\/219239\/revisions"}],"predecessor-version":[{"id":219242,"href":"https:\/\/ufmsecretariat.org\/fr\/wp-json\/wp\/v2\/pages\/219239\/revisions\/219242"}],"wp:attachment":[{"href":"https:\/\/ufmsecretariat.org\/fr\/wp-json\/wp\/v2\/media?parent=219239"}],"wp:term":[{"taxonomy":"priority-area","embeddable":true,"href":"https:\/\/ufmsecretariat.org\/fr\/wp-json\/wp\/v2\/priority-area?post=219239"}],"curies":[{"name":"wp","href":"https:\/\/api.w.org\/{rel}","templated":true}]}}