
{"id":226395,"date":"2025-05-02T14:27:28","date_gmt":"2025-05-02T13:27:28","guid":{"rendered":"https:\/\/ufmsecretariat.org\/?page_id=226395"},"modified":"2025-05-19T16:37:33","modified_gmt":"2025-05-19T15:37:33","slug":"ufm-energy-climate-action-youth-delegate-programme","status":"publish","type":"page","link":"https:\/\/ufmsecretariat.org\/fr\/ufm-energy-climate-action-youth-delegate-programme\/","title":{"rendered":"Programme des Jeunes D\u00e9l\u00e9gu\u00e9s de l\u2019UpM pour l\u2019\u00c9nergie et le Climat"},"content":{"rendered":"<section class=\"wpb-content-wrapper\"><p>[vc_row type=&#8221;full-width-content&#8221; css=&#8221;.vc_custom_1721745672235{margin-bottom: 0px !important;}&#8221;][vc_column][vc_single_image image=&#8221;229532&#8243; img_size=&#8221;slide&#8221; alignment=&#8221;center&#8221; css=&#8221;.vc_custom_1747665723188{margin-bottom: 0px !important;}&#8221;][\/vc_column][\/vc_row][vc_row type=&#8221;full-width-section&#8221; css=&#8221;.vc_custom_1730892587867{margin-top: 0px !important;margin-bottom: 0px !important;background-color: #ebebeb !important;}&#8221;][vc_column][vc_custom_heading text=&#8221;Programme des Jeunes D\u00e9l\u00e9gu\u00e9s de l\u2019UpM pour l\u2019\u00c9nergie et le Climat &#8211; Int\u00e9grer les voix des jeunes dans les politiques r\u00e9gionales&#8221; font_container=&#8221;tag:h1|text_align:left|color:%231d2e62&#8243; google_fonts=&#8221;font_family:Raleway%3A100%2C200%2C300%2Cregular%2C500%2C600%2C700%2C800%2C900|font_style:800%20bold%20regular%3A800%3Anormal&#8221; css=&#8221;.vc_custom_1747662381130{margin-top: 0px !important;padding-top: 40px !important;}&#8221;][\/vc_column][\/vc_row][vc_row type=&#8221;full-width-section&#8221; css=&#8221;.vc_custom_1730892592475{margin-top: 0px !important;margin-bottom: 0px !important;padding-top: 50px !important;padding-bottom: 50px !important;}&#8221;][vc_column width=&#8221;1\/3&#8243; font_color=&#8221;#000000&#8243; css=&#8221;.vc_custom_1730893034725{margin-top: 0px !important;border-radius: 3px !important;}&#8221;][vc_custom_heading text=&#8221;Qu\u2019est-ce que le Programme des Jeunes D\u00e9l\u00e9gu\u00e9s ?&#8221; font_container=&#8221;tag:h2|text_align:left|color:%231d2e62&#8243; google_fonts=&#8221;font_family:Lato%3A100%2C100italic%2C300%2C300italic%2Cregular%2Citalic%2C700%2C700italic%2C900%2C900italic|font_style:900%20bold%20regular%3A900%3Anormal&#8221;][\/vc_column][vc_column width=&#8221;2\/3&#8243;][vc_column_text]<\/p>\n<p class=\"\" data-start=\"377\" data-end=\"1220\">Le <strong>Programme des Jeunes D\u00e9l\u00e9gu\u00e9s de l\u2019UpM pour l\u2019\u00c9nergie et le Climat<\/strong> est une nouvelle initiative qui place les jeunes au c\u0153ur des prises de d\u00e9cision climatiques et \u00e9nerg\u00e9tiques dans la r\u00e9gion euro-m\u00e9diterran\u00e9enne. <strong>Con\u00e7u comme un parcours de douze mois<\/strong>, le programme dote les jeunes leaders \u00e9mergents (\u00e2g\u00e9s de 20 \u00e0 30 ans) des outils, des connaissances et des plateformes n\u00e9cessaires pour contribuer de mani\u00e8re significative \u00e0 l\u2019action climatique r\u00e9gionale et \u00e0 la gouvernance \u00e9nerg\u00e9tique.<\/p>\n<p class=\"\" data-start=\"377\" data-end=\"1220\">Les participants \u2013 appel\u00e9s Jeunes D\u00e9l\u00e9gu\u00e9s \u2013 prendront part \u00e0 des dialogues politiques de haut niveau, co-concevront des initiatives climatiques, participeront \u00e0 des \u00e9v\u00e9nements r\u00e9gionaux et internationaux (tels que la COP30), et b\u00e9n\u00e9ficieront d\u2019un mentorat d\u2019experts de la Division \u00c9nergie et Action Climatique de l\u2019UpM.<\/p>\n<p class=\"\" data-start=\"1222\" data-end=\"1557\">Ce programme non r\u00e9mun\u00e9r\u00e9 et non contractuel vise \u00e0 renforcer les capacit\u00e9s, favoriser les \u00e9changes entre pairs et mettre en valeur les jeunes en tant que co-cr\u00e9ateurs de solutions durables.<\/p>\n<p class=\"\" data-start=\"1222\" data-end=\"1557\"><strong data-start=\"1415\" data-end=\"1528\">L\u2019appel \u00e0 candidatures est actuellement ouvert. Postulez avant le dimanche 25 mai 2025 \u00e0 minuit (00h00 CEST).<\/strong><\/p>\n<p>[\/vc_column_text]<style type=\"text\/css\" >#b_jkc1uq2uymqmz1u9vvth a{color:#ffffff; background:#408f53; margin-top:0px; margin-bottom:0px;  margin-left:0px; margin-right:0px; font-weight:700; border-radius:50px;}#b_jkc1uq2uymqmz1u9vvth a:hover{color: ; background:#275632 ;}<\/style><div class=\"ta_left tf_btn_pos\" id=\"b_jkc1uq2uymqmz1u9vvth\" ><a class=\"rd_normal_bt large_rd_bt  \" href=\"https:\/\/ufmsecretariat.org\/wp-content\/uploads\/2025\/05\/ufm-eca-youth-delegate-programme_CONCEPTNOTE_FR.pdf\" target=\"yes\" >LISEZ LA NOTE DE CADRE<\/a><\/div>[\/vc_column][\/vc_row][vc_row type=&#8221;full-width-section&#8221;][vc_column][vc_single_image image=&#8221;229535&#8243; img_size=&#8221;full&#8221;][\/vc_column][\/vc_row][vc_row type=&#8221;full-width-section&#8221; css=&#8221;.vc_custom_1730892596589{margin-top: 0px !important;margin-bottom: 0px !important;padding-top: 50px !important;padding-bottom: 50px !important;background-color: #ebebeb !important;}&#8221;][vc_column width=&#8221;1\/3&#8243; font_color=&#8221;#000000&#8243; css=&#8221;.vc_custom_1730893027756{margin-top: 0px !important;border-radius: 3px !important;}&#8221;][vc_custom_heading text=&#8221;Pourquoi postuler ?&#8221; font_container=&#8221;tag:h2|text_align:left|color:%231d2e62&#8243; google_fonts=&#8221;font_family:Lato%3A100%2C100italic%2C300%2C300italic%2Cregular%2Citalic%2C700%2C700italic%2C900%2C900italic|font_style:900%20bold%20regular%3A900%3Anormal&#8221;][\/vc_column][vc_column width=&#8221;2\/3&#8243;][vc_column_text]En tant que Jeune D\u00e9l\u00e9gu\u00e9, vous pourrez :<\/p>\n<ul>\n<li>\n<p class=\"\" data-start=\"1585\" data-end=\"2535\"><strong data-start=\"1634\" data-end=\"1663\">Influencer les politiques<\/strong> : participer \u00e0 des consultations r\u00e9gionales, contribuer aux processus minist\u00e9riels de l\u2019UpM et aider \u00e0 l\u2019\u00e9laboration de strat\u00e9gies climatiques et \u00e9nerg\u00e9tiques impactantes ;<\/p>\n<\/li>\n<li>\n<p class=\"\" data-start=\"1585\" data-end=\"2535\"><strong data-start=\"1841\" data-end=\"1871\">D\u00e9velopper vos comp\u00e9tences<\/strong> : recevoir une formation en diplomatie climatique, d\u00e9veloppement de projets, innovation verte et plaidoyer efficace ;<\/p>\n<\/li>\n<li>\n<p class=\"\" data-start=\"1585\" data-end=\"2535\"><strong data-start=\"1994\" data-end=\"2018\">\u00c9largir votre r\u00e9seau<\/strong> : collaborer avec d\u2019autres jeunes engag\u00e9s, des leaders climatiques et des institutions r\u00e9gionales dans toute la r\u00e9gion euro-m\u00e9diterran\u00e9enne ;<\/p>\n<\/li>\n<li>\n<p class=\"\" data-start=\"1585\" data-end=\"2535\"><strong data-start=\"2165\" data-end=\"2194\">Faire entendre votre voix<\/strong> : repr\u00e9senter les jeunes lors d\u2019\u00e9v\u00e9nements majeurs tels que le Forum \u00c9nergie et Climat de l\u2019UpM et le Pavillon M\u00e9diterran\u00e9en \u00e0 la COP30 ;<\/p>\n<\/li>\n<li>\n<p class=\"\" data-start=\"1585\" data-end=\"2535\"><strong data-start=\"2337\" data-end=\"2358\">Cr\u00e9er de l\u2019impact<\/strong> : co-d\u00e9velopper des projets r\u00e9gionaux et publier des r\u00e9sultats communs qui refl\u00e8tent la vision des jeunes sur les transitions \u00e9nerg\u00e9tiques justes et la r\u00e9silience climatique.<\/p>\n<\/li>\n<\/ul>\n<p>[\/vc_column_text][\/vc_column][\/vc_row][vc_row type=&#8221;full-width-section&#8221; css=&#8221;.vc_custom_1730892600685{margin-top: 0px !important;margin-bottom: 0px !important;padding-top: 50px !important;padding-bottom: 50px !important;}&#8221;][vc_column width=&#8221;1\/3&#8243; font_color=&#8221;#000000&#8243; css=&#8221;.vc_custom_1721746360768{margin-top: 0px !important;margin-right: 5px !important;margin-bottom: 0px !important;margin-left: 5px !important;padding-top: 10px !important;padding-right: 10px !important;padding-bottom: 10px !important;padding-left: 10px !important;border-radius: 3px !important;}&#8221;][vc_custom_heading text=&#8221;Qui peut postuler ?&#8221; font_container=&#8221;tag:h2|text_align:left|color:%231d2e62&#8243; google_fonts=&#8221;font_family:Lato%3A100%2C100italic%2C300%2C300italic%2Cregular%2Citalic%2C700%2C700italic%2C900%2C900italic|font_style:900%20bold%20regular%3A900%3Anormal&#8221;][\/vc_column][vc_column width=&#8221;2\/3&#8243;][vc_column_text]<\/p>\n<p class=\"\" data-start=\"2671\" data-end=\"3221\">Nous accueillons les candidatures de jeunes acteurs du changement qui :<\/p>\n<ul>\n<li data-start=\"2671\" data-end=\"3221\">Ont entre <strong>20 et 30 ans<\/strong> au moment de la candidature ;<\/li>\n<li data-start=\"2671\" data-end=\"3221\">Sont ressortissants d\u2019un <strong>\u00c9tat membre de l\u2019UpM<\/strong> ;<\/li>\n<li data-start=\"2671\" data-end=\"3221\">Ont une exp\u00e9rience acad\u00e9mique, professionnelle ou b\u00e9n\u00e9vole dans les domaines de <strong>l\u2019action climatique, de l\u2019\u00e9nergie, du d\u00e9veloppement durable<\/strong> ou dans des domaines connexes ;<\/li>\n<li data-start=\"2671\" data-end=\"3221\">Sont <strong>motiv\u00e9s<\/strong>, capables de travailler en collaboration, et d\u00e9sireux de contribuer \u00e0 la <strong>coop\u00e9ration et au d\u00e9veloppement r\u00e9gionaux<\/strong> ;<\/li>\n<li data-start=\"2671\" data-end=\"3221\">Ma\u00eetrisent <strong>l\u2019anglais<\/strong>, langue de travail du programme.<\/li>\n<\/ul>\n<p class=\"\" data-start=\"3223\" data-end=\"3377\">Nous nous engageons \u00e0 assurer un <strong>\u00e9quilibre r\u00e9gional<\/strong> et une <strong>parit\u00e9 de genre<\/strong> dans le processus de s\u00e9lection.<\/p>\n<p>[\/vc_column_text]<style type=\"text\/css\" >#b_li4mcpb0vryi61k9h3fu a{color:#ffffff; background:#408f53; margin-top:0px; margin-bottom:0px;  margin-left:0px; margin-right:0px; font-weight:700; border-radius:50px;}#b_li4mcpb0vryi61k9h3fu a:hover{color: ; background:#275632 ;}<\/style><div class=\"ta_left tf_btn_pos\" id=\"b_li4mcpb0vryi61k9h3fu\" ><a class=\"rd_normal_bt large_rd_bt  \" href=\"https:\/\/ufmsecretariat.org\/wp-content\/uploads\/2025\/05\/ufm-eca-youth-delegate-programme_CONCEPTNOTE_FR.pdf\" target=\"yes\" >LISEZ LES CRIT\u00c8RES D\u2019\u00c9LIGIBILIT\u00c9 COMPLETS<\/a><\/div>[\/vc_column][\/vc_row][vc_row type=&#8221;full-width-section&#8221; css=&#8221;.vc_custom_1730892604346{margin-top: 0px !important;margin-bottom: 0px !important;padding-top: 50px !important;padding-bottom: 50px !important;background-color: #ebebeb !important;}&#8221;][vc_column width=&#8221;1\/3&#8243; font_color=&#8221;#000000&#8243; css=&#8221;.vc_custom_1730893019267{border-radius: 3px !important;}&#8221;][vc_custom_heading text=&#8221;D\u00e9tails de la candidature&#8221; font_container=&#8221;tag:h2|text_align:left|color:%231d2e62&#8243; google_fonts=&#8221;font_family:Lato%3A100%2C100italic%2C300%2C300italic%2Cregular%2Citalic%2C700%2C700italic%2C900%2C900italic|font_style:900%20bold%20regular%3A900%3Anormal&#8221;][\/vc_column][vc_column width=&#8221;2\/3&#8243;][vc_column_text]<\/p>\n<p class=\"\" data-start=\"3411\" data-end=\"3922\">Les candidatures sont ouvertes jusqu\u2019au <strong data-start=\"3451\" data-end=\"3497\">dimanche 25 mai 2025 \u00e0 minuit (00h00 CEST)<\/strong>. Pour postuler, vous devez remplir un <a href=\"https:\/\/forms.office.com\/Pages\/ResponsePage.aspx?id=nhKjpQ2t70ivqrwoSrRLw17AU01nx-dMjFqGNXAmnd9UOTVZRUs2SVRLNVNXTUNRSkFLSzhNQzBSOCQlQCNjPTEu\">formulaire en ligne<\/a> et soumettre les documents suivants via un lien de stockage en ligne (Google Drive, Dropbox, OneDrive) :<\/p>\n<ul>\n<li data-start=\"3411\" data-end=\"3922\">Une <strong>lettre de motivation<\/strong> (1 page max.)<\/li>\n<li data-start=\"3411\" data-end=\"3922\">Un <strong>curriculum vitae (CV)<\/strong> (2 pages max.)<\/li>\n<li data-start=\"3411\" data-end=\"3922\">Une <strong>br\u00e8ve proposition d\u2019id\u00e9e ou d\u2019initiative innovante<\/strong> li\u00e9e au climat ou \u00e0 l\u2019\u00e9nergie en M\u00e9diterran\u00e9e (1 page max.)<\/li>\n<li data-start=\"3411\" data-end=\"3922\">Une copie scann\u00e9e de votre <strong>passeport<\/strong> (page photo)<\/li>\n<\/ul>\n<p class=\"\" data-start=\"3924\" data-end=\"4121\">Les candidats s\u00e9lectionn\u00e9s seront annonc\u00e9s d\u2019ici la <strong>fin du mois de mai 2025<\/strong>, suivis d\u2019un atelier d\u2019int\u00e9gration pr\u00e9sentant les processus de l\u2019UpM, les priorit\u00e9s de 2025 et l\u2019\u00e9thique de l\u2019engagement.<\/p>\n<p>[\/vc_column_text]<style type=\"text\/css\" >#b_07ol4epkjjo469oi1j32 a{color:#ffffff; background:#408f53; margin-top:0px; margin-bottom:0px;  margin-left:0px; margin-right:0px; font-weight:700; border-radius:50px;}#b_07ol4epkjjo469oi1j32 a:hover{color: ; background:#275632 ;}<\/style><div class=\"ta_left tf_btn_pos\" id=\"b_07ol4epkjjo469oi1j32\" ><a class=\"rd_normal_bt large_rd_bt  \" href=\"https:\/\/forms.office.com\/Pages\/ResponsePage.aspx?id=nhKjpQ2t70ivqrwoSrRLw17AU01nx-dMjFqGNXAmnd9UOTVZRUs2SVRLNVNXTUNRSkFLSzhNQzBSOCQlQCNjPTEu\" target=\"yes\" >POSTULEZ D\u00c8S AUJOURD\u2019HUI<\/a><\/div>[\/vc_column][\/vc_row][vc_row type=&#8221;full-width-section&#8221; css=&#8221;.vc_custom_1730892608932{margin-top: 0px !important;margin-bottom: 0px !important;padding-top: 50px !important;padding-bottom: 50px !important;}&#8221;][vc_column width=&#8221;1\/3&#8243; font_color=&#8221;#000000&#8243; css=&#8221;.vc_custom_1730893011212{border-radius: 3px !important;}&#8221;][vc_custom_heading text=&#8221;Questions fr\u00e9quentes&#8221; font_container=&#8221;tag:h2|text_align:left|color:%231d2e62&#8243; google_fonts=&#8221;font_family:Lato%3A100%2C100italic%2C300%2C300italic%2Cregular%2Citalic%2C700%2C700italic%2C900%2C900italic|font_style:900%20bold%20regular%3A900%3Anormal&#8221;][\/vc_column][vc_column width=&#8221;2\/3&#8243;][vc_column_text]Vous avez des doutes ?<br data-start=\"4206\" data-end=\"4209\" \/>Vous pouvez consulter notre liste de <strong data-start=\"4246\" data-end=\"4257\">FAQ <a href=\"https:\/\/ufmsecretariat.org\/wp-content\/uploads\/2025\/05\/ufm-eca-youth-delegate-programme_FAQ_FR.pdf\">ici<\/a><\/strong>.[\/vc_column_text][\/vc_column][\/vc_row][vc_row disable_element=&#8221;yes&#8221; css=&#8221;.vc_custom_1746192024399{padding-top: 10px !important;background-color: #009871 !important;}&#8221;][vc_column][\/vc_column][\/vc_row][vc_row disable_element=&#8221;yes&#8221;][vc_column width=&#8221;2\/12&#8243;][vc_custom_heading text=&#8221;Organised by&#8221; font_container=&#8221;tag:h3|font_size:25px|text_align:left|color:%23009871|line_height:30px&#8221; google_fonts=&#8221;font_family:Lato%3A100%2C100italic%2C300%2C300italic%2Cregular%2Citalic%2C700%2C700italic%2C900%2C900italic|font_style:700%20bold%20regular%3A700%3Anormal&#8221;][vc_row_inner][vc_column_inner css=&#8221;.vc_custom_1730906392997{margin-top: 20px !important;}&#8221;][vc_single_image image=&#8221;155695&#8243; img_size=&#8221;full&#8221;][\/vc_column_inner][\/vc_row_inner][\/vc_column][vc_column width=&#8221;5\/12&#8243;][vc_custom_heading text=&#8221;Supported by&#8221; font_container=&#8221;tag:h3|font_size:25px|text_align:left|color:%23009871|line_height:30px&#8221; google_fonts=&#8221;font_family:Lato%3A100%2C100italic%2C300%2C300italic%2Cregular%2Citalic%2C700%2C700italic%2C900%2C900italic|font_style:700%20bold%20regular%3A700%3Anormal&#8221;][vc_row_inner equal_height=&#8221;yes&#8221; content_placement=&#8221;middle&#8221;][vc_column_inner width=&#8221;1\/4&#8243;][vc_single_image image=&#8221;181230&#8243; img_size=&#8221;full&#8221;][\/vc_column_inner][vc_column_inner width=&#8221;1\/4&#8243;][vc_single_image image=&#8221;101613&#8243; img_size=&#8221;full&#8221;][\/vc_column_inner][vc_column_inner width=&#8221;1\/4&#8243;][vc_single_image image=&#8221;181260&#8243; img_size=&#8221;full&#8221;][\/vc_column_inner][vc_column_inner width=&#8221;1\/4&#8243;][vc_single_image image=&#8221;181242&#8243; img_size=&#8221;full&#8221;][\/vc_column_inner][\/vc_row_inner][\/vc_column][vc_column width=&#8221;5\/12&#8243;][vc_custom_heading text=&#8221;Implemented by&#8221; font_container=&#8221;tag:h3|font_size:25px|text_align:left|color:%23009871|line_height:30px&#8221; google_fonts=&#8221;font_family:Lato%3A100%2C100italic%2C300%2C300italic%2Cregular%2Citalic%2C700%2C700italic%2C900%2C900italic|font_style:700%20bold%20regular%3A700%3Anormal&#8221;][vc_row_inner equal_height=&#8221;yes&#8221; content_placement=&#8221;middle&#8221;][vc_column_inner width=&#8221;1\/3&#8243;][vc_single_image image=&#8221;181227&#8243; img_size=&#8221;full&#8221;][\/vc_column_inner][vc_column_inner width=&#8221;1\/3&#8243;][vc_single_image image=&#8221;181236&#8243; img_size=&#8221;full&#8221;][\/vc_column_inner][vc_column_inner width=&#8221;1\/3&#8243;][vc_single_image image=&#8221;181239&#8243; img_size=&#8221;full&#8221;][\/vc_column_inner][\/vc_row_inner][\/vc_column][\/vc_row]<\/p>\n<\/section>","protected":false},"excerpt":{"rendered":"<p>[vc_row type=&#8221;full-width-content&#8221; css=&#8221;.vc_custom_1721745672235{margin-bottom: 0px !important;}&#8221;][vc_column][vc_single_image image=&#8221;229532&#8243; img_size=&#8221;slide&#8221; alignment=&#8221;center&#8221; css=&#8221;.vc_custom_1747665723188{margin-bottom: 0px !important;}&#8221;][\/vc_column][\/vc_row][vc_row type=&#8221;full-width-section&#8221; css=&#8221;.vc_custom_1730892587867{margin-top: 0px !important;margin-bottom: 0px !important;background-color: #ebebeb !important;}&#8221;][vc_column][vc_custom_heading text=&#8221;Programme des Jeunes D\u00e9l\u00e9gu\u00e9s de l\u2019UpM pour l\u2019\u00c9nergie et le Climat &#8211; Int\u00e9grer les voix des jeunes dans les politiques r\u00e9gionales&#8221; font_container=&#8221;tag:h1|text_align:left|color:%231d2e62&#8243; google_fonts=&#8221;font_family:Raleway%3A100%2C200%2C300%2Cregular%2C500%2C600%2C700%2C800%2C900|font_style:800%20bold%20regular%3A800%3Anormal&#8221; css=&#8221;.vc_custom_1747662381130{margin-top: 0px !important;padding-top: 40px !important;}&#8221;][\/vc_column][\/vc_row][vc_row type=&#8221;full-width-section&#8221; css=&#8221;.vc_custom_1730892592475{margin-top: 0px !important;margin-bottom: 0px !important;padding-top: 50px !important;padding-bottom:<br \/><a href=\"https:\/\/ufmsecretariat.org\/fr\/ufm-energy-climate-action-youth-delegate-programme\/\" class=\"more\">Lire la suite<\/a><\/p>\n","protected":false},"author":38,"featured_media":226387,"parent":0,"menu_order":0,"comment_status":"closed","ping_status":"closed","template":"","meta":{"footnotes":""},"priority-area":[198],"class_list":["post-226395","page","type-page","status-publish","has-post-thumbnail","hentry","priority-area-energy-climate-action-fr"],"_links":{"self":[{"href":"https:\/\/ufmsecretariat.org\/fr\/wp-json\/wp\/v2\/pages\/226395","targetHints":{"allow":["GET"]}}],"collection":[{"href":"https:\/\/ufmsecretariat.org\/fr\/wp-json\/wp\/v2\/pages"}],"about":[{"href":"https:\/\/ufmsecretariat.org\/fr\/wp-json\/wp\/v2\/types\/page"}],"author":[{"embeddable":true,"href":"https:\/\/ufmsecretariat.org\/fr\/wp-json\/wp\/v2\/users\/38"}],"replies":[{"embeddable":true,"href":"https:\/\/ufmsecretariat.org\/fr\/wp-json\/wp\/v2\/comments?post=226395"}],"version-history":[{"count":10,"href":"https:\/\/ufmsecretariat.org\/fr\/wp-json\/wp\/v2\/pages\/226395\/revisions"}],"predecessor-version":[{"id":229557,"href":"https:\/\/ufmsecretariat.org\/fr\/wp-json\/wp\/v2\/pages\/226395\/revisions\/229557"}],"wp:featuredmedia":[{"embeddable":true,"href":"https:\/\/ufmsecretariat.org\/fr\/wp-json\/wp\/v2\/media\/226387"}],"wp:attachment":[{"href":"https:\/\/ufmsecretariat.org\/fr\/wp-json\/wp\/v2\/media?parent=226395"}],"wp:term":[{"taxonomy":"priority-area","embeddable":true,"href":"https:\/\/ufmsecretariat.org\/fr\/wp-json\/wp\/v2\/priority-area?post=226395"}],"curies":[{"name":"wp","href":"https:\/\/api.w.org\/{rel}","templated":true}]}}