
{"id":23689,"date":"2016-04-18T15:34:10","date_gmt":"2016-04-18T14:34:10","guid":{"rendered":"https:\/\/ufmsecretariat.org\/vacancies\/ufm-internship-program\/"},"modified":"2025-11-07T16:55:22","modified_gmt":"2025-11-07T15:55:22","slug":"internships","status":"publish","type":"page","link":"https:\/\/ufmsecretariat.org\/fr\/travailler-avec-nous\/internships\/","title":{"rendered":"Internships"},"content":{"rendered":"<section class=\"wpb-content-wrapper\"><p>[vc_row type=&#8221;full-width-content&#8221; content_placement=&#8221;bottom&#8221; css=&#8221;.vc_custom_1507902475314{margin-top: 0px !important;margin-bottom: 0px !important;padding-top: 0px !important;padding-bottom: 0px !important;}&#8221;][vc_column][vc_single_image image=&#8221;52484&#8243; img_size=&#8221;slide&#8221; alignment=&#8221;center&#8221;][\/vc_column][\/vc_row][vc_row type=&#8221;full-width-section&#8221; content_placement=&#8221;bottom&#8221; css=&#8221;.vc_custom_1472543612832{margin-top: 0px !important;margin-bottom: -50px !important;padding-top: 25px !important;padding-bottom: 20px !important;background-color: #464e90 !important;}&#8221; el_id=&#8221;page-title&#8221;][vc_column][vc_custom_heading text=&#8221;Internships&#8221; font_container=&#8221;tag:h1|text_align:left|color:%23ffffff&#8221; use_theme_fonts=&#8221;yes&#8221; css=&#8221;.vc_custom_1715094116689{margin-bottom: 0px !important;}&#8221;][\/vc_column][\/vc_row][vc_row css=&#8221;.vc_custom_1487074923064{margin-bottom: 50px !important;padding-top: 35px !important;}&#8221; el_id=&#8221;vacancies&#8221;][vc_column width=&#8221;9\/12&#8243;][vc_row_inner css=&#8221;.vc_custom_1505483075863{margin-bottom: 35px !important;padding-top: 15px !important;}&#8221;][vc_column_inner][vc_custom_heading text=&#8221;The Secretariat of the Union for the Mediterranean offers opportunities to gain experience within an international organisation, which will ultimately enhance your personal and professional growth.&#8221; font_container=&#8221;tag:h3|text_align:left&#8221; use_theme_fonts=&#8221;yes&#8221; css=&#8221;.vc_custom_1715094082974{margin-bottom: 20px !important;}&#8221;][vc_column_text css=&#8221;.vc_custom_1715094094511{margin-bottom: 0px !important;}&#8221;]<\/p>\n<p class=\"p1\">The UfM Secretariat offers several opportunities for young graduate and postgraduate students or recently graduated candidates.<\/p>\n<p>[\/vc_column_text][\/vc_column_inner][\/vc_row_inner][vc_row_inner css=&#8221;.vc_custom_1483972220177{margin-bottom: 0px !important;}&#8221;][vc_column_inner][vc_custom_heading text=&#8221;General Requirement&#8221; use_theme_fonts=&#8221;yes&#8221; css=&#8221;.vc_custom_1715094130275{margin-bottom: 20px !important;}&#8221;][\/vc_column_inner][\/vc_row_inner][vc_row_inner css=&#8221;.vc_custom_1513252835158{margin-bottom: 0px !important;}&#8221;][vc_column_inner width=&#8221;1\/3&#8243; css=&#8221;.vc_custom_1513252843004{margin-bottom: 35px !important;}&#8221;][vc_single_image image=&#8221;52313&#8243; img_size=&#8221;full&#8221; css=&#8221;.vc_custom_1505480054403{margin-bottom: 10px !important;}&#8221;][vc_column_text]Under 30 years of age.<\/p>\n<p>Be a national of any\u00a0<a href=\"https:\/\/ufmsecretariat.org\/who-we-are\/member-states\/\" target=\"_blank\" rel=\"noopener\">UfM Members States<\/a>[\/vc_column_text][\/vc_column_inner][vc_column_inner width=&#8221;1\/3&#8243; css=&#8221;.vc_custom_1513252850454{margin-bottom: 35px !important;}&#8221;][vc_single_image image=&#8221;52319&#8243; img_size=&#8221;full&#8221; css=&#8221;.vc_custom_1505480066239{margin-bottom: 10px !important;}&#8221;][vc_column_text]<\/p>\n<p class=\"p1\">Recent graduates or students enrolled in a degree or post-secondary education programme at the time of application and during the internship, having completed at least one year of full-time studies. Internship agreement with University is required.<\/p>\n<p>[\/vc_column_text][\/vc_column_inner][vc_column_inner width=&#8221;1\/3&#8243; css=&#8221;.vc_custom_1513252856588{margin-bottom: 35px !important;}&#8221;][vc_single_image image=&#8221;52316&#8243; img_size=&#8221;full&#8221; css=&#8221;.vc_custom_1505480079277{margin-bottom: 10px !important;}&#8221;][vc_column_text]<\/p>\n<p class=\"p1\">Good command of English, both orally and in writing. Knowledge of French, Spanish and\/or Arabic is an asset.<\/p>\n<p>[\/vc_column_text][\/vc_column_inner][\/vc_row_inner][vc_row_inner][vc_column_inner][vc_custom_heading text=&#8221;Remuneration&#8221; use_theme_fonts=&#8221;yes&#8221; css=&#8221;.vc_custom_1715094190090{margin-bottom: 20px !important;}&#8221;][vc_column_text css=&#8221;.vc_custom_1715094179511{margin-bottom: 0px !important;}&#8221;]Interns receive a monthly allowance of 550\u20ac<\/p>\n<p>Interns who were not residing in Barcelona area prior to the start of the internship will be eligible for an additional housing allowance (550\u20ac).\u00a0<strong>\u00a0<\/strong>[\/vc_column_text][\/vc_column_inner][\/vc_row_inner][vc_row_inner][vc_column_inner][vc_custom_heading text=&#8221;Duration&#8221; use_theme_fonts=&#8221;yes&#8221; css=&#8221;.vc_custom_1715094200140{margin-bottom: 20px !important;}&#8221;][vc_column_text css=&#8221;.vc_custom_1715094210926{margin-bottom: 0px !important;}&#8221;]<\/p>\n<p class=\"p1\">The internship duration is 6\u00a0months. Please note that we divide our internship Programme in two periods (check call for expression of interest for internships)<\/p>\n<p>[\/vc_column_text][\/vc_column_inner][\/vc_row_inner][vc_row_inner][vc_column_inner][vc_custom_heading text=&#8221;Open vacancies&#8221; use_theme_fonts=&#8221;yes&#8221; css=&#8221;.vc_custom_1715094241856{margin-bottom: 20px !important;}&#8221;][vc_column_text css=&#8221;.vc_custom_1762530903468{margin-bottom: 0px !important;}&#8221;]No positions are currently available.<br data-start=\"90\" data-end=\"93\" \/>[\/vc_column_text][\/vc_column_inner][\/vc_row_inner][vc_row_inner disable_element=&#8221;yes&#8221;][vc_column_inner][vc_custom_heading text=&#8221;Candidature&#8221; use_theme_fonts=&#8221;yes&#8221; css=&#8221;.vc_custom_1644250224943{margin-bottom: 20px !important;}&#8221;][vc_column_text css=&#8221;.vc_custom_1644250308200{margin-bottom: 0px !important;}&#8221;]<\/p>\n<p class=\"p1\">Pour postuler \u00e0 un stage \u00e0 l&#8217;UpM, veuillez lire la documentation suivante et postuler via <a href=\"https:\/\/ufmsecretariat.org\/fr\/travailler-avec-nous\/internships\/\" target=\"_blank\" rel=\"noopener\">le formulaire ci-dessous<\/a><\/p>\n<p class=\"p1\">Appel \u00e0 candidatures : Stages \u00e0 l&#8217;UpM 2021<\/p>\n<p>[\/vc_column_text][\/vc_column_inner][\/vc_row_inner][vc_row_inner disable_element=&#8221;yes&#8221; css=&#8221;.vc_custom_1707990687203{margin-bottom: 15px !important;}&#8221;][vc_column_inner][vc_custom_heading text=&#8221;Candidature&#8221; use_theme_fonts=&#8221;yes&#8221; css=&#8221;.vc_custom_1644250403577{margin-bottom: 20px !important;}&#8221;][vc_column_text css=&#8221;.vc_custom_1644250415319{margin-bottom: 15px !important;}&#8221;]<\/p>\n<p class=\"p1\">Tous les candidats int\u00e9ress\u00e9s sont invit\u00e9s \u00e0 soumettre leur candidature via le formulaire en ligne.<\/p>\n<p>[\/vc_column_text]<style type=\"text\/css\" >#b_i4sthh4naookgivknxoe a{color:#ffffff; background:#09b25b; margin-top:0px; margin-bottom:px;  margin-left:0px; margin-right:0px; font-weight:900; border-radius:50px;}#b_i4sthh4naookgivknxoe a:hover{color: ; background:#04e070 ;}<\/style><div class=\"ta_left tf_btn_pos\" id=\"b_i4sthh4naookgivknxoe\" ><a class=\"rd_normal_bt smallmedium_rd_bt  \" href=\"\/internship-application-form\/\" target=\"\" >FORMULAIRE DE DEMANDE DE STAGE<\/a><\/div>[\/vc_column_inner][\/vc_row_inner][vc_row_inner css=&#8221;.vc_custom_1625501421071{margin-top: 30px !important;}&#8221;][vc_column_inner][vc_custom_heading text=&#8221;UfM Study Visits&#8221; use_theme_fonts=&#8221;yes&#8221; css=&#8221;.vc_custom_1715094265890{margin-bottom: 20px !important;}&#8221;][vc_column_text css=&#8221;.vc_custom_1715094275877{margin-bottom: 0px !important;}&#8221; el_class=&#8221;requestfile&#8221;]<\/p>\n<p class=\"p1\">There are no Open Vacancies at the moment.<\/p>\n<p>[\/vc_column_text][\/vc_column_inner][\/vc_row_inner][vc_row_inner][vc_column_inner][vc_custom_heading text=&#8221;More information&#8221; use_theme_fonts=&#8221;yes&#8221; css=&#8221;.vc_custom_1715094287906{margin-bottom: 20px !important;}&#8221;][vc_column_text css=&#8221;.vc_custom_1715094485233{margin-bottom: 0px !important;}&#8221; el_class=&#8221;requestfile&#8221;]<\/p>\n<div class=\"vc_row wpb_row vc_inner vc_row-fluid\">\n<div class=\"wpb_column vc_column_container vc_span12\">\n<div class=\"vc_column-inner \">\n<div class=\"wpb_wrapper\">\n<div class=\"wpb_text_column wpb_content_element requestfile vc_custom_1715009443749 \">\n<div id=\"ct_0n8nhkvfpzch6aeotjyo\" class=\"wpb_wrapper\">\n<p>The UfM\u00a0<a href=\"https:\/\/ufmsecretariat.org\/wp-content\/uploads\/2018\/12\/17-07-18-Code-of-Conduct.pdf\">Code of Conduct<\/a>\u00a0and the\u00a0<a href=\"https:\/\/ufmsecretariat.org\/wp-content\/uploads\/2018\/12\/17-07-18-Anti-fraud-Anti-corruption-Policy.pdf\">Antifraud Policy<\/a><\/p>\n<p>Applicants should apply to the Internship Programme only if they meet the\u00a0minimum criteria and if they are nationals of UfM Members States.<\/p>\n<p>Please note that due to the large number of applicants, the HR unit is not necessarily in a position to reply to each request and only short-listed applicants will be contacted for an interview.<\/p>\n<\/div>\n<\/div>\n<\/div>\n<\/div>\n<\/div>\n<\/div>\n<p>[\/vc_column_text][\/vc_column_inner][\/vc_row_inner][vc_row_inner css=&#8221;.vc_custom_1519746225147{margin-bottom: 15px !important;}&#8221;][vc_column_inner][\/vc_column_inner][\/vc_row_inner][vc_column_text css=&#8221;.vc_custom_1715094561712{margin-bottom: 0px !important;}&#8221;][\/vc_column_text][\/vc_column][vc_column width=&#8221;3\/12&#8243; el_class=&#8221;vc_sidebar&#8221;][vc_widget_sidebar sidebar_id=&#8221;thefox_vacancies&#8221;][\/vc_column][\/vc_row]<\/p>\n<\/section>","protected":false},"excerpt":{"rendered":"<p>[vc_row type=&#8221;full-width-content&#8221; content_placement=&#8221;bottom&#8221; css=&#8221;.vc_custom_1507902475314{margin-top: 0px !important;margin-bottom: 0px !important;padding-top: 0px !important;padding-bottom: 0px !important;}&#8221;][vc_column][vc_single_image image=&#8221;52484&#8243; img_size=&#8221;slide&#8221; alignment=&#8221;center&#8221;][\/vc_column][\/vc_row][vc_row type=&#8221;full-width-section&#8221; content_placement=&#8221;bottom&#8221; css=&#8221;.vc_custom_1472543612832{margin-top: 0px !important;margin-bottom: -50px !important;padding-top: 25px !important;padding-bottom: 20px !important;background-color: #464e90 !important;}&#8221; el_id=&#8221;page-title&#8221;][vc_column][vc_custom_heading text=&#8221;Internships&#8221; font_container=&#8221;tag:h1|text_align:left|color:%23ffffff&#8221; use_theme_fonts=&#8221;yes&#8221; css=&#8221;.vc_custom_1715094116689{margin-bottom: 0px !important;}&#8221;][\/vc_column][\/vc_row][vc_row css=&#8221;.vc_custom_1487074923064{margin-bottom: 50px !important;padding-top: 35px !important;}&#8221; el_id=&#8221;vacancies&#8221;][vc_column width=&#8221;9\/12&#8243;][vc_row_inner css=&#8221;.vc_custom_1505483075863{margin-bottom: 35px !important;padding-top: 15px !important;}&#8221;][vc_column_inner][vc_custom_heading text=&#8221;The Secretariat of the Union for the Mediterranean<br \/><a href=\"https:\/\/ufmsecretariat.org\/fr\/travailler-avec-nous\/internships\/\" class=\"more\">Lire la suite<\/a><\/p>\n","protected":false},"author":3,"featured_media":0,"parent":43685,"menu_order":0,"comment_status":"open","ping_status":"open","template":"","meta":{"footnotes":""},"priority-area":[],"class_list":["post-23689","page","type-page","status-publish","hentry"],"_links":{"self":[{"href":"https:\/\/ufmsecretariat.org\/fr\/wp-json\/wp\/v2\/pages\/23689","targetHints":{"allow":["GET"]}}],"collection":[{"href":"https:\/\/ufmsecretariat.org\/fr\/wp-json\/wp\/v2\/pages"}],"about":[{"href":"https:\/\/ufmsecretariat.org\/fr\/wp-json\/wp\/v2\/types\/page"}],"author":[{"embeddable":true,"href":"https:\/\/ufmsecretariat.org\/fr\/wp-json\/wp\/v2\/users\/3"}],"replies":[{"embeddable":true,"href":"https:\/\/ufmsecretariat.org\/fr\/wp-json\/wp\/v2\/comments?post=23689"}],"version-history":[{"count":16,"href":"https:\/\/ufmsecretariat.org\/fr\/wp-json\/wp\/v2\/pages\/23689\/revisions"}],"predecessor-version":[{"id":239714,"href":"https:\/\/ufmsecretariat.org\/fr\/wp-json\/wp\/v2\/pages\/23689\/revisions\/239714"}],"up":[{"embeddable":true,"href":"https:\/\/ufmsecretariat.org\/fr\/wp-json\/wp\/v2\/pages\/43685"}],"wp:attachment":[{"href":"https:\/\/ufmsecretariat.org\/fr\/wp-json\/wp\/v2\/media?parent=23689"}],"wp:term":[{"taxonomy":"priority-area","embeddable":true,"href":"https:\/\/ufmsecretariat.org\/fr\/wp-json\/wp\/v2\/priority-area?post=23689"}],"curies":[{"name":"wp","href":"https:\/\/api.w.org\/{rel}","templated":true}]}}