
{"id":36934,"date":"2012-09-17T16:25:10","date_gmt":"2012-09-17T16:25:10","guid":{"rendered":"https:\/\/ufmsecretariat.org\/?post_type=page-document&#038;p=36934"},"modified":"2026-04-10T11:49:22","modified_gmt":"2026-04-10T10:49:22","slug":"histoire","status":"publish","type":"page","link":"https:\/\/ufmsecretariat.org\/fr\/qui-sommes-nous\/histoire\/","title":{"rendered":"Histoire"},"content":{"rendered":"<section class=\"wpb-content-wrapper\"><p>[vc_row type=&#8221;full-width-content&#8221; content_placement=&#8221;bottom&#8221; css=&#8221;.vc_custom_1507899749271{margin-top: 0px !important;margin-bottom: 0px !important;padding-top: 0px !important;padding-bottom: 0px !important;}&#8221;][vc_column][vc_single_image image=&#8221;52439&#8243; img_size=&#8221;slide&#8221; alignment=&#8221;center&#8221;][\/vc_column][\/vc_row][vc_row type=&#8221;full-width-section&#8221; content_placement=&#8221;bottom&#8221; css=&#8221;.vc_custom_1472543612832{margin-top: 0px !important;margin-bottom: -50px !important;padding-top: 25px !important;padding-bottom: 20px !important;background-color: #464e90 !important;}&#8221; el_id=&#8221;page-title&#8221;][vc_column][vc_custom_heading text=&#8221;Histoire&#8221; font_container=&#8221;tag:h1|text_align:left|color:%23ffffff&#8221; use_theme_fonts=&#8221;yes&#8221; css=&#8221;.vc_custom_1511433323728{margin-bottom: 0px !important;}&#8221;][\/vc_column][\/vc_row][vc_row type=&#8221;full-width-section&#8221; css=&#8221;.vc_custom_1505903095060{margin-top: 0px !important;margin-bottom: 0px !important;padding-top: 60px !important;padding-bottom: 70px !important;background-color: #1e326e !important;}&#8221;][vc_column][vc_column_text font_size=&#8221;20&#8243; css=&#8221;.vc_custom_1669285588293{margin-bottom: 0px !important;padding-top: 0px !important;padding-bottom: 0px !important;}&#8221;]<\/p>\n<p style=\"text-align: center;\"><span style=\"color: #ffffff;\">Lanc\u00e9e en 2008, l&#8217;Union pour la M\u00e9diterran\u00e9e est l&#8217;organisation euro-m\u00e9diterran\u00e9enne intergouvernementale r\u00e9unissant les pays de l&#8217;Union europ\u00e9enne et les 16 pays du Sud et de l&#8217;Est de la M\u00e9diterran\u00e9e. <\/span><\/p>\n<p>[\/vc_column_text][\/vc_column][\/vc_row][vc_row css=&#8221;.vc_custom_1696959414557{margin-bottom: 0px !important;padding-top: 45px !important;padding-bottom: 25px !important;}&#8221;][vc_column el_class=&#8221;history&#8221;][vc_custom_heading text=&#8221;\u00c9tapes d\u00e9cisives&#8221; use_theme_fonts=&#8221;yes&#8221; css=&#8221;.vc_custom_1512384934002{margin-bottom: 20px !important;}&#8221;][vc_row_inner][vc_column_inner width=&#8221;1\/12&#8243;][\/vc_column_inner][vc_column_inner width=&#8221;11\/12&#8243; animation=&#8221;rda_fadeIn&#8221;][vc_single_image image=&#8221;244539&#8243; img_size=&#8221;large&#8221;][\/vc_column_inner][\/vc_row_inner][vc_row_inner][vc_column_inner width=&#8221;1\/12&#8243;][\/vc_column_inner][vc_column_inner width=&#8221;4\/12&#8243;][vc_column_text font_size=&#8221;63&#8243; line_height=&#8221;63&#8243; css=&#8221;.vc_custom_1505903767471{margin-bottom: 0px !important;}&#8221;]<span style=\"color: #1da8e4;\"><strong>1995<\/strong><\/span>[\/vc_column_text][vc_column_text font_size=&#8221;20&#8243; css=&#8221;.vc_custom_1512384985040{margin-bottom: 12px !important;}&#8221;]<span style=\"color: #1da8e4;\">Processus de Barcelone<\/span>[\/vc_column_text][\/vc_column_inner][vc_column_inner width=&#8221;5\/12&#8243;][vc_column_text css=&#8221;.vc_custom_1513855583530{margin-bottom: 12px !important;}&#8221;]Le Processus de Barcelone <a href=\"\/wp-content\/uploads\/2012\/09\/Declaraci\u00f3n-de-Barcelona-1995.pdf\">a \u00e9t\u00e9 lanc\u00e9 en 1995<\/a> avec pour objectif de renforcer les relations entre l&#8217;Europe et les pays du Sud de la M\u00e9diterran\u00e9e, dans le cadre d&#8217;une association euro-m\u00e9diterran\u00e9enne consolid\u00e9e contribuant \u00e0 la paix et \u00e0 la s\u00e9curit\u00e9 dans la r\u00e9gion.[\/vc_column_text][\/vc_column_inner][\/vc_row_inner][vc_row_inner][vc_column_inner width=&#8221;1\/12&#8243;][\/vc_column_inner][vc_column_inner width=&#8221;4\/12&#8243;][vc_column_text font_size=&#8221;63&#8243; line_height=&#8221;63&#8243; css=&#8221;.vc_custom_1505903864848{margin-bottom: 0px !important;}&#8221;]<span style=\"color: #1da8e4;\"><strong>2008<\/strong><\/span>[\/vc_column_text][vc_column_text font_size=&#8221;20&#8243; css=&#8221;.vc_custom_1512385200537{margin-bottom: 12px !important;}&#8221;]<span style=\"color: #1da8e4;\">Lancement de l\u2019Union pour<br \/>\nla M\u00e9diterran\u00e9e<br \/>\n<\/span>[\/vc_column_text][\/vc_column_inner][vc_column_inner width=&#8221;5\/12&#8243;][vc_column_text css=&#8221;.vc_custom_1513185656919{margin-bottom: 12px !important;}&#8221;]L&#8217;Union pour la M\u00e9diterran\u00e9e a \u00e9t\u00e9 lanc\u00e9e par d\u00e9cision des chefs d&#8217;\u00c9tat et de gouvernement de l&#8217;UpM r\u00e9unis\u00a0<a href=\"\/wp-content\/uploads\/2012\/09\/ufm_paris_declaration1.pdf\">\u00e0 Paris le 13 Juillet 2008<\/a>.[\/vc_column_text][\/vc_column_inner][\/vc_row_inner][vc_row_inner][vc_column_inner width=&#8221;1\/12&#8243;][\/vc_column_inner][vc_column_inner width=&#8221;4\/12&#8243;][vc_column_text font_size=&#8221;63&#8243; line_height=&#8221;63&#8243; css=&#8221;.vc_custom_1696274413226{margin-bottom: 0px !important;}&#8221;]<span style=\"color: #1da8e4;\"><strong>2010<\/strong><\/span>[\/vc_column_text][vc_column_text font_size=&#8221;20&#8243; css=&#8221;.vc_custom_1512385253811{margin-bottom: 12px !important;}&#8221;]<span style=\"color: #1da8e4;\">Mise en place du Secr\u00e9tariat g\u00e9n\u00e9ral de l&#8217;UpM<\/span>[\/vc_column_text][\/vc_column_inner][vc_column_inner width=&#8221;5\/12&#8243;][vc_column_text css=&#8221;.vc_custom_1513254398106{margin-bottom: 12px !important;}&#8221;]En 2010, <a href=\"\/wp-content\/uploads\/2012\/09\/Statutes-UfMS.pdf\">le Secr\u00e9tariat g\u00e9n\u00e9ral de l\u2019UpM est inaugur\u00e9 \u00e0 Barcelone<\/a>. Il est la plateforme op\u00e9rationnelle de l\u2019UpM, permettant de concr\u00e9tiser les d\u00e9cisions prises par les \u00c9tats membres, par le biais de la pr\u00e9paration de r\u00e9unions minist\u00e9rielles, de la mise en \u0153uvre de plateformes de dialogue r\u00e9gional et du d\u00e9veloppement de projets strat\u00e9giques r\u00e9gionaux.[\/vc_column_text][\/vc_column_inner][\/vc_row_inner][vc_row_inner][vc_column_inner width=&#8221;1\/12&#8243;][\/vc_column_inner][vc_column_inner width=&#8221;4\/12&#8243;][vc_column_text font_size=&#8221;63&#8243; line_height=&#8221;63&#8243; css=&#8221;.vc_custom_1696272167393{margin-bottom: 0px !important;}&#8221;]<span style=\"color: #1da8e4;\"><strong>2017<\/strong><\/span>[\/vc_column_text][vc_column_text font_size=&#8221;20&#8243; css=&#8221;.vc_custom_1513275832551{margin-bottom: 12px !important;}&#8221;][\/vc_column_text][\/vc_column_inner][vc_column_inner width=&#8221;5\/12&#8243;][vc_column_text css=&#8221;.vc_custom_1696274867811{margin-bottom: 12px !important;}&#8221;]Lors du deuxi\u00e8me forum r\u00e9gional de l&#8217;UpM qui a eu lieu en janvier 2017, les ministres des Affaires \u00e9trang\u00e8res et des repr\u00e9sentants originaires des 42 \u00c9tats membres ont adopt\u00e9 <a href=\"\/wp-content\/uploads\/2017\/10\/UfM-Roadmap-for-action-2017.pdf\">la feuille de route \u00ab\u00a0L&#8217;Union pour la M\u00e9diterran\u00e9e\u00a0: une organisation orient\u00e9e vers l&#8217;action et guid\u00e9e par une ambition commune\u00a0\u00bb<\/a>[\/vc_column_text][\/vc_column_inner][\/vc_row_inner][vc_row_inner][vc_column_inner width=&#8221;1\/12&#8243;][\/vc_column_inner][vc_column_inner width=&#8221;4\/12&#8243;][vc_column_text font_size=&#8221;63&#8243; line_height=&#8221;63&#8243; css=&#8221;.vc_custom_1696272321192{margin-bottom: 0px !important;}&#8221;]<span style=\"color: #1da8e4;\"><strong>2020<\/strong><\/span>[\/vc_column_text][vc_column_text font_size=&#8221;20&#8243; css=&#8221;.vc_custom_1696274907249{margin-bottom: 12px !important;}&#8221;]<span style=\"color: #1da8e4;\">25e anniversaire du processus de<br \/>\nBarcelone et agenda m\u00e9diterran\u00e9en post-2020 renouvel\u00e9<\/span>[\/vc_column_text][vc_column_text font_size=&#8221;20&#8243; css=&#8221;.vc_custom_1513275832551{margin-bottom: 12px !important;}&#8221;][\/vc_column_text][\/vc_column_inner][vc_column_inner width=&#8221;5\/12&#8243;][vc_column_text css=&#8221;.vc_custom_1696275112706{margin-bottom: 12px !important;}&#8221;]La <a href=\"https:\/\/ufmsecretariat.org\/fr\/5th-regional-forum-news\/\">cinqui\u00e8me \u00e9dition du Forum R\u00e9gional de l\u2019UpM<\/a> a comm\u00e9mor\u00e9 le lancement du Processus de Barcelone de 1995. Les Ministres des Affaires \u00e9trang\u00e8res des \u00c9tats membres de l\u2019UpM ont d\u00e9clar\u00e9 le 28 novembre \u00ab <a href=\"https:\/\/mediterraneanday.com\/fr\">Journ\u00e9e de la M\u00e9diterran\u00e9e<\/a> \u00bb.\u00a0 L&#8217;UE a propos\u00e9 un nouvel agenda ambitieux et innovant pour la M\u00e9diterran\u00e9e, dans le cadre de la politique europ\u00e9enne de voisinage.[\/vc_column_text][\/vc_column_inner][\/vc_row_inner][vc_row_inner][vc_column_inner width=&#8221;1\/12&#8243;][\/vc_column_inner][vc_column_inner width=&#8221;4\/12&#8243;][vc_column_text font_size=&#8221;63&#8243; line_height=&#8221;63&#8243; css=&#8221;.vc_custom_1775817905798{margin-bottom: 0px !important;}&#8221;]<span style=\"color: #1da8e4;\"><strong>2020-2025<\/strong><\/span>[\/vc_column_text][vc_column_text font_size=&#8221;20&#8243; css=&#8221;.vc_custom_1513275832551{margin-bottom: 12px !important;}&#8221;][\/vc_column_text][\/vc_column_inner][vc_column_inner width=&#8221;5\/12&#8243;][vc_column_text css=&#8221;.vc_custom_1775818101015{margin-bottom: 12px !important;}&#8221;]<\/p>\n<ul>\n<li class=\"p1\"><span class=\"s1\">Lancement des <a href=\"https:\/\/ufmsecretariat.org\/fr\/ufm-grant-schemes\/\" target=\"_blank\" rel=\"noopener\">subventions de l\u2019UpM pour l\u2019emploi et l\u2019entrepreneuriat<\/a><\/span><\/li>\n<li class=\"p1\"><span class=\"s1\">Premi\u00e8re <a href=\"https:\/\/mediterraneanday.com\/fr\" target=\"_blank\" rel=\"noopener\">Journ\u00e9e de la M\u00e9diterran\u00e9e<\/a><\/span><\/li>\n<li class=\"p1\"><span class=\"s1\">Lancement des <a href=\"https:\/\/medculturecapital.com\/fr\" target=\"_blank\" rel=\"noopener\">Capitales m\u00e9diterran\u00e9ennes de la culture et du dialogue<\/a><\/span><\/li>\n<li class=\"p1\"><a href=\"https:\/\/ufmsecretariat.org\/fr\/publication-speech\/ufm-vision-statement-2025\/\" target=\"_blank\" rel=\"noopener\"><span class=\"s1\">Nouvelle vision strat\u00e9gique et r\u00e9forme de l\u2019UpM<\/span><\/a><\/li>\n<\/ul>\n<p>[\/vc_column_text][\/vc_column_inner][\/vc_row_inner][vc_row_inner][vc_column_inner width=&#8221;1\/12&#8243;][\/vc_column_inner][vc_column_inner width=&#8221;4\/12&#8243;][vc_column_text font_size=&#8221;63&#8243; line_height=&#8221;63&#8243; css=&#8221;.vc_custom_1696275138736{margin-bottom: 0px !important;}&#8221;]<span style=\"color: #1da8e4;\"><strong>\u00c0 ce jour<\/strong><\/span>[\/vc_column_text][vc_column_text font_size=&#8221;20&#8243; css=&#8221;.vc_custom_1513275832551{margin-bottom: 12px !important;}&#8221;][\/vc_column_text][\/vc_column_inner][vc_column_inner width=&#8221;5\/12&#8243;][vc_column_text css=&#8221;.vc_custom_1775818156991{margin-bottom: 12px !important;}&#8221;]<\/p>\n<ul>\n<li><a href=\"https:\/\/ufmsecretariat.org\/fr\/notre-action\/projects\/\">+60 projets labellis\u00e9s<\/a> <span class=\"s1\">et initiatives de d\u00e9veloppement des capacit\u00e9s (coop\u00e9ration triangulaire)<\/span><\/li>\n<li><span class=\"s1\">Nouveau mod\u00e8le d\u2019acc\u00e9l\u00e9ration des projets d\u2019investissement (par ex. Blue Med Partnership)<\/span><\/li>\n<li><a href=\"https:\/\/ufmsecretariat.org\/fr\/notre-action\/political-framework\/\">+35 r\u00e9unions minist\u00e9rielles sectorielles de l\u2019UpM<\/a><\/li>\n<li>Forums r\u00e9gionaux annuels de l\u2019UpM r\u00e9unissant les ministres des Affaires \u00e9trang\u00e8res de l\u2019UpM<\/li>\n<li><a href=\"https:\/\/ufmsecretariat.org\/fr\/ufm-grant-schemes\/\">Lancement du programme de subvention \u00e0 l\u2019emploi de l\u2019UpM<\/a><\/li>\n<\/ul>\n<p>[\/vc_column_text][\/vc_column_inner][\/vc_row_inner][\/vc_column][\/vc_row][vc_row][vc_column width=&#8221;1\/2&#8243;][vc_single_image image=&#8221;127195&#8243; img_size=&#8221;full&#8221; alignment=&#8221;center&#8221; onclick=&#8221;custom_link&#8221; img_link_target=&#8221;_blank&#8221; link=&#8221;https:\/\/mediterraneanday.com\/fr&#8221;][\/vc_column][vc_column width=&#8221;1\/2&#8243;][vc_single_image image=&#8221;231437&#8243; img_size=&#8221;full&#8221; alignment=&#8221;center&#8221; onclick=&#8221;custom_link&#8221; img_link_target=&#8221;_blank&#8221; link=&#8221;https:\/\/ufmsecretariat.org\/fr\/30bcnprocess\/&#8221;][\/vc_column][\/vc_row][vc_row][vc_column width=&#8221;1\/2&#8243;][vc_single_image image=&#8221;152871&#8243; img_size=&#8221;full&#8221; alignment=&#8221;center&#8221; onclick=&#8221;custom_link&#8221; img_link_target=&#8221;_blank&#8221; link=&#8221;https:\/\/ufmsecretariat.org\/fr\/10-years-regional-cooperation\/&#8221;][\/vc_column][vc_column width=&#8221;1\/2&#8243;][vc_single_image image=&#8221;152883&#8243; img_size=&#8221;full&#8221; alignment=&#8221;center&#8221; onclick=&#8221;custom_link&#8221; img_link_target=&#8221;_blank&#8221; link=&#8221;https:\/\/ufmsecretariat.org\/fr\/15-years\/&#8221;][\/vc_column][\/vc_row][vc_row][vc_column][vc_column_text css=&#8221;.vc_custom_1513765711914{margin-bottom: 0px !important;}&#8221;][\/vc_column_text][vc_custom_heading text=&#8221;Documents institutionnels&#8221; use_theme_fonts=&#8221;yes&#8221; css=&#8221;.vc_custom_1512385300113{margin-bottom: 20px !important;}&#8221;][vc_column_text]<form autocomplete=\"off\" name=\"wpv-filter-31526-CPID36934\" action=\"\/fr\/wp-json\/wp\/v2\/pages\/36934?wpv_view_count=31526-CPID36934\" method=\"get\" class=\"wpv-filter-form js-wpv-filter-form js-wpv-filter-form-31526-CPID36934 js-wpv-form-full\" data-viewnumber=\"31526-CPID36934\" data-viewid=\"31526\" data-viewhash=\"eyJuYW1lIjoiZG9jdW1lbnRzIn0=\" data-viewwidgetid=\"0\" data-orderby=\"\" data-order=\"\" data-orderbyas=\"\" data-orderbysecond=\"\" data-ordersecond=\"\" data-parametric=\"{&quot;query&quot;:&quot;normal&quot;,&quot;id&quot;:31526,&quot;view_id&quot;:31526,&quot;widget_id&quot;:0,&quot;view_hash&quot;:&quot;31526-CPID36934&quot;,&quot;action&quot;:&quot;\\\/fr\\\/wp-json\\\/wp\\\/v2\\\/pages\\\/36934?wpv_view_count=31526-CPID36934&quot;,&quot;sort&quot;:{&quot;orderby&quot;:&quot;&quot;,&quot;order&quot;:&quot;&quot;,&quot;orderby_as&quot;:&quot;&quot;,&quot;orderby_second&quot;:&quot;&quot;,&quot;order_second&quot;:&quot;&quot;},&quot;orderby&quot;:&quot;&quot;,&quot;order&quot;:&quot;&quot;,&quot;orderby_as&quot;:&quot;&quot;,&quot;orderby_second&quot;:&quot;&quot;,&quot;order_second&quot;:&quot;&quot;,&quot;ajax_form&quot;:&quot;&quot;,&quot;ajax_results&quot;:&quot;&quot;,&quot;effect&quot;:&quot;fade&quot;,&quot;prebefore&quot;:&quot;&quot;,&quot;before&quot;:&quot;&quot;,&quot;after&quot;:&quot;&quot;,&quot;attributes&quot;:[],&quot;environment&quot;:{&quot;current_post_id&quot;:36934,&quot;parent_post_id&quot;:36934,&quot;parent_term_id&quot;:0,&quot;parent_user_id&quot;:0,&quot;archive&quot;:{&quot;type&quot;:&quot;&quot;,&quot;name&quot;:&quot;&quot;,&quot;data&quot;:[]}},&quot;loop&quot;:{&quot;type&quot;:&quot;&quot;,&quot;name&quot;:&quot;&quot;,&quot;data&quot;:[],&quot;id&quot;:0}}\" data-attributes=\"[]\" data-environment=\"{&quot;current_post_id&quot;:36934,&quot;parent_post_id&quot;:36934,&quot;parent_term_id&quot;:0,&quot;parent_user_id&quot;:0,&quot;archive&quot;:{&quot;type&quot;:&quot;&quot;,&quot;name&quot;:&quot;&quot;,&quot;data&quot;:[]}}\"><input type=\"hidden\" class=\"js-wpv-dps-filter-data js-wpv-filter-data-for-this-form\" data-action=\"\/fr\/wp-json\/wp\/v2\/pages\/36934?wpv_view_count=31526-CPID36934\" data-page=\"1\" data-ajax=\"disable\" data-effect=\"fade\" data-maxpages=\"1\" data-ajaxprebefore=\"\" data-ajaxbefore=\"\" data-ajaxafter=\"\" \/><input class=\"wpv_view_count wpv_view_count-31526-CPID36934\" type=\"hidden\" name=\"wpv_view_count\" value=\"31526-CPID36934\" \/>\n\n<\/form>\n<div id=\"wpv-view-layout-31526-CPID36934\" class=\"js-wpv-view-layout js-wpv-layout-responsive js-wpv-view-layout-31526-CPID36934\" data-viewnumber=\"31526-CPID36934\" data-pagination=\"{&quot;id&quot;:31526,&quot;query&quot;:&quot;normal&quot;,&quot;type&quot;:&quot;paged&quot;,&quot;effect&quot;:&quot;fade&quot;,&quot;duration&quot;:500,&quot;speed&quot;:5,&quot;pause_on_hover&quot;:&quot;disabled&quot;,&quot;stop_rollover&quot;:&quot;false&quot;,&quot;cache_pages&quot;:&quot;enabled&quot;,&quot;preload_images&quot;:&quot;enabled&quot;,&quot;preload_pages&quot;:&quot;enabled&quot;,&quot;preload_reach&quot;:&quot;1&quot;,&quot;spinner&quot;:&quot;builtin&quot;,&quot;spinner_image&quot;:&quot;https:\/\/ufmsecretariat.org\/wp-content\/plugins\/wp-views\/embedded\/res\/img\/ajax-loader.gif&quot;,&quot;callback_next&quot;:&quot;&quot;,&quot;manage_history&quot;:&quot;enabled&quot;,&quot;has_controls_in_form&quot;:&quot;disabled&quot;,&quot;infinite_tolerance&quot;:0,&quot;max_pages&quot;:1,&quot;page&quot;:1,&quot;base_permalink&quot;:&quot;\/fr\/wp-json\/wp\/v2\/pages\/36934?wpv_view_count=31526-CPID36934&amp;wpv_paged=WPV_PAGE_NUM&quot;,&quot;loop&quot;:{&quot;type&quot;:&quot;&quot;,&quot;name&quot;:&quot;&quot;,&quot;data&quot;:[],&quot;id&quot;:0}}\" data-permalink=\"\/fr\/wp-json\/wp\/v2\/pages\/36934?wpv_view_count=31526-CPID36934\">\n\n\t\n\t\n\t\n\t\t<div class=\"cpost-docs-links vc_span12\">\n  <div class=\"vc_span10\">  Paris Summit for the Mediterranean, Joint Declaration \u2013 Paris, 13 July 2008<\/div>\n<div class=\"vc_span2\">  <a target=\"_blank\" href='https:\/\/ufmsecretariat.org\/wp-content\/uploads\/2015\/10\/ufm_paris_declaration1.pdf' >T\u00e9l\u00e9charger<\/a> <\/div>\n<\/div>\n\t\n\t\t<div class=\"cpost-docs-links vc_span12\">\n  <div class=\"vc_span10\">  UfM Ministerial Conference, Final Declaration \u2013 Marseille, 3\/4 November 2008<\/div>\n<div class=\"vc_span2\">  <a target=\"_blank\" href='https:\/\/ufmsecretariat.org\/wp-content\/uploads\/2015\/10\/Marseille-Declaration.pdf' >T\u00e9l\u00e9charger<\/a> <\/div>\n<\/div>\n\t\n\t\t<div class=\"cpost-docs-links vc_span12\">\n  <div class=\"vc_span10\">  Headquarters agreement \u2013 Madrid, 4 May 2010<\/div>\n<div class=\"vc_span2\">  <a target=\"_blank\" href='https:\/\/ufmsecretariat.org\/wp-content\/uploads\/2018\/12\/HeadquartersAgreement.pdf' >T\u00e9l\u00e9charger<\/a> <\/div>\n<\/div>\n\t\n\t\t<div class=\"cpost-docs-links vc_span12\">\n  <div class=\"vc_span10\">  UfM Roadmap: An action-driven organisation with a common ambition \u2013Barcelona, 23 January 2017<\/div>\n<div class=\"vc_span2\">  <a target=\"_blank\" href='https:\/\/ufmsecretariat.org\/wp-content\/uploads\/2017\/01\/UfM-Roadmap-23-JAN-2017.pdf' >T\u00e9l\u00e9charger<\/a> <\/div>\n<\/div>\n\t\n\t\t<div class=\"cpost-docs-links vc_span12\">\n  <div class=\"vc_span10\">  Statutes of the Secretariat of the Union for the Mediterranean \u2013 Barcelona, 17 July 2018<\/div>\n<div class=\"vc_span2\">  <a target=\"_blank\" href='https:\/\/ufmsecretariat.org\/wp-content\/uploads\/2018\/12\/17-07-18-Consolidated-Statutes.pdf' >T\u00e9l\u00e9charger<\/a> <\/div>\n<\/div>\n\t\n\t\n <div class=\"custom-pagination vc_span12\">\n          \n<\/div>\n\t\n\t\n<\/div>[\/vc_column_text][vc_column_text][\/vc_column_text]<style type=\"text\/css\" >#b_1ge17uip1fnxit0jyn0e a{color:#ffffff; background:#009de0; margin-top:20px; margin-bottom:0px;  margin-left:0px; margin-right:0px; font-weight:900; border-radius:50px;}#b_1ge17uip1fnxit0jyn0e a:hover{color: ; background:#1d386c ;}<\/style><div class=\"ta_right tf_btn_pos\" id=\"b_1ge17uip1fnxit0jyn0e\" ><a class=\"rd_normal_bt smallmedium_rd_bt  w270 moredeclaration\" href=\"\/fr\/publications-and-speeches\/\" target=\"\" >En savoir plus<\/a><\/div>[\/vc_column][\/vc_row][vc_row type=&#8221;full-width-section&#8221; css=&#8221;.vc_custom_1510847240829{margin-bottom: 0px !important;padding-top: 60px !important;padding-bottom: 60px !important;background-color: #eeeeee !important;}&#8221;][vc_column][vc_custom_heading text=&#8221;Secr\u00e9taires g\u00e9n\u00e9raux de l&#8217;Union pour la M\u00e9diterran\u00e9e&#8221; use_theme_fonts=&#8221;yes&#8221; css=&#8221;.vc_custom_1512385382160{margin-bottom: 20px !important;}&#8221;][vc_row_inner css=&#8221;.vc_custom_1484310907384{margin-bottom: 0px !important;}&#8221;][vc_column_inner width=&#8221;1\/4&#8243; css=&#8221;.vc_custom_1484310900195{padding-top: 20px !important;}&#8221;][vc_single_image image=&#8221;65139&#8243; img_size=&#8221;250&#8243; hover_effect=&#8221;img_reduce_opacity&#8221; css=&#8221;.vc_custom_1532526898285{margin-bottom: 5px !important;}&#8221;][vc_column_text]<\/p>\n<div>\n<h4>Nasser Kamel<\/h4>\n<\/div>\n<div class=\"cpost-date\">\n<p>Depuis juillet 2018<\/p>\n<\/div>\n<p>[\/vc_column_text][\/vc_column_inner][vc_column_inner width=&#8221;1\/4&#8243; css=&#8221;.vc_custom_1484310894772{padding-top: 20px !important;}&#8221;][vc_single_image image=&#8221;52334&#8243; img_size=&#8221;250&#8243; css=&#8221;.vc_custom_1532527060463{margin-bottom: 5px !important;}&#8221;][vc_column_text]<\/p>\n<div>\n<h4>Fathallah Sijilmassi<\/h4>\n<\/div>\n<div class=\"cpost-date\">\n<p>Mars\u00a02012 &#8211; f\u00e9vrier 2018<\/p>\n<\/div>\n<p>[\/vc_column_text][\/vc_column_inner][vc_column_inner width=&#8221;1\/4&#8243; css=&#8221;.vc_custom_1484310889114{padding-top: 20px !important;}&#8221;][vc_single_image image=&#8221;52337&#8243; img_size=&#8221;250&#8243; css=&#8221;.vc_custom_1508931931434{margin-bottom: 5px !important;}&#8221;][vc_column_text]<\/p>\n<div>\n<h4>Youssef Amrani<\/h4>\n<\/div>\n<div class=\"cpost-date\">\n<p>Juillet\u00a02011 \u2013 janvier\u00a02012<\/p>\n<\/div>\n<p>[\/vc_column_text][\/vc_column_inner][vc_column_inner width=&#8221;1\/4&#8243; css=&#8221;.vc_custom_1532526938496{padding-top: 20px !important;}&#8221;][vc_single_image image=&#8221;52331&#8243; img_size=&#8221;250&#8243; css=&#8221;.vc_custom_1508931853426{margin-bottom: 5px !important;}&#8221;][vc_column_text]<\/p>\n<div>\n<h4>Ahmad Masa&#8217;deh<\/h4>\n<\/div>\n<div class=\"cpost-date\">Mars 2010 &#8211; f\u00e9vrier 2011<\/div>\n<p>[\/vc_column_text][\/vc_column_inner][\/vc_row_inner][\/vc_column][\/vc_row]<\/p>\n<\/section>","protected":false},"excerpt":{"rendered":"<p>[vc_row type=&#8221;full-width-content&#8221; content_placement=&#8221;bottom&#8221; css=&#8221;.vc_custom_1507899749271{margin-top: 0px !important;margin-bottom: 0px !important;padding-top: 0px !important;padding-bottom: 0px !important;}&#8221;][vc_column][vc_single_image image=&#8221;52439&#8243; img_size=&#8221;slide&#8221; alignment=&#8221;center&#8221;][\/vc_column][\/vc_row][vc_row type=&#8221;full-width-section&#8221; content_placement=&#8221;bottom&#8221; css=&#8221;.vc_custom_1472543612832{margin-top: 0px !important;margin-bottom: -50px !important;padding-top: 25px !important;padding-bottom: 20px !important;background-color: #464e90 !important;}&#8221; el_id=&#8221;page-title&#8221;][vc_column][vc_custom_heading text=&#8221;Histoire&#8221; font_container=&#8221;tag:h1|text_align:left|color:%23ffffff&#8221; use_theme_fonts=&#8221;yes&#8221; css=&#8221;.vc_custom_1511433323728{margin-bottom: 0px !important;}&#8221;][\/vc_column][\/vc_row][vc_row type=&#8221;full-width-section&#8221; css=&#8221;.vc_custom_1505903095060{margin-top: 0px !important;margin-bottom: 0px !important;padding-top: 60px !important;padding-bottom: 70px !important;background-color: #1e326e !important;}&#8221;][vc_column][vc_column_text font_size=&#8221;20&#8243; css=&#8221;.vc_custom_1669285588293{margin-bottom: 0px !important;padding-top: 0px !important;padding-bottom: 0px !important;}&#8221;]<br \/><a href=\"https:\/\/ufmsecretariat.org\/fr\/qui-sommes-nous\/histoire\/\" class=\"more\">Lire la suite<\/a><\/p>\n","protected":false},"author":3,"featured_media":49326,"parent":52745,"menu_order":0,"comment_status":"open","ping_status":"open","template":"","meta":{"footnotes":""},"priority-area":[],"class_list":["post-36934","page","type-page","status-publish","has-post-thumbnail","hentry"],"_links":{"self":[{"href":"https:\/\/ufmsecretariat.org\/fr\/wp-json\/wp\/v2\/pages\/36934","targetHints":{"allow":["GET"]}}],"collection":[{"href":"https:\/\/ufmsecretariat.org\/fr\/wp-json\/wp\/v2\/pages"}],"about":[{"href":"https:\/\/ufmsecretariat.org\/fr\/wp-json\/wp\/v2\/types\/page"}],"author":[{"embeddable":true,"href":"https:\/\/ufmsecretariat.org\/fr\/wp-json\/wp\/v2\/users\/3"}],"replies":[{"embeddable":true,"href":"https:\/\/ufmsecretariat.org\/fr\/wp-json\/wp\/v2\/comments?post=36934"}],"version-history":[{"count":13,"href":"https:\/\/ufmsecretariat.org\/fr\/wp-json\/wp\/v2\/pages\/36934\/revisions"}],"predecessor-version":[{"id":244542,"href":"https:\/\/ufmsecretariat.org\/fr\/wp-json\/wp\/v2\/pages\/36934\/revisions\/244542"}],"up":[{"embeddable":true,"href":"https:\/\/ufmsecretariat.org\/fr\/wp-json\/wp\/v2\/pages\/52745"}],"wp:featuredmedia":[{"embeddable":true,"href":"https:\/\/ufmsecretariat.org\/fr\/wp-json\/wp\/v2\/media\/49326"}],"wp:attachment":[{"href":"https:\/\/ufmsecretariat.org\/fr\/wp-json\/wp\/v2\/media?parent=36934"}],"wp:term":[{"taxonomy":"priority-area","embeddable":true,"href":"https:\/\/ufmsecretariat.org\/fr\/wp-json\/wp\/v2\/priority-area?post=36934"}],"curies":[{"name":"wp","href":"https:\/\/api.w.org\/{rel}","templated":true}]}}