
{"id":43685,"date":"2017-08-29T09:48:06","date_gmt":"2017-08-29T08:48:06","guid":{"rendered":"https:\/\/ufmsecretariat.org\/work-with-us\/"},"modified":"2023-09-05T08:42:41","modified_gmt":"2023-09-05T07:42:41","slug":"travailler-avec-nous","status":"publish","type":"page","link":"https:\/\/ufmsecretariat.org\/fr\/travailler-avec-nous\/","title":{"rendered":"Travailler avec nous"},"content":{"rendered":"<section class=\"wpb-content-wrapper\"><p>[vc_row type=&#8221;full-width-content&#8221; content_placement=&#8221;bottom&#8221; css=&#8221;.vc_custom_1507893076882{margin-top: 0px !important;margin-bottom: 0px !important;padding-top: 0px !important;padding-bottom: 0px !important;}&#8221;][vc_column][vc_single_image image=&#8221;153373&#8243; img_size=&#8221;slide&#8221;][\/vc_column][\/vc_row][vc_row type=&#8221;full-width-section&#8221; content_placement=&#8221;bottom&#8221; css=&#8221;.vc_custom_1472543612832{margin-top: 0px !important;margin-bottom: -50px !important;padding-top: 25px !important;padding-bottom: 20px !important;background-color: #464e90 !important;}&#8221; el_id=&#8221;page-title&#8221;][vc_column][vc_custom_heading text=&#8221;Travailler avec nous&#8221; font_container=&#8221;tag:h1|text_align:left|color:%23ffffff&#8221; use_theme_fonts=&#8221;yes&#8221; css=&#8221;.vc_custom_1509960738255{margin-bottom: 0px !important;}&#8221;][\/vc_column][\/vc_row][vc_row css=&#8221;.vc_custom_1504000762070{margin-top: 45px !important;margin-bottom: 30px !important;}&#8221;][vc_column][vc_column_text font_size=&#8221;20&#8243; line_height=&#8221;28&#8243;]L\u2019Union pour la M\u00e9diterran\u00e9e (UpM) est une institution m\u00e9diterran\u00e9enne r\u00e9unissant \u00e0 elle seule 43 pays (les 27 \u00c9tats membres de l\u2019UE et 16 pays du sud et de l\u2019est de la M\u00e9diterran\u00e9e). Elle vise \u00e0 renforcer la coop\u00e9ration et le partenariat au sein de la M\u00e9diterran\u00e9e, \u00e0 travers la mise en place de projets de coop\u00e9ration r\u00e9gionale cibl\u00e9s.[\/vc_column_text][vc_column_text font_size=&#8221;18&#8243; line_height=&#8221;28&#8243;]L\u2019Union pour la M\u00e9diterran\u00e9e r\u00e9alise ses activit\u00e9s \u00e0 partir du Secr\u00e9tariat de l\u2019UpM, qui a \u00e9t\u00e9 \u00e9tabli \u00e0 Barcelone en mars 2010. 17 nationalit\u00e9s sont repr\u00e9sent\u00e9es au sein de son personnel, qui travaille dans un environnement multiculturel favorisant la coop\u00e9ration, la communication et les \u00e9changes entre cultures. Nous offrons \u00e0 nos employ\u00e9s un espace de travail int\u00e9ressant et dynamique o\u00f9 ils peuvent atteindre leurs objectifs professionnels.[\/vc_column_text][\/vc_column][\/vc_row][vc_row css=&#8221;.vc_custom_1516110619921{margin-bottom: 70px !important;}&#8221; el_class=&#8221;wwu_btns&#8221;][vc_column][vc_row_inner equal_height=&#8221;yes&#8221; css=&#8221;.vc_custom_1503998423453{margin-bottom: 0px !important;}&#8221;][vc_column_inner width=&#8221;1\/3&#8243; css=&#8221;.vc_custom_1503997607495{margin-top: 30px !important;}&#8221;][vc_single_image image=&#8221;52143&#8243; img_size=&#8221;full&#8221; alignment=&#8221;center&#8221; onclick=&#8221;custom_link&#8221; hover_effect=&#8221;img_reduce_opacity&#8221; title=&#8221;Postes vacants&#8221; el_class=&#8221;image_title_bottom&#8221; link=&#8221;\/fr\/travailler-avec-nous\/vacancies\/&#8221;][\/vc_column_inner][vc_column_inner width=&#8221;1\/3&#8243; css=&#8221;.vc_custom_1503997613705{margin-top: 30px !important;}&#8221;][vc_single_image image=&#8221;52140&#8243; img_size=&#8221;full&#8221; alignment=&#8221;center&#8221; onclick=&#8221;custom_link&#8221; hover_effect=&#8221;img_reduce_opacity&#8221; title=&#8221;Personnel d\u00e9tach\u00e9&#8221; el_class=&#8221;image_title_bottom&#8221; link=&#8221;\/fr\/travailler-avec-nous\/secondments\/&#8221;][\/vc_column_inner][vc_column_inner width=&#8221;1\/3&#8243; css=&#8221;.vc_custom_1503997619476{margin-top: 30px !important;}&#8221;][vc_single_image image=&#8221;52131&#8243; img_size=&#8221;full&#8221; alignment=&#8221;center&#8221; onclick=&#8221;custom_link&#8221; hover_effect=&#8221;img_reduce_opacity&#8221; title=&#8221;Stages&#8221; el_class=&#8221;image_title_bottom&#8221; link=&#8221;\/fr\/travailler-avec-nous\/internships\/&#8221;][\/vc_column_inner][\/vc_row_inner][vc_row_inner equal_height=&#8221;yes&#8221;][vc_column_inner width=&#8221;1\/3&#8243; css=&#8221;.vc_custom_1503997625101{margin-top: 30px !important;}&#8221;][vc_single_image image=&#8221;52134&#8243; img_size=&#8221;full&#8221; alignment=&#8221;center&#8221; onclick=&#8221;custom_link&#8221; hover_effect=&#8221;img_reduce_opacity&#8221; title=&#8221;March\u00e9s publics&#8221; el_class=&#8221;image_title_bottom&#8221; link=&#8221;\/fr\/travailler-avec-nous\/procurement\/&#8221;][\/vc_column_inner][vc_column_inner width=&#8221;1\/3&#8243; css=&#8221;.vc_custom_1503997634731{margin-top: 30px !important;}&#8221;][vc_single_image image=&#8221;52137&#8243; img_size=&#8221;full&#8221; alignment=&#8221;center&#8221; onclick=&#8221;custom_link&#8221; hover_effect=&#8221;img_reduce_opacity&#8221; title=&#8221;R\u00e9seau d&#8217;experts&#8221; el_class=&#8221;image_title_bottom&#8221; link=&#8221;\/fr\/travailler-avec-nous\/roster-of-experts\/&#8221;][\/vc_column_inner][vc_column_inner width=&#8221;1\/3&#8243; css=&#8221;.vc_custom_1511446749496{margin-top: 30px !important;padding-top: 0px !important;padding-right: 0px !important;padding-bottom: 0px !important;padding-left: 0px !important;}&#8221;][vc_single_image image=&#8221;56374&#8243; img_size=&#8221;full&#8221; alignment=&#8221;center&#8221; onclick=&#8221;custom_link&#8221; hover_effect=&#8221;img_reduce_opacity&#8221; link=&#8221;\/fr\/travailler-avec-nous\/how-to-submit-a-project\/&#8221;][\/vc_column_inner][\/vc_row_inner][\/vc_column][\/vc_row]<\/p>\n<\/section>","protected":false},"excerpt":{"rendered":"<p>[vc_row type=&#8221;full-width-content&#8221; content_placement=&#8221;bottom&#8221; css=&#8221;.vc_custom_1507893076882{margin-top: 0px !important;margin-bottom: 0px !important;padding-top: 0px !important;padding-bottom: 0px !important;}&#8221;][vc_column][vc_single_image image=&#8221;153373&#8243; img_size=&#8221;slide&#8221;][\/vc_column][\/vc_row][vc_row type=&#8221;full-width-section&#8221; content_placement=&#8221;bottom&#8221; css=&#8221;.vc_custom_1472543612832{margin-top: 0px !important;margin-bottom: -50px !important;padding-top: 25px !important;padding-bottom: 20px !important;background-color: #464e90 !important;}&#8221; el_id=&#8221;page-title&#8221;][vc_column][vc_custom_heading text=&#8221;Travailler avec nous&#8221; font_container=&#8221;tag:h1|text_align:left|color:%23ffffff&#8221; use_theme_fonts=&#8221;yes&#8221; css=&#8221;.vc_custom_1509960738255{margin-bottom: 0px !important;}&#8221;][\/vc_column][\/vc_row][vc_row css=&#8221;.vc_custom_1504000762070{margin-top: 45px !important;margin-bottom: 30px !important;}&#8221;][vc_column][vc_column_text font_size=&#8221;20&#8243; line_height=&#8221;28&#8243;]L\u2019Union pour la M\u00e9diterran\u00e9e (UpM) est une institution m\u00e9diterran\u00e9enne r\u00e9unissant \u00e0 elle seule<br \/><a href=\"https:\/\/ufmsecretariat.org\/fr\/travailler-avec-nous\/\" class=\"more\">Lire la suite<\/a><\/p>\n","protected":false},"author":4,"featured_media":0,"parent":0,"menu_order":0,"comment_status":"closed","ping_status":"closed","template":"","meta":{"footnotes":""},"priority-area":[],"class_list":["post-43685","page","type-page","status-publish","hentry"],"_links":{"self":[{"href":"https:\/\/ufmsecretariat.org\/fr\/wp-json\/wp\/v2\/pages\/43685","targetHints":{"allow":["GET"]}}],"collection":[{"href":"https:\/\/ufmsecretariat.org\/fr\/wp-json\/wp\/v2\/pages"}],"about":[{"href":"https:\/\/ufmsecretariat.org\/fr\/wp-json\/wp\/v2\/types\/page"}],"author":[{"embeddable":true,"href":"https:\/\/ufmsecretariat.org\/fr\/wp-json\/wp\/v2\/users\/4"}],"replies":[{"embeddable":true,"href":"https:\/\/ufmsecretariat.org\/fr\/wp-json\/wp\/v2\/comments?post=43685"}],"version-history":[{"count":11,"href":"https:\/\/ufmsecretariat.org\/fr\/wp-json\/wp\/v2\/pages\/43685\/revisions"}],"predecessor-version":[{"id":153375,"href":"https:\/\/ufmsecretariat.org\/fr\/wp-json\/wp\/v2\/pages\/43685\/revisions\/153375"}],"wp:attachment":[{"href":"https:\/\/ufmsecretariat.org\/fr\/wp-json\/wp\/v2\/media?parent=43685"}],"wp:term":[{"taxonomy":"priority-area","embeddable":true,"href":"https:\/\/ufmsecretariat.org\/fr\/wp-json\/wp\/v2\/priority-area?post=43685"}],"curies":[{"name":"wp","href":"https:\/\/api.w.org\/{rel}","templated":true}]}}