
{"id":43696,"date":"2017-09-13T11:37:07","date_gmt":"2017-09-13T10:37:07","guid":{"rendered":"https:\/\/ufmsecretariat.org\/roster-of-experts\/"},"modified":"2023-09-06T14:48:14","modified_gmt":"2023-09-06T13:48:14","slug":"roster-of-experts","status":"publish","type":"page","link":"https:\/\/ufmsecretariat.org\/fr\/travailler-avec-nous\/roster-of-experts\/","title":{"rendered":"R\u00e9seau d\u2019experts"},"content":{"rendered":"<section class=\"wpb-content-wrapper\"><p>[vc_row type=&#8221;full-width-content&#8221; content_placement=&#8221;bottom&#8221; css=&#8221;.vc_custom_1507902532073{margin-top: 0px !important;margin-bottom: 0px !important;padding-top: 0px !important;padding-bottom: 0px !important;}&#8221;][vc_column][vc_single_image image=&#8221;153516&#8243; img_size=&#8221;slide&#8221;][\/vc_column][\/vc_row][vc_row type=&#8221;full-width-section&#8221; content_placement=&#8221;bottom&#8221; css=&#8221;.vc_custom_1472543612832{margin-top: 0px !important;margin-bottom: -50px !important;padding-top: 25px !important;padding-bottom: 20px !important;background-color: #464e90 !important;}&#8221; el_id=&#8221;page-title&#8221;][vc_column][vc_custom_heading text=&#8221;R\u00e9seau d\u2019experts&#8221; font_container=&#8221;tag:h1|text_align:left|color:%23ffffff&#8221; use_theme_fonts=&#8221;yes&#8221; css=&#8221;.vc_custom_1513190130406{margin-bottom: 0px !important;}&#8221;][\/vc_column][\/vc_row][vc_row css=&#8221;.vc_custom_1487074652748{margin-bottom: 100px !important;padding-top: 35px !important;}&#8221; el_id=&#8221;vacancies&#8221;][vc_column width=&#8221;9\/12&#8243;][vc_row_inner css=&#8221;.vc_custom_1487070356702{margin-bottom: 0px !important;}&#8221;][vc_column_inner][vc_custom_heading text=&#8221;Le r\u00e9seau d&#8217;experts de l&#8217;UpM centralise une liste d&#8217;experts seniors et juniors des Etats membres de l&#8217;Union pour la M\u00e9diterran\u00e9e qui peuvent \u00eatre engag\u00e9s pour des t\u00e2ches sp\u00e9cifiques dans les domaines suivants: d\u00e9veloppement des entreprises, enseignement sup\u00e9rieur et recherche, affaires sociales et civiles, transport, d\u00e9veloppement urbain, \u00e9nergie, changement climatique, environnement, eau, partenariats strat\u00e9giques, affaires publiques et affaires institutionnelles.&#8221; font_container=&#8221;tag:h3|text_align:left&#8221; use_theme_fonts=&#8221;yes&#8221; css=&#8221;.vc_custom_1517566021632{margin-bottom: 20px !important;}&#8221;][vc_empty_space height=&#8221;35px&#8221;][\/vc_column_inner][\/vc_row_inner][vc_custom_heading text=&#8221;R\u00e9seau d&#8217;experts externes seniors et juniors&#8221; use_theme_fonts=&#8221;yes&#8221;][vc_column_text css=&#8221;.vc_custom_1512478232455{margin-bottom: 10px !important;}&#8221;]<a href=\"\/wp-content\/uploads\/2017\/06\/Notice-of-Call-of-Expression-of-Interest.pdf\">Avis d&#8217;appel de manifestations d&#8217;int\u00e9r\u00eat \u00e0 l&#8217;attention des experts externes seniors et juniors<\/a>[\/vc_column_text][vc_row_inner css=&#8221;.vc_custom_1508309646648{margin-bottom: 10px !important;}&#8221;][vc_column_inner][vc_column_text css=&#8221;.vc_custom_1523265878039{margin-top: 20px !important;}&#8221;]<a href=\"https:\/\/ufmsecretariat.org\/\/wp-content\/uploads\/2017\/06\/Fields-Sectors-20170623.pdf\">Fields\/Sectors <\/a><br \/>\n<a href=\"https:\/\/ufmsecretariat.org\/wp-content\/uploads\/2017\/06\/Specifications.pdf\"> Specifications<\/a><br \/>\n<a href=\"https:\/\/ufmsecretariat.org\/wp-content\/uploads\/2017\/06\/Draft-Contract-and-Annexes.zip\">Download draft Contract and Annexes \u00a0<\/a><br \/>\n<a href=\"https:\/\/ufmsecretariat.org\/wp-content\/uploads\/2017\/12\/Checklist-and-forms-to-be-completed.zip\">Download checklist and forms to be completed (Application dossier)<\/a>[\/vc_column_text][vc_empty_space height=&#8221;20px&#8221;][vc_column_text css=&#8221;.vc_custom_1530532456780{margin-top: 20px !important;}&#8221;]List of selected experts<\/p>\n<p>a) <a href=\"https:\/\/ufmsecretariat.org\/wp-content\/uploads\/2017\/09\/3-Transport-List.pdf\">Transport \u2013 28\/03\/2018<\/a><br \/>\nb) <a href=\"https:\/\/ufmsecretariat.org\/wp-content\/uploads\/2017\/09\/3-Energy-list.pdf\">Energy \u2013 28\/03\/2018<\/a><br \/>\nc) <a href=\"https:\/\/ufmsecretariat.org\/wp-content\/uploads\/2017\/09\/3-Climate-Change-list.pdf\">Climate Change \u2013 28\/03\/2018\u00a0<\/a><br \/>\nd) <a href=\"https:\/\/ufmsecretariat.org\/wp-content\/uploads\/2017\/09\/3-Enviroment-list.pdf\">Environment \u2013 28\/03\/2018<\/a><br \/>\ne) <a href=\"https:\/\/ufmsecretariat.org\/wp-content\/uploads\/2017\/09\/3-Water-List.pdf\">Water \u2013 28\/03\/2018<\/a>[\/vc_column_text][vc_empty_space height=&#8221;20px&#8221;][\/vc_column_inner][\/vc_row_inner][vc_row_inner][vc_column_inner][vc_column_text]<\/p>\n<p><strong>Date limite de d\u00e9p\u00f4t des candidatures<\/strong>\u00a0: Les listes r\u00e9sultant de cet avis restent valables quatre ans \u00e0 compter de l\u2019envoi de l\u2019avis. Les parties int\u00e9ress\u00e9es peuvent pr\u00e9senter leur candidature \u00e0 tout moment avant les trois derniers mois de validit\u00e9 de la liste, dont la date limite est fix\u00e9e au 19\/03\/2021. Les proc\u00e9dures de s\u00e9lection auront lieu au moins tous les trois mois.[\/vc_column_text][\/vc_column_inner][\/vc_row_inner][\/vc_column][vc_column width=&#8221;3\/12&#8243; el_class=&#8221;vc_sidebar&#8221;][vc_widget_sidebar sidebar_id=&#8221;thefox_vacancies&#8221;][\/vc_column][\/vc_row]<\/p>\n<\/section>","protected":false},"excerpt":{"rendered":"<p>[vc_row type=&#8221;full-width-content&#8221; content_placement=&#8221;bottom&#8221; css=&#8221;.vc_custom_1507902532073{margin-top: 0px !important;margin-bottom: 0px !important;padding-top: 0px !important;padding-bottom: 0px !important;}&#8221;][vc_column][vc_single_image image=&#8221;153516&#8243; img_size=&#8221;slide&#8221;][\/vc_column][\/vc_row][vc_row type=&#8221;full-width-section&#8221; content_placement=&#8221;bottom&#8221; css=&#8221;.vc_custom_1472543612832{margin-top: 0px !important;margin-bottom: -50px !important;padding-top: 25px !important;padding-bottom: 20px !important;background-color: #464e90 !important;}&#8221; el_id=&#8221;page-title&#8221;][vc_column][vc_custom_heading text=&#8221;R\u00e9seau d\u2019experts&#8221; font_container=&#8221;tag:h1|text_align:left|color:%23ffffff&#8221; use_theme_fonts=&#8221;yes&#8221; css=&#8221;.vc_custom_1513190130406{margin-bottom: 0px !important;}&#8221;][\/vc_column][\/vc_row][vc_row css=&#8221;.vc_custom_1487074652748{margin-bottom: 100px !important;padding-top: 35px !important;}&#8221; el_id=&#8221;vacancies&#8221;][vc_column width=&#8221;9\/12&#8243;][vc_row_inner css=&#8221;.vc_custom_1487070356702{margin-bottom: 0px !important;}&#8221;][vc_column_inner][vc_custom_heading text=&#8221;Le r\u00e9seau d&#8217;experts de l&#8217;UpM centralise une liste d&#8217;experts seniors<br \/><a href=\"https:\/\/ufmsecretariat.org\/fr\/travailler-avec-nous\/roster-of-experts\/\" class=\"more\">Lire la suite<\/a><\/p>\n","protected":false},"author":4,"featured_media":153516,"parent":43685,"menu_order":0,"comment_status":"closed","ping_status":"closed","template":"","meta":{"footnotes":""},"priority-area":[],"class_list":["post-43696","page","type-page","status-publish","has-post-thumbnail","hentry"],"_links":{"self":[{"href":"https:\/\/ufmsecretariat.org\/fr\/wp-json\/wp\/v2\/pages\/43696","targetHints":{"allow":["GET"]}}],"collection":[{"href":"https:\/\/ufmsecretariat.org\/fr\/wp-json\/wp\/v2\/pages"}],"about":[{"href":"https:\/\/ufmsecretariat.org\/fr\/wp-json\/wp\/v2\/types\/page"}],"author":[{"embeddable":true,"href":"https:\/\/ufmsecretariat.org\/fr\/wp-json\/wp\/v2\/users\/4"}],"replies":[{"embeddable":true,"href":"https:\/\/ufmsecretariat.org\/fr\/wp-json\/wp\/v2\/comments?post=43696"}],"version-history":[{"count":12,"href":"https:\/\/ufmsecretariat.org\/fr\/wp-json\/wp\/v2\/pages\/43696\/revisions"}],"predecessor-version":[{"id":153518,"href":"https:\/\/ufmsecretariat.org\/fr\/wp-json\/wp\/v2\/pages\/43696\/revisions\/153518"}],"up":[{"embeddable":true,"href":"https:\/\/ufmsecretariat.org\/fr\/wp-json\/wp\/v2\/pages\/43685"}],"wp:featuredmedia":[{"embeddable":true,"href":"https:\/\/ufmsecretariat.org\/fr\/wp-json\/wp\/v2\/media\/153516"}],"wp:attachment":[{"href":"https:\/\/ufmsecretariat.org\/fr\/wp-json\/wp\/v2\/media?parent=43696"}],"wp:term":[{"taxonomy":"priority-area","embeddable":true,"href":"https:\/\/ufmsecretariat.org\/fr\/wp-json\/wp\/v2\/priority-area?post=43696"}],"curies":[{"name":"wp","href":"https:\/\/api.w.org\/{rel}","templated":true}]}}