
{"id":43728,"date":"2017-09-13T11:37:50","date_gmt":"2017-09-13T10:37:50","guid":{"rendered":"https:\/\/ufmsecretariat.org\/secondments\/"},"modified":"2023-09-06T14:57:27","modified_gmt":"2023-09-06T13:57:27","slug":"secondments","status":"publish","type":"page","link":"https:\/\/ufmsecretariat.org\/fr\/travailler-avec-nous\/secondments\/","title":{"rendered":"Personnel d\u00e9tach\u00e9"},"content":{"rendered":"<section class=\"wpb-content-wrapper\"><p>[vc_row type=&#8221;full-width-content&#8221; content_placement=&#8221;bottom&#8221; css=&#8221;.vc_custom_1507902532073{margin-top: 0px !important;margin-bottom: 0px !important;padding-top: 0px !important;padding-bottom: 0px !important;}&#8221;][vc_column][vc_single_image image=&#8221;153522&#8243; img_size=&#8221;slide&#8221; alignment=&#8221;center&#8221;][\/vc_column][\/vc_row][vc_row type=&#8221;full-width-section&#8221; content_placement=&#8221;bottom&#8221; css=&#8221;.vc_custom_1472543612832{margin-top: 0px !important;margin-bottom: -50px !important;padding-top: 25px !important;padding-bottom: 20px !important;background-color: #464e90 !important;}&#8221; el_id=&#8221;page-title&#8221;][vc_column][vc_custom_heading text=&#8221;Secondments&#8221; font_container=&#8221;tag:h1|text_align:left|color:%23ffffff&#8221; use_theme_fonts=&#8221;yes&#8221; css=&#8221;.vc_custom_1508307205885{margin-bottom: 0px !important;}&#8221;][\/vc_column][\/vc_row][vc_row css=&#8221;.vc_custom_1513766689680{margin-bottom: 100px !important;padding-top: 35px !important;}&#8221; el_id=&#8221;vacancies&#8221; el_class=&#8221;secondments&#8221;][vc_column width=&#8221;9\/12&#8243;][vc_row_inner css=&#8221;.vc_custom_1487070356702{margin-bottom: 0px !important;}&#8221;][vc_column_inner][vc_custom_heading text=&#8221;L\u2019Union pour la M\u00e9diterran\u00e9e agit par le biais de son Secr\u00e9tariat g\u00e9n\u00e9ral, \u00e9tabli \u00e0 Barcelone en mars 2010. L\u2019\u00e9quipe du Secr\u00e9tariat g\u00e9n\u00e9ral compte des personnes de plus de 17 nationalit\u00e9s travaillant dans un environnement multiculturel promouvant la coop\u00e9ration, ainsi que la communication et les \u00e9changes interculturels.&#8221; font_container=&#8221;tag:h3|text_align:left&#8221; use_theme_fonts=&#8221;yes&#8221; css=&#8221;.vc_custom_1508307218260{margin-bottom: 20px !important;}&#8221;][vc_column_text css=&#8221;.vc_custom_1608134294828{margin-bottom: 0px !important;}&#8221;]Les candidatures sont ouvertes aux citoyens des \u00c9tats membres de l&#8217;UpM. Le personnel d\u00e9tach\u00e9 joue un double r\u00f4le en apportant leur expertise au Secr\u00e9tariat de l&#8217;UpM et\u00a0 favorisant les \u00e9changes mutuels et la coop\u00e9ration entre les \u00c9tats membres de l&#8217;UpM et ses partenaires.<\/p>\n<p><a href=\"https:\/\/ufmsecretariat.org\/wp-content\/uploads\/2017\/09\/Call-for-Secondments-2021.pdf\">Postes \u00e0 pourvoir<\/a>[\/vc_column_text]<style type=\"text\/css\" >#l_a7ub52ivz2d80ick0fed.sc_line ,#l_a7ub52ivz2d80ick0fed .sc_line { height:1px; background:#b5b5b5;}#l_a7ub52ivz2d80ick0fed {margin:50px 0 50px 0; padding:0;}<\/style><div class=\"clearfix\"><\/div><div id=\"l_a7ub52ivz2d80ick0fed\"  class=\"sc_line rd_line_normal\" ><\/div>[\/vc_column_inner][\/vc_row_inner][\/vc_column][vc_column width=&#8221;3\/12&#8243; el_class=&#8221;vc_sidebar&#8221;][vc_widget_sidebar sidebar_id=&#8221;thefox_vacancies&#8221;][\/vc_column][\/vc_row]<\/p>\n<\/section>","protected":false},"excerpt":{"rendered":"<p>[vc_row type=&#8221;full-width-content&#8221; content_placement=&#8221;bottom&#8221; css=&#8221;.vc_custom_1507902532073{margin-top: 0px !important;margin-bottom: 0px !important;padding-top: 0px !important;padding-bottom: 0px !important;}&#8221;][vc_column][vc_single_image image=&#8221;153522&#8243; img_size=&#8221;slide&#8221; alignment=&#8221;center&#8221;][\/vc_column][\/vc_row][vc_row type=&#8221;full-width-section&#8221; content_placement=&#8221;bottom&#8221; css=&#8221;.vc_custom_1472543612832{margin-top: 0px !important;margin-bottom: -50px !important;padding-top: 25px !important;padding-bottom: 20px !important;background-color: #464e90 !important;}&#8221; el_id=&#8221;page-title&#8221;][vc_column][vc_custom_heading text=&#8221;Secondments&#8221; font_container=&#8221;tag:h1|text_align:left|color:%23ffffff&#8221; use_theme_fonts=&#8221;yes&#8221; css=&#8221;.vc_custom_1508307205885{margin-bottom: 0px !important;}&#8221;][\/vc_column][\/vc_row][vc_row css=&#8221;.vc_custom_1513766689680{margin-bottom: 100px !important;padding-top: 35px !important;}&#8221; el_id=&#8221;vacancies&#8221; el_class=&#8221;secondments&#8221;][vc_column width=&#8221;9\/12&#8243;][vc_row_inner css=&#8221;.vc_custom_1487070356702{margin-bottom: 0px !important;}&#8221;][vc_column_inner][vc_custom_heading text=&#8221;L\u2019Union pour la M\u00e9diterran\u00e9e agit par le biais de<br \/><a href=\"https:\/\/ufmsecretariat.org\/fr\/travailler-avec-nous\/secondments\/\" class=\"more\">Lire la suite<\/a><\/p>\n","protected":false},"author":4,"featured_media":153522,"parent":43685,"menu_order":0,"comment_status":"closed","ping_status":"closed","template":"","meta":{"footnotes":""},"priority-area":[],"class_list":["post-43728","page","type-page","status-publish","has-post-thumbnail","hentry"],"_links":{"self":[{"href":"https:\/\/ufmsecretariat.org\/fr\/wp-json\/wp\/v2\/pages\/43728","targetHints":{"allow":["GET"]}}],"collection":[{"href":"https:\/\/ufmsecretariat.org\/fr\/wp-json\/wp\/v2\/pages"}],"about":[{"href":"https:\/\/ufmsecretariat.org\/fr\/wp-json\/wp\/v2\/types\/page"}],"author":[{"embeddable":true,"href":"https:\/\/ufmsecretariat.org\/fr\/wp-json\/wp\/v2\/users\/4"}],"replies":[{"embeddable":true,"href":"https:\/\/ufmsecretariat.org\/fr\/wp-json\/wp\/v2\/comments?post=43728"}],"version-history":[{"count":11,"href":"https:\/\/ufmsecretariat.org\/fr\/wp-json\/wp\/v2\/pages\/43728\/revisions"}],"predecessor-version":[{"id":153524,"href":"https:\/\/ufmsecretariat.org\/fr\/wp-json\/wp\/v2\/pages\/43728\/revisions\/153524"}],"up":[{"embeddable":true,"href":"https:\/\/ufmsecretariat.org\/fr\/wp-json\/wp\/v2\/pages\/43685"}],"wp:featuredmedia":[{"embeddable":true,"href":"https:\/\/ufmsecretariat.org\/fr\/wp-json\/wp\/v2\/media\/153522"}],"wp:attachment":[{"href":"https:\/\/ufmsecretariat.org\/fr\/wp-json\/wp\/v2\/media?parent=43728"}],"wp:term":[{"taxonomy":"priority-area","embeddable":true,"href":"https:\/\/ufmsecretariat.org\/fr\/wp-json\/wp\/v2\/priority-area?post=43728"}],"curies":[{"name":"wp","href":"https:\/\/api.w.org\/{rel}","templated":true}]}}