
{"id":5044,"date":"2012-09-18T09:37:12","date_gmt":"2012-09-18T09:37:12","guid":{"rendered":"https:\/\/ufmsecretariat.org\/how-to-submit-a-project-2\/"},"modified":"2026-03-26T16:12:56","modified_gmt":"2026-03-26T15:12:56","slug":"how-to-submit-a-project","status":"publish","type":"page","link":"https:\/\/ufmsecretariat.org\/fr\/notre-action\/how-to-submit-a-project\/","title":{"rendered":"Comment soumettre un projet"},"content":{"rendered":"<section class=\"wpb-content-wrapper\"><p>[vc_row type=&#8221;full-width-content&#8221; content_placement=&#8221;bottom&#8221; css=&#8221;.vc_custom_1513250187449{margin-top: 0px !important;margin-bottom: 0px !important;padding-top: 0px !important;padding-bottom: 0px !important;}&#8221;][vc_column][vc_single_image image=&#8221;51732&#8243; img_size=&#8221;slide&#8221;][\/vc_column][\/vc_row][vc_row type=&#8221;full-width-section&#8221; content_placement=&#8221;bottom&#8221; css=&#8221;.vc_custom_1473254942076{margin-top: 0px !important;margin-bottom: -50px !important;padding-top: 15px !important;padding-bottom: 10px !important;background-color: #464e90 !important;}&#8221; el_id=&#8221;page-title&#8221; font_color=&#8221;#ffffff&#8221;][vc_column font_color=&#8221;#ffffff&#8221;][vc_custom_heading text=&#8221;Comment soumettre un projet&#8221; font_container=&#8221;tag:h1|text_align:left|color:%23ffffff&#8221; use_theme_fonts=&#8221;yes&#8221; css=&#8221;.vc_custom_1714049937361{margin-bottom: 0px !important;}&#8221;][\/vc_column][\/vc_row][vc_row][vc_column width=&#8221;1\/2&#8243; css=&#8221;.vc_custom_1487072615398{padding-top: 35px !important;}&#8221;][vc_custom_heading text=&#8221;The UfM label&#8221; use_theme_fonts=&#8221;yes&#8221; css=&#8221;.vc_custom_1714036555377{margin-bottom: 20px !important;}&#8221;][vc_column_text]L\u2019objectif \u00e0 long terme du Secr\u00e9tariat de l\u2019UpM est de consolider un label UpM reconnu, avec une valeur ajout\u00e9e claire, reconnue et visible, afin de promouvoir des projets de qualit\u00e9 conformes aux engagements minist\u00e9riels et aux priorit\u00e9s strat\u00e9giques.<\/p>\n<p>Le label UpM constitue une reconnaissance de projets de haute qualit\u00e9 et ayant le potentiel de contribuer \u00e0 faire progresser les objectifs de l\u2019UpM, en produisant des r\u00e9sultats concrets au b\u00e9n\u00e9fice global des populations de la M\u00e9diterran\u00e9e.<\/p>\n<p>Le label UpM est attribu\u00e9 aux projets par une d\u00e9cision des hauts fonctionnaires de l\u2019UpM adopt\u00e9e par consensus lors d\u2019une r\u00e9union ou par proc\u00e9dure \u00e9crite (silence), attestant du soutien politique des \u00c9tats membres de l\u2019UpM.<\/p>\n<p>Le label UpM permet aux promoteurs de projets de mobiliser les parties prenantes et les ressources, d\u2019accro\u00eetre la sensibilisation et la visibilit\u00e9, ainsi que de faciliter l\u2019acc\u00e8s \u00e0 un r\u00e9seau de donateurs et de partenaires potentiels, en tirant parti du pouvoir de mobilisation de l\u2019UpM.<\/p>\n<p>Les demandes de labellisation peuvent \u00eatre soumises par un large \u00e9ventail de promoteurs exp\u00e9riment\u00e9s, notamment des organisations internationales, des institutions publiques, des organisations de la soci\u00e9t\u00e9 civile ou des entit\u00e9s priv\u00e9es disposant d\u2019une capacit\u00e9 technique et financi\u00e8re av\u00e9r\u00e9e.<\/p>\n<p>Les demandes de label UpM doivent respecter les crit\u00e8res d\u2019\u00e9ligibilit\u00e9 et de s\u00e9lection indiqu\u00e9s dans les lignes directrices de labellisation. En particulier, elles doivent :<\/p>\n<p>R\u00e9pondre aux principaux d\u00e9fis r\u00e9gionaux dans l\u2019un des domaines mandat\u00e9s de l\u2019UpM<br \/>\nPr\u00e9senter une dimension r\u00e9gionale afin de renforcer l\u2019int\u00e9gration r\u00e9gionale et d\u2019encourager la coop\u00e9ration Nord-Sud et Sud-Sud<br \/>\nPr\u00e9senter une perspective financi\u00e8re claire et ind\u00e9pendante<\/p>\n<p>L\u2019UpM agit comme un catalyseur de projets, en accompagnant les promoteurs tout au long du cycle de vie des projets et en renfor\u00e7ant le dialogue r\u00e9gional afin de cr\u00e9er des synergies pour les partenariats. Elle apporte un soutien visant \u00e0 garantir la mise en \u0153uvre des projets gr\u00e2ce \u00e0 une expertise technique, des opportunit\u00e9s de mise en r\u00e9seau et une visibilit\u00e9 accrue, et promeut des id\u00e9es innovantes afin de maximiser les r\u00e9sultats et l\u2019impact pour les populations de la r\u00e9gion m\u00e9diterran\u00e9enne.[\/vc_column_text][\/vc_column][vc_column width=&#8221;1\/2&#8243; css=&#8221;.vc_custom_1714047324046{padding-top: 50px !important;}&#8221;][vc_single_image image=&#8221;162580&#8243; img_size=&#8221;full&#8221;][\/vc_column][\/vc_row][vc_row disable_element=&#8221;yes&#8221;][vc_column width=&#8221;1\/2&#8243; css=&#8221;.vc_custom_1487072615398{padding-top: 35px !important;}&#8221;][vc_single_image image=&#8221;64027&#8243; img_size=&#8221;570&#215;320&#8243; animation=&#8221;rda_fadeIn&#8221;][\/vc_column][vc_column width=&#8221;1\/2&#8243; css=&#8221;.vc_custom_1531385784794{margin-top: 50px !important;}&#8221;]\n<!-- lists --><div class=\"rd_list_1_alt rd_list_left\"><style type='text\/css'> @font-face{font-family: ''; src:url('https:\/\/ufmsecretariat.org\/wp-content\/themes\/thefox\/includes\/4k-icons\/icons\/fonts\/.eot'); src:url('https:\/\/ufmsecretariat.org\/wp-content\/themes\/thefox\/includes\/4k-icons\/icons\/fonts\/.eot?#iefix') format('embedded-opentype'), url('https:\/\/ufmsecretariat.org\/wp-content\/themes\/thefox\/includes\/4k-icons\/icons\/fonts\/.woff') format('woff'), url('https:\/\/ufmsecretariat.org\/wp-content\/themes\/thefox\/includes\/4k-icons\/icons\/fonts\/.ttf') format('truetype'), url('https:\/\/ufmsecretariat.org\/wp-content\/themes\/thefox\/includes\/4k-icons\/icons\/fonts\/.svg#oi') format('svg'); font-weight: normal; font-style: normal;}#rand_2cu23jm0jy2dpy7hi12b .:before{font-family: ''; font-weight: normal; font-style: normal;}#rand_2cu23jm0jy2dpy7hi12b .:before{content: \"\";}<\/style>\n<style type=\"text\/css\" >.rd_list_1 .list_item_ctn { border-color:#ECF0F1}.rd_list_1 #rand_2cu23jm0jy2dpy7hi12b .list_icn i,.rd_list_1_alt #rand_2cu23jm0jy2dpy7hi12b .list_icn i{color:#009DE0;}.rd_list_2 #rand_2cu23jm0jy2dpy7hi12b:after{background:#000000;}.rd_list_2 #rand_2cu23jm0jy2dpy7hi12b .list_icn i{color:#009DE0;}.rd_list_3 #rand_2cu23jm0jy2dpy7hi12b .list_icn,.rd_list_5 #rand_2cu23jm0jy2dpy7hi12b .list_icn,.rd_list_6 #rand_2cu23jm0jy2dpy7hi12b .list_icn{background:#009DE0;}.rd_list_4 #rand_2cu23jm0jy2dpy7hi12b{background:#009DE0;}#rand_2cu23jm0jy2dpy7hi12b h3{color:#000000;}#rand_2cu23jm0jy2dpy7hi12b p{color:#000000;}.rd_list_7 #rand_2cu23jm0jy2dpy7hi12b .list_icn{color:#009DE0;}<\/style><div class=\"list_item_ctn\" id=\"rand_2cu23jm0jy2dpy7hi12b\"><div class=\"list_icn\"><i class=\"\"><\/i><\/div><div class=\"list_desc\"><h3>Inclusive Development<\/h3><p>\u2022 Economic Development and Employment<br \/>\n\u2022 Social &amp; Civil Affairs<br \/>\n\u2022 Higher Education &amp; Research<\/p><\/div><\/div><style type='text\/css'> @font-face{font-family: ''; src:url('https:\/\/ufmsecretariat.org\/wp-content\/themes\/thefox\/includes\/4k-icons\/icons\/fonts\/.eot'); src:url('https:\/\/ufmsecretariat.org\/wp-content\/themes\/thefox\/includes\/4k-icons\/icons\/fonts\/.eot?#iefix') format('embedded-opentype'), url('https:\/\/ufmsecretariat.org\/wp-content\/themes\/thefox\/includes\/4k-icons\/icons\/fonts\/.woff') format('woff'), url('https:\/\/ufmsecretariat.org\/wp-content\/themes\/thefox\/includes\/4k-icons\/icons\/fonts\/.ttf') format('truetype'), url('https:\/\/ufmsecretariat.org\/wp-content\/themes\/thefox\/includes\/4k-icons\/icons\/fonts\/.svg#oi') format('svg'); font-weight: normal; font-style: normal;}#rand_belxxguvutqg6vf7o2ar .:before{font-family: ''; font-weight: normal; font-style: normal;}#rand_belxxguvutqg6vf7o2ar .:before{content: \"\";}<\/style>\n<style type=\"text\/css\" >.rd_list_1 .list_item_ctn { border-color:#ECF0F1}.rd_list_1 #rand_belxxguvutqg6vf7o2ar .list_icn i,.rd_list_1_alt #rand_belxxguvutqg6vf7o2ar .list_icn i{color:#009DE0;}.rd_list_2 #rand_belxxguvutqg6vf7o2ar:after{background:#000000;}.rd_list_2 #rand_belxxguvutqg6vf7o2ar .list_icn i{color:#009DE0;}.rd_list_3 #rand_belxxguvutqg6vf7o2ar .list_icn,.rd_list_5 #rand_belxxguvutqg6vf7o2ar .list_icn,.rd_list_6 #rand_belxxguvutqg6vf7o2ar .list_icn{background:#009DE0;}.rd_list_4 #rand_belxxguvutqg6vf7o2ar{background:#009DE0;}#rand_belxxguvutqg6vf7o2ar h3{color:#000000;}#rand_belxxguvutqg6vf7o2ar p{color:#000000;}.rd_list_7 #rand_belxxguvutqg6vf7o2ar .list_icn{color:#009DE0;}<\/style><div class=\"list_item_ctn\" id=\"rand_belxxguvutqg6vf7o2ar\"><div class=\"list_icn\"><i class=\"\"><\/i><\/div><div class=\"list_desc\"><p><\/p>\n<p><\/p><\/div><\/div><style type='text\/css'> @font-face{font-family: ''; src:url('https:\/\/ufmsecretariat.org\/wp-content\/themes\/thefox\/includes\/4k-icons\/icons\/fonts\/.eot'); src:url('https:\/\/ufmsecretariat.org\/wp-content\/themes\/thefox\/includes\/4k-icons\/icons\/fonts\/.eot?#iefix') format('embedded-opentype'), url('https:\/\/ufmsecretariat.org\/wp-content\/themes\/thefox\/includes\/4k-icons\/icons\/fonts\/.woff') format('woff'), url('https:\/\/ufmsecretariat.org\/wp-content\/themes\/thefox\/includes\/4k-icons\/icons\/fonts\/.ttf') format('truetype'), url('https:\/\/ufmsecretariat.org\/wp-content\/themes\/thefox\/includes\/4k-icons\/icons\/fonts\/.svg#oi') format('svg'); font-weight: normal; font-style: normal;}#rand_pbfxtx8k1ez5o00wpvl3 .:before{font-family: ''; font-weight: normal; font-style: normal;}#rand_pbfxtx8k1ez5o00wpvl3 .:before{content: \"\";}<\/style>\n<style type=\"text\/css\" >.rd_list_1 .list_item_ctn { border-color:#ECF0F1}.rd_list_1 #rand_pbfxtx8k1ez5o00wpvl3 .list_icn i,.rd_list_1_alt #rand_pbfxtx8k1ez5o00wpvl3 .list_icn i{color:#009DE0;}.rd_list_2 #rand_pbfxtx8k1ez5o00wpvl3:after{background:#000000;}.rd_list_2 #rand_pbfxtx8k1ez5o00wpvl3 .list_icn i{color:#009DE0;}.rd_list_3 #rand_pbfxtx8k1ez5o00wpvl3 .list_icn,.rd_list_5 #rand_pbfxtx8k1ez5o00wpvl3 .list_icn,.rd_list_6 #rand_pbfxtx8k1ez5o00wpvl3 .list_icn{background:#009DE0;}.rd_list_4 #rand_pbfxtx8k1ez5o00wpvl3{background:#009DE0;}#rand_pbfxtx8k1ez5o00wpvl3 h3{color:#000000;}#rand_pbfxtx8k1ez5o00wpvl3 p{color:#000000;}.rd_list_7 #rand_pbfxtx8k1ez5o00wpvl3 .list_icn{color:#009DE0;}<\/style><div class=\"list_item_ctn\" id=\"rand_pbfxtx8k1ez5o00wpvl3\"><div class=\"list_icn\"><i class=\"\"><\/i><\/div><div class=\"list_desc\"><h3>Sustainable Development<\/h3><p>\u2022 Environment, Water &amp; Blue Economy<br \/>\n\u2022 Energy &amp; Climate Action<br \/>\n\u2022 Transport &amp; Urban Development<br \/>\n<\/p><\/div><\/div><\/div>\r\n\r\n<!-- lists END-->\n[\/vc_column][\/vc_row][vc_row disable_element=&#8221;yes&#8221;][vc_column css=&#8221;.vc_custom_1513079521626{padding-top: 0px !important;}&#8221;][vc_column_text]The UfM label is an endorsement of projects of high quality and potential to contribute to advance the objectives of the UfM, delivering concrete results for the broader benefit of people of the Mediterranean.[\/vc_column_text][\/vc_column][\/vc_row][vc_row disable_element=&#8221;yes&#8221;][vc_column css=&#8221;.vc_custom_1513078832061{padding-top: 0px !important;}&#8221;]\n<!-- lists --><div class=\"rd_list_1_alt rd_list_left\"><style type='text\/css'> @font-face{font-family: ''; src:url('https:\/\/ufmsecretariat.org\/wp-content\/themes\/thefox\/includes\/4k-icons\/icons\/fonts\/.eot'); src:url('https:\/\/ufmsecretariat.org\/wp-content\/themes\/thefox\/includes\/4k-icons\/icons\/fonts\/.eot?#iefix') format('embedded-opentype'), url('https:\/\/ufmsecretariat.org\/wp-content\/themes\/thefox\/includes\/4k-icons\/icons\/fonts\/.woff') format('woff'), url('https:\/\/ufmsecretariat.org\/wp-content\/themes\/thefox\/includes\/4k-icons\/icons\/fonts\/.ttf') format('truetype'), url('https:\/\/ufmsecretariat.org\/wp-content\/themes\/thefox\/includes\/4k-icons\/icons\/fonts\/.svg#oi') format('svg'); font-weight: normal; font-style: normal;}#rand_tr620zmf9pukgvqowzfh .:before{font-family: ''; font-weight: normal; font-style: normal;}#rand_tr620zmf9pukgvqowzfh .:before{content: \"\";}<\/style>\n<style type=\"text\/css\" >.rd_list_1 .list_item_ctn { border-color:#ECF0F1}.rd_list_1 #rand_tr620zmf9pukgvqowzfh .list_icn i,.rd_list_1_alt #rand_tr620zmf9pukgvqowzfh .list_icn i{color:#009DE0;}.rd_list_2 #rand_tr620zmf9pukgvqowzfh:after{background:#000000;}.rd_list_2 #rand_tr620zmf9pukgvqowzfh .list_icn i{color:#009DE0;}.rd_list_3 #rand_tr620zmf9pukgvqowzfh .list_icn,.rd_list_5 #rand_tr620zmf9pukgvqowzfh .list_icn,.rd_list_6 #rand_tr620zmf9pukgvqowzfh .list_icn{background:#009DE0;}.rd_list_4 #rand_tr620zmf9pukgvqowzfh{background:#009DE0;}#rand_tr620zmf9pukgvqowzfh h3{color:#000000;}#rand_tr620zmf9pukgvqowzfh p{color:#000000;}.rd_list_7 #rand_tr620zmf9pukgvqowzfh .list_icn{color:#009DE0;}<\/style><div class=\"list_item_ctn\" id=\"rand_tr620zmf9pukgvqowzfh\"><div class=\"list_icn\"><i class=\"\"><\/i><\/div><div class=\"list_desc\"><p>The UfM label is granted to projects by a decision of UfM Senior Officials adopted by consensus in a meeting or through silence procedure providing evidence of political endorsement by the UfM Member States.<br \/>\nThe UfM label enables project promoters to mobilize stakeholders and resources, raise awareness and visibility as well as facilitate access to a network of potential donors and partners, capitalizing on the convening power of the UfM.<\/p><\/div><\/div><\/div>\r\n\r\n<!-- lists END-->\n[\/vc_column][\/vc_row][vc_row disable_element=&#8221;yes&#8221;][vc_column css=&#8221;.vc_custom_1513079514227{padding-top: 0px !important;}&#8221;][vc_column_text]Applications for label may be submitted by a wide range of experienced promoters including international organizations, public institutions, civil society organizations or private entities with proven technical and financial capacity.[\/vc_column_text][\/vc_column][\/vc_row][vc_row disable_element=&#8221;yes&#8221;][vc_column css=&#8221;.vc_custom_1513078832061{padding-top: 0px !important;}&#8221;]\n<!-- lists --><div class=\"rd_list_1_alt rd_list_left\"><style type='text\/css'> @font-face{font-family: ''; src:url('https:\/\/ufmsecretariat.org\/wp-content\/themes\/thefox\/includes\/4k-icons\/icons\/fonts\/.eot'); src:url('https:\/\/ufmsecretariat.org\/wp-content\/themes\/thefox\/includes\/4k-icons\/icons\/fonts\/.eot?#iefix') format('embedded-opentype'), url('https:\/\/ufmsecretariat.org\/wp-content\/themes\/thefox\/includes\/4k-icons\/icons\/fonts\/.woff') format('woff'), url('https:\/\/ufmsecretariat.org\/wp-content\/themes\/thefox\/includes\/4k-icons\/icons\/fonts\/.ttf') format('truetype'), url('https:\/\/ufmsecretariat.org\/wp-content\/themes\/thefox\/includes\/4k-icons\/icons\/fonts\/.svg#oi') format('svg'); font-weight: normal; font-style: normal;}#rand_6ybbj8pz23lx9byr171z .:before{font-family: ''; font-weight: normal; font-style: normal;}#rand_6ybbj8pz23lx9byr171z .:before{content: \"\";}<\/style>\n<style type=\"text\/css\" >.rd_list_1 .list_item_ctn { border-color:#ECF0F1}.rd_list_1 #rand_6ybbj8pz23lx9byr171z .list_icn i,.rd_list_1_alt #rand_6ybbj8pz23lx9byr171z .list_icn i{color:#009DE0;}.rd_list_2 #rand_6ybbj8pz23lx9byr171z:after{background:#000000;}.rd_list_2 #rand_6ybbj8pz23lx9byr171z .list_icn i{color:#009DE0;}.rd_list_3 #rand_6ybbj8pz23lx9byr171z .list_icn,.rd_list_5 #rand_6ybbj8pz23lx9byr171z .list_icn,.rd_list_6 #rand_6ybbj8pz23lx9byr171z .list_icn{background:#009DE0;}.rd_list_4 #rand_6ybbj8pz23lx9byr171z{background:#009DE0;}#rand_6ybbj8pz23lx9byr171z h3{color:#000000;}#rand_6ybbj8pz23lx9byr171z p{color:#000000;}.rd_list_7 #rand_6ybbj8pz23lx9byr171z .list_icn{color:#009DE0;}<\/style><div class=\"list_item_ctn\" id=\"rand_6ybbj8pz23lx9byr171z\"><div class=\"list_icn\"><i class=\"\"><\/i><\/div><div class=\"list_desc\"><p>Applications for the UfM label should comply with the eligibility and selection criteria indicated in the labelling guidelines. In particular, they shall:<br \/>\n\u2022 Address key regional challenges in one of the UfM mandated areas<br \/>\n\u2022 Have a regional dimension to enhance regional integration and encourage North-South and South-South cooperation<br \/>\n\u2022 Present a clear, independent financial perspective<\/p><\/div><\/div><\/div>\r\n\r\n<!-- lists END-->\n[\/vc_column][\/vc_row][vc_row][vc_column]<style type=\"text\/css\" >#l_mqn60zbgot03az0cpckn.sc_line ,#l_mqn60zbgot03az0cpckn .sc_line { height:1px; background:#1e73be;}#l_mqn60zbgot03az0cpckn {margin:0px 0 0px 0; padding:0;}<\/style><div class=\"clearfix\"><\/div><div id=\"l_mqn60zbgot03az0cpckn\"  class=\"sc_line rd_line_normal\" ><\/div>[\/vc_column][\/vc_row][vc_row][vc_column css=&#8221;.vc_custom_1487072615398{padding-top: 35px !important;}&#8221;][vc_custom_heading text=&#8221;Interested in applying for the UfM label?&#8221; use_theme_fonts=&#8221;yes&#8221; css=&#8221;.vc_custom_1714044694358{margin-bottom: 20px !important;}&#8221;][vc_row_inner content_placement=&#8221;top&#8221; css=&#8221;.vc_custom_1505484212930{margin-bottom: 50px !important;}&#8221;][vc_column_inner width=&#8221;1\/3&#8243;][vc_single_image image=&#8221;51711&#8243; img_size=&#8221;full&#8221;][\/vc_column_inner][vc_column_inner width=&#8221;2\/3&#8243;][vc_column_text css=&#8221;.vc_custom_1714035282337{margin-bottom: 0px !important;}&#8221;]<\/p>\n<h4><span class=\"number-list\">1. <\/span><strong>Know if my project meets the requirements<\/strong><\/h4>\n<p>Applications for UfM label are assessed against eligibility and selection criteria indicated in the <a href=\"https:\/\/ufmsecretariat.org\/wp-content\/uploads\/2024\/03\/ufm_labelling-guidelines_March2024.pdf\" target=\"_blank\" rel=\"noopener\">UfM Labelling Guidelines.<\/a>[\/vc_column_text]<style type=\"text\/css\" >#l_drq1bhdygq36d6c3f3ez.sc_line ,#l_drq1bhdygq36d6c3f3ez .sc_line { height:1px; background:#dcdcdc;}#l_drq1bhdygq36d6c3f3ez {margin:30px 0 30px 0; padding:0;}<\/style><div class=\"clearfix\"><\/div><div id=\"l_drq1bhdygq36d6c3f3ez\"  class=\"sc_line rd_line_normal\" ><\/div>[vc_column_text css=&#8221;.vc_custom_1727686564081{margin-bottom: 0px !important;}&#8221;]<\/p>\n<h4>2. Complete the application form and submit it<\/h4>\n<p>The <a href=\"https:\/\/applications.ufmsecretariat.org\/register\" target=\"_blank\" rel=\"noopener\"><b>online application form <\/b><\/a>shall be duly completed and submitted including all relevant information and documents. For any doubt or issue related to the online application form you can contact the UfM Secretariat by email at <a title=\"mailto:projects.info@ufmsecretariat.org\" href=\"mailto:projects.info@ufmsecretariat.org\" data-outlook-id=\"e79504a8-5401-42a7-b33d-3d99fd1ce194\">projects.info@ufmsecretariat.org<\/a>[\/vc_column_text]<style type=\"text\/css\" >#l_2zkujuk03t5swxk71vfj.sc_line ,#l_2zkujuk03t5swxk71vfj .sc_line { height:1px; background:#dcdcdc;}#l_2zkujuk03t5swxk71vfj {margin:30px 0 30px 0; padding:0;}<\/style><div class=\"clearfix\"><\/div><div id=\"l_2zkujuk03t5swxk71vfj\"  class=\"sc_line rd_line_normal\" ><\/div>[vc_column_text css=&#8221;.vc_custom_1714035211618{margin-bottom: 0px !important;}&#8221;]Applications for the UfM label are treated as confidential. For further information, please refer to our confidentiality policy.[\/vc_column_text]<style type=\"text\/css\" >#l_4qpkvkru0vqq8hdwlnmi.sc_line ,#l_4qpkvkru0vqq8hdwlnmi .sc_line { height:1px; background:#dcdcdc;}#l_4qpkvkru0vqq8hdwlnmi {margin:30px 0 0px 0; padding:0;}<\/style><div class=\"clearfix\"><\/div><div id=\"l_4qpkvkru0vqq8hdwlnmi\"  class=\"sc_line rd_line_normal\" ><\/div>[\/vc_column_inner][\/vc_row_inner][vc_row_inner css=&#8221;.vc_custom_1513252623392{margin-bottom: 70px !important;padding-top: 20px !important;padding-right: 80px !important;padding-bottom: 40px !important;padding-left: 80px !important;background-color: #e5e5e5 !important;}&#8221; el_id=&#8221;faqs_box&#8221;][vc_column_inner width=&#8221;7\/12&#8243; css=&#8221;.vc_custom_1474265944882{padding-top: 20px !important;}&#8221;][vc_custom_heading text=&#8221;Avez-vous des questions sur la soumission d&#8217;une proposition de projet?&#8221; font_container=&#8221;tag:h2|text_align:left|line_height:32px&#8221; use_theme_fonts=&#8221;yes&#8221; css=&#8221;.vc_custom_1714049832081{margin-bottom: 35px !important;}&#8221;]<style type=\"text\/css\" >#b_1wy2k3q27zpqlxvyylss a{color:#000000; background:; border-style:solid; border-color:#000000; margin-top:0px; margin-bottom:0px;  margin-left:0px; margin-right:0px; font-weight:900; border-radius:100px;}#b_1wy2k3q27zpqlxvyylss a:hover{color:#ffffff ; background:#009de0 ; border-color:#009de0;}<\/style><div class=\"ta_left tf_btn_pos\" id=\"b_1wy2k3q27zpqlxvyylss\" ><a class=\"rd_stroke_bt smallmedium_rd_bt border_1px  \" href=\"https:\/\/ufmsecretariat.org\/fr\/faq\/\" target=\"\" >Acc\u00e9dez \u00e0 nos Questions fr\u00e9quentes<\/a><\/div>[\/vc_column_inner][vc_column_inner width=&#8221;5\/12&#8243;][vc_single_image image=&#8221;51413&#8243; img_size=&#8221;full&#8221;][\/vc_column_inner][\/vc_row_inner][\/vc_column][\/vc_row]<\/p>\n<\/section>","protected":false},"excerpt":{"rendered":"<p>[vc_row type=&#8221;full-width-content&#8221; content_placement=&#8221;bottom&#8221; css=&#8221;.vc_custom_1513250187449{margin-top: 0px !important;margin-bottom: 0px !important;padding-top: 0px !important;padding-bottom: 0px !important;}&#8221;][vc_column][vc_single_image image=&#8221;51732&#8243; img_size=&#8221;slide&#8221;][\/vc_column][\/vc_row][vc_row type=&#8221;full-width-section&#8221; content_placement=&#8221;bottom&#8221; css=&#8221;.vc_custom_1473254942076{margin-top: 0px !important;margin-bottom: -50px !important;padding-top: 15px !important;padding-bottom: 10px !important;background-color: #464e90 !important;}&#8221; el_id=&#8221;page-title&#8221; font_color=&#8221;#ffffff&#8221;][vc_column font_color=&#8221;#ffffff&#8221;][vc_custom_heading text=&#8221;Comment soumettre un projet&#8221; font_container=&#8221;tag:h1|text_align:left|color:%23ffffff&#8221; use_theme_fonts=&#8221;yes&#8221; css=&#8221;.vc_custom_1714049937361{margin-bottom: 0px !important;}&#8221;][\/vc_column][\/vc_row][vc_row][vc_column width=&#8221;1\/2&#8243; css=&#8221;.vc_custom_1487072615398{padding-top: 35px !important;}&#8221;][vc_custom_heading text=&#8221;The UfM label&#8221; use_theme_fonts=&#8221;yes&#8221; css=&#8221;.vc_custom_1714036555377{margin-bottom: 20px !important;}&#8221;][vc_column_text]L\u2019objectif \u00e0 long terme du Secr\u00e9tariat<br \/><a href=\"https:\/\/ufmsecretariat.org\/fr\/notre-action\/how-to-submit-a-project\/\" class=\"more\">Lire la suite<\/a><\/p>\n","protected":false},"author":3,"featured_media":0,"parent":52751,"menu_order":0,"comment_status":"open","ping_status":"open","template":"","meta":{"footnotes":""},"priority-area":[],"class_list":["post-5044","page","type-page","status-publish","hentry"],"_links":{"self":[{"href":"https:\/\/ufmsecretariat.org\/fr\/wp-json\/wp\/v2\/pages\/5044","targetHints":{"allow":["GET"]}}],"collection":[{"href":"https:\/\/ufmsecretariat.org\/fr\/wp-json\/wp\/v2\/pages"}],"about":[{"href":"https:\/\/ufmsecretariat.org\/fr\/wp-json\/wp\/v2\/types\/page"}],"author":[{"embeddable":true,"href":"https:\/\/ufmsecretariat.org\/fr\/wp-json\/wp\/v2\/users\/3"}],"replies":[{"embeddable":true,"href":"https:\/\/ufmsecretariat.org\/fr\/wp-json\/wp\/v2\/comments?post=5044"}],"version-history":[{"count":12,"href":"https:\/\/ufmsecretariat.org\/fr\/wp-json\/wp\/v2\/pages\/5044\/revisions"}],"predecessor-version":[{"id":244035,"href":"https:\/\/ufmsecretariat.org\/fr\/wp-json\/wp\/v2\/pages\/5044\/revisions\/244035"}],"up":[{"embeddable":true,"href":"https:\/\/ufmsecretariat.org\/fr\/wp-json\/wp\/v2\/pages\/52751"}],"wp:attachment":[{"href":"https:\/\/ufmsecretariat.org\/fr\/wp-json\/wp\/v2\/media?parent=5044"}],"wp:term":[{"taxonomy":"priority-area","embeddable":true,"href":"https:\/\/ufmsecretariat.org\/fr\/wp-json\/wp\/v2\/priority-area?post=5044"}],"curies":[{"name":"wp","href":"https:\/\/api.w.org\/{rel}","templated":true}]}}