
{"id":5048,"date":"2012-09-17T16:26:27","date_gmt":"2012-09-17T16:26:27","guid":{"rendered":"https:\/\/ufmsecretariat.org\/partners-2\/"},"modified":"2023-10-25T15:26:48","modified_gmt":"2023-10-25T14:26:48","slug":"partenaires","status":"publish","type":"page","link":"https:\/\/ufmsecretariat.org\/fr\/qui-sommes-nous\/partenaires\/","title":{"rendered":"Partenaires"},"content":{"rendered":"<section class=\"wpb-content-wrapper\"><p>[vc_row type=&#8221;full-width-content&#8221; content_placement=&#8221;bottom&#8221; css=&#8221;.vc_custom_1507899670783{margin-top: 0px !important;margin-bottom: 0px !important;padding-top: 0px !important;padding-bottom: 0px !important;}&#8221;][vc_column][vc_single_image image=&#8221;51614&#8243; img_size=&#8221;slide&#8221; alignment=&#8221;center&#8221;][\/vc_column][\/vc_row][vc_row type=&#8221;full-width-section&#8221; content_placement=&#8221;bottom&#8221; css=&#8221;.vc_custom_1472543612832{margin-top: 0px !important;margin-bottom: -50px !important;padding-top: 25px !important;padding-bottom: 20px !important;background-color: #464e90 !important;}&#8221; el_id=&#8221;page-title&#8221;][vc_column][vc_custom_heading text=&#8221;Partenaires&#8221; font_container=&#8221;tag:h1|text_align:left|color:%23ffffff&#8221; use_theme_fonts=&#8221;yes&#8221; css=&#8221;.vc_custom_1512403079339{margin-bottom: 0px !important;}&#8221;][\/vc_column][\/vc_row][vc_row type=&#8221;full-width-section&#8221; css=&#8221;.vc_custom_1506932496114{padding-top: 60px !important;padding-bottom: 80px !important;background-color: #eeeeee !important;}&#8221;][vc_column][vc_column_text font_size=&#8221;20&#8243; line_height=&#8221;28&#8243; css=&#8221;.vc_custom_1513078807612{margin-bottom: 0px !important;}&#8221;]Le Secr\u00e9tariat g\u00e9n\u00e9ral de l&#8217;UpM est la plateforme intergouvernementale euro-m\u00e9diterran\u00e9enne o\u00f9 les d\u00e9cisions politiques sont mises en \u0153uvre et o\u00f9 des projets r\u00e9gionaux et sous-r\u00e9gionaux concrets sont d\u00e9velopp\u00e9s avec le soutien d&#8217;un vaste r\u00e9seau de partenaires incluant des gouvernements, des organisations internationales, des institutions financi\u00e8res, des organisations de la soci\u00e9t\u00e9 civile, des universit\u00e9s, des fondations et le secteur priv\u00e9.<\/p>\n<p>Le Secr\u00e9tariat g\u00e9n\u00e9ral de l&#8217;UpM se trouve dans une position privil\u00e9gi\u00e9e pour faciliter les synergies entre l&#8217;Europe, l&#8217;Afrique du Nord et le Moyen-Orient, afin de promouvoir de nouvelles id\u00e9es et initiatives de coop\u00e9ration dans la r\u00e9gion m\u00e9diterran\u00e9enne. De solides partenariats avec les institutions cl\u00e9s et des \u00e9changes d&#8217;id\u00e9es et de meilleures pratiques en continu avec les principaux acteurs du Nord et du Sud de la M\u00e9diterran\u00e9e ainsi que d&#8217;autres r\u00e9gions sont essentiels \u00e0 la mise en \u0153uvre r\u00e9ussie des activit\u00e9s soutenues par le Secr\u00e9tariat g\u00e9n\u00e9ral.[\/vc_column_text][\/vc_column][\/vc_row][vc_row el_id=&#8221;partners_accordions&#8221;][vc_column width=&#8221;1\/3&#8243;][vc_accordion active_tab=&#8221;1&#8243; collapsible=&#8221;yes&#8221; style=&#8221;rd_acc_16&#8243; el_class=&#8221;custom-accordion&#8221;][vc_accordion_tab title=&#8221;Partenaires institutionels&#8221; title_color=&#8221;#999999&#8243; active_title_color=&#8221;#999999&#8243;][vc_column_text]<\/p>\n<ul>\n<li style=\"list-style-type: none;\">\n<ul>\n<li><a href=\"http:\/\/www.acup.cat\/es\" target=\"_blank\" rel=\"noopener\">ACUP<\/a><\/li>\n<li><a href=\"http:\/\/www.agadiragreement.org\/\" target=\"_blank\" rel=\"noopener\">AGADIR Technical Unit (ATU)<\/a><\/li>\n<li><a href=\"http:\/\/www.annalindhfoundation.org\/\" target=\"_blank\" rel=\"noopener\">Anna Lindh Foundation<\/a><\/li>\n<li><a href=\"http:\/\/www.ascame.org\/\" target=\"_blank\" rel=\"noopener\">ASCAME<\/a><\/li>\n<li><a href=\"https:\/\/www.avitem.org\/\" target=\"_blank\" rel=\"noopener\">AViTeM \u2013 Villa M\u00e9diterran\u00e9e<\/a><\/li>\n<li><a href=\"http:\/\/www.bue.edu.eg\/\" target=\"_blank\" rel=\"noopener\">British University of Egypt<\/a><\/li>\n<li><a href=\"http:\/\/www.businessmed-umce.org\/\" target=\"_blank\" rel=\"noopener\">BUSINESSMED<\/a><\/li>\n<li><a href=\"http:\/\/ciheam.org\/\" target=\"_blank\" rel=\"noopener\">Centre International de Hautes \u00c9tudes Agronomiques M\u00e9diterran\u00e9ennes (CIHEAM)<\/a><\/li>\n<li><a href=\"https:\/\/www.cetmo.org\/en\/projects\/gtmo-55\" target=\"_blank\" rel=\"noopener\">CETMO \u2013 Technical Secretariat of the Group of Transport Ministers of the <\/a><\/li>\n<li><a href=\"http:\/\/www.cbss.org\/\" target=\"_blank\" rel=\"noopener\">Council of Baltic Sea States (CBSS)<\/a><\/li>\n<li><a href=\"http:\/\/archives.dimed.gouv.fr\/\" target=\"_blank\" rel=\"noopener\">D\u00e9l\u00e9gation interminist\u00e9rielle \u00e0 la M\u00e9diterran\u00e9e (DiMed)<\/a><\/li>\n<li><a href=\"https:\/\/euromed-economists.org\/\" target=\"_blank\" rel=\"noopener\">EMEA \u2013 Euro-Mediterranean Economists Association<\/a><\/li>\n<li><a href=\"http:\/\/www.enicbcmed.eu\/\" target=\"_blank\" rel=\"noopener\">ENI CBC Med Programme<\/a><\/li>\n<li><a href=\"http:\/\/www.ebrd.com\/home\" target=\"_blank\" rel=\"noopener\">European Bank for Reconstruction and Development (EBRD)<\/a><\/li>\n<li><a href=\"https:\/\/ec.europa.eu\/info\/index_en\" target=\"_blank\" rel=\"noopener\">European Union (EU)\/European Commission (EC)<\/a><\/li>\n<li><a href=\"http:\/\/www.eesc.europa.eu\/?i=portal.en.home\" target=\"_blank\" rel=\"noopener\">European Economic and Social Committee<\/a><\/li>\n<li><a href=\"http:\/\/www.eib.org\/\" target=\"_blank\" rel=\"noopener\">European Investment Bank (EIB)<\/a><\/li>\n<li><a href=\"https:\/\/www.etf.europa.eu\/en\" target=\"_blank\" rel=\"noopener\">European Training Foundation (ETF)<\/a><\/li>\n<li><a href=\"http:\/\/www.fao.org\/home\/en\/\" target=\"_blank\" rel=\"noopener\">FAO<\/a><\/li>\n<li><a href=\"http:\/\/www.iemed.org\/\" target=\"_blank\" rel=\"noopener\">IEMED<\/a><\/li>\n<li><a href=\"https:\/\/cpmr.org\/\" target=\"_blank\" rel=\"noopener\">Intermediterranean Commission of the Conference of Peripheral Maritime Regions (CPMR)<\/a><\/li>\n<li><a href=\"http:\/\/www.ilo.org\/global\/about-the-ilo\/lang--en\/index.htm\" target=\"_blank\" rel=\"noopener\">International Labour Organisation (ILO)<\/a><\/li>\n<li><a href=\"http:\/\/www.iru.org\/\" target=\"_blank\" rel=\"noopener\">International Road Transport Union (IRU)<\/a><\/li>\n<li><a href=\"http:\/\/www.ipemed.coop\/\" target=\"_blank\" rel=\"noopener\">IPEMED<\/a><\/li>\n<li><a href=\"https:\/\/www.kas.de\/en\/home\" target=\"_blank\" rel=\"noopener\">Konrad Adenauer Stiftung<\/a><\/li>\n<li><a href=\"http:\/\/www.lasportal.org\/ar\/Pages\/default.aspx\" target=\"_blank\" rel=\"noopener\">League of Arab States<\/a><\/li>\n<li><a href=\"http:\/\/cmimarseille.org\/\" target=\"_blank\" rel=\"noopener\">Marseille Center for Mediterranean Integration (CMI) <\/a><\/li>\n<li><a href=\"http:\/\/www.medgrid-psm.com\/en\/\" target=\"_blank\" rel=\"noopener\">Medgrid<\/a><\/li>\n<li><a href=\"http:\/\/medreg-regulators.org\/\" target=\"_blank\" rel=\"noopener\">MedReg \u2013 Mediterranean Energy Regulators<\/a><\/li>\n<li><a href=\"http:\/\/ndcpartnership.org\/\" target=\"_blank\" rel=\"noopener\"> NDC Partnership<\/a><\/li>\n<li><a href=\"http:\/\/www.ome.org\/\" target=\"_blank\" rel=\"noopener\">Observatoire M\u00e9diterran\u00e9en de l\u2019\u00c9nergie (OME) <\/a><\/li>\n<li><a href=\"http:\/\/www.bsec-organization.org\/\" target=\"_blank\" rel=\"noopener\">Organisation of the Black Sea Economic Cooperation<\/a><\/li>\n<li><a href=\"https:\/\/solarimpulse.com\/\" target=\"_blank\" rel=\"noopener\">Solar impulse<\/a><\/li>\n<li><a href=\"http:\/\/www.pam.int\/?lang=en\" target=\"_blank\" rel=\"noopener\">Parliamentary Assembly of the Mediterranean<\/a><\/li>\n<li><a href=\"http:\/\/www.europarl.europa.eu\/intcoop\/empa\/content_en.html\" target=\"_blank\" rel=\"noopener\">Parliamentary Assembly of the Union for Mediterranean <\/a><\/li>\n<li><a href=\"http:\/\/web.pimec.org\/en\/inici\" target=\"_blank\" rel=\"noopener\">Petita i Mitjana Empresa de Catalunya (PIMEC)<\/a><\/li>\n<li><a href=\"http:\/\/www.rcreee.org\/\" target=\"_blank\" rel=\"noopener\">Regional Center of Renewable Energy and Energy Efficiency (RCREEE)<\/a><\/li>\n<li><a href=\"http:\/\/www.sdsn-mediterranean.unisi.it\/\" target=\"_blank\" rel=\"noopener\">SDSN Mediterranean<\/a><\/li>\n<li><a href=\"https:\/\/cor.europa.eu\/EN\/our-work\/pages\/arlem.aspx\" target=\"_blank\" rel=\"noopener\">The Euro-Mediterranean Regional and Local Assembly (ARLEM)<\/a><\/li>\n<li><a href=\"http:\/\/www.utica.org.tn\/Fr\/\" target=\"_blank\" rel=\"noopener\">Tunisian Union of Industry<\/a><\/li>\n<li><a href=\"https:\/\/www.unwomen.org\/en\" target=\"_blank\" rel=\"noopener\">UN WOMEN<\/a><\/li>\n<li><a href=\"http:\/\/unfccc.int\/secretariat\/items\/1629.php\" target=\"_blank\" rel=\"noopener\">UNFCCC Secretariat<\/a><\/li>\n<li><a href=\"http:\/\/www.uitp.org\/\" target=\"_blank\" rel=\"noopener\">Union Internationale Des Transports Publics<\/a><\/li>\n<li><a href=\"http:\/\/www.uni-med.net\/en\/\" target=\"_blank\" rel=\"noopener\">Unione delle Universit\u00e0 del Mediterraneo (UNIMED)<\/a><\/li>\n<li><a href=\"http:\/\/www.unepmap.org\/\" target=\"_blank\" rel=\"noopener\">United Nations Environment Programme \u2013 Mediterranean Action Plan (UNEP-MAP)<\/a><\/li>\n<li><a href=\"http:\/\/www.unido.org\/\" target=\"_blank\" rel=\"noopener\">United Nations Industrial Development Organisation (UNIDO)<\/a><\/li>\n<li><a href=\"https:\/\/solarimpulse.com\/world-alliance\" target=\"_blank\" rel=\"noopener\">World Alliance for Efficient Solutions<\/a><\/li>\n<li><a href=\"http:\/\/www.worldbank.org\/\" target=\"_blank\" rel=\"noopener\">World Bank<\/a><\/li>\n<li><a href=\"http:\/\/www2.unwto.org\/\" target=\"_blank\" rel=\"noopener\">World Tourism Organization<\/a><\/li>\n<li><a href=\"https:\/\/www.who.int\/\" target=\"_blank\" rel=\"noopener\">WHO<\/a><\/li>\n<li><a href=\"https:\/\/unesco.org\/\" target=\"_blank\" rel=\"noopener\">UNESCO<\/a><\/li>\n<li><a href=\"https:\/\/www.undp.org\/\" target=\"_blank\" rel=\"noopener\">UNDP<\/a><\/li>\n<li><a href=\"https:\/\/www.unccd.int\/\" target=\"_blank\" rel=\"noopener\">UNCCD<\/a><\/li>\n<li><a href=\"https:\/\/www.oecd.org\/\" target=\"_blank\" rel=\"noopener\">OECD<\/a><\/li>\n<li><a href=\"https:\/\/www.cmiuniversal.com\/\" target=\"_blank\" rel=\"noopener\">CMI<\/a><\/li>\n<li><a href=\"https:\/\/www.tudelft.nl\/\" target=\"_blank\" rel=\"noopener\">Delft University of Technology<\/a><\/li>\n<li><a href=\"https:\/\/www.esn.org\/\" target=\"_blank\" rel=\"noopener\">Erasmus Students Network<\/a><\/li>\n<li><a href=\"https:\/\/www.guc.edu.eg\/\" target=\"_blank\" rel=\"noopener\">German University of Cairo<\/a><\/li>\n<li><a href=\"https:\/\/mobileworldcapital.com\/\" target=\"_blank\" rel=\"noopener\">Mobile World Capital Barcelona (MWCapital)<\/a><\/li>\n<li><a href=\"https:\/\/prima-med.org\/\" target=\"_blank\" rel=\"noopener\">PRIMA<\/a><\/li>\n<li><\/li>\n<\/ul>\n<\/li>\n<\/ul>\n<p>[\/vc_column_text][\/vc_accordion_tab][\/vc_accordion][\/vc_column][vc_column width=&#8221;1\/3&#8243;][vc_accordion active_tab=&#8221;1&#8243; style=&#8221;rd_acc_16&#8243; el_class=&#8221;custom-accordion&#8221;][vc_accordion_tab title=&#8221;Promoteurs de projets&#8221; title_color=&#8221;#999999&#8243; active_title_color=&#8221;#999999&#8243;][vc_column_text]<\/p>\n<ul>\n<li style=\"list-style-type: none;\">\n<ul>\n<li><a href=\"http:\/\/www.agadiragreement.org\/\" target=\"_blank\" rel=\"noopener\">Agadir Technical Unit (ATU)<\/a><\/li>\n<li><a href=\"http:\/\/www.bouregreg.com\/\" target=\"_blank\" rel=\"noopener\">Agence pour l\u2019am\u00e9nagement de la vall\u00e9e du Bouregreg (AAVB)<\/a><\/li>\n<li><a href=\"https:\/\/www.amideast.org\/\" target=\"_blank\" rel=\"noopener\">AMIDEAST<\/a><\/li>\n<li><a href=\"http:\/\/www.animaweb.org\/fr\" target=\"_blank\" rel=\"noopener\">ANIMA Investment Network (ANIMA Investment Network)<\/a><\/li>\n<li><a href=\"http:\/\/www.afaemme.org\/\" target=\"_blank\" rel=\"noopener\">Association of Organisations of Mediterranean Businesswomen (AFAEMME)<\/a><\/li>\n<li><a href=\"http:\/\/www.cbj.gov.jo\" target=\"_blank\" rel=\"noopener\">Bank al-Maghreb (Central Bank of Jordan)<\/a><\/li>\n<li><a href=\"http:\/\/www.bdc.org.jo\/\" target=\"_blank\" rel=\"noopener\">Business Development Center (BDC)<\/a><\/li>\n<li><a href=\"http:\/\/ceed-global.org\/\" target=\"_blank\" rel=\"noopener\">CEED Global<\/a><\/li>\n<li><a href=\"http:\/\/www.cbj.gov.jo\/\" target=\"_blank\" rel=\"noopener\">Central Bank of Jordan<\/a><\/li>\n<li><a href=\"http:\/\/ciheam.org\/\" target=\"_blank\" rel=\"noopener\">Centre International de Hautes \u00c9tudes Agronomiques M\u00e9diterran\u00e9ennes (CIHEAM)<\/a><\/li>\n<li><a href=\"http:\/\/www.promos-milano.it\/Company_Profile\/Internationalization_And_Local_Marketing.kl\" target=\"_blank\" rel=\"noopener\">Chamber of Commerce of Milan <\/a><\/li>\n<li><a href=\"http:\/\/cpmr-intermed.org\/\" target=\"_blank\" rel=\"noopener\">CPMR Intermediterranean Commission<\/a><\/li>\n<li><a href=\"https:\/\/em-is.org\/\" target=\"_blank\" rel=\"noopener\">Eastern Mediterranean International School Foundation (EMIS Foundation)<\/a><\/li>\n<li><a href=\"https:\/\/emuni.si\/\" target=\"_blank\" rel=\"noopener\">Euro-Mediterranean University (EMUNI)<\/a><\/li>\n<li><a href=\"http:\/\/www.ebrd.com\/home\" target=\"_blank\" rel=\"noopener\">European Bank for Reconstruction and Development (EBRD)<\/a><\/li>\n<li><a href=\"http:\/\/www.eib.org\/\" target=\"_blank\" rel=\"noopener\">European Investment Bank (EIB)<\/a><\/li>\n<li><a href=\"https:\/\/www.euromedwomen.foundation\/\" target=\"_blank\" rel=\"noopener\">Euro-Mediterranean Women\u2019s Foundation<\/a><\/li>\n<li><a href=\"https:\/\/www.mujeresporafrica.es\/\" target=\"_blank\" rel=\"noopener\">Fundaci\u00f3n Mujeres por \u00c1frica<\/a><\/li>\n<li><a href=\"https:\/\/www.giz.de\/de\/html\/index.html\" target=\"_blank\" rel=\"noopener\">German Corporation for International Cooperation (GIZ) <\/a><\/li>\n<li><a href=\"http:\/\/www.giza.gov.eg\/English\/default.aspx\" target=\"_blank\" rel=\"noopener\">Giza Governorate<\/a><\/li>\n<li><a href=\"https:\/\/www.gwp.org\/en\/\" target=\"_blank\" rel=\"noopener\">Global Water Partnership \u2013 Mediterranean (GWP-Med)<\/a><\/li>\n<li><a href=\"http:\/\/www.kfaryarok.org.il\/en\" target=\"_blank\" rel=\"noopener\">Hakfar Hayarok<\/a><\/li>\n<li><a href=\"https:\/\/www.homere-med.com\/\" target=\"_blank\" rel=\"noopener\">HOMERe France<\/a><\/li>\n<li><a href=\"https:\/\/www.ideaborn.com\/en\/\" target=\"_blank\" rel=\"noopener\">Ideaborn \u2013 Consultores internacionales en Derechos Humanos<\/a><\/li>\n<li><a href=\"http:\/\/www.injazalarab.org\/\" target=\"_blank\" rel=\"noopener\">Injaz Al-Arab<\/a><\/li>\n<li><a href=\"http:\/\/www.iemsr.net\/\" target=\"_blank\" rel=\"noopener\">Institut Euro-M\u00e9diterran\u00e9en en Science du Risque (IEMSR)<\/a><\/li>\n<li><a href=\"http:\/\/www.ime-eau.org\/en\/\" target=\"_blank\" rel=\"noopener\">Institut M\u00e9diterran\u00e9en de l\u2019Eau (IME)<\/a><\/li>\n<li><a href=\"http:\/\/www.izmir.bel.tr\/home\/en\" target=\"_blank\" rel=\"noopener\">Izmir Metropolitan Municipality (IMM)<\/a><\/li>\n<li><a href=\"http:\/\/www.jordanwind.com\/\" target=\"_blank\" rel=\"noopener\">Jordan Wind Project Company PSC (JWPC)<\/a><\/li>\n<li><a href=\"https:\/\/fundacionlacaixa.org\/es\/home\" target=\"_blank\" rel=\"noopener\">\u201dLa Caixa\u201d Foundation<\/a><\/li>\n<li><a href=\"http:\/\/www.sdsn-mediterranean.unisi.it\/\" target=\"_blank\" rel=\"noopener\">MED Solutions network, University of Siena (Italy) (UN SDSN Mediterranean)&lt;\/<\/a><\/li>\n<li><a href=\"http:\/\/mio-ecsde.org\/\" target=\"_blank\" rel=\"noopener\">Mediterranean Information Office for Environment, Culture and Sustainable Development (MIO-ECSDE)<\/a><\/li>\n<li><a href=\"http:\/\/www.enssup.gov.ma\/\" target=\"_blank\" rel=\"noopener\">Minist\u00e8re de l\u2019Enseignement Sup\u00e9rieur, de la Recherche Scientifique et de la Formation des <\/a><\/li>\n<li><a href=\"http:\/\/www.environnement.gov.tn\/index.php?id=3&amp;L=1#.VmmkEnarTcs\" target=\"_blank\" rel=\"noopener\">Minist\u00e8re de l\u2019Environnement et du D\u00e9veloppement <\/a><\/li>\n<li><a href=\"http:\/\/www.mot.gov.jo\/Default.aspx\" target=\"_blank\" rel=\"noopener\">Ministry of Transport, the Hashemite Kingdom of Jordan<\/a><\/li>\n<li><a href=\"http:\/\/www.jericho-city.ps\/english.php\" target=\"_blank\" rel=\"noopener\">Municipality of Jericho<\/a><\/li>\n<li><a href=\"https:\/\/www.ocemo.org\/en\/\" target=\"_blank\" rel=\"noopener\">Office de coop\u00e9ration \u00e9conomique pour la M\u00e9diterran\u00e9e et l\u2019Orient (OCEMO)<\/a><\/li>\n<li><a href=\"http:\/\/www.oieau.fr\/?lang=en\" target=\"_blank\" rel=\"noopener\">Office International de l\u2019Eau<\/a><\/li>\n<li><a href=\"http:\/\/www.oecd.org\/\" target=\"_blank\" rel=\"noopener\">Organisation for Economic Co-operation and Development (OECD)<\/a><\/li>\n<li><a href=\"http:\/\/www.reseau-entreprendre-international.org\/\" target=\"_blank\" rel=\"noopener\">R\u00e9seau Entreprendre International (REI)<\/a><\/li>\n<li><a href=\"https:\/\/www.rmei.info\/\" target=\"_blank\" rel=\"noopener\">R\u00e9seau M\u00e9diterran\u00e9en des \u00c9coles d\u2019Ing\u00e9nieurs (RMEI)<\/a><\/li>\n<li><a href=\"https:\/\/www.schneider-electric.es\/es\/\" target=\"_blank\" rel=\"noopener\">Schneider Electric Global (Schneider)<\/a><\/li>\n<li><a href=\"http:\/\/www.sciencespo.fr\/en\/home\" target=\"_blank\" rel=\"noopener\">Science Po Paris<\/a><\/li>\n<li><a href=\"http:\/\/www.siwi.org\/\" target=\"_blank\" rel=\"noopener\">Stockholm International Water Institute (SIWI)<\/a><\/li>\n<li><a href=\"https:\/\/www.cetmo.org\/\" target=\"_blank\" rel=\"noopener\">Technical Secretariat of GTMO 5+5 (CETMO)<\/a><\/li>\n<li><a href=\"http:\/\/www.unido.org\/unido-united-nations-industrial-development-organization.html\" target=\"_blank\" rel=\"noopener\">United Nations Industrial <\/a><\/li>\n<li><a href=\"https:\/\/www.unsouthsouth.org\/?lang=es\" target=\"_blank\" rel=\"noopener\">United Nations Office for South-South Cooperation<\/a><\/li>\n<li><a href=\"https:\/\/www.who.int\/en\/\" target=\"_blank\" rel=\"noopener\">WHO Collaborating Center for early detection and cancer screening (CPO)<\/a><\/li>\n<\/ul>\n<\/li>\n<\/ul>\n<p>[\/vc_column_text][\/vc_accordion_tab][\/vc_accordion][\/vc_column][vc_column width=&#8221;1\/3&#8243;][vc_accordion active_tab=&#8221;1&#8243; style=&#8221;rd_acc_16&#8243; el_class=&#8221;custom-accordion&#8221;][vc_accordion_tab title=&#8221;Institutions financi\u00e8res internacionales&#8221; title_color=&#8221;#999999&#8243; active_title_color=&#8221;#999999&#8243;][vc_column_text]<\/p>\n<ul>\n<li style=\"list-style-type: none;\">\n<ul>\n<li style=\"list-style-type: none;\">\n<ul>\n<li style=\"list-style-type: none;\">\n<ul>\n<li><a href=\"http:\/\/www.ebrd.com\/home\" target=\"_blank\" rel=\"noopener\">European Bank for Reconstruction and Development (EBRD)<\/a><\/li>\n<li><a href=\"http:\/\/ec.europa.eu\/\" target=\"_blank\" rel=\"noopener\">European Commission (EC)<\/a><\/li>\n<li><a href=\"http:\/\/www.eib.org\/\" target=\"_blank\" rel=\"noopener\">European Investment Bank (EIB)<\/a><\/li>\n<li><a href=\"http:\/\/www.isdb.org\/irj\/portal\/anonymous?guest_user=idb_en\" target=\"_blank\" rel=\"noopener\">Islamic Development Bank (IsDB)<\/a><\/li>\n<\/ul>\n<\/li>\n<\/ul>\n<\/li>\n<\/ul>\n<\/li>\n<\/ul>\n<p>[\/vc_column_text][\/vc_accordion_tab][vc_accordion_tab title=&#8221;Gouvernements et institutions financi\u00e8res nationales&#8221; title_color=&#8221;#999999&#8243; active_title_color=&#8221;#999999&#8243;][vc_column_text]<\/p>\n<ul>\n<li><a href=\"http:\/\/www.afd.fr\/lang\/en\/home\" target=\"_blank\" rel=\"noopener\">Agence Fran\u00e7aise de D\u00e9veloppement (AfD)<\/a><\/li>\n<li><a href=\"http:\/\/www.caissedesdepots.fr\/en\" target=\"_blank\" rel=\"noopener\">Caisse des D\u00e9p\u00f4ts<\/a><\/li>\n<li><a href=\"http:\/\/www.bmz.de\/en\/index.html\" target=\"_blank\" rel=\"noopener\">Federal Ministry of Economic Cooperation and Development \u2013 Germany<\/a><\/li>\n<li><a href=\"https:\/\/www.regjeringen.no\/en\/id4\/\" target=\"_blank\" rel=\"noopener\">Government of Norway<\/a><\/li>\n<li><a href=\"http:\/\/www.aecid.es\/EN\/\" target=\"_blank\" rel=\"noopener\">Spanish Agency for International Development Cooperation (AECID)<\/a><\/li>\n<li><a href=\"http:\/\/www.sida.se\/english\/\" target=\"_blank\" rel=\"noopener\">Swedish International Development Agency (Sida)<\/a><\/li>\n<li><a href=\"https:\/\/en.gouv.mc\/\" target=\"_blank\" rel=\"noopener\">Government of Monaco<\/a><\/li>\n<li><a href=\"https:\/\/www.government.nl\/\" target=\"_blank\" rel=\"noopener\">Government of The Netherlands<\/a><\/li>\n<\/ul>\n<p>[\/vc_column_text][\/vc_accordion_tab][vc_accordion_tab title=&#8221;Secteur priv\u00e9&#8221; title_color=&#8221;#999999&#8243; active_title_color=&#8221;#999999&#8243;][vc_column_text]<\/p>\n<ul>\n<li style=\"list-style-type: none;\">\n<ul>\n<li style=\"list-style-type: none;\">\n<ul>\n<li style=\"list-style-type: none;\">\n<ul>\n<li><a href=\"https:\/\/www.naturgy.es\/hogar\" target=\"_blank\" rel=\"noopener\">Gas Natural<\/a><\/li>\n<li><a href=\"https:\/\/www.intesasanpaolo.com\/it\/persone-e-famiglie.html\" target=\"_blank\" rel=\"noopener\">Intesa Sanpaolo SpA<\/a><\/li>\n<li><a href=\"https:\/\/www.unicreditgroup.eu\/en.html\" target=\"_blank\" rel=\"noopener\">UniCredit SpA<\/a><\/li>\n<\/ul>\n<\/li>\n<\/ul>\n<\/li>\n<\/ul>\n<\/li>\n<\/ul>\n<p>[\/vc_column_text][\/vc_accordion_tab][\/vc_accordion][\/vc_column][\/vc_row]<\/p>\n<\/section>","protected":false},"excerpt":{"rendered":"<p>[vc_row type=&#8221;full-width-content&#8221; content_placement=&#8221;bottom&#8221; css=&#8221;.vc_custom_1507899670783{margin-top: 0px !important;margin-bottom: 0px !important;padding-top: 0px !important;padding-bottom: 0px !important;}&#8221;][vc_column][vc_single_image image=&#8221;51614&#8243; img_size=&#8221;slide&#8221; alignment=&#8221;center&#8221;][\/vc_column][\/vc_row][vc_row type=&#8221;full-width-section&#8221; content_placement=&#8221;bottom&#8221; css=&#8221;.vc_custom_1472543612832{margin-top: 0px !important;margin-bottom: -50px !important;padding-top: 25px !important;padding-bottom: 20px !important;background-color: #464e90 !important;}&#8221; el_id=&#8221;page-title&#8221;][vc_column][vc_custom_heading text=&#8221;Partenaires&#8221; font_container=&#8221;tag:h1|text_align:left|color:%23ffffff&#8221; use_theme_fonts=&#8221;yes&#8221; css=&#8221;.vc_custom_1512403079339{margin-bottom: 0px !important;}&#8221;][\/vc_column][\/vc_row][vc_row type=&#8221;full-width-section&#8221; css=&#8221;.vc_custom_1506932496114{padding-top: 60px !important;padding-bottom: 80px !important;background-color: #eeeeee !important;}&#8221;][vc_column][vc_column_text font_size=&#8221;20&#8243; line_height=&#8221;28&#8243; css=&#8221;.vc_custom_1513078807612{margin-bottom: 0px !important;}&#8221;]Le Secr\u00e9tariat g\u00e9n\u00e9ral de l&#8217;UpM est la plateforme<br \/><a href=\"https:\/\/ufmsecretariat.org\/fr\/qui-sommes-nous\/partenaires\/\" class=\"more\">Lire la suite<\/a><\/p>\n","protected":false},"author":3,"featured_media":44099,"parent":52745,"menu_order":0,"comment_status":"open","ping_status":"open","template":"","meta":{"footnotes":""},"priority-area":[],"class_list":["post-5048","page","type-page","status-publish","has-post-thumbnail","hentry"],"_links":{"self":[{"href":"https:\/\/ufmsecretariat.org\/fr\/wp-json\/wp\/v2\/pages\/5048","targetHints":{"allow":["GET"]}}],"collection":[{"href":"https:\/\/ufmsecretariat.org\/fr\/wp-json\/wp\/v2\/pages"}],"about":[{"href":"https:\/\/ufmsecretariat.org\/fr\/wp-json\/wp\/v2\/types\/page"}],"author":[{"embeddable":true,"href":"https:\/\/ufmsecretariat.org\/fr\/wp-json\/wp\/v2\/users\/3"}],"replies":[{"embeddable":true,"href":"https:\/\/ufmsecretariat.org\/fr\/wp-json\/wp\/v2\/comments?post=5048"}],"version-history":[{"count":11,"href":"https:\/\/ufmsecretariat.org\/fr\/wp-json\/wp\/v2\/pages\/5048\/revisions"}],"predecessor-version":[{"id":155903,"href":"https:\/\/ufmsecretariat.org\/fr\/wp-json\/wp\/v2\/pages\/5048\/revisions\/155903"}],"up":[{"embeddable":true,"href":"https:\/\/ufmsecretariat.org\/fr\/wp-json\/wp\/v2\/pages\/52745"}],"wp:featuredmedia":[{"embeddable":true,"href":"https:\/\/ufmsecretariat.org\/fr\/wp-json\/wp\/v2\/media\/44099"}],"wp:attachment":[{"href":"https:\/\/ufmsecretariat.org\/fr\/wp-json\/wp\/v2\/media?parent=5048"}],"wp:term":[{"taxonomy":"priority-area","embeddable":true,"href":"https:\/\/ufmsecretariat.org\/fr\/wp-json\/wp\/v2\/priority-area?post=5048"}],"curies":[{"name":"wp","href":"https:\/\/api.w.org\/{rel}","templated":true}]}}