
{"id":5117,"date":"2016-12-22T11:29:20","date_gmt":"2016-12-22T10:29:20","guid":{"rendered":"https:\/\/ufmsecretariat.org\/?page_id=5117"},"modified":"2017-03-09T11:46:11","modified_gmt":"2017-03-09T10:46:11","slug":"accueil","status":"publish","type":"page","link":"https:\/\/ufmsecretariat.org\/fr\/accueil\/","title":{"rendered":"Accueil1"},"content":{"rendered":"<section class=\"wpb-content-wrapper\"><p>[vc_row css=&#8221;.vc_custom_1472124391168{margin-top: 60px !important;margin-bottom: 0px !important;padding-top: 0px !important;}&#8221;][vc_column][vc_custom_heading text=&#8221;The Union for the Mediterranean (UfM) is an intergovernamental institution bringing together 43 countries to<br \/>\npromote dialogue and cooperation in the Euro-Mediterranean region&#8221; font_container=&#8221;tag:h1|font_size:20|text_align:center|color:%23000000|line_height:28px&#8221; google_fonts=&#8221;font_family:Lato%3A100%2C100italic%2C300%2C300italic%2Cregular%2Citalic%2C700%2C700italic%2C900%2C900italic|font_style:400%20regular%3A400%3Anormal&#8221; css=&#8221;.vc_custom_1472036377217{margin-bottom: 60px !important;}&#8221;]<style type=\"text\/css\" >#l_rimhoybjzcwqwy53iii8.sc_line ,#l_rimhoybjzcwqwy53iii8 .sc_line { height:1px; background:#b5b5b5;}#l_rimhoybjzcwqwy53iii8 {margin:0px 0 0px 0; padding:0;}<\/style><div class=\"clearfix\"><\/div><div id=\"l_rimhoybjzcwqwy53iii8\"  class=\"sc_line rd_line_normal\" ><\/div>[\/vc_column][\/vc_row][vc_row css=&#8221;.vc_custom_1472124322171{padding-top: 50px !important;}&#8221;][vc_column width=&#8221;9\/12&#8243;][vc_row_inner css=&#8221;.vc_custom_1472124313868{margin-bottom: 0px !important;}&#8221;][vc_column_inner][vc_custom_heading text=&#8221;FEATURED NEWS&#8221; use_theme_fonts=&#8221;yes&#8221; css=&#8221;.vc_custom_1472049378177{margin-bottom: 20px !important;}&#8221;]<style type=\"text\/css\" >#l_lxqlyljpaof0l1xvlpp3{width:55px;}#l_lxqlyljpaof0l1xvlpp3.sc_line ,#l_lxqlyljpaof0l1xvlpp3 .sc_line {border-top:3px solid #63abdf;}#l_lxqlyljpaof0l1xvlpp3 {margin:0px 0 35px 0; padding:0;}<\/style><div class=\"clearfix\"><\/div><div id=\"l_lxqlyljpaof0l1xvlpp3\"  class=\"sc_line rd_line_bold\" ><\/div>[vc_column_text]\n\n\n<div id=\"wpv-view-layout-31534\" class=\"js-wpv-view-layout js-wpv-layout-responsive js-wpv-view-layout-31534\" data-viewnumber=\"31534\" data-pagination=\"{&quot;id&quot;:31534,&quot;query&quot;:&quot;normal&quot;,&quot;type&quot;:&quot;disabled&quot;,&quot;effect&quot;:&quot;fade&quot;,&quot;duration&quot;:&quot;500&quot;,&quot;speed&quot;:5,&quot;pause_on_hover&quot;:&quot;disabled&quot;,&quot;stop_rollover&quot;:&quot;false&quot;,&quot;cache_pages&quot;:&quot;enabled&quot;,&quot;preload_images&quot;:&quot;enabled&quot;,&quot;preload_pages&quot;:&quot;enabled&quot;,&quot;preload_reach&quot;:&quot;1&quot;,&quot;spinner&quot;:&quot;builtin&quot;,&quot;spinner_image&quot;:&quot;https:\/\/ufmsecretariat.org\/wp-content\/plugins\/wp-views\/embedded\/res\/img\/ajax-loader.gif&quot;,&quot;callback_next&quot;:&quot;&quot;,&quot;manage_history&quot;:&quot;enabled&quot;,&quot;has_controls_in_form&quot;:&quot;disabled&quot;,&quot;infinite_tolerance&quot;:&quot;0&quot;,&quot;max_pages&quot;:1,&quot;page&quot;:1,&quot;base_permalink&quot;:&quot;\/fr\/wp-json\/wp\/v2\/pages\/5117?wpv_view_count=31534&amp;wpv_paged=WPV_PAGE_NUM&quot;,&quot;loop&quot;:{&quot;type&quot;:&quot;&quot;,&quot;name&quot;:&quot;&quot;,&quot;data&quot;:[],&quot;id&quot;:0}}\" data-permalink=\"\/fr\/wp-json\/wp\/v2\/pages\/5117?wpv_view_count=31534\">\n\n\t   \n\t\n    <div class=\"featured-news\">\n      \n        \n        <div class=\"vc_row\">\n  <div class=\"vc_span4 news-view new_1\">\n    <a href=\"https:\/\/ufmsecretariat.org\/fr\/20th-ufm-regional-platform-employment-labour\/\"><img loading=\"lazy\" decoding=\"async\" width=\"275\" height=\"140\" src=\"https:\/\/ufmsecretariat.org\/wp-content\/uploads\/2026\/03\/2th-rp-emp-lab-275x140.jpg\" class=\"attachment-featured size-featured wp-post-image\" alt=\"\" srcset=\"https:\/\/ufmsecretariat.org\/wp-content\/uploads\/2026\/03\/2th-rp-emp-lab-275x140.jpg 275w, https:\/\/ufmsecretariat.org\/wp-content\/uploads\/2026\/03\/2th-rp-emp-lab-100x50.jpg 100w, https:\/\/ufmsecretariat.org\/wp-content\/uploads\/2026\/03\/2th-rp-emp-lab-740x377.jpg 740w\" sizes=\"auto, (max-width: 275px) 100vw, 275px\" \/><\/a>\n\n<div class=\"taxonomy business-development-fr\"><span>D\u00e9veloppement \u00e9conomique et emploi<\/span><\/div>\n\n<div class=\"cpost-title\"><a href=\"https:\/\/ufmsecretariat.org\/fr\/20th-ufm-regional-platform-employment-labour\/\">Une feuille de route commune pour l&#8217;emploi, les comp\u00e9tences et une croissance inclusive en M\u00e9diterran\u00e9e<\/a><\/div>\n<!-- <div class=\"cpost-date\">[wpv-post-date]<\/div> -->\n\n  <\/div>\n  \n        \n  <div class=\"vc_span4 news-view new_2\">\n    <a href=\"https:\/\/ufmsecretariat.org\/fr\/matera-inaugurates-mccd-2026\/\"><img loading=\"lazy\" decoding=\"async\" width=\"275\" height=\"140\" src=\"https:\/\/ufmsecretariat.org\/wp-content\/uploads\/2026\/03\/matera_02-275x140.jpg\" class=\"attachment-featured size-featured wp-post-image\" alt=\"\" srcset=\"https:\/\/ufmsecretariat.org\/wp-content\/uploads\/2026\/03\/matera_02-275x140.jpg 275w, https:\/\/ufmsecretariat.org\/wp-content\/uploads\/2026\/03\/matera_02-100x50.jpg 100w, https:\/\/ufmsecretariat.org\/wp-content\/uploads\/2026\/03\/matera_02-740x377.jpg 740w\" sizes=\"auto, (max-width: 275px) 100vw, 275px\" \/><\/a>\n\n<div class=\"taxonomy institutional-fr\"><span>Institutionelles<\/span><\/div>\n\n<div class=\"cpost-title\"><a href=\"https:\/\/ufmsecretariat.org\/fr\/matera-inaugurates-mccd-2026\/\">La culture comme vecteur de dialogue : Matera inaugure son ann\u00e9e en tant que Capitale m\u00e9diterran\u00e9enne de la culture et du dialogue 2026<\/a><\/div>\n<!-- <div class=\"cpost-date\">[wpv-post-date]<\/div> -->\n\n  <\/div>\n  \n        \n  <div class=\"vc_span4 news-view new_3\">\n    <a href=\"https:\/\/ufmsecretariat.org\/fr\/water-strategies-world-water-day-2026\/\"><img loading=\"lazy\" decoding=\"async\" width=\"275\" height=\"140\" src=\"https:\/\/ufmsecretariat.org\/wp-content\/uploads\/2026\/03\/worldwaterday_1170x440px-275x140.jpg\" class=\"attachment-featured size-featured wp-post-image\" alt=\"\" srcset=\"https:\/\/ufmsecretariat.org\/wp-content\/uploads\/2026\/03\/worldwaterday_1170x440px-275x140.jpg 275w, https:\/\/ufmsecretariat.org\/wp-content\/uploads\/2026\/03\/worldwaterday_1170x440px-100x50.jpg 100w, https:\/\/ufmsecretariat.org\/wp-content\/uploads\/2026\/03\/worldwaterday_1170x440px-740x377.jpg 740w\" sizes=\"auto, (max-width: 275px) 100vw, 275px\" \/><\/a>\n\n<div class=\"taxonomy water-environment-fr\"><span>Eau Environnement et \u00c9conomie Bleue<\/span><\/div>\n\n<div class=\"cpost-title\"><a href=\"https:\/\/ufmsecretariat.org\/fr\/water-strategies-world-water-day-2026\/\">Les \u00c9tats membres de l\u2019Union pour la M\u00e9diterran\u00e9e adoptent trois strat\u00e9gies majeures, \u00e0 l\u2019occasion de la Journ\u00e9e mondiale de l\u2019eau 2026<\/a><\/div>\n<!-- <div class=\"cpost-date\">[wpv-post-date]<\/div> -->\n\n  <\/div>\n  \n    <\/div>\n\t\n\t\n\t\n<\/div>\n[\/vc_column_text]<style type=\"text\/css\" >#l_9cxp9xx5tbz6xlgsn3sq.sc_line ,#l_9cxp9xx5tbz6xlgsn3sq .sc_line { height:1px; background:#b5b5b5;}#l_9cxp9xx5tbz6xlgsn3sq {margin:50px 0 0px 0; padding:0;}<\/style><div class=\"clearfix\"><\/div><div id=\"l_9cxp9xx5tbz6xlgsn3sq\"  class=\"sc_line rd_line_normal\" ><\/div>[\/vc_column_inner][\/vc_row_inner][vc_row_inner css=&#8221;.vc_custom_1472124336278{margin-bottom: 0px !important;padding-top: 50px !important;}&#8221;][vc_column_inner][vc_custom_heading text=&#8221;FEATURED PROJECTS&#8221; use_theme_fonts=&#8221;yes&#8221; css=&#8221;.vc_custom_1472036109170{margin-bottom: 20px !important;}&#8221;]<style type=\"text\/css\" >#l_napcmicaishrohar5bo2{width:55px;}#l_napcmicaishrohar5bo2.sc_line ,#l_napcmicaishrohar5bo2 .sc_line {border-top:3px solid #63abdf;}#l_napcmicaishrohar5bo2 {margin:0px 0 0px 0; padding:0;}<\/style><div class=\"clearfix\"><\/div><div id=\"l_napcmicaishrohar5bo2\"  class=\"sc_line rd_line_bold\" ><\/div>[vc_column_text css=&#8221;.vc_custom_1472192311575{margin-bottom: 0px !important;}&#8221;]<!-- \n[wpv-filter-start hide=\"false\"]\n<div class=\"home-pagination\">[wpv-pager-next-page][wpml-string context=\"wpv-views\"]<i class=\"fa fa-chevron-right\"><\/i>[\/wpml-string][\/wpv-pager-next-page][wpv-pager-prev-page][wpml-string context=\"wpv-views\"]<i class=\"fa fa-chevron-left\"><\/i>[\/wpml-string][\/wpv-pager-prev-page]<\/div>\n[wpv-filter-end] \n-->\n<div id=\"wpv-view-layout-31531\" class=\"js-wpv-view-layout js-wpv-layout-responsive js-wpv-view-layout-31531\" data-viewnumber=\"31531\" data-pagination=\"{&quot;id&quot;:31531,&quot;query&quot;:&quot;normal&quot;,&quot;type&quot;:&quot;disabled&quot;,&quot;effect&quot;:&quot;fade&quot;,&quot;duration&quot;:500,&quot;speed&quot;:5,&quot;pause_on_hover&quot;:&quot;disabled&quot;,&quot;stop_rollover&quot;:&quot;false&quot;,&quot;cache_pages&quot;:&quot;enabled&quot;,&quot;preload_images&quot;:&quot;enabled&quot;,&quot;preload_pages&quot;:&quot;enabled&quot;,&quot;preload_reach&quot;:&quot;1&quot;,&quot;spinner&quot;:&quot;builtin&quot;,&quot;spinner_image&quot;:&quot;https:\/\/ufmsecretariat.org\/wp-content\/plugins\/wp-views\/embedded\/res\/img\/ajax-loader.gif&quot;,&quot;callback_next&quot;:&quot;&quot;,&quot;manage_history&quot;:&quot;enabled&quot;,&quot;has_controls_in_form&quot;:&quot;enabled&quot;,&quot;infinite_tolerance&quot;:&quot;&quot;,&quot;max_pages&quot;:1,&quot;page&quot;:1,&quot;base_permalink&quot;:&quot;\/fr\/wp-json\/wp\/v2\/pages\/5117?wpv_view_count=31531&amp;wpv_paged=WPV_PAGE_NUM&quot;,&quot;loop&quot;:{&quot;type&quot;:&quot;&quot;,&quot;name&quot;:&quot;&quot;,&quot;data&quot;:[],&quot;id&quot;:0}}\" data-permalink=\"\/fr\/wp-json\/wp\/v2\/pages\/5117?wpv_view_count=31531\">\n\n\t\n\t\n\t\t<strong>No items found<\/strong>\n\t\n<\/div>[\/vc_column_text]<style type=\"text\/css\" >#l_mr1x94f6da2v8oveg37o.sc_line ,#l_mr1x94f6da2v8oveg37o .sc_line { height:1px; background:#b5b5b5;}#l_mr1x94f6da2v8oveg37o {margin:50px 0 0px 0; padding:0;}<\/style><div class=\"clearfix\"><\/div><div id=\"l_mr1x94f6da2v8oveg37o\"  class=\"sc_line rd_line_normal\" ><\/div>[\/vc_column_inner][\/vc_row_inner][vc_custom_heading text=&#8221;\u00c9V\u00c9NEMENTS&#8221; use_theme_fonts=&#8221;yes&#8221; css=&#8221;.vc_custom_1472200087925{margin-bottom: 20px !important;padding-top: 50px !important;}&#8221;]<style type=\"text\/css\" >#l_ft1xghg3tpo6rcqeur0m{width:55px;}#l_ft1xghg3tpo6rcqeur0m.sc_line ,#l_ft1xghg3tpo6rcqeur0m .sc_line {border-top:3px solid #63abdf;}#l_ft1xghg3tpo6rcqeur0m {margin:0px 0 35px 0; padding:0;}<\/style><div class=\"clearfix\"><\/div><div id=\"l_ft1xghg3tpo6rcqeur0m\"  class=\"sc_line rd_line_bold\" ><\/div>[vc_row_inner css=&#8221;.vc_custom_1472200081624{margin-bottom: 0px !important;}&#8221;][vc_column_inner][vc_column_text]<!- Vue introuvable ->[\/vc_column_text][\/vc_column_inner][\/vc_row_inner]<style type=\"text\/css\" >#l_uy8hs0qu7o2rbg9b06to.sc_line ,#l_uy8hs0qu7o2rbg9b06to .sc_line { height:1px; background:#b5b5b5;}#l_uy8hs0qu7o2rbg9b06to {margin:50px 0 0px 0; padding:0;}<\/style><div class=\"clearfix\"><\/div><div id=\"l_uy8hs0qu7o2rbg9b06to\"  class=\"sc_line rd_line_normal\" ><\/div>[vc_row_inner css=&#8221;.vc_custom_1472124176506{margin-bottom: 0px !important;padding-top: 50px !important;}&#8221;][vc_column_inner][vc_custom_heading text=&#8221;UFM CO-PRESIDENCY&#8221; use_theme_fonts=&#8221;yes&#8221; css=&#8221;.vc_custom_1472123748434{margin-bottom: 20px !important;}&#8221;]<style type=\"text\/css\" >#l_rk8xculcel4amtayabcu{width:55px;}#l_rk8xculcel4amtayabcu.sc_line ,#l_rk8xculcel4amtayabcu .sc_line {border-top:3px solid #63abdf;}#l_rk8xculcel4amtayabcu {margin:0px 0 0px 0; padding:0;}<\/style><div class=\"clearfix\"><\/div><div id=\"l_rk8xculcel4amtayabcu\"  class=\"sc_line rd_line_bold\" ><\/div>[\/vc_column_inner][\/vc_row_inner][vc_row_inner css=&#8221;.vc_custom_1472123826876{margin-top: 0px !important;padding-top: 0px !important;}&#8221;][vc_column_inner width=&#8221;1\/4&#8243; css=&#8221;.vc_custom_1472124098869{padding-top: 35px !important;}&#8221;][vc_single_image image=&#8221;31542&#8243; img_size=&#8221;full&#8221; onclick=&#8221;custom_link&#8221; img_link_target=&#8221;_blank&#8221; hover_effect=&#8221;img_reduce_opacity&#8221; link=&#8221;http:\/\/www.europa.eu&#8221;][\/vc_column_inner][vc_column_inner width=&#8221;1\/4&#8243; css=&#8221;.vc_custom_1472124104021{padding-top: 35px !important;}&#8221;][vc_single_image image=&#8221;31543&#8243; img_size=&#8221;full&#8221; onclick=&#8221;custom_link&#8221; img_link_target=&#8221;_blank&#8221; hover_effect=&#8221;img_reduce_opacity&#8221; link=&#8221;http:\/\/www.jordan.gov.jo&#8221;][\/vc_column_inner][\/vc_row_inner]<style type=\"text\/css\" >#l_tzhr8u65nbahyveejftk.sc_line ,#l_tzhr8u65nbahyveejftk .sc_line { height:1px; background:#b5b5b5;}#l_tzhr8u65nbahyveejftk {margin:50px 0 0px 0; padding:0;}<\/style><div class=\"clearfix\"><\/div><div id=\"l_tzhr8u65nbahyveejftk\"  class=\"sc_line rd_line_normal\" ><\/div>[\/vc_column][vc_column width=&#8221;3\/12&#8243; el_class=&#8221;vc_sidebar&#8221;][vc_widget_sidebar sidebar_id=&#8221;thefox_home&#8221;][\/vc_column][\/vc_row]<\/p>\n<\/section>","protected":false},"excerpt":{"rendered":"<p>[vc_row css=&#8221;.vc_custom_1472124391168{margin-top: 60px !important;margin-bottom: 0px !important;padding-top: 0px !important;}&#8221;][vc_column][vc_custom_heading text=&#8221;The Union for the Mediterranean (UfM) is an intergovernamental institution bringing together 43 countries to promote dialogue and cooperation in the Euro-Mediterranean region&#8221; font_container=&#8221;tag:h1|font_size:20|text_align:center|color:%23000000|line_height:28px&#8221; google_fonts=&#8221;font_family:Lato%3A100%2C100italic%2C300%2C300italic%2Cregular%2Citalic%2C700%2C700italic%2C900%2C900italic|font_style:400%20regular%3A400%3Anormal&#8221; css=&#8221;.vc_custom_1472036377217{margin-bottom: 60px !important;}&#8221;][\/vc_column][\/vc_row][vc_row css=&#8221;.vc_custom_1472124322171{padding-top: 50px !important;}&#8221;][vc_column width=&#8221;9\/12&#8243;][vc_row_inner css=&#8221;.vc_custom_1472124313868{margin-bottom: 0px !important;}&#8221;][vc_column_inner][vc_custom_heading text=&#8221;FEATURED NEWS&#8221; use_theme_fonts=&#8221;yes&#8221; css=&#8221;.vc_custom_1472049378177{margin-bottom: 20px !important;}&#8221;][vc_column_text] D\u00e9veloppement \u00e9conomique et emploi Une feuille<br \/><a href=\"https:\/\/ufmsecretariat.org\/fr\/accueil\/\" class=\"more\">Lire la suite<\/a><\/p>\n","protected":false},"author":3,"featured_media":0,"parent":0,"menu_order":0,"comment_status":"closed","ping_status":"closed","template":"","meta":{"footnotes":""},"priority-area":[],"class_list":["post-5117","page","type-page","status-publish","hentry"],"_links":{"self":[{"href":"https:\/\/ufmsecretariat.org\/fr\/wp-json\/wp\/v2\/pages\/5117","targetHints":{"allow":["GET"]}}],"collection":[{"href":"https:\/\/ufmsecretariat.org\/fr\/wp-json\/wp\/v2\/pages"}],"about":[{"href":"https:\/\/ufmsecretariat.org\/fr\/wp-json\/wp\/v2\/types\/page"}],"author":[{"embeddable":true,"href":"https:\/\/ufmsecretariat.org\/fr\/wp-json\/wp\/v2\/users\/3"}],"replies":[{"embeddable":true,"href":"https:\/\/ufmsecretariat.org\/fr\/wp-json\/wp\/v2\/comments?post=5117"}],"version-history":[{"count":7,"href":"https:\/\/ufmsecretariat.org\/fr\/wp-json\/wp\/v2\/pages\/5117\/revisions"}],"predecessor-version":[{"id":41078,"href":"https:\/\/ufmsecretariat.org\/fr\/wp-json\/wp\/v2\/pages\/5117\/revisions\/41078"}],"wp:attachment":[{"href":"https:\/\/ufmsecretariat.org\/fr\/wp-json\/wp\/v2\/media?parent=5117"}],"wp:term":[{"taxonomy":"priority-area","embeddable":true,"href":"https:\/\/ufmsecretariat.org\/fr\/wp-json\/wp\/v2\/priority-area?post=5117"}],"curies":[{"name":"wp","href":"https:\/\/api.w.org\/{rel}","templated":true}]}}