
{"id":5217,"date":"2012-09-18T09:36:41","date_gmt":"2012-09-18T09:36:41","guid":{"rendered":"https:\/\/ufmsecretariat.org\/procurement-2\/"},"modified":"2023-09-05T17:24:56","modified_gmt":"2023-09-05T16:24:56","slug":"procurement","status":"publish","type":"page","link":"https:\/\/ufmsecretariat.org\/fr\/travailler-avec-nous\/procurement\/","title":{"rendered":"March\u00e9s publics"},"content":{"rendered":"<section class=\"wpb-content-wrapper\"><p>[vc_row type=&#8221;full-width-content&#8221; content_placement=&#8221;bottom&#8221; css=&#8221;.vc_custom_1507902421853{margin-top: 0px !important;margin-bottom: 0px !important;padding-top: 0px !important;padding-bottom: 0px !important;}&#8221;][vc_column][vc_single_image image=&#8221;153495&#8243; img_size=&#8221;slide&#8221; alignment=&#8221;center&#8221;][\/vc_column][\/vc_row][vc_row type=&#8221;full-width-section&#8221; content_placement=&#8221;bottom&#8221; css=&#8221;.vc_custom_1472543612832{margin-top: 0px !important;margin-bottom: -50px !important;padding-top: 25px !important;padding-bottom: 20px !important;background-color: #464e90 !important;}&#8221; el_id=&#8221;page-title&#8221;][vc_column][vc_custom_heading text=&#8221;March\u00e9s publics&#8221; font_container=&#8221;tag:h1|text_align:left|color:%23ffffff&#8221; use_theme_fonts=&#8221;yes&#8221; css=&#8221;.vc_custom_1511530715890{margin-bottom: 0px !important;}&#8221;][\/vc_column][\/vc_row][vc_row css=&#8221;.vc_custom_1487074326187{margin-bottom: 100px !important;padding-top: 35px !important;}&#8221; el_id=&#8221;procurement&#8221;][vc_column width=&#8221;9\/12&#8243;][vc_row_inner css=&#8221;.vc_custom_1487074417140{margin-bottom: 0px !important;}&#8221;][vc_column_inner][vc_empty_space height=&#8221;35px&#8221;][vc_custom_heading text=&#8221;Appels d&#8217;offres&#8221; use_theme_fonts=&#8221;yes&#8221; css=&#8221;.vc_custom_1513862494849{margin-bottom: 20px !important;}&#8221;][vc_column_text css=&#8221;.vc_custom_1651652077041{margin-bottom: 0px !important;}&#8221;]Les appels d&#8217;offres sont disponibles en anglais sur: <a href=\"https:\/\/ufmsecretariat.org\/work-with-us\/procurement\/\">https:\/\/ufmsecretariat.org\/work-with-us\/procurement\/<\/a>[\/vc_column_text][vc_empty_space height=&#8221;35px&#8221;][\/vc_column_inner][\/vc_row_inner][vc_row_inner css=&#8221;.vc_custom_1487074417140{margin-bottom: 0px !important;}&#8221;][vc_column_inner][vc_custom_heading text=&#8221;Information importante&#8221; use_theme_fonts=&#8221;yes&#8221; css=&#8221;.vc_custom_1513862598496{margin-bottom: 20px !important;}&#8221;][vc_column_text css=&#8221;.vc_custom_1573569348970{margin-bottom: 0px !important;}&#8221;]Lisez le\u00a0<u><a href=\"https:\/\/ufmsecretariat.org\/wp-content\/uploads\/2016\/01\/Annex-9.2-Procurement-Guidelines-v1-2015.pdf\">guide pratique de l\u2019UpM<\/a><\/u> avant de pr\u00e9senter votre offre ainsi que le <a href=\"https:\/\/ufmsecretariat.org\/wp-content\/uploads\/2012\/09\/ePrag-fr-2019.0.pdf\">Guide Pratique des March\u00e9s publics et Subventions dans le cadre des actions ext\u00e9rieures de l\u2019Union Europ\u00e9enne<\/a>.<\/p>\n<p>Toutes les questions et r\u00e9ponses (Q&amp;R) ayant trait \u00e0 cette proc\u00e9dure seront publi\u00e9es exclusivement sur ce site Web.<\/p>\n<p>Si vous avez t\u00e9l\u00e9charg\u00e9 des documents relatifs \u00e0 des appels d\u2019offres sur notre site Web, merci de nous envoyer un courrier \u00e9lectronique pour nous faire part de votre int\u00e9r\u00eat \u00e0 \u00eatre notifi\u00e9 directement en cas de clarifications. Veuillez indiquer le \u00ab code de r\u00e9f\u00e9rence \u00bb dans l\u2019objet du message.<\/p>\n<p>Sauf disposition expresse contraire, les offres doivent \u00eatre pr\u00e9sent\u00e9es en anglais.<\/p>\n<p><strong>Il est conseill\u00e9 de lire avec la plus grande attention les instructions<\/strong>concernant la proc\u00e9dure \u00e0 suivre (enveloppes, nombre de copies, etc.) et les dates limites pour la pr\u00e9sentation des offres, \u00e9tant donn\u00e9 que le non-respect de ces conditions pourrait entrainer une exclusion de la proc\u00e9dure d\u2019adjudication. Les offres peuvent \u00eatre soumises par courrier ou en personne.[\/vc_column_text][vc_empty_space height=&#8221;35px&#8221;][\/vc_column_inner][\/vc_row_inner][vc_row_inner css=&#8221;.vc_custom_1487074417140{margin-bottom: 0px !important;}&#8221;][vc_column_inner][vc_custom_heading text=&#8221;Plus d&#8217;informations&#8221; use_theme_fonts=&#8221;yes&#8221; css=&#8221;.vc_custom_1544005886879{margin-bottom: 20px !important;}&#8221;][vc_column_text css=&#8221;.vc_custom_1544005875426{margin-bottom: 0px !important;}&#8221;]Le <a href=\"https:\/\/ufmsecretariat.org\/wp-content\/uploads\/2018\/12\/17-07-18-Code-of-Conduct.pdf\">code de conduite<\/a> de l&#8217;UpM et la <a href=\"https:\/\/ufmsecretariat.org\/wp-content\/uploads\/2018\/12\/17-07-18-Anti-fraud-Anti-corruption-Policy.pdf\">politique anti-fraude<\/a>[\/vc_column_text][vc_empty_space height=&#8221;35px&#8221;][\/vc_column_inner][\/vc_row_inner][vc_row_inner css=&#8221;.vc_custom_1487074417140{margin-bottom: 0px !important;}&#8221;][vc_column_inner][vc_custom_heading text=&#8221;R\u00e9seau d\u2019experts&#8221; use_theme_fonts=&#8221;yes&#8221; css=&#8221;.vc_custom_1515427444874{margin-bottom: 20px !important;}&#8221;][vc_column_text css=&#8221;.vc_custom_1515427402091{margin-bottom: 0px !important;}&#8221;]<a href=\"https:\/\/ufmsecretariat.org\/fr\/roster-of-experts\/\"><strong>Le r\u00e9seau d&#8217;experts de l&#8217;UpM<\/strong><\/a> centralise une liste d&#8217;experts seniors et juniors des Etats membres de l&#8217;Union pour la M\u00e9diterran\u00e9e qui peuvent \u00eatre engag\u00e9s pour des t\u00e2ches sp\u00e9cifiques dans les domaines suivants: d\u00e9veloppement des entreprises, enseignement sup\u00e9rieur et recherche, affaires sociales et civiles, transport, d\u00e9veloppement urbain, \u00e9nergie, changement climatique, environnement, eau, artenariats strat\u00e9giques, affaires publiques et Affaires institutionnelles. <a href=\"https:\/\/ufmsecretariat.org\/fr\/roster-of-experts\/\">Plus d&#8217;informations<\/a>[\/vc_column_text][vc_column_text css=&#8221;.vc_custom_1578910802554{margin-bottom: 0px !important;}&#8221;]Les appels d&#8217;offres sont disponibles sur: <a href=\"https:\/\/ufmsecretariat.org\/work-with-us\/procurement\/\">https:\/\/ufmsecretariat.org\/work-with-us\/procurement\/<\/a>[\/vc_column_text][\/vc_column_inner][\/vc_row_inner][\/vc_column][vc_column width=&#8221;3\/12&#8243; el_class=&#8221;vc_sidebar sidebar-type2&#8243;][vc_column_text]Pour plus d\u2019information concernant les appels d\u2019offres et les activit\u00e9s de passation de march\u00e9s, vous pouvez nous contacter \u00e0 l\u2019adresse:<br \/>\n<strong>UfMS Procurement Service<\/strong><br \/>\nPalacio de Pedralbes<br \/>\nPere Duran Farell 11<br \/>\n08034 Barcelona, Spain<br \/>\nNum\u00e9ro de t\u00e9l\u00e9phone : 00 34 93 521 41 89<br \/>\nAdresse \u00e9lectronique : <a class=\"wordbreak\" href=\"mailto:procurement@ufmsecretariat.com\">procurement@ufmsecretariat.com<\/a>[\/vc_column_text][\/vc_column][\/vc_row]<\/p>\n<\/section>","protected":false},"excerpt":{"rendered":"<p>[vc_row type=&#8221;full-width-content&#8221; content_placement=&#8221;bottom&#8221; css=&#8221;.vc_custom_1507902421853{margin-top: 0px !important;margin-bottom: 0px !important;padding-top: 0px !important;padding-bottom: 0px !important;}&#8221;][vc_column][vc_single_image image=&#8221;153495&#8243; img_size=&#8221;slide&#8221; alignment=&#8221;center&#8221;][\/vc_column][\/vc_row][vc_row type=&#8221;full-width-section&#8221; content_placement=&#8221;bottom&#8221; css=&#8221;.vc_custom_1472543612832{margin-top: 0px !important;margin-bottom: -50px !important;padding-top: 25px !important;padding-bottom: 20px !important;background-color: #464e90 !important;}&#8221; el_id=&#8221;page-title&#8221;][vc_column][vc_custom_heading text=&#8221;March\u00e9s publics&#8221; font_container=&#8221;tag:h1|text_align:left|color:%23ffffff&#8221; use_theme_fonts=&#8221;yes&#8221; css=&#8221;.vc_custom_1511530715890{margin-bottom: 0px !important;}&#8221;][\/vc_column][\/vc_row][vc_row css=&#8221;.vc_custom_1487074326187{margin-bottom: 100px !important;padding-top: 35px !important;}&#8221; el_id=&#8221;procurement&#8221;][vc_column width=&#8221;9\/12&#8243;][vc_row_inner css=&#8221;.vc_custom_1487074417140{margin-bottom: 0px !important;}&#8221;][vc_column_inner][vc_empty_space height=&#8221;35px&#8221;][vc_custom_heading text=&#8221;Appels d&#8217;offres&#8221; use_theme_fonts=&#8221;yes&#8221; css=&#8221;.vc_custom_1513862494849{margin-bottom: 20px !important;}&#8221;][vc_column_text css=&#8221;.vc_custom_1651652077041{margin-bottom: 0px<br \/><a href=\"https:\/\/ufmsecretariat.org\/fr\/travailler-avec-nous\/procurement\/\" class=\"more\">Lire la suite<\/a><\/p>\n","protected":false},"author":3,"featured_media":153495,"parent":43685,"menu_order":0,"comment_status":"closed","ping_status":"closed","template":"","meta":{"footnotes":""},"priority-area":[],"class_list":["post-5217","page","type-page","status-publish","has-post-thumbnail","hentry"],"_links":{"self":[{"href":"https:\/\/ufmsecretariat.org\/fr\/wp-json\/wp\/v2\/pages\/5217","targetHints":{"allow":["GET"]}}],"collection":[{"href":"https:\/\/ufmsecretariat.org\/fr\/wp-json\/wp\/v2\/pages"}],"about":[{"href":"https:\/\/ufmsecretariat.org\/fr\/wp-json\/wp\/v2\/types\/page"}],"author":[{"embeddable":true,"href":"https:\/\/ufmsecretariat.org\/fr\/wp-json\/wp\/v2\/users\/3"}],"replies":[{"embeddable":true,"href":"https:\/\/ufmsecretariat.org\/fr\/wp-json\/wp\/v2\/comments?post=5217"}],"version-history":[{"count":14,"href":"https:\/\/ufmsecretariat.org\/fr\/wp-json\/wp\/v2\/pages\/5217\/revisions"}],"predecessor-version":[{"id":153497,"href":"https:\/\/ufmsecretariat.org\/fr\/wp-json\/wp\/v2\/pages\/5217\/revisions\/153497"}],"up":[{"embeddable":true,"href":"https:\/\/ufmsecretariat.org\/fr\/wp-json\/wp\/v2\/pages\/43685"}],"wp:featuredmedia":[{"embeddable":true,"href":"https:\/\/ufmsecretariat.org\/fr\/wp-json\/wp\/v2\/media\/153495"}],"wp:attachment":[{"href":"https:\/\/ufmsecretariat.org\/fr\/wp-json\/wp\/v2\/media?parent=5217"}],"wp:term":[{"taxonomy":"priority-area","embeddable":true,"href":"https:\/\/ufmsecretariat.org\/fr\/wp-json\/wp\/v2\/priority-area?post=5217"}],"curies":[{"name":"wp","href":"https:\/\/api.w.org\/{rel}","templated":true}]}}