
{"id":52747,"date":"2017-10-10T15:46:13","date_gmt":"2017-10-10T14:46:13","guid":{"rendered":"https:\/\/ufmsecretariat.org\/info-center\/"},"modified":"2023-09-05T08:46:28","modified_gmt":"2023-09-05T07:46:28","slug":"centre-information","status":"publish","type":"page","link":"https:\/\/ufmsecretariat.org\/fr\/centre-information\/","title":{"rendered":"Centre d\u2019information"},"content":{"rendered":"<section class=\"wpb-content-wrapper\"><p>[vc_row type=&#8221;full-width-content&#8221; content_placement=&#8221;bottom&#8221; css=&#8221;.vc_custom_1507893076882{margin-top: 0px !important;margin-bottom: 0px !important;padding-top: 0px !important;padding-bottom: 0px !important;}&#8221;][vc_column][vc_single_image image=&#8221;153379&#8243; img_size=&#8221;slide&#8221;][\/vc_column][\/vc_row][vc_row type=&#8221;full-width-section&#8221; content_placement=&#8221;bottom&#8221; css=&#8221;.vc_custom_1510918122122{margin-top: 0px !important;margin-bottom: 50px !important;padding-top: 25px !important;padding-bottom: 20px !important;background-color: #464e90 !important;}&#8221; el_id=&#8221;page-title&#8221;][vc_column][vc_custom_heading text=&#8221;Centre d\u2019information&#8221; font_container=&#8221;tag:h1|text_align:left|color:%23ffffff&#8221; use_theme_fonts=&#8221;yes&#8221; css=&#8221;.vc_custom_1511531357184{margin-bottom: 0px !important;}&#8221;][\/vc_column][\/vc_row][vc_row css=&#8221;.vc_custom_1516113669564{margin-bottom: 70px !important;padding-top: 40px !important;}&#8221;][vc_column width=&#8221;9\/12&#8243; el_class=&#8221;mediacorner&#8221;][vc_column_text font_size=&#8221;20&#8243; line_height=&#8221;28&#8243; css=&#8221;.vc_custom_1513078969610{margin-bottom: 20px !important;}&#8221;]La communication et la visibilit\u00e9 sont au c\u0153ur des efforts de l&#8217;UpM. Il est essentiel qu&#8217;elle r\u00e9alise pleinement sa mission et sa vision en tant qu&#8217;institution dont le d\u00e9veloppement s&#8217;appuie sur la coop\u00e9ration et l&#8217;int\u00e9gration r\u00e9gionales, tout en pla\u00e7ant les jeunes et les femmes au c\u0153ur de l\u2019agenda m\u00e9diterran\u00e9en.[\/vc_column_text][vc_row_inner equal_height=&#8221;yes&#8221; css=&#8221;.vc_custom_1503998423453{margin-bottom: 0px !important;}&#8221;][vc_column_inner width=&#8221;1\/3&#8243; css=&#8221;.vc_custom_1510919854806{margin-top: 23px !important;}&#8221;][vc_single_image image=&#8221;52983&#8243; img_size=&#8221;full&#8221; alignment=&#8221;center&#8221; onclick=&#8221;custom_link&#8221; hover_effect=&#8221;img_reduce_opacity&#8221; title=&#8221;Coin m\u00e9dias&#8221; el_class=&#8221;image_title_bottom&#8221; link=&#8221;https:\/\/ufmsecretariat.org\/fr\/centre-information\/media-corner\/&#8221;][\/vc_column_inner][vc_column_inner width=&#8221;1\/3&#8243; css=&#8221;.vc_custom_1510919845043{margin-top: 23px !important;}&#8221;][vc_single_image image=&#8221;52979&#8243; img_size=&#8221;full&#8221; alignment=&#8221;center&#8221; onclick=&#8221;custom_link&#8221; hover_effect=&#8221;img_reduce_opacity&#8221; title=&#8221;Actualit\u00e9s&#8221; el_class=&#8221;image_title_bottom&#8221; link=&#8221;https:\/\/ufmsecretariat.org\/fr\/centre-information\/news\/&#8221;][\/vc_column_inner][vc_column_inner width=&#8221;1\/3&#8243; css=&#8221;.vc_custom_1510919838771{margin-top: 23px !important;}&#8221;][vc_single_image image=&#8221;52987&#8243; img_size=&#8221;full&#8221; alignment=&#8221;center&#8221; onclick=&#8221;custom_link&#8221; hover_effect=&#8221;img_reduce_opacity&#8221; title=&#8221;Agenda&#8221; el_class=&#8221;image_title_bottom&#8221; link=&#8221;https:\/\/ufmsecretariat.org\/fr\/centre-information\/agenda\/&#8221;][\/vc_column_inner][\/vc_row_inner][vc_row_inner equal_height=&#8221;yes&#8221;][vc_column_inner width=&#8221;1\/3&#8243; css=&#8221;.vc_custom_1510919861324{margin-top: 23px !important;}&#8221;][vc_single_image image=&#8221;52991&#8243; img_size=&#8221;full&#8221; alignment=&#8221;center&#8221; onclick=&#8221;custom_link&#8221; hover_effect=&#8221;img_reduce_opacity&#8221; title=&#8221;Publications&#8221; el_class=&#8221;image_title_bottom&#8221; link=&#8221;https:\/\/ufmsecretariat.org\/fr\/centre-information\/publications\/&#8221;][\/vc_column_inner][vc_column_inner width=&#8221;1\/3&#8243; css=&#8221;.vc_custom_1510919867798{margin-top: 23px !important;}&#8221;][vc_single_image image=&#8221;52997&#8243; img_size=&#8221;full&#8221; alignment=&#8221;center&#8221; onclick=&#8221;custom_link&#8221; img_link_target=&#8221;_blank&#8221; hover_effect=&#8221;img_reduce_opacity&#8221; el_class=&#8221;image_title_bottom&#8221; link=&#8221;https:\/\/www.flickr.com\/photos\/ufms\/albums\/with\/72157654444319181&#8243; title=&#8221;Photos&#8221;][\/vc_column_inner][vc_column_inner width=&#8221;1\/3&#8243; css=&#8221;.vc_custom_1510919876474{margin-top: 23px !important;border-top-width: 0px !important;border-right-width: 0px !important;border-bottom-width: 0px !important;border-left-width: 0px !important;padding-top: 0px !important;padding-right: 0px !important;padding-bottom: 0px !important;padding-left: 0px !important;border-left-style: solid !important;border-right-style: solid !important;border-top-style: solid !important;border-bottom-style: solid !important;}&#8221;][vc_single_image image=&#8221;53001&#8243; img_size=&#8221;full&#8221; alignment=&#8221;center&#8221; onclick=&#8221;custom_link&#8221; img_link_target=&#8221;_blank&#8221; hover_effect=&#8221;img_reduce_opacity&#8221; title=&#8221;Vid\u00e9os&#8221; el_class=&#8221;image_title_bottom&#8221; link=&#8221;https:\/\/www.youtube.com\/channel\/UCkKRWfvdEee5RRdcTu4rXPA&#8221;][\/vc_column_inner][\/vc_row_inner][\/vc_column][vc_column width=&#8221;3\/12&#8243; el_class=&#8221;vc_sidebar&#8221;][vc_widget_sidebar sidebar_id=&#8221;thefox_infocenter&#8221;][\/vc_column][\/vc_row]<\/p>\n<\/section>","protected":false},"excerpt":{"rendered":"<p>[vc_row type=&#8221;full-width-content&#8221; content_placement=&#8221;bottom&#8221; css=&#8221;.vc_custom_1507893076882{margin-top: 0px !important;margin-bottom: 0px !important;padding-top: 0px !important;padding-bottom: 0px !important;}&#8221;][vc_column][vc_single_image image=&#8221;153379&#8243; img_size=&#8221;slide&#8221;][\/vc_column][\/vc_row][vc_row type=&#8221;full-width-section&#8221; content_placement=&#8221;bottom&#8221; css=&#8221;.vc_custom_1510918122122{margin-top: 0px !important;margin-bottom: 50px !important;padding-top: 25px !important;padding-bottom: 20px !important;background-color: #464e90 !important;}&#8221; el_id=&#8221;page-title&#8221;][vc_column][vc_custom_heading text=&#8221;Centre d\u2019information&#8221; font_container=&#8221;tag:h1|text_align:left|color:%23ffffff&#8221; use_theme_fonts=&#8221;yes&#8221; css=&#8221;.vc_custom_1511531357184{margin-bottom: 0px !important;}&#8221;][\/vc_column][\/vc_row][vc_row css=&#8221;.vc_custom_1516113669564{margin-bottom: 70px !important;padding-top: 40px !important;}&#8221;][vc_column width=&#8221;9\/12&#8243; el_class=&#8221;mediacorner&#8221;][vc_column_text font_size=&#8221;20&#8243; line_height=&#8221;28&#8243; css=&#8221;.vc_custom_1513078969610{margin-bottom: 20px !important;}&#8221;]La communication et la visibilit\u00e9 sont au c\u0153ur des<br \/><a href=\"https:\/\/ufmsecretariat.org\/fr\/centre-information\/\" class=\"more\">Lire la suite<\/a><\/p>\n","protected":false},"author":4,"featured_media":153379,"parent":0,"menu_order":0,"comment_status":"closed","ping_status":"closed","template":"","meta":{"footnotes":""},"priority-area":[],"class_list":["post-52747","page","type-page","status-publish","has-post-thumbnail","hentry"],"_links":{"self":[{"href":"https:\/\/ufmsecretariat.org\/fr\/wp-json\/wp\/v2\/pages\/52747","targetHints":{"allow":["GET"]}}],"collection":[{"href":"https:\/\/ufmsecretariat.org\/fr\/wp-json\/wp\/v2\/pages"}],"about":[{"href":"https:\/\/ufmsecretariat.org\/fr\/wp-json\/wp\/v2\/types\/page"}],"author":[{"embeddable":true,"href":"https:\/\/ufmsecretariat.org\/fr\/wp-json\/wp\/v2\/users\/4"}],"replies":[{"embeddable":true,"href":"https:\/\/ufmsecretariat.org\/fr\/wp-json\/wp\/v2\/comments?post=52747"}],"version-history":[{"count":10,"href":"https:\/\/ufmsecretariat.org\/fr\/wp-json\/wp\/v2\/pages\/52747\/revisions"}],"predecessor-version":[{"id":153382,"href":"https:\/\/ufmsecretariat.org\/fr\/wp-json\/wp\/v2\/pages\/52747\/revisions\/153382"}],"wp:featuredmedia":[{"embeddable":true,"href":"https:\/\/ufmsecretariat.org\/fr\/wp-json\/wp\/v2\/media\/153379"}],"wp:attachment":[{"href":"https:\/\/ufmsecretariat.org\/fr\/wp-json\/wp\/v2\/media?parent=52747"}],"wp:term":[{"taxonomy":"priority-area","embeddable":true,"href":"https:\/\/ufmsecretariat.org\/fr\/wp-json\/wp\/v2\/priority-area?post=52747"}],"curies":[{"name":"wp","href":"https:\/\/api.w.org\/{rel}","templated":true}]}}